{"id":2315,"date":"2024-05-07T11:06:34","date_gmt":"2024-05-07T09:06:34","guid":{"rendered":"https:\/\/mauditors.com\/?page_id=2315"},"modified":"2025-01-22T12:27:02","modified_gmt":"2025-01-22T11:27:02","slug":"success-cases-media-auditors","status":"publish","type":"page","link":"https:\/\/www.mauditors.com\/en\/success-cases-media-auditors\/","title":{"rendered":"Our Cases"},"content":{"rendered":"<div class=\"wpb-content-wrapper\"><p>[vc_row full_width=&#8221;stretch_row&#8221; el_class=&#8221;section-cabecera&#8221; css=&#8221;.vc_custom_1720019202470{background-image: url(https:\/\/mauditors.com\/wp-content\/uploads\/2024\/07\/1.3-scaled.jpg?id=1548) !important;}&#8221;][vc_column width=&#8221;3\/4&#8243;][vc_wp_text el_class=&#8221;subtitle-text color-white&#8221;]BEST CASES[\/vc_wp_text][vc_wp_text el_class=&#8221;title-text color-white&#8221;]<\/p>\n<h1>Our clients&#8217; successes are our own<\/h1>\n<p>[\/vc_wp_text][\/vc_column][vc_column width=&#8221;1\/4&#8243;][\/vc_column][\/vc_row][vc_row][vc_column]<div class=\"ult-spacer spacer-69d6841abdc03\" data-id=\"69d6841abdc03\" data-height=\"75\" data-height-mobile=\"75\" data-height-tab=\"75\" data-height-tab-portrait=\"\" data-height-mobile-landscape=\"\" style=\"clear:both;display:block;\"><\/div>[\/vc_column][\/vc_row][vc_row gap=&#8221;35&#8243; equal_height=&#8221;yes&#8221; el_class=&#8221;section-padding-top-buttom-0px&#8221;][vc_column width=&#8221;1\/2&#8243; el_class=&#8221;padding-caso-exito-section&#8221;][vc_single_image image=&#8221;1668&#8243; img_size=&#8221;full&#8221; css=&#8221;&#8221;]<div class=\"ult-spacer spacer-69d6841abdc63\" data-id=\"69d6841abdc63\" data-height=\"0\" data-height-mobile=\"50\" data-height-tab=\"\" data-height-tab-portrait=\"\" data-height-mobile-landscape=\"50\" style=\"clear:both;display:block;\"><\/div>[\/vc_column][vc_column width=&#8221;1\/2&#8243; el_class=&#8221;center-section-block container-section-responsive padding-caso-exito-section&#8221;][vc_wp_text el_class=&#8221;subtitle-text&#8221;]SUCCESS CLIENT &#8211; FOOD CLIENT[\/vc_wp_text]<div class=\"ult-spacer spacer-69d6841abdcaa\" data-id=\"69d6841abdcaa\" data-height=\"15\" data-height-mobile=\"15\" data-height-tab=\"15\" data-height-tab-portrait=\"\" data-height-mobile-landscape=\"\" style=\"clear:both;display:block;\"><\/div>[vc_wp_text el_class=&#8221;title-2&#8243;]<\/p>\n<h2>Agency Pitch Management for a Leading Food Company in Latin America<\/h2>\n<p>[\/vc_wp_text]<div class=\"ult-spacer spacer-69d6841abdcea\" data-id=\"69d6841abdcea\" data-height=\"15\" data-height-mobile=\"15\" data-height-tab=\"15\" data-height-tab-portrait=\"\" data-height-mobile-landscape=\"\" style=\"clear:both;display:block;\"><\/div>[vc_wp_text el_class=&#8221;text-default&#8221;]Media Auditors is a media consultancy specializing in agency pitch management. With 18 years of experience in the market, our goal is to help advertisers choose the best media agency, thereby maximizing return on investment.[\/vc_wp_text]<div class=\"ult-spacer spacer-69d6841abdd43\" data-id=\"69d6841abdd43\" data-height=\"45\" data-height-mobile=\"45\" data-height-tab=\"45\" data-height-tab-portrait=\"\" data-height-mobile-landscape=\"\" style=\"clear:both;display:block;\"><\/div>[vc_wp_text el_class=&#8221;boton-section-default&#8221;]<a class=\"boton-default\" href=\"https:\/\/mauditors.com\/en\/caso-de-exito\/identificacion-de-incumplimientos-y-reestructuracion-de-objetivos-2\/\">Discover the case<\/a>[\/vc_wp_text][\/vc_column][\/vc_row][vc_row][vc_column]<div class=\"ult-spacer spacer-69d6841abdd85\" data-id=\"69d6841abdd85\" data-height=\"100\" data-height-mobile=\"100\" data-height-tab=\"100\" data-height-tab-portrait=\"\" data-height-mobile-landscape=\"\" style=\"clear:both;display:block;\"><\/div>[\/vc_column][\/vc_row][vc_row gap=&#8221;35&#8243; equal_height=&#8221;yes&#8221; el_class=&#8221;container-reverse-responsive section-padding-top-buttom-0px&#8221;][vc_column width=&#8221;1\/2&#8243; el_class=&#8221;center-section-block container-section-responsive padding-caso-exito-section&#8221;][vc_wp_text el_class=&#8221;subtitle-text&#8221;]SUCCESS CASE FMCG \u2013 FOOD CLIENT[\/vc_wp_text]<div class=\"ult-spacer spacer-69d6841abddc5\" data-id=\"69d6841abddc5\" data-height=\"15\" data-height-mobile=\"15\" data-height-tab=\"15\" data-height-tab-portrait=\"\" data-height-mobile-landscape=\"\" style=\"clear:both;display:block;\"><\/div>[vc_wp_text el_class=&#8221;title-2&#8243;]<\/p>\n<h2>Recovered 15% More Than Reported by the Agency<\/h2>\n<p>[\/vc_wp_text]<div class=\"ult-spacer spacer-69d6841abde03\" data-id=\"69d6841abde03\" data-height=\"15\" data-height-mobile=\"15\" data-height-tab=\"15\" data-height-tab-portrait=\"\" data-height-mobile-landscape=\"\" style=\"clear:both;display:block;\"><\/div>[vc_wp_text el_class=&#8221;text-default&#8221;]<span style=\"font-weight: 400;\">Media Auditors identify non-compliance with the bonuses included in agreements with TV stations for a major FMCG advertiser. The audit led to the recovery of an additional 15% increase by the media agency. Discover the case<\/span>[\/vc_wp_text]<div class=\"ult-spacer spacer-69d6841abde40\" data-id=\"69d6841abde40\" data-height=\"45\" data-height-mobile=\"45\" data-height-tab=\"45\" data-height-tab-portrait=\"\" data-height-mobile-landscape=\"\" style=\"clear:both;display:block;\"><\/div>[vc_wp_text el_class=&#8221;boton-section-default&#8221;]<a class=\"boton-default\" href=\"https:\/\/mauditors.com\/en\/caso-de-exito\/identificacion-de-incumplimientos-y-reestructuracion-de-objetivos\/\">Discover the case<\/a>[\/vc_wp_text][\/vc_column][vc_column width=&#8221;1\/2&#8243; el_class=&#8221;padding-caso-exito-section&#8221;][vc_single_image image=&#8221;1664&#8243; img_size=&#8221;full&#8221; alignment=&#8221;right&#8221; css=&#8221;&#8221;]<div class=\"ult-spacer spacer-69d6841abde7d\" data-id=\"69d6841abde7d\" data-height=\"0\" data-height-mobile=\"50\" data-height-tab=\"\" data-height-tab-portrait=\"\" data-height-mobile-landscape=\"50\" style=\"clear:both;display:block;\"><\/div>[\/vc_column][\/vc_row][vc_row][vc_column]<div class=\"ult-spacer spacer-69d6841abdeb7\" data-id=\"69d6841abdeb7\" data-height=\"75\" data-height-mobile=\"75\" data-height-tab=\"75\" data-height-tab-portrait=\"\" data-height-mobile-landscape=\"\" style=\"clear:both;display:block;\"><\/div>[\/vc_column][\/vc_row][vc_row gap=&#8221;35&#8243; equal_height=&#8221;yes&#8221; el_class=&#8221;container-reverse-responsive section-padding-top-buttom-0px&#8221;][vc_column width=&#8221;1\/2&#8243; el_class=&#8221;center-section-block container-section-responsive padding-caso-exito-section&#8221;][vc_single_image image=&#8221;1668&#8243; img_size=&#8221;full&#8221; css=&#8221;.vc_custom_1720100935254{background-image: url(https:\/\/mauditors.com\/wp-content\/uploads\/2024\/07\/13.png?id=1190) !important;}&#8221;]<div class=\"ult-spacer spacer-69d6841abdef3\" data-id=\"69d6841abdef3\" data-height=\"0\" data-height-mobile=\"50\" data-height-tab=\"\" data-height-tab-portrait=\"\" data-height-mobile-landscape=\"50\" style=\"clear:both;display:block;\"><\/div>[\/vc_column][vc_column width=&#8221;1\/2&#8243; el_class=&#8221;padding-caso-exito-section&#8221;][vc_wp_text el_class=&#8221;subtitle-text&#8221;]RETAIL &amp; ECOMMERCE CLIENT[\/vc_wp_text]<div class=\"ult-spacer spacer-69d6841abdf2d\" data-id=\"69d6841abdf2d\" data-height=\"15\" data-height-mobile=\"15\" data-height-tab=\"15\" data-height-tab-portrait=\"\" data-height-mobile-landscape=\"\" style=\"clear:both;display:block;\"><\/div>[vc_wp_text el_class=&#8221;title-1-big&#8221;]<\/p>\n<h2>Identification of Non-compliance and Restructuring of Goals<\/h2>\n<p>[\/vc_wp_text]<div class=\"ult-spacer spacer-69d6841abdf68\" data-id=\"69d6841abdf68\" data-height=\"15\" data-height-mobile=\"15\" data-height-tab=\"15\" data-height-tab-portrait=\"\" data-height-mobile-landscape=\"\" style=\"clear:both;display:block;\"><\/div>[vc_wp_text el_class=&#8221;text-default&#8221;]<span style=\"font-weight: 400;\">Media Auditors identify up to 11 million pesos to be refunded by the media agency of a prestigious retail company in Mexico. With our audit, we managed to identify the agency&#8217;s <\/span><span style=\"font-weight: 400;\">non-compliance with commitments leading to better future management, and also supported the client in restructuring their goals in the new contract.<\/span>[\/vc_wp_text]<div class=\"ult-spacer spacer-69d6841abdf9d\" data-id=\"69d6841abdf9d\" data-height=\"50\" data-height-mobile=\"50\" data-height-tab=\"50\" data-height-tab-portrait=\"\" data-height-mobile-landscape=\"\" style=\"clear:both;display:block;\"><\/div>[vc_wp_text el_class=&#8221;boton-section-default&#8221;]<a class=\"boton-default\" href=\"https:\/\/mauditors.com\/en\/caso-de-exito\/los-exitos-de-nuestros-clientes-son-los-nuestros\/\">Discover the case<\/a>[\/vc_wp_text][\/vc_column][\/vc_row][vc_row][vc_column]<div class=\"ult-spacer spacer-69d6841abdfcc\" data-id=\"69d6841abdfcc\" data-height=\"75\" data-height-mobile=\"75\" data-height-tab=\"75\" data-height-tab-portrait=\"\" data-height-mobile-landscape=\"\" style=\"clear:both;display:block;\"><\/div>[\/vc_column][\/vc_row][vc_row full_width=&#8221;stretch_row&#8221; css=&#8221;.vc_custom_1715076872658{background-color: rgba(233,233,233,0.5) !important;*background-color: rgb(233,233,233) !important;}&#8221;][vc_column]<div class=\"templatera_shortcode\"><div class=\"vc_row wpb_row vc_row-fluid\"><div class=\"wpb_column vc_column_container vc_col-sm-12\"><div class=\"vc_column-inner\"><div class=\"wpb_wrapper\"><div class=\"ult-spacer spacer-69d6841abf36d\" data-id=\"69d6841abf36d\" data-height=\"75\" data-height-mobile=\"75\" data-height-tab=\"75\" data-height-tab-portrait=\"\" data-height-mobile-landscape=\"\" style=\"clear:both;display:block;\"><\/div><\/div><\/div><\/div><\/div><div class=\"vc_row wpb_row vc_row-fluid\"><div class=\"wpb_column vc_column_container vc_col-sm-4\"><div class=\"vc_column-inner\"><div class=\"wpb_wrapper\"><div  class=\"vc_wp_text wpb_content_element subtitle-text\"><div class=\"widget widget_text\">\t\t\t<div class=\"textwidget\"><p>Insights &amp; Reports<\/p>\n<\/div>\n\t\t<\/div><\/div><div class=\"ult-spacer spacer-69d6841abff73\" data-id=\"69d6841abff73\" data-height=\"15\" data-height-mobile=\"15\" data-height-tab=\"15\" data-height-tab-portrait=\"\" data-height-mobile-landscape=\"\" style=\"clear:both;display:block;\"><\/div><div  class=\"vc_wp_text wpb_content_element title-1-big\"><div class=\"widget widget_text\">\t\t\t<div class=\"textwidget\"><p>Media Auditors Thinks<\/p>\n<\/div>\n\t\t<\/div><\/div><div class=\"ult-spacer spacer-69d6841ac00ae\" data-id=\"69d6841ac00ae\" data-height=\"15\" data-height-mobile=\"15\" data-height-tab=\"15\" data-height-tab-portrait=\"\" data-height-mobile-landscape=\"\" style=\"clear:both;display:block;\"><\/div><div  class=\"vc_wp_text wpb_content_element text-default\"><div class=\"widget widget_text\">\t\t\t<div class=\"textwidget\"><p>Reports and relevant information on market trends in advertising and media<\/p>\n<\/div>\n\t\t<\/div><\/div><div class=\"ult-spacer spacer-69d6841ac01c9\" data-id=\"69d6841ac01c9\" data-height=\"45\" data-height-mobile=\"45\" data-height-tab=\"45\" data-height-tab-portrait=\"\" data-height-mobile-landscape=\"\" style=\"clear:both;display:block;\"><\/div><div  class=\"vc_wp_text wpb_content_element boton-section-default\"><div class=\"widget widget_text\">\t\t\t<div class=\"textwidget\"><p><a href=\"#\">See more<\/a><\/p>\n<\/div>\n\t\t<\/div><\/div><div class=\"ult-spacer spacer-69d6841ac02b5\" data-id=\"69d6841ac02b5\" data-height=\"0\" data-height-mobile=\"55\" data-height-tab=\"\" data-height-tab-portrait=\"\" data-height-mobile-landscape=\"55\" style=\"clear:both;display:block;\"><\/div><\/div><\/div><\/div><div class=\"wpb_column vc_column_container vc_col-sm-8\"><div class=\"vc_column-inner\"><div class=\"wpb_wrapper\"><div class='noticia-section-home-2'><div class='nuestra-noticia noticia-'><a href='https:\/\/www.mauditors.com\/en\/nueva-medicion-audiencias-mexico-impacto\/'><div class='image' style='background-image: url(https:\/\/www.mauditors.com\/wp-content\/uploads\/2025\/03\/glenn-carstens-peters-EOQhsfFBhRk-unsplash-1-scaled.jpg);'><\/div><p class='subtitle-text'>4 de March de 2025<\/p><p class='post-title'>NUEVA MEDIC\u00cdON DE AUDIENCIAS EN M\u00c9XICO \u00bfQU\u00c9 IMPACTO TENDR\u00c1 EN EL MERCADO?<\/p><p class='read-more'><span class='read-more-text'><\/span> <span class='fa-solid fa-arrow-right-long'><\/span><\/p><\/a><\/div><div class='nuestra-noticia noticia-'><a href='https:\/\/www.mauditors.com\/en\/common-mistakes-when-hiring-influencers-and-how-to-avoid-them\/'><div class='image' style='background-image: url(https:\/\/www.mauditors.com\/wp-content\/uploads\/2024\/12\/errores-comunes-contratar-influencers-scaled.jpg);'><\/div><p class='subtitle-text'>10 de December de 2024<\/p><p class='post-title'>COMMON MISTAKES WHEN HIRING INFLUENCERS AND HOW TO AVOID THEM<\/p><p class='read-more'><span class='read-more-text'><\/span> <span class='fa-solid fa-arrow-right-long'><\/span><\/p><\/a><\/div><\/div><\/div><\/div><\/div><\/div><div class=\"vc_row wpb_row vc_row-fluid\"><div class=\"wpb_column vc_column_container vc_col-sm-12\"><div class=\"vc_column-inner\"><div class=\"wpb_wrapper\"><div class=\"ult-spacer spacer-69d6841ac41f1\" data-id=\"69d6841ac41f1\" data-height=\"95\" data-height-mobile=\"75\" data-height-tab=\"\" data-height-tab-portrait=\"\" data-height-mobile-landscape=\"75\" style=\"clear:both;display:block;\"><\/div><\/div><\/div><\/div><\/div>\r\n<\/div>[\/vc_column][\/vc_row]<\/p>\n<\/div>","protected":false},"excerpt":{"rendered":"In Brazil's growing influencer marketing industry, working with agencies and influencers has become a key strategy for many brands. &nbsp; However, without well-structured and clear contracts, companies may face legal, financial, and reputational risks. In this article, we explore the most common mistakes when hiring influencers and how specialized consulting can help you avoid them. [...]","protected":false},"author":1,"featured_media":0,"parent":0,"menu_order":0,"comment_status":"closed","ping_status":"closed","template":"","meta":{"_acf_changed":false,"footnotes":""},"class_list":["post-2315","page","type-page","status-publish","hentry"],"acf":[],"yoast_head":"<!-- This site is optimized with the Yoast SEO plugin v26.2 - https:\/\/yoast.com\/wordpress\/plugins\/seo\/ -->\n<title>Our Cases | Media Auditors<\/title>\n<meta name=\"description\" content=\"Discover the success stories of Media Auditors and how we help you achieve greater profitability from your media investment.\" \/>\n<meta name=\"robots\" content=\"index, follow, max-snippet:-1, max-image-preview:large, max-video-preview:-1\" \/>\n<link rel=\"canonical\" href=\"https:\/\/www.mauditors.com\/en\/success-cases-media-auditors\/\" \/>\n<meta property=\"og:locale\" content=\"en_US\" \/>\n<meta property=\"og:type\" content=\"article\" \/>\n<meta property=\"og:title\" content=\"Our Cases | Media Auditors\" \/>\n<meta property=\"og:description\" content=\"Discover the success stories of Media Auditors and how we help you achieve greater profitability from your media investment.\" \/>\n<meta property=\"og:url\" content=\"https:\/\/www.mauditors.com\/en\/success-cases-media-auditors\/\" \/>\n<meta property=\"og:site_name\" content=\"Media Auditors\" \/>\n<meta property=\"article:modified_time\" content=\"2025-01-22T11:27:02+00:00\" \/>\n<meta name=\"twitter:card\" content=\"summary_large_image\" \/>\n<meta name=\"twitter:label1\" content=\"Est. reading time\" \/>\n\t<meta name=\"twitter:data1\" content=\"2 minutes\" \/>\n<script type=\"application\/ld+json\" class=\"yoast-schema-graph\">{\"@context\":\"https:\/\/schema.org\",\"@graph\":[{\"@type\":\"WebPage\",\"@id\":\"https:\/\/www.mauditors.com\/en\/success-cases-media-auditors\/\",\"url\":\"https:\/\/www.mauditors.com\/en\/success-cases-media-auditors\/\",\"name\":\"Our Cases | Media Auditors\",\"isPartOf\":{\"@id\":\"https:\/\/www.mauditors.com\/#website\"},\"datePublished\":\"2024-05-07T09:06:34+00:00\",\"dateModified\":\"2025-01-22T11:27:02+00:00\",\"description\":\"Discover the success stories of Media Auditors and how we help you achieve greater profitability from your media investment.\",\"breadcrumb\":{\"@id\":\"https:\/\/www.mauditors.com\/en\/success-cases-media-auditors\/#breadcrumb\"},\"inLanguage\":\"en-US\",\"potentialAction\":[{\"@type\":\"ReadAction\",\"target\":[\"https:\/\/www.mauditors.com\/en\/success-cases-media-auditors\/\"]}]},{\"@type\":\"BreadcrumbList\",\"@id\":\"https:\/\/www.mauditors.com\/en\/success-cases-media-auditors\/#breadcrumb\",\"itemListElement\":[{\"@type\":\"ListItem\",\"position\":1,\"name\":\"Portada\",\"item\":\"https:\/\/www.mauditors.com\/en\/\"},{\"@type\":\"ListItem\",\"position\":2,\"name\":\"Our Cases\"}]},{\"@type\":\"WebSite\",\"@id\":\"https:\/\/www.mauditors.com\/#website\",\"url\":\"https:\/\/www.mauditors.com\/\",\"name\":\"Media Auditors\",\"description\":\"Empresa independiente l\u00edder en auditor\u00eda y consultor\u00eda de medios en Am\u00e9rica Latina\",\"potentialAction\":[{\"@type\":\"SearchAction\",\"target\":{\"@type\":\"EntryPoint\",\"urlTemplate\":\"https:\/\/www.mauditors.com\/?s={search_term_string}\"},\"query-input\":{\"@type\":\"PropertyValueSpecification\",\"valueRequired\":true,\"valueName\":\"search_term_string\"}}],\"inLanguage\":\"en-US\"}]}<\/script>\n<!-- \/ Yoast SEO plugin. -->","yoast_head_json":{"title":"Our Cases | Media Auditors","description":"Discover the success stories of Media Auditors and how we help you achieve greater profitability from your media investment.","robots":{"index":"index","follow":"follow","max-snippet":"max-snippet:-1","max-image-preview":"max-image-preview:large","max-video-preview":"max-video-preview:-1"},"canonical":"https:\/\/www.mauditors.com\/en\/success-cases-media-auditors\/","og_locale":"en_US","og_type":"article","og_title":"Our Cases | Media Auditors","og_description":"Discover the success stories of Media Auditors and how we help you achieve greater profitability from your media investment.","og_url":"https:\/\/www.mauditors.com\/en\/success-cases-media-auditors\/","og_site_name":"Media Auditors","article_modified_time":"2025-01-22T11:27:02+00:00","twitter_card":"summary_large_image","twitter_misc":{"Est. reading time":"2 minutes"},"schema":{"@context":"https:\/\/schema.org","@graph":[{"@type":"WebPage","@id":"https:\/\/www.mauditors.com\/en\/success-cases-media-auditors\/","url":"https:\/\/www.mauditors.com\/en\/success-cases-media-auditors\/","name":"Our Cases | Media Auditors","isPartOf":{"@id":"https:\/\/www.mauditors.com\/#website"},"datePublished":"2024-05-07T09:06:34+00:00","dateModified":"2025-01-22T11:27:02+00:00","description":"Discover the success stories of Media Auditors and how we help you achieve greater profitability from your media investment.","breadcrumb":{"@id":"https:\/\/www.mauditors.com\/en\/success-cases-media-auditors\/#breadcrumb"},"inLanguage":"en-US","potentialAction":[{"@type":"ReadAction","target":["https:\/\/www.mauditors.com\/en\/success-cases-media-auditors\/"]}]},{"@type":"BreadcrumbList","@id":"https:\/\/www.mauditors.com\/en\/success-cases-media-auditors\/#breadcrumb","itemListElement":[{"@type":"ListItem","position":1,"name":"Portada","item":"https:\/\/www.mauditors.com\/en\/"},{"@type":"ListItem","position":2,"name":"Our Cases"}]},{"@type":"WebSite","@id":"https:\/\/www.mauditors.com\/#website","url":"https:\/\/www.mauditors.com\/","name":"Media Auditors","description":"Empresa independiente l\u00edder en auditor\u00eda y consultor\u00eda de medios en Am\u00e9rica Latina","potentialAction":[{"@type":"SearchAction","target":{"@type":"EntryPoint","urlTemplate":"https:\/\/www.mauditors.com\/?s={search_term_string}"},"query-input":{"@type":"PropertyValueSpecification","valueRequired":true,"valueName":"search_term_string"}}],"inLanguage":"en-US"}]}},"_links":{"self":[{"href":"https:\/\/www.mauditors.com\/en\/wp-json\/wp\/v2\/pages\/2315","targetHints":{"allow":["GET"]}}],"collection":[{"href":"https:\/\/www.mauditors.com\/en\/wp-json\/wp\/v2\/pages"}],"about":[{"href":"https:\/\/www.mauditors.com\/en\/wp-json\/wp\/v2\/types\/page"}],"author":[{"embeddable":true,"href":"https:\/\/www.mauditors.com\/en\/wp-json\/wp\/v2\/users\/1"}],"replies":[{"embeddable":true,"href":"https:\/\/www.mauditors.com\/en\/wp-json\/wp\/v2\/comments?post=2315"}],"version-history":[{"count":9,"href":"https:\/\/www.mauditors.com\/en\/wp-json\/wp\/v2\/pages\/2315\/revisions"}],"predecessor-version":[{"id":3056,"href":"https:\/\/www.mauditors.com\/en\/wp-json\/wp\/v2\/pages\/2315\/revisions\/3056"}],"wp:attachment":[{"href":"https:\/\/www.mauditors.com\/en\/wp-json\/wp\/v2\/media?parent=2315"}],"curies":[{"name":"wp","href":"https:\/\/api.w.org\/{rel}","templated":true}]}}