{"id":2322,"date":"2024-06-25T13:42:38","date_gmt":"2024-06-25T11:42:38","guid":{"rendered":"https:\/\/mauditors.com\/consultoria-de-contrato\/"},"modified":"2025-01-22T09:48:56","modified_gmt":"2025-01-22T08:48:56","slug":"process-optimization","status":"publish","type":"page","link":"https:\/\/www.mauditors.com\/en\/management\/process-optimization\/","title":{"rendered":"Process Optimization"},"content":{"rendered":"<div class=\"wpb-content-wrapper\"><p>[vc_row equal_height=&#8221;yes&#8221;][vc_column width=&#8221;7\/12&#8243; el_class=&#8221;center-section-block&#8221;][vc_wp_text el_class=&#8221;text-default text-uppercase&#8221;]management service[\/vc_wp_text][vc_wp_text el_class=&#8221;title-text&#8221;]Process Optimization[\/vc_wp_text]<div class=\"ult-spacer spacer-69d07a2e2a8ba\" data-id=\"69d07a2e2a8ba\" data-height=\"35\" data-height-mobile=\"20\" data-height-tab=\"\" data-height-tab-portrait=\"\" data-height-mobile-landscape=\"20\" style=\"clear:both;display:block;\"><\/div>[vc_wp_text el_class=&#8221;boton-section-default&#8221;]<a class=\"boton-default\" href=\"https:\/\/mauditors.com\/en\/contacto\/\">Contact<\/a>[\/vc_wp_text][\/vc_column][vc_column width=&#8221;5\/12&#8243; el_class=&#8221;column-brenchmarking&#8221;][vc_single_image image=&#8221;2239&#8243; img_size=&#8221;full&#8221; css=&#8221;&#8221;][vc_row_inner el_class=&#8221;position-absolute-left-casi-buttom box-grey-section&#8221; css=&#8221;.vc_custom_1722430717069{background-color: #ececec !important;}&#8221;][vc_column_inner][vc_wp_text el_class=&#8221;subtitle-little-3&#8243;]&#8221;Ensure Solid Agreements to Maximize Your Benefits&#8221;[\/vc_wp_text][\/vc_column_inner][\/vc_row_inner][\/vc_column][\/vc_row][vc_row][vc_column]<div class=\"ult-spacer spacer-69d07a2e2a902\" data-id=\"69d07a2e2a902\" data-height=\"150\" data-height-mobile=\"55\" data-height-tab=\"\" data-height-tab-portrait=\"\" data-height-mobile-landscape=\"55\" style=\"clear:both;display:block;\"><\/div>[\/vc_column][\/vc_row][vc_row gap=&#8221;35&#8243; equal_height=&#8221;yes&#8221; content_placement=&#8221;middle&#8221;][vc_column width=&#8221;1\/2&#8243;][vc_wp_text el_class=&#8221;title-2&#8243;]<\/p>\n<p style=\"max-width: 530px; margin-left: auto; margin-right: auto; text-align: left;\">A true partner in building solid relationships.<\/p>\n<p>[\/vc_wp_text][\/vc_column][vc_column width=&#8221;1\/2&#8243;][vc_wp_text el_class=&#8221;text-default&#8221;]<\/p>\n<div class=\"flex-shrink-0 flex flex-col relative items-end\">\n<div>\n<div class=\"pt-0.5 juice:pt-0\">\n<div class=\"gizmo-bot-avatar flex h-6 w-6 items-center justify-center overflow-hidden rounded-full juice:h-8 juice:w-8\">\n<div class=\"relative p-1 rounded-sm flex items-center justify-center bg-token-main-surface-primary text-token-text-primary h-8 w-8\"><\/div>\n<\/div>\n<\/div>\n<\/div>\n<\/div>\n<div class=\"group\/conversation-turn relative flex w-full min-w-0 flex-col agent-turn\">\n<div class=\"flex-col gap-1 md:gap-3\">\n<div class=\"flex flex-grow flex-col max-w-full\">\n<div class=\"min-h-[20px] text-message flex flex-col items-start whitespace-pre-wrap break-words [.text-message+&amp;]:mt-5 juice:w-full juice:items-end overflow-x-auto gap-2\" dir=\"auto\" data-message-author-role=\"assistant\" data-message-id=\"2b9d2c7c-599c-4ac3-bdbd-5f9e5ad96af7\">\n<div class=\"flex w-full flex-col gap-1 juice:empty:hidden juice:first:pt-[3px]\">\n<div class=\"markdown prose w-full break-words dark:prose-invert light\">\n<div class=\"flex-shrink-0 flex flex-col relative items-end\">\n<div>\n<div class=\"pt-0\">\n<div class=\"gizmo-bot-avatar flex h-8 w-8 items-center justify-center overflow-hidden rounded-full\">\n<div class=\"relative p-1 rounded-sm flex items-center justify-center bg-token-main-surface-primary text-token-text-primary h-8 w-8\">Our contract consulting service is essential for advertisers seeking to secure solid and beneficial agreements with their agencies. With extensive experience, including conducting numerous annual contract audits across the region and covering a wide range of categories and major media agencies, we offer expert and detailed insights for each client. We analyze crucial aspects such as compensation, providing recommendations on various market remuneration models, and evaluate the suitability of the proposed team for managing the client&#8217;s budget. Additionally, we ensure that media optimization commitments are clearly defined and aligned with the client&#8217;s objectives and market trends.<\/div>\n<\/div>\n<\/div>\n<\/div>\n<\/div>\n<\/div>\n<\/div>\n<\/div>\n<\/div>\n<\/div>\n<\/div>\n<p>[\/vc_wp_text][\/vc_column][\/vc_row][vc_row][vc_column]<div class=\"ult-spacer spacer-69d07a2e2a933\" data-id=\"69d07a2e2a933\" data-height=\"150\" data-height-mobile=\"55\" data-height-tab=\"\" data-height-tab-portrait=\"\" data-height-mobile-landscape=\"55\" style=\"clear:both;display:block;\"><\/div>[\/vc_column][\/vc_row][vc_row full_width=&#8221;stretch_row&#8221; equal_height=&#8221;yes&#8221; content_placement=&#8221;middle&#8221; css=&#8221;.vc_custom_1721993516782{padding-top: 75px !important;padding-bottom: 75px !important;background-color: rgba(233,233,233,0.5) !important;*background-color: rgb(233,233,233) !important;}&#8221; el_class=&#8221;benchmarking-section-2&#8243;][vc_column][vc_row_inner equal_height=&#8221;yes&#8221; content_placement=&#8221;middle&#8221; gap=&#8221;30&#8243;][vc_column_inner width=&#8221;1\/2&#8243;][vc_single_image image=&#8221;2796&#8243; img_size=&#8221;full&#8221; css_animation=&#8221;fadeIn&#8221; css=&#8221;&#8221; el_class=&#8221;width-image-bechmaking-2&#8243;][\/vc_column_inner][vc_column_inner width=&#8221;1\/2&#8243;][vc_wp_text el_class=&#8221;title-text-little&#8221;]Always considering best practices[\/vc_wp_text]<div class=\"ult-spacer spacer-69d07a2e2a96f\" data-id=\"69d07a2e2a96f\" data-height=\"25\" data-height-mobile=\"15\" data-height-tab=\"\" data-height-tab-portrait=\"\" data-height-mobile-landscape=\"15\" style=\"clear:both;display:block;\"><\/div>[vc_wp_text el_class=&#8221;text-default&#8221;]<span style=\"font-weight: 400;\">The importance of hiring Media Auditors lies in our ability to tailor contracts to the specific needs and objectives of each advertiser, ensuring compliance with current laws. We review and optimize billing processes, inventory usage, and programmatic advertising procedures to ensure transparency and efficiency. By relying on Media Auditors, advertisers can be confident that their contracts are managed with the utmost professionalism, continuously adapting to legal and market changes to maintain fair and successful relationships with their agencies.<\/span>[\/vc_wp_text][\/vc_column_inner][\/vc_row_inner][\/vc_column][\/vc_row][vc_row full_width=&#8221;stretch_row&#8221; equal_height=&#8221;yes&#8221; css=&#8221;.vc_custom_1720023458799{background-image: url(https:\/\/mauditors.com\/wp-content\/uploads\/2024\/07\/botton1-scaled.jpg?id=1506) !important;background-position: center !important;background-repeat: no-repeat !important;background-size: cover !important;}&#8221;][vc_column el_class=&#8221;image-phone-contact&#8221;]<div class=\"ult-spacer spacer-69d07a2e2a9a5\" data-id=\"69d07a2e2a9a5\" data-height=\"75\" data-height-mobile=\"55\" data-height-tab=\"\" data-height-tab-portrait=\"\" data-height-mobile-landscape=\"55\" style=\"clear:both;display:block;\"><\/div>[vc_wp_text el_class=&#8221;color-white&#8221;]<\/p>\n<h2 style=\"text-align: center;\"><strong><i><em>\u00ab<\/em>Optimize and safeguard your agreements with agencies through the expert contract consultancy of Media Auditors<\/i><i>\u00bb<\/i><\/strong><\/h2>\n<p>[\/vc_wp_text]<div class=\"ult-spacer spacer-69d07a2e2a9cb\" data-id=\"69d07a2e2a9cb\" data-height=\"45\" data-height-mobile=\"45\" data-height-tab=\"45\" data-height-tab-portrait=\"\" data-height-mobile-landscape=\"\" style=\"clear:both;display:block;\"><\/div>[vc_wp_text]<\/p>\n<p style=\"text-align: center;\"><a class=\"boton-default\" href=\"https:\/\/mauditors.com\/en\/contacto\/\">Let&#8217;s work together<\/a><\/p>\n<p>[\/vc_wp_text]<div class=\"ult-spacer spacer-69d07a2e2a9f3\" data-id=\"69d07a2e2a9f3\" data-height=\"95\" data-height-mobile=\"75\" data-height-tab=\"\" data-height-tab-portrait=\"\" data-height-mobile-landscape=\"75\" style=\"clear:both;display:block;\"><\/div>[\/vc_column][\/vc_row][vc_row][vc_column]<div class=\"templatera_shortcode\"><style type=\"text\/css\" data-type=\"vc_shortcodes-custom-css\">.vc_custom_1715087878154{background-color: rgba(233,233,233,0.5) !important;*background-color: rgb(233,233,233) !important;}<\/style><div data-vc-full-width=\"true\" data-vc-full-width-init=\"false\" class=\"vc_row wpb_row vc_row-fluid vc_custom_1715087878154 vc_row-has-fill\"><div class=\"wpb_column vc_column_container vc_col-sm-12\"><div class=\"vc_column-inner\"><div class=\"wpb_wrapper\"><div class=\"ult-spacer spacer-69d07a2e2baf5\" data-id=\"69d07a2e2baf5\" data-height=\"55\" data-height-mobile=\"55\" data-height-tab=\"55\" data-height-tab-portrait=\"\" data-height-mobile-landscape=\"\" style=\"clear:both;display:block;\"><\/div><div class=\"ult-spacer spacer-69d07a2e2bb25\" data-id=\"69d07a2e2bb25\" data-height=\"15\" data-height-mobile=\"5\" data-height-tab=\"\" data-height-tab-portrait=\"\" data-height-mobile-landscape=\"5\" style=\"clear:both;display:block;\"><\/div><div  class=\"vc_wp_text wpb_content_element title-1-big\"><div class=\"widget widget_text\">\t\t\t<div class=\"textwidget\"><p style=\"text-align: center;\">Other services<\/p>\n<\/div>\n\t\t<\/div><\/div><div class=\"ult-spacer spacer-69d07a2e2bcfb\" data-id=\"69d07a2e2bcfb\" data-height=\"15\" data-height-mobile=\"10\" data-height-tab=\"\" data-height-tab-portrait=\"\" data-height-mobile-landscape=\"10\" style=\"clear:both;display:block;\"><\/div><div  class=\"vc_wp_text wpb_content_element text-default\"><div class=\"widget widget_text\">\t\t\t<div class=\"textwidget\"><p style=\"text-align: center; max-width: 530px; margin-left: auto; margin-right: auto;\">Our services are always designed to meet the specific needs of our clients. We work in three main areas: comprehensively improving results, maximizing budget efficiency, and strengthening relationships.<\/p>\n<\/div>\n\t\t<\/div><\/div><div class=\"ult-spacer spacer-69d07a2e2be37\" data-id=\"69d07a2e2be37\" data-height=\"75\" data-height-mobile=\"45\" data-height-tab=\"\" data-height-tab-portrait=\"\" data-height-mobile-landscape=\"45\" style=\"clear:both;display:block;\"><\/div><div class=\"vc_row wpb_row vc_inner vc_row-fluid\"><div class=\"wpb_column vc_column_container vc_col-sm-6\"><div class=\"vc_column-inner\"><div class=\"wpb_wrapper\"><div class='custom-show-section-big'><a class='column-show-section-hover' href='https:\/\/mauditors.com\/en\/measurement\/'><div class='custom-show-section cara-1' style='background-image: url(https:\/\/www.mauditors.com\/wp-content\/uploads\/2024\/07\/management_full-scaled.jpg);'><div class='container color-white'><p class='subtitle-text'>TRACK YOUR RESULTS<\/p><p class='title-otros-servicios'>Measurement<\/p><\/div><\/div><div class='custom-show-section cara-2'><div class='container'><p class='subtitle-text'>TRACK YOUR RESULTS<\/p><p class='title-otros-servicios'>Measurement<\/p><p class='text-otros-servicios'>The objectives of our services are to evaluate media planning and agency performance compared to the market. Based on an extensive and representative pool of clients, Media Auditors provides a detailed analysis that identifies savings achieved and opportunities for improvement in both online and offline purchasing for the advertiser.<\/p><p class='servicios-arrow'><span class='fa-solid fa-arrow-right-long'><\/span><\/p><\/div><\/div><\/a><\/div><div class=\"ult-spacer spacer-69d07a2e2c56c\" data-id=\"69d07a2e2c56c\" data-height=\"0\" data-height-mobile=\"25\" data-height-tab=\"\" data-height-tab-portrait=\"\" data-height-mobile-landscape=\"25\" style=\"clear:both;display:block;\"><\/div><\/div><\/div><\/div><div class=\"wpb_column vc_column_container vc_col-sm-6\"><div class=\"vc_column-inner\"><div class=\"wpb_wrapper\"><div class='custom-show-section-big'><a class='column-show-section-hover' href='https:\/\/mauditors.com\/en\/performance\/'><div class='custom-show-section cara-1' style='background-image: url(https:\/\/www.mauditors.com\/wp-content\/uploads\/2024\/07\/performance_full-scaled.jpg);'><div class='container color-white'><p class='subtitle-text'>BUDGET OPTIMIZATION<\/p><p class='title-otros-servicios'>Perfomance<\/p><\/div><\/div><div class='custom-show-section cara-2'><div class='container'><p class='subtitle-text'>BUDGET OPTIMIZATION<\/p><p class='title-otros-servicios'>Perfomance<\/p><p class='text-otros-servicios'>As leading experts in the market, enriched by our clients' insights, we address issues and questions related to the media landscape. We assist with negotiating strategies with media vendors, establishing remuneration models for agencies, contractual commitments, KPI definitions, agency pitch management, contract development, and the final quantification of fixed, variable, and\/or bonus fees for agencies. Additionally, we offer other services tailored to the specific needs of our clients.<\/p><p class='servicios-arrow'><span class='fa-solid fa-arrow-right-long'><\/span><\/p><\/div><\/div><\/a><\/div><\/div><\/div><\/div><\/div><div class=\"ult-spacer spacer-69d07a2e2cbab\" data-id=\"69d07a2e2cbab\" data-height=\"75\" data-height-mobile=\"75\" data-height-tab=\"75\" data-height-tab-portrait=\"\" data-height-mobile-landscape=\"\" style=\"clear:both;display:block;\"><\/div><div  class=\"vc_wp_text wpb_content_element\"><div class=\"widget widget_text\">\t\t\t<div class=\"textwidget\"><p style=\"text-align: center;\"><a class=\"boton-default\" href=\"https:\/\/mauditors.com\/en\/contacto\/\">Contact<\/a><\/p>\n<\/div>\n\t\t<\/div><\/div><div class=\"ult-spacer spacer-69d07a2e2ccf7\" data-id=\"69d07a2e2ccf7\" data-height=\"95\" data-height-mobile=\"75\" data-height-tab=\"\" data-height-tab-portrait=\"\" data-height-mobile-landscape=\"75\" style=\"clear:both;display:block;\"><\/div><\/div><\/div><\/div><\/div><div class=\"vc_row-full-width vc_clearfix\"><\/div><\/div>[\/vc_column][\/vc_row]<\/p>\n<\/div>","protected":false},"excerpt":{"rendered":"management service Process Optimization Contact \"Ensure Solid Agreements to Maximize Your Benefits\" A true partner in building solid relationships. Our contract consulting service is essential for advertisers seeking to secure solid and beneficial agreements with their agencies. With extensive experience, including conducting numerous annual contract audits across the region and covering a wide range of [...]","protected":false},"author":1,"featured_media":0,"parent":2422,"menu_order":0,"comment_status":"closed","ping_status":"closed","template":"","meta":{"_acf_changed":false,"footnotes":""},"class_list":["post-2322","page","type-page","status-publish","hentry"],"acf":[],"yoast_head":"<!-- This site is optimized with the Yoast SEO plugin v26.2 - https:\/\/yoast.com\/wordpress\/plugins\/seo\/ -->\n<title>Process Optimization | Media Auditors<\/title>\n<meta name=\"description\" content=\"Process optimization is essential for clients who want to ensure solid and beneficial agreements with their agencies through effective.\" \/>\n<meta name=\"robots\" content=\"index, follow, max-snippet:-1, max-image-preview:large, max-video-preview:-1\" \/>\n<link rel=\"canonical\" href=\"https:\/\/www.mauditors.com\/en\/management\/process-optimization\/\" \/>\n<meta property=\"og:locale\" content=\"en_US\" \/>\n<meta property=\"og:type\" content=\"article\" \/>\n<meta property=\"og:title\" content=\"Process Optimization | Media Auditors\" \/>\n<meta property=\"og:description\" content=\"Process optimization is essential for clients who want to ensure solid and beneficial agreements with their agencies through effective.\" \/>\n<meta property=\"og:url\" content=\"https:\/\/www.mauditors.com\/en\/management\/process-optimization\/\" \/>\n<meta property=\"og:site_name\" content=\"Media Auditors\" \/>\n<meta property=\"article:modified_time\" content=\"2025-01-22T08:48:56+00:00\" \/>\n<meta name=\"twitter:card\" content=\"summary_large_image\" \/>\n<meta name=\"twitter:label1\" content=\"Est. reading time\" \/>\n\t<meta name=\"twitter:data1\" content=\"2 minutes\" \/>\n<script type=\"application\/ld+json\" class=\"yoast-schema-graph\">{\"@context\":\"https:\/\/schema.org\",\"@graph\":[{\"@type\":\"WebPage\",\"@id\":\"https:\/\/www.mauditors.com\/en\/management\/process-optimization\/\",\"url\":\"https:\/\/www.mauditors.com\/en\/management\/process-optimization\/\",\"name\":\"Process Optimization | Media Auditors\",\"isPartOf\":{\"@id\":\"https:\/\/www.mauditors.com\/#website\"},\"datePublished\":\"2024-06-25T11:42:38+00:00\",\"dateModified\":\"2025-01-22T08:48:56+00:00\",\"description\":\"Process optimization is essential for clients who want to ensure solid and beneficial agreements with their agencies through effective.\",\"breadcrumb\":{\"@id\":\"https:\/\/www.mauditors.com\/en\/management\/process-optimization\/#breadcrumb\"},\"inLanguage\":\"en-US\",\"potentialAction\":[{\"@type\":\"ReadAction\",\"target\":[\"https:\/\/www.mauditors.com\/en\/management\/process-optimization\/\"]}]},{\"@type\":\"BreadcrumbList\",\"@id\":\"https:\/\/www.mauditors.com\/en\/management\/process-optimization\/#breadcrumb\",\"itemListElement\":[{\"@type\":\"ListItem\",\"position\":1,\"name\":\"Portada\",\"item\":\"https:\/\/www.mauditors.com\/en\/\"},{\"@type\":\"ListItem\",\"position\":2,\"name\":\"Management\",\"item\":\"https:\/\/www.mauditors.com\/en\/management\/\"},{\"@type\":\"ListItem\",\"position\":3,\"name\":\"Process Optimization\"}]},{\"@type\":\"WebSite\",\"@id\":\"https:\/\/www.mauditors.com\/#website\",\"url\":\"https:\/\/www.mauditors.com\/\",\"name\":\"Media Auditors\",\"description\":\"Empresa independiente l\u00edder en auditor\u00eda y consultor\u00eda de medios en Am\u00e9rica Latina\",\"potentialAction\":[{\"@type\":\"SearchAction\",\"target\":{\"@type\":\"EntryPoint\",\"urlTemplate\":\"https:\/\/www.mauditors.com\/?s={search_term_string}\"},\"query-input\":{\"@type\":\"PropertyValueSpecification\",\"valueRequired\":true,\"valueName\":\"search_term_string\"}}],\"inLanguage\":\"en-US\"}]}<\/script>\n<!-- \/ Yoast SEO plugin. -->","yoast_head_json":{"title":"Process Optimization | Media Auditors","description":"Process optimization is essential for clients who want to ensure solid and beneficial agreements with their agencies through effective.","robots":{"index":"index","follow":"follow","max-snippet":"max-snippet:-1","max-image-preview":"max-image-preview:large","max-video-preview":"max-video-preview:-1"},"canonical":"https:\/\/www.mauditors.com\/en\/management\/process-optimization\/","og_locale":"en_US","og_type":"article","og_title":"Process Optimization | Media Auditors","og_description":"Process optimization is essential for clients who want to ensure solid and beneficial agreements with their agencies through effective.","og_url":"https:\/\/www.mauditors.com\/en\/management\/process-optimization\/","og_site_name":"Media Auditors","article_modified_time":"2025-01-22T08:48:56+00:00","twitter_card":"summary_large_image","twitter_misc":{"Est. reading time":"2 minutes"},"schema":{"@context":"https:\/\/schema.org","@graph":[{"@type":"WebPage","@id":"https:\/\/www.mauditors.com\/en\/management\/process-optimization\/","url":"https:\/\/www.mauditors.com\/en\/management\/process-optimization\/","name":"Process Optimization | Media Auditors","isPartOf":{"@id":"https:\/\/www.mauditors.com\/#website"},"datePublished":"2024-06-25T11:42:38+00:00","dateModified":"2025-01-22T08:48:56+00:00","description":"Process optimization is essential for clients who want to ensure solid and beneficial agreements with their agencies through effective.","breadcrumb":{"@id":"https:\/\/www.mauditors.com\/en\/management\/process-optimization\/#breadcrumb"},"inLanguage":"en-US","potentialAction":[{"@type":"ReadAction","target":["https:\/\/www.mauditors.com\/en\/management\/process-optimization\/"]}]},{"@type":"BreadcrumbList","@id":"https:\/\/www.mauditors.com\/en\/management\/process-optimization\/#breadcrumb","itemListElement":[{"@type":"ListItem","position":1,"name":"Portada","item":"https:\/\/www.mauditors.com\/en\/"},{"@type":"ListItem","position":2,"name":"Management","item":"https:\/\/www.mauditors.com\/en\/management\/"},{"@type":"ListItem","position":3,"name":"Process Optimization"}]},{"@type":"WebSite","@id":"https:\/\/www.mauditors.com\/#website","url":"https:\/\/www.mauditors.com\/","name":"Media Auditors","description":"Empresa independiente l\u00edder en auditor\u00eda y consultor\u00eda de medios en Am\u00e9rica Latina","potentialAction":[{"@type":"SearchAction","target":{"@type":"EntryPoint","urlTemplate":"https:\/\/www.mauditors.com\/?s={search_term_string}"},"query-input":{"@type":"PropertyValueSpecification","valueRequired":true,"valueName":"search_term_string"}}],"inLanguage":"en-US"}]}},"_links":{"self":[{"href":"https:\/\/www.mauditors.com\/en\/wp-json\/wp\/v2\/pages\/2322","targetHints":{"allow":["GET"]}}],"collection":[{"href":"https:\/\/www.mauditors.com\/en\/wp-json\/wp\/v2\/pages"}],"about":[{"href":"https:\/\/www.mauditors.com\/en\/wp-json\/wp\/v2\/types\/page"}],"author":[{"embeddable":true,"href":"https:\/\/www.mauditors.com\/en\/wp-json\/wp\/v2\/users\/1"}],"replies":[{"embeddable":true,"href":"https:\/\/www.mauditors.com\/en\/wp-json\/wp\/v2\/comments?post=2322"}],"version-history":[{"count":8,"href":"https:\/\/www.mauditors.com\/en\/wp-json\/wp\/v2\/pages\/2322\/revisions"}],"predecessor-version":[{"id":4373,"href":"https:\/\/www.mauditors.com\/en\/wp-json\/wp\/v2\/pages\/2322\/revisions\/4373"}],"up":[{"embeddable":true,"href":"https:\/\/www.mauditors.com\/en\/wp-json\/wp\/v2\/pages\/2422"}],"wp:attachment":[{"href":"https:\/\/www.mauditors.com\/en\/wp-json\/wp\/v2\/media?parent=2322"}],"curies":[{"name":"wp","href":"https:\/\/api.w.org\/{rel}","templated":true}]}}