{"id":2342,"date":"2024-06-25T13:45:12","date_gmt":"2024-06-25T11:45:12","guid":{"rendered":"https:\/\/mauditors.com\/pitch-de-agencias\/"},"modified":"2025-01-22T12:18:45","modified_gmt":"2025-01-22T11:18:45","slug":"pitch-management","status":"publish","type":"page","link":"https:\/\/www.mauditors.com\/en\/management\/pitch-management\/","title":{"rendered":"Pitch Management"},"content":{"rendered":"<div class=\"wpb-content-wrapper\"><p>[vc_row][vc_column]<div class=\"ult-spacer spacer-69d07c3506a11\" data-id=\"69d07c3506a11\" data-height=\"75\" data-height-mobile=\"55\" data-height-tab=\"\" data-height-tab-portrait=\"\" data-height-mobile-landscape=\"55\" style=\"clear:both;display:block;\"><\/div>[\/vc_column][\/vc_row][vc_row equal_height=&#8221;yes&#8221;][vc_column width=&#8221;7\/12&#8243; el_class=&#8221;center-section-block&#8221;][vc_wp_text el_class=&#8221;text-default text-uppercase&#8221;]Management service[\/vc_wp_text][vc_wp_text el_class=&#8221;title-text&#8221;]<\/p>\n<h1>Pitch Management<\/h1>\n<p>[\/vc_wp_text]<div class=\"ult-spacer spacer-69d07c3506a73\" data-id=\"69d07c3506a73\" data-height=\"35\" data-height-mobile=\"35\" data-height-tab=\"35\" data-height-tab-portrait=\"\" data-height-mobile-landscape=\"\" style=\"clear:both;display:block;\"><\/div>[vc_wp_text el_class=&#8221;boton-section-default&#8221;]<a class=\"boton-default\" href=\"https:\/\/mauditors.com\/en\/contacto\/\">Contact<\/a>[\/vc_wp_text]<div class=\"ult-spacer spacer-69d07c3506ac9\" data-id=\"69d07c3506ac9\" data-height=\"15\" data-height-mobile=\"45\" data-height-tab=\"\" data-height-tab-portrait=\"\" data-height-mobile-landscape=\"45\" style=\"clear:both;display:block;\"><\/div>[\/vc_column][vc_column width=&#8221;5\/12&#8243; el_class=&#8221;column-brenchmarking&#8221;][vc_single_image image=&#8221;2230&#8243; img_size=&#8221;full&#8221; alignment=&#8221;right&#8221; css=&#8221;&#8221; el_class=&#8221;benchmarking-multimedios-image&#8221;][vc_row_inner el_class=&#8221;position-absolute-left-casi-buttom box-grey-section&#8221; css=&#8221;.vc_custom_1715095165719{background-color: #ececec !important;}&#8221;][vc_column_inner][vc_wp_text el_class=&#8221;subtitle-little-3&#8243;]<\/p>\n<h3><strong>Transparent and agile process tailored to the client&#8217;s needs<\/strong><\/h3>\n<p>[\/vc_wp_text][\/vc_column_inner][\/vc_row_inner][\/vc_column][\/vc_row][vc_row][vc_column]<div class=\"ult-spacer spacer-69d07c3506b15\" data-id=\"69d07c3506b15\" data-height=\"150\" data-height-mobile=\"150\" data-height-tab=\"150\" data-height-tab-portrait=\"\" data-height-mobile-landscape=\"\" style=\"clear:both;display:block;\"><\/div>[\/vc_column][\/vc_row][vc_row equal_height=&#8221;yes&#8221; content_placement=&#8221;middle&#8221;][vc_column width=&#8221;1\/2&#8243;][vc_wp_text el_class=&#8221;title-2&#8243;]<\/p>\n<h3 style=\"max-width: 530px; margin-left: auto; margin-right: auto; text-align: left;\">With our agency Pitch Management, we ensure a transparent and efficient selection of the best agency, maximizing return on investment.<\/h3>\n<p>[\/vc_wp_text][\/vc_column][vc_column width=&#8221;1\/2&#8243;][vc_wp_text el_class=&#8221;text-default&#8221;]<\/p>\n<p style=\"padding-left: 80px;\"><span style=\"font-weight: 400;\">**As specialists in agency pitch management, we provide an organized and efficient framework for selecting the best media agency. From the initial process organization to the creation of a detailed Request for Information (RFI), Media Auditors works closely with the client to define needs, objectives, and timelines. By conducting an in-depth evaluation of participating agencies, including financial and team analysis, and managing all formal communications and meetings, Media Auditors ensures a transparent and well-founded selection process. This not only saves the client time and resources but also ensures that only the most suitable agencies advance in the process.**<\/span><\/p>\n<p>[\/vc_wp_text][\/vc_column][\/vc_row][vc_row][vc_column]<div class=\"ult-spacer spacer-69d07c3506b64\" data-id=\"69d07c3506b64\" data-height=\"150\" data-height-mobile=\"55\" data-height-tab=\"\" data-height-tab-portrait=\"\" data-height-mobile-landscape=\"55\" style=\"clear:both;display:block;\"><\/div>[\/vc_column][\/vc_row][vc_row full_width=&#8221;stretch_row&#8221; equal_height=&#8221;yes&#8221; content_placement=&#8221;middle&#8221; css=&#8221;.vc_custom_1721996716279{padding-top: 100px !important;padding-bottom: 100px !important;background-color: rgba(233,233,233,0.5) !important;*background-color: rgb(233,233,233) !important;}&#8221; el_class=&#8221;benchmarking-section-2&#8243;][vc_column][vc_row_inner equal_height=&#8221;yes&#8221; content_placement=&#8221;middle&#8221;][vc_column_inner width=&#8221;1\/2&#8243;][vc_single_image image=&#8221;2804&#8243; img_size=&#8221;full&#8221; css_animation=&#8221;fadeIn&#8221; css=&#8221;&#8221; el_class=&#8221;width-image-bechmaking-2&#8243;][\/vc_column_inner][vc_column_inner width=&#8221;1\/2&#8243;][vc_wp_text el_class=&#8221;title-text-little&#8221;]We are a true expert advisor and collaborator.[\/vc_wp_text]<div class=\"ult-spacer spacer-69d07c3506ba2\" data-id=\"69d07c3506ba2\" data-height=\"25\" data-height-mobile=\"15\" data-height-tab=\"\" data-height-tab-portrait=\"\" data-height-mobile-landscape=\"15\" style=\"clear:both;display:block;\"><\/div>[vc_wp_text el_class=&#8221;text-default&#8221;]<span style=\"font-weight: 400;\">Furthermore, the agency pitch management conducted by Media Auditors<\/span><span style=\"font-weight: 400;\">includes the creation<\/span><span style=\"font-weight: 400;\">of a clear and well-defined contract with the winning agency, based on the commitments established during the process. This meticulous approach facilitates a smooth transition and ensures that all contractual expectations and requirements are met from the outset. With 17 years of experience in local and regional pitches, Media Auditors offers a comprehensive and objective evaluation of all proposals, utilizing proprietary tools such as scorecards and digital platforms for presentation assessment. At the end of the process, clients receive detailed reports on savings and benefits, highlighting the quantitative advantages achieved compared to the previous agency, thereby maximizing return on investment and optimizing advertising results.<br \/>\n<\/span>[\/vc_wp_text][\/vc_column_inner][\/vc_row_inner][\/vc_column][\/vc_row][vc_row full_width=&#8221;stretch_row&#8221; equal_height=&#8221;yes&#8221; css=&#8221;.vc_custom_1720024593878{background-image: url(https:\/\/mauditors.com\/wp-content\/uploads\/2024\/07\/botton1-scaled.jpg?id=1506) !important;background-position: center !important;background-repeat: no-repeat !important;background-size: cover !important;}&#8221;][vc_column el_class=&#8221;image-phone-contact&#8221;]<div class=\"ult-spacer spacer-69d07c3506beb\" data-id=\"69d07c3506beb\" data-height=\"75\" data-height-mobile=\"65\" data-height-tab=\"\" data-height-tab-portrait=\"\" data-height-mobile-landscape=\"65\" style=\"clear:both;display:block;\"><\/div>[vc_wp_text el_class=&#8221;color-white&#8221;]<\/p>\n<h2 style=\"text-align: center;\"><em><strong>\u00abUsing tools that help standardize<br \/>\nand better manage the process\u00bb<\/strong><\/em><\/h2>\n<p>[\/vc_wp_text]<div class=\"ult-spacer spacer-69d07c3506c24\" data-id=\"69d07c3506c24\" data-height=\"45\" data-height-mobile=\"45\" data-height-tab=\"45\" data-height-tab-portrait=\"\" data-height-mobile-landscape=\"\" style=\"clear:both;display:block;\"><\/div>[vc_wp_text]<\/p>\n<p style=\"text-align: center;\"><a class=\"boton-default\" href=\"https:\/\/mauditors.com\/en\/contacto\/\">Let&#8217;s work together<\/a><\/p>\n<p>[\/vc_wp_text]<div class=\"ult-spacer spacer-69d07c3506c62\" data-id=\"69d07c3506c62\" data-height=\"95\" data-height-mobile=\"75\" data-height-tab=\"\" data-height-tab-portrait=\"\" data-height-mobile-landscape=\"75\" style=\"clear:both;display:block;\"><\/div>[\/vc_column][\/vc_row][vc_row][vc_column]<div class=\"templatera_shortcode\"><style type=\"text\/css\" data-type=\"vc_shortcodes-custom-css\">.vc_custom_1715087878154{background-color: rgba(233,233,233,0.5) !important;*background-color: rgb(233,233,233) !important;}<\/style><div data-vc-full-width=\"true\" data-vc-full-width-init=\"false\" class=\"vc_row wpb_row vc_row-fluid vc_custom_1715087878154 vc_row-has-fill\"><div class=\"wpb_column vc_column_container vc_col-sm-12\"><div class=\"vc_column-inner\"><div class=\"wpb_wrapper\"><div class=\"ult-spacer spacer-69d07c3507cd0\" data-id=\"69d07c3507cd0\" data-height=\"55\" data-height-mobile=\"55\" data-height-tab=\"55\" data-height-tab-portrait=\"\" data-height-mobile-landscape=\"\" style=\"clear:both;display:block;\"><\/div><div class=\"ult-spacer spacer-69d07c3507d15\" data-id=\"69d07c3507d15\" data-height=\"15\" data-height-mobile=\"5\" data-height-tab=\"\" data-height-tab-portrait=\"\" data-height-mobile-landscape=\"5\" style=\"clear:both;display:block;\"><\/div><div  class=\"vc_wp_text wpb_content_element title-1-big\"><div class=\"widget widget_text\">\t\t\t<div class=\"textwidget\"><p style=\"text-align: center;\">Other services<\/p>\n<\/div>\n\t\t<\/div><\/div><div class=\"ult-spacer spacer-69d07c3507ebe\" data-id=\"69d07c3507ebe\" data-height=\"15\" data-height-mobile=\"10\" data-height-tab=\"\" data-height-tab-portrait=\"\" data-height-mobile-landscape=\"10\" style=\"clear:both;display:block;\"><\/div><div  class=\"vc_wp_text wpb_content_element text-default\"><div class=\"widget widget_text\">\t\t\t<div class=\"textwidget\"><p style=\"text-align: center; max-width: 530px; margin-left: auto; margin-right: auto;\">Our services are always designed to meet the specific needs of our clients. We work in three main areas: comprehensively improving results, maximizing budget efficiency, and strengthening relationships.<\/p>\n<\/div>\n\t\t<\/div><\/div><div class=\"ult-spacer spacer-69d07c350800c\" data-id=\"69d07c350800c\" data-height=\"75\" data-height-mobile=\"45\" data-height-tab=\"\" data-height-tab-portrait=\"\" data-height-mobile-landscape=\"45\" style=\"clear:both;display:block;\"><\/div><div class=\"vc_row wpb_row vc_inner vc_row-fluid\"><div class=\"wpb_column vc_column_container vc_col-sm-6\"><div class=\"vc_column-inner\"><div class=\"wpb_wrapper\"><div class='custom-show-section-big'><a class='column-show-section-hover' href='https:\/\/mauditors.com\/en\/measurement\/'><div class='custom-show-section cara-1' style='background-image: url(https:\/\/www.mauditors.com\/wp-content\/uploads\/2024\/07\/management_full-scaled.jpg);'><div class='container color-white'><p class='subtitle-text'>TRACK YOUR RESULTS<\/p><p class='title-otros-servicios'>Measurement<\/p><\/div><\/div><div class='custom-show-section cara-2'><div class='container'><p class='subtitle-text'>TRACK YOUR RESULTS<\/p><p class='title-otros-servicios'>Measurement<\/p><p class='text-otros-servicios'>The objectives of our services are to evaluate media planning and agency performance compared to the market. Based on an extensive and representative pool of clients, Media Auditors provides a detailed analysis that identifies savings achieved and opportunities for improvement in both online and offline purchasing for the advertiser.<\/p><p class='servicios-arrow'><span class='fa-solid fa-arrow-right-long'><\/span><\/p><\/div><\/div><\/a><\/div><div class=\"ult-spacer spacer-69d07c35085d9\" data-id=\"69d07c35085d9\" data-height=\"0\" data-height-mobile=\"25\" data-height-tab=\"\" data-height-tab-portrait=\"\" data-height-mobile-landscape=\"25\" style=\"clear:both;display:block;\"><\/div><\/div><\/div><\/div><div class=\"wpb_column vc_column_container vc_col-sm-6\"><div class=\"vc_column-inner\"><div class=\"wpb_wrapper\"><div class='custom-show-section-big'><a class='column-show-section-hover' href='https:\/\/mauditors.com\/en\/performance\/'><div class='custom-show-section cara-1' style='background-image: url(https:\/\/www.mauditors.com\/wp-content\/uploads\/2024\/07\/performance_full-scaled.jpg);'><div class='container color-white'><p class='subtitle-text'>BUDGET OPTIMIZATION<\/p><p class='title-otros-servicios'>Perfomance<\/p><\/div><\/div><div class='custom-show-section cara-2'><div class='container'><p class='subtitle-text'>BUDGET OPTIMIZATION<\/p><p class='title-otros-servicios'>Perfomance<\/p><p class='text-otros-servicios'>As leading experts in the market, enriched by our clients' insights, we address issues and questions related to the media landscape. We assist with negotiating strategies with media vendors, establishing remuneration models for agencies, contractual commitments, KPI definitions, agency pitch management, contract development, and the final quantification of fixed, variable, and\/or bonus fees for agencies. Additionally, we offer other services tailored to the specific needs of our clients.<\/p><p class='servicios-arrow'><span class='fa-solid fa-arrow-right-long'><\/span><\/p><\/div><\/div><\/a><\/div><\/div><\/div><\/div><\/div><div class=\"ult-spacer spacer-69d07c3508c2e\" data-id=\"69d07c3508c2e\" data-height=\"75\" data-height-mobile=\"75\" data-height-tab=\"75\" data-height-tab-portrait=\"\" data-height-mobile-landscape=\"\" style=\"clear:both;display:block;\"><\/div><div  class=\"vc_wp_text wpb_content_element\"><div class=\"widget widget_text\">\t\t\t<div class=\"textwidget\"><p style=\"text-align: center;\"><a class=\"boton-default\" href=\"https:\/\/mauditors.com\/en\/contacto\/\">Contact<\/a><\/p>\n<\/div>\n\t\t<\/div><\/div><div class=\"ult-spacer spacer-69d07c3508d7b\" data-id=\"69d07c3508d7b\" data-height=\"95\" data-height-mobile=\"75\" data-height-tab=\"\" data-height-tab-portrait=\"\" data-height-mobile-landscape=\"75\" style=\"clear:both;display:block;\"><\/div><\/div><\/div><\/div><\/div><div class=\"vc_row-full-width vc_clearfix\"><\/div><\/div>[\/vc_column][\/vc_row]<\/p>\n<\/div>","protected":false},"excerpt":{"rendered":"Management service Pitch Management Contact Transparent and agile process tailored to the client's needs With our agency Pitch Management, we ensure a transparent and efficient selection of the best agency, maximizing return on investment. **As specialists in agency pitch management, we provide an organized and efficient framework for selecting the best media agency. From the [...]","protected":false},"author":1,"featured_media":0,"parent":2422,"menu_order":0,"comment_status":"closed","ping_status":"closed","template":"","meta":{"_acf_changed":false,"footnotes":""},"class_list":["post-2342","page","type-page","status-publish","hentry"],"acf":[],"yoast_head":"<!-- This site is optimized with the Yoast SEO plugin v26.2 - https:\/\/yoast.com\/wordpress\/plugins\/seo\/ -->\n<title>Pitch Management | Media Auditors<\/title>\n<meta name=\"description\" content=\"As part of the agency pitch management service, we provide an organized structure to select the best media agency.\" \/>\n<meta name=\"robots\" content=\"index, follow, max-snippet:-1, max-image-preview:large, max-video-preview:-1\" \/>\n<link rel=\"canonical\" href=\"https:\/\/www.mauditors.com\/en\/management\/pitch-management\/\" \/>\n<meta property=\"og:locale\" content=\"en_US\" \/>\n<meta property=\"og:type\" content=\"article\" \/>\n<meta property=\"og:title\" content=\"Pitch Management | Media Auditors\" \/>\n<meta property=\"og:description\" content=\"As part of the agency pitch management service, we provide an organized structure to select the best media agency.\" \/>\n<meta property=\"og:url\" content=\"https:\/\/www.mauditors.com\/en\/management\/pitch-management\/\" \/>\n<meta property=\"og:site_name\" content=\"Media Auditors\" \/>\n<meta property=\"article:modified_time\" content=\"2025-01-22T11:18:45+00:00\" \/>\n<meta name=\"twitter:card\" content=\"summary_large_image\" \/>\n<meta name=\"twitter:label1\" content=\"Est. reading time\" \/>\n\t<meta name=\"twitter:data1\" content=\"3 minutes\" \/>\n<script type=\"application\/ld+json\" class=\"yoast-schema-graph\">{\"@context\":\"https:\/\/schema.org\",\"@graph\":[{\"@type\":\"WebPage\",\"@id\":\"https:\/\/www.mauditors.com\/en\/management\/pitch-management\/\",\"url\":\"https:\/\/www.mauditors.com\/en\/management\/pitch-management\/\",\"name\":\"Pitch Management | Media Auditors\",\"isPartOf\":{\"@id\":\"https:\/\/www.mauditors.com\/#website\"},\"datePublished\":\"2024-06-25T11:45:12+00:00\",\"dateModified\":\"2025-01-22T11:18:45+00:00\",\"description\":\"As part of the agency pitch management service, we provide an organized structure to select the best media agency.\",\"breadcrumb\":{\"@id\":\"https:\/\/www.mauditors.com\/en\/management\/pitch-management\/#breadcrumb\"},\"inLanguage\":\"en-US\",\"potentialAction\":[{\"@type\":\"ReadAction\",\"target\":[\"https:\/\/www.mauditors.com\/en\/management\/pitch-management\/\"]}]},{\"@type\":\"BreadcrumbList\",\"@id\":\"https:\/\/www.mauditors.com\/en\/management\/pitch-management\/#breadcrumb\",\"itemListElement\":[{\"@type\":\"ListItem\",\"position\":1,\"name\":\"Portada\",\"item\":\"https:\/\/www.mauditors.com\/en\/\"},{\"@type\":\"ListItem\",\"position\":2,\"name\":\"Management\",\"item\":\"https:\/\/www.mauditors.com\/en\/management\/\"},{\"@type\":\"ListItem\",\"position\":3,\"name\":\"Pitch Management\"}]},{\"@type\":\"WebSite\",\"@id\":\"https:\/\/www.mauditors.com\/#website\",\"url\":\"https:\/\/www.mauditors.com\/\",\"name\":\"Media Auditors\",\"description\":\"Empresa independiente l\u00edder en auditor\u00eda y consultor\u00eda de medios en Am\u00e9rica Latina\",\"potentialAction\":[{\"@type\":\"SearchAction\",\"target\":{\"@type\":\"EntryPoint\",\"urlTemplate\":\"https:\/\/www.mauditors.com\/?s={search_term_string}\"},\"query-input\":{\"@type\":\"PropertyValueSpecification\",\"valueRequired\":true,\"valueName\":\"search_term_string\"}}],\"inLanguage\":\"en-US\"}]}<\/script>\n<!-- \/ Yoast SEO plugin. -->","yoast_head_json":{"title":"Pitch Management | Media Auditors","description":"As part of the agency pitch management service, we provide an organized structure to select the best media agency.","robots":{"index":"index","follow":"follow","max-snippet":"max-snippet:-1","max-image-preview":"max-image-preview:large","max-video-preview":"max-video-preview:-1"},"canonical":"https:\/\/www.mauditors.com\/en\/management\/pitch-management\/","og_locale":"en_US","og_type":"article","og_title":"Pitch Management | Media Auditors","og_description":"As part of the agency pitch management service, we provide an organized structure to select the best media agency.","og_url":"https:\/\/www.mauditors.com\/en\/management\/pitch-management\/","og_site_name":"Media Auditors","article_modified_time":"2025-01-22T11:18:45+00:00","twitter_card":"summary_large_image","twitter_misc":{"Est. reading time":"3 minutes"},"schema":{"@context":"https:\/\/schema.org","@graph":[{"@type":"WebPage","@id":"https:\/\/www.mauditors.com\/en\/management\/pitch-management\/","url":"https:\/\/www.mauditors.com\/en\/management\/pitch-management\/","name":"Pitch Management | Media Auditors","isPartOf":{"@id":"https:\/\/www.mauditors.com\/#website"},"datePublished":"2024-06-25T11:45:12+00:00","dateModified":"2025-01-22T11:18:45+00:00","description":"As part of the agency pitch management service, we provide an organized structure to select the best media agency.","breadcrumb":{"@id":"https:\/\/www.mauditors.com\/en\/management\/pitch-management\/#breadcrumb"},"inLanguage":"en-US","potentialAction":[{"@type":"ReadAction","target":["https:\/\/www.mauditors.com\/en\/management\/pitch-management\/"]}]},{"@type":"BreadcrumbList","@id":"https:\/\/www.mauditors.com\/en\/management\/pitch-management\/#breadcrumb","itemListElement":[{"@type":"ListItem","position":1,"name":"Portada","item":"https:\/\/www.mauditors.com\/en\/"},{"@type":"ListItem","position":2,"name":"Management","item":"https:\/\/www.mauditors.com\/en\/management\/"},{"@type":"ListItem","position":3,"name":"Pitch Management"}]},{"@type":"WebSite","@id":"https:\/\/www.mauditors.com\/#website","url":"https:\/\/www.mauditors.com\/","name":"Media Auditors","description":"Empresa independiente l\u00edder en auditor\u00eda y consultor\u00eda de medios en Am\u00e9rica Latina","potentialAction":[{"@type":"SearchAction","target":{"@type":"EntryPoint","urlTemplate":"https:\/\/www.mauditors.com\/?s={search_term_string}"},"query-input":{"@type":"PropertyValueSpecification","valueRequired":true,"valueName":"search_term_string"}}],"inLanguage":"en-US"}]}},"_links":{"self":[{"href":"https:\/\/www.mauditors.com\/en\/wp-json\/wp\/v2\/pages\/2342","targetHints":{"allow":["GET"]}}],"collection":[{"href":"https:\/\/www.mauditors.com\/en\/wp-json\/wp\/v2\/pages"}],"about":[{"href":"https:\/\/www.mauditors.com\/en\/wp-json\/wp\/v2\/types\/page"}],"author":[{"embeddable":true,"href":"https:\/\/www.mauditors.com\/en\/wp-json\/wp\/v2\/users\/1"}],"replies":[{"embeddable":true,"href":"https:\/\/www.mauditors.com\/en\/wp-json\/wp\/v2\/comments?post=2342"}],"version-history":[{"count":11,"href":"https:\/\/www.mauditors.com\/en\/wp-json\/wp\/v2\/pages\/2342\/revisions"}],"predecessor-version":[{"id":4375,"href":"https:\/\/www.mauditors.com\/en\/wp-json\/wp\/v2\/pages\/2342\/revisions\/4375"}],"up":[{"embeddable":true,"href":"https:\/\/www.mauditors.com\/en\/wp-json\/wp\/v2\/pages\/2422"}],"wp:attachment":[{"href":"https:\/\/www.mauditors.com\/en\/wp-json\/wp\/v2\/media?parent=2342"}],"curies":[{"name":"wp","href":"https:\/\/api.w.org\/{rel}","templated":true}]}}