{"id":2358,"date":"2024-06-25T12:40:09","date_gmt":"2024-06-25T10:40:09","guid":{"rendered":"https:\/\/mauditors.com\/measurement\/benchmark-digital\/"},"modified":"2025-01-22T09:20:18","modified_gmt":"2025-01-22T08:20:18","slug":"digital-benchmark","status":"publish","type":"page","link":"https:\/\/www.mauditors.com\/en\/measurement\/digital-benchmark\/","title":{"rendered":"Digital Benchmark"},"content":{"rendered":"<div class=\"wpb-content-wrapper\"><p>[vc_row][vc_column]<div class=\"ult-spacer spacer-69ef01f87e70d\" data-id=\"69ef01f87e70d\" data-height=\"75\" data-height-mobile=\"55\" data-height-tab=\"\" data-height-tab-portrait=\"\" data-height-mobile-landscape=\"55\" style=\"clear:both;display:block;\"><\/div>[\/vc_column][\/vc_row][vc_row equal_height=&#8221;yes&#8221;][vc_column width=&#8221;7\/12&#8243; el_class=&#8221;center-section-block&#8221;][vc_wp_text el_class=&#8221;text-default text-uppercase&#8221;]Measurement service[\/vc_wp_text][vc_wp_text el_class=&#8221;title-text&#8221;]<\/p>\n<h1>Digital<br \/>\nBenchmark<\/h1>\n<p>[\/vc_wp_text]<div class=\"ult-spacer spacer-69ef01f87e76c\" data-id=\"69ef01f87e76c\" data-height=\"35\" data-height-mobile=\"35\" data-height-tab=\"35\" data-height-tab-portrait=\"\" data-height-mobile-landscape=\"\" style=\"clear:both;display:block;\"><\/div>[vc_wp_text el_class=&#8221;boton-section-default&#8221;]<a class=\"boton-default\" href=\"https:\/\/mauditors.com\/en\/contacto\/\">Contact<\/a>[\/vc_wp_text]<div class=\"ult-spacer spacer-69ef01f87e7bf\" data-id=\"69ef01f87e7bf\" data-height=\"15\" data-height-mobile=\"45\" data-height-tab=\"\" data-height-tab-portrait=\"\" data-height-mobile-landscape=\"45\" style=\"clear:both;display:block;\"><\/div>[\/vc_column][vc_column width=&#8221;5\/12&#8243; el_class=&#8221;column-brenchmarking&#8221;][vc_single_image image=&#8221;2204&#8243; img_size=&#8221;full&#8221; alignment=&#8221;center&#8221; css=&#8221;&#8221;][vc_row_inner el_class=&#8221;position-absolute-left-casi-buttom box-grey-section&#8221; css=&#8221;.vc_custom_1715095165719{background-color: #ececec !important;}&#8221;][vc_column_inner][vc_wp_text el_class=&#8221;subtitle-little-3&#8243;]<\/p>\n<h3>&#8220;Exclusive benchmarking at the forefront of the industry&#8221;<\/h3>\n<p>[\/vc_wp_text][\/vc_column_inner][\/vc_row_inner][\/vc_column][\/vc_row][vc_row][vc_column]<div class=\"ult-spacer spacer-69ef01f87e801\" data-id=\"69ef01f87e801\" data-height=\"150\" data-height-mobile=\"55\" data-height-tab=\"\" data-height-tab-portrait=\"\" data-height-mobile-landscape=\"55\" style=\"clear:both;display:block;\"><\/div>[\/vc_column][\/vc_row][vc_row equal_height=&#8221;yes&#8221; content_placement=&#8221;middle&#8221;][vc_column width=&#8221;1\/2&#8243;][vc_wp_text el_class=&#8221;title-2&#8243;]<\/p>\n<h2 style=\"max-width: 530px; margin-left: auto; margin-right: auto; text-align: left;\">Competitive Advantages<br \/>\nof Media Auditors&#8217;<br \/>\nDigital Benchmark<\/h2>\n<p>[\/vc_wp_text][\/vc_column][vc_column width=&#8221;1\/2&#8243;][vc_wp_text el_class=&#8221;text-default&#8221;]<span style=\"font-weight: 400;\">Having Media Auditors&#8217; digital benchmark service gives you a competitive advantage by providing a detailed and accurate view of your position in the digital market compared to the industry. This comparative analysis allows you to identify best practices in Paid Video, Display &amp; Programmatic, and strategies employed by your competitors in the digital realm, as well as detect emerging trends. By understanding how other players in the digital ecosystem are performing, you can set realistic and achievable goals, design informed strategies, and optimize your digital advertising budget to maximize your return on investment.<\/span>[\/vc_wp_text][\/vc_column][\/vc_row][vc_row][vc_column]<div class=\"ult-spacer spacer-69ef01f87e839\" data-id=\"69ef01f87e839\" data-height=\"150\" data-height-mobile=\"55\" data-height-tab=\"\" data-height-tab-portrait=\"\" data-height-mobile-landscape=\"55\" style=\"clear:both;display:block;\"><\/div>[\/vc_column][\/vc_row][vc_row full_width=&#8221;stretch_row&#8221; equal_height=&#8221;yes&#8221; content_placement=&#8221;middle&#8221; css=&#8221;.vc_custom_1721991665318{padding-top: 75px !important;padding-bottom: 75px !important;background-color: rgba(233,233,233,0.5) !important;*background-color: rgb(233,233,233) !important;}&#8221; el_class=&#8221;benchmarking-section-2&#8243;][vc_column][vc_row_inner equal_height=&#8221;yes&#8221; content_placement=&#8221;middle&#8221;][vc_column_inner width=&#8221;1\/2&#8243;][vc_single_image image=&#8221;2748&#8243; img_size=&#8221;full&#8221; css=&#8221;&#8221; el_class=&#8221;width-image-bechmaking-2&#8243;][\/vc_column_inner][vc_column_inner width=&#8221;1\/2&#8243;][vc_wp_text el_class=&#8221;title-text-little&#8221;]<\/p>\n<h2>Strategic Benefits for Advertisers<\/h2>\n<p>[\/vc_wp_text]<div class=\"ult-spacer spacer-69ef01f87e86e\" data-id=\"69ef01f87e86e\" data-height=\"25\" data-height-mobile=\"15\" data-height-tab=\"\" data-height-tab-portrait=\"\" data-height-mobile-landscape=\"15\" style=\"clear:both;display:block;\"><\/div>[vc_wp_text el_class=&#8221;text-default&#8221;]<span style=\"font-weight: 400;\">For advertisers, Media Auditors&#8217; digital benchmark service is an invaluable tool that facilitates strategic and effective decision-making. By accessing concrete data on the digital media performance of their competitors, advertisers can adjust their online campaigns in real-time, optimizing their KPIs and improving key metrics such as CPC and CPM. Additionally, this service allows advertisers to evaluate the effectiveness of their current digital activities on platforms like video and social media and make necessary adjustments to stay ahead. This ensures that their advertising efforts are always relevant and successful in a constantly evolving digital environment.<\/span>[\/vc_wp_text][\/vc_column_inner][\/vc_row_inner][\/vc_column][\/vc_row][vc_row full_width=&#8221;stretch_row&#8221; equal_height=&#8221;yes&#8221; css=&#8221;.vc_custom_1721990892681{padding-top: 100px !important;padding-bottom: 100px !important;background-image: url(https:\/\/mauditors.com\/wp-content\/uploads\/2024\/07\/botton1-scaled.jpg?id=1506) !important;background-position: center !important;background-repeat: no-repeat !important;background-size: cover !important;}&#8221;][vc_column el_class=&#8221;image-phone-contact&#8221;][vc_wp_text el_class=&#8221;color-white&#8221;]<\/p>\n<h2 style=\"text-align: center;\"><em><strong>\u00abA clear view of your position in the market to make informed and competitive strategic decisions\u00bb<\/strong><br \/>\n<\/em><\/h2>\n<p>[\/vc_wp_text]<div class=\"ult-spacer spacer-69ef01f87e8b1\" data-id=\"69ef01f87e8b1\" data-height=\"45\" data-height-mobile=\"45\" data-height-tab=\"45\" data-height-tab-portrait=\"\" data-height-mobile-landscape=\"\" style=\"clear:both;display:block;\"><\/div>[vc_wp_text]<\/p>\n<p style=\"text-align: center;\"><a class=\"boton-default\" href=\"https:\/\/mauditors.com\/contacto\/\">Let&#8217;s work together<\/a><\/p>\n<p>[\/vc_wp_text][\/vc_column][\/vc_row][vc_row][vc_column]<div class=\"templatera_shortcode\"><style type=\"text\/css\" data-type=\"vc_shortcodes-custom-css\">.vc_custom_1715087878154{background-color: rgba(233,233,233,0.5) !important;*background-color: rgb(233,233,233) !important;}<\/style><div data-vc-full-width=\"true\" data-vc-full-width-init=\"false\" class=\"vc_row wpb_row vc_row-fluid vc_custom_1715087878154 vc_row-has-fill\"><div class=\"wpb_column vc_column_container vc_col-sm-12\"><div class=\"vc_column-inner\"><div class=\"wpb_wrapper\"><div class=\"ult-spacer spacer-69ef01f87fb50\" data-id=\"69ef01f87fb50\" data-height=\"55\" data-height-mobile=\"55\" data-height-tab=\"55\" data-height-tab-portrait=\"\" data-height-mobile-landscape=\"\" style=\"clear:both;display:block;\"><\/div><div class=\"ult-spacer spacer-69ef01f87fb99\" data-id=\"69ef01f87fb99\" data-height=\"15\" data-height-mobile=\"5\" data-height-tab=\"\" data-height-tab-portrait=\"\" data-height-mobile-landscape=\"5\" style=\"clear:both;display:block;\"><\/div><div  class=\"vc_wp_text wpb_content_element title-1-big\"><div class=\"widget widget_text\">\t\t\t<div class=\"textwidget\"><\/p>\n<p style=\"text-align: center;\">Other services<\/p>\n<p>\n<\/div>\n\t\t<\/div><\/div><div class=\"ult-spacer spacer-69ef01f87fd5c\" data-id=\"69ef01f87fd5c\" data-height=\"15\" data-height-mobile=\"10\" data-height-tab=\"\" data-height-tab-portrait=\"\" data-height-mobile-landscape=\"10\" style=\"clear:both;display:block;\"><\/div><div  class=\"vc_wp_text wpb_content_element text-default\"><div class=\"widget widget_text\">\t\t\t<div class=\"textwidget\"><\/p>\n<p style=\"text-align: center; max-width: 530px; margin-left: auto; margin-right: auto;\">Our services are always tailored to meet the specific needs of our clients. We focus on three main areas: improving overall results, maximizing budget efficiency, and strengthening relationships.<\/p>\n<p>\n<\/div>\n\t\t<\/div><\/div><div class=\"ult-spacer spacer-69ef01f87fed1\" data-id=\"69ef01f87fed1\" data-height=\"75\" data-height-mobile=\"45\" data-height-tab=\"\" data-height-tab-portrait=\"\" data-height-mobile-landscape=\"45\" style=\"clear:both;display:block;\"><\/div><div class=\"vc_row wpb_row vc_inner vc_row-fluid\"><div class=\"wpb_column vc_column_container vc_col-sm-6\"><div class=\"vc_column-inner\"><div class=\"wpb_wrapper\"><div class='custom-show-section-big'><a class='column-show-section-hover' href='https:\/\/mauditors.com\/en\/management\/'><div class='custom-show-section cara-1' style='background-image: url(https:\/\/www.mauditors.com\/wp-content\/uploads\/2024\/07\/management_full-scaled.jpg);'><div class='container color-white'><p class='subtitle-text'>BUILD PARTNERSHIPS<\/p><p class='title-otros-servicios'>Management<\/p><\/div><\/div><div class='custom-show-section cara-2'><div class='container'><p class='subtitle-text'>BUILD PARTNERSHIPS<\/p><p class='title-otros-servicios'>Management<\/p><p class='text-otros-servicios'>As the leading experts in the market, backed by the wealth of knowledge provided by our clients, we solve issues and address questions related to the media market. We support negotiation strategies with media vendors, establish a remuneration model for your agency, define contractual commitments, set KPIs, manage agency pitches, develop contracts, and finalize the calculation of fixed fees, variable fees, and\/or bonuses for your agency, along with other services that are custom-designed for our clients.<\/p><p class='servicios-arrow'><span class='fa-solid fa-arrow-right-long'><\/span><\/p><\/div><\/div><\/a><\/div><div class=\"ult-spacer spacer-69ef01f88079f\" data-id=\"69ef01f88079f\" data-height=\"0\" data-height-mobile=\"25\" data-height-tab=\"\" data-height-tab-portrait=\"\" data-height-mobile-landscape=\"25\" style=\"clear:both;display:block;\"><\/div><\/div><\/div><\/div><div class=\"wpb_column vc_column_container vc_col-sm-6\"><div class=\"vc_column-inner\"><div class=\"wpb_wrapper\"><div class='custom-show-section-big'><a class='column-show-section-hover' href='https:\/\/mauditors.com\/en\/performance\/'><div class='custom-show-section cara-1' style='background-image: url(https:\/\/www.mauditors.com\/wp-content\/uploads\/2024\/07\/performance_full-scaled.jpg);'><div class='container color-white'><p class='subtitle-text'>BUDGET OPTIMIZATION<\/p><p class='title-otros-servicios'>Perfomance<\/p><\/div><\/div><div class='custom-show-section cara-2'><div class='container'><p class='subtitle-text'>BUDGET OPTIMIZATION<\/p><p class='title-otros-servicios'>Perfomance<\/p><p class='text-otros-servicios'>As the leading experts in the market, enriched by the knowledge provided by our clients, we address issues and questions related to the media market. We support negotiation strategies with media vendors, establish remuneration models for agencies, define contractual commitments, set KPIs, manage agency pitches, develop contracts, calculate the final fixed fee, variable fee, and\/or bonuses for agencies, and provide other bespoke services tailored to our clients' needs.<\/p><p class='servicios-arrow'><span class='fa-solid fa-arrow-right-long'><\/span><\/p><\/div><\/div><\/a><\/div><\/div><\/div><\/div><\/div><div class=\"ult-spacer spacer-69ef01f880dbb\" data-id=\"69ef01f880dbb\" data-height=\"75\" data-height-mobile=\"75\" data-height-tab=\"75\" data-height-tab-portrait=\"\" data-height-mobile-landscape=\"\" style=\"clear:both;display:block;\"><\/div><div  class=\"vc_wp_text wpb_content_element\"><div class=\"widget widget_text\">\t\t\t<div class=\"textwidget\"><\/p>\n<p style=\"text-align: center;\"><a class=\"boton-default\" href=\"https:\/\/mauditors.com\/en\/contacto\/\">Contact us<\/a><\/p>\n<p>\n<\/div>\n\t\t<\/div><\/div><div class=\"ult-spacer spacer-69ef01f880ecf\" data-id=\"69ef01f880ecf\" data-height=\"95\" data-height-mobile=\"75\" data-height-tab=\"\" data-height-tab-portrait=\"\" data-height-mobile-landscape=\"75\" style=\"clear:both;display:block;\"><\/div><\/div><\/div><\/div><\/div><div class=\"vc_row-full-width vc_clearfix\"><\/div>\r\n<\/div>[\/vc_column][\/vc_row]<\/p>\n<\/div>","protected":false},"excerpt":{"rendered":"Measurement service Digital Benchmark Contact \"Exclusive benchmarking at the forefront of the industry\" Competitive Advantages of Media Auditors' Digital Benchmark Having Media Auditors' digital benchmark service gives you a competitive advantage by providing a detailed and accurate view of your position in the digital market compared to the industry. This comparative analysis allows you to [...]","protected":false},"author":1,"featured_media":0,"parent":2347,"menu_order":0,"comment_status":"closed","ping_status":"closed","template":"","meta":{"_acf_changed":false,"footnotes":""},"class_list":["post-2358","page","type-page","status-publish","hentry"],"acf":[],"yoast_head":"<!-- This site is optimized with the Yoast SEO plugin v26.2 - https:\/\/yoast.com\/wordpress\/plugins\/seo\/ -->\n<title>Digital Benchmark | Media Auditors<\/title>\n<meta name=\"description\" content=\"Digital benchmark gives you a competitive edge by providing a detailed and accurate view of your position in the digital market.\" \/>\n<meta name=\"robots\" content=\"index, follow, max-snippet:-1, max-image-preview:large, max-video-preview:-1\" \/>\n<link rel=\"canonical\" href=\"https:\/\/www.mauditors.com\/en\/measurement\/digital-benchmark\/\" \/>\n<meta property=\"og:locale\" content=\"en_US\" \/>\n<meta property=\"og:type\" content=\"article\" \/>\n<meta property=\"og:title\" content=\"Digital Benchmark | Media Auditors\" \/>\n<meta property=\"og:description\" content=\"Digital benchmark gives you a competitive edge by providing a detailed and accurate view of your position in the digital market.\" \/>\n<meta property=\"og:url\" content=\"https:\/\/www.mauditors.com\/en\/measurement\/digital-benchmark\/\" \/>\n<meta property=\"og:site_name\" content=\"Media Auditors\" \/>\n<meta property=\"article:modified_time\" content=\"2025-01-22T08:20:18+00:00\" \/>\n<meta name=\"twitter:card\" content=\"summary_large_image\" \/>\n<meta name=\"twitter:label1\" content=\"Est. reading time\" \/>\n\t<meta name=\"twitter:data1\" content=\"2 minutes\" \/>\n<script type=\"application\/ld+json\" class=\"yoast-schema-graph\">{\"@context\":\"https:\/\/schema.org\",\"@graph\":[{\"@type\":\"WebPage\",\"@id\":\"https:\/\/www.mauditors.com\/en\/measurement\/digital-benchmark\/\",\"url\":\"https:\/\/www.mauditors.com\/en\/measurement\/digital-benchmark\/\",\"name\":\"Digital Benchmark | Media Auditors\",\"isPartOf\":{\"@id\":\"https:\/\/www.mauditors.com\/#website\"},\"datePublished\":\"2024-06-25T10:40:09+00:00\",\"dateModified\":\"2025-01-22T08:20:18+00:00\",\"description\":\"Digital benchmark gives you a competitive edge by providing a detailed and accurate view of your position in the digital market.\",\"breadcrumb\":{\"@id\":\"https:\/\/www.mauditors.com\/en\/measurement\/digital-benchmark\/#breadcrumb\"},\"inLanguage\":\"en-US\",\"potentialAction\":[{\"@type\":\"ReadAction\",\"target\":[\"https:\/\/www.mauditors.com\/en\/measurement\/digital-benchmark\/\"]}]},{\"@type\":\"BreadcrumbList\",\"@id\":\"https:\/\/www.mauditors.com\/en\/measurement\/digital-benchmark\/#breadcrumb\",\"itemListElement\":[{\"@type\":\"ListItem\",\"position\":1,\"name\":\"Portada\",\"item\":\"https:\/\/www.mauditors.com\/en\/\"},{\"@type\":\"ListItem\",\"position\":2,\"name\":\"Measurement\",\"item\":\"https:\/\/www.mauditors.com\/en\/measurement\/\"},{\"@type\":\"ListItem\",\"position\":3,\"name\":\"Digital Benchmark\"}]},{\"@type\":\"WebSite\",\"@id\":\"https:\/\/www.mauditors.com\/#website\",\"url\":\"https:\/\/www.mauditors.com\/\",\"name\":\"Media Auditors\",\"description\":\"Empresa independiente l\u00edder en auditor\u00eda y consultor\u00eda de medios en Am\u00e9rica Latina\",\"potentialAction\":[{\"@type\":\"SearchAction\",\"target\":{\"@type\":\"EntryPoint\",\"urlTemplate\":\"https:\/\/www.mauditors.com\/?s={search_term_string}\"},\"query-input\":{\"@type\":\"PropertyValueSpecification\",\"valueRequired\":true,\"valueName\":\"search_term_string\"}}],\"inLanguage\":\"en-US\"}]}<\/script>\n<!-- \/ Yoast SEO plugin. -->","yoast_head_json":{"title":"Digital Benchmark | Media Auditors","description":"Digital benchmark gives you a competitive edge by providing a detailed and accurate view of your position in the digital market.","robots":{"index":"index","follow":"follow","max-snippet":"max-snippet:-1","max-image-preview":"max-image-preview:large","max-video-preview":"max-video-preview:-1"},"canonical":"https:\/\/www.mauditors.com\/en\/measurement\/digital-benchmark\/","og_locale":"en_US","og_type":"article","og_title":"Digital Benchmark | Media Auditors","og_description":"Digital benchmark gives you a competitive edge by providing a detailed and accurate view of your position in the digital market.","og_url":"https:\/\/www.mauditors.com\/en\/measurement\/digital-benchmark\/","og_site_name":"Media Auditors","article_modified_time":"2025-01-22T08:20:18+00:00","twitter_card":"summary_large_image","twitter_misc":{"Est. reading time":"2 minutes"},"schema":{"@context":"https:\/\/schema.org","@graph":[{"@type":"WebPage","@id":"https:\/\/www.mauditors.com\/en\/measurement\/digital-benchmark\/","url":"https:\/\/www.mauditors.com\/en\/measurement\/digital-benchmark\/","name":"Digital Benchmark | Media Auditors","isPartOf":{"@id":"https:\/\/www.mauditors.com\/#website"},"datePublished":"2024-06-25T10:40:09+00:00","dateModified":"2025-01-22T08:20:18+00:00","description":"Digital benchmark gives you a competitive edge by providing a detailed and accurate view of your position in the digital market.","breadcrumb":{"@id":"https:\/\/www.mauditors.com\/en\/measurement\/digital-benchmark\/#breadcrumb"},"inLanguage":"en-US","potentialAction":[{"@type":"ReadAction","target":["https:\/\/www.mauditors.com\/en\/measurement\/digital-benchmark\/"]}]},{"@type":"BreadcrumbList","@id":"https:\/\/www.mauditors.com\/en\/measurement\/digital-benchmark\/#breadcrumb","itemListElement":[{"@type":"ListItem","position":1,"name":"Portada","item":"https:\/\/www.mauditors.com\/en\/"},{"@type":"ListItem","position":2,"name":"Measurement","item":"https:\/\/www.mauditors.com\/en\/measurement\/"},{"@type":"ListItem","position":3,"name":"Digital Benchmark"}]},{"@type":"WebSite","@id":"https:\/\/www.mauditors.com\/#website","url":"https:\/\/www.mauditors.com\/","name":"Media Auditors","description":"Empresa independiente l\u00edder en auditor\u00eda y consultor\u00eda de medios en Am\u00e9rica Latina","potentialAction":[{"@type":"SearchAction","target":{"@type":"EntryPoint","urlTemplate":"https:\/\/www.mauditors.com\/?s={search_term_string}"},"query-input":{"@type":"PropertyValueSpecification","valueRequired":true,"valueName":"search_term_string"}}],"inLanguage":"en-US"}]}},"_links":{"self":[{"href":"https:\/\/www.mauditors.com\/en\/wp-json\/wp\/v2\/pages\/2358","targetHints":{"allow":["GET"]}}],"collection":[{"href":"https:\/\/www.mauditors.com\/en\/wp-json\/wp\/v2\/pages"}],"about":[{"href":"https:\/\/www.mauditors.com\/en\/wp-json\/wp\/v2\/types\/page"}],"author":[{"embeddable":true,"href":"https:\/\/www.mauditors.com\/en\/wp-json\/wp\/v2\/users\/1"}],"replies":[{"embeddable":true,"href":"https:\/\/www.mauditors.com\/en\/wp-json\/wp\/v2\/comments?post=2358"}],"version-history":[{"count":12,"href":"https:\/\/www.mauditors.com\/en\/wp-json\/wp\/v2\/pages\/2358\/revisions"}],"predecessor-version":[{"id":4367,"href":"https:\/\/www.mauditors.com\/en\/wp-json\/wp\/v2\/pages\/2358\/revisions\/4367"}],"up":[{"embeddable":true,"href":"https:\/\/www.mauditors.com\/en\/wp-json\/wp\/v2\/pages\/2347"}],"wp:attachment":[{"href":"https:\/\/www.mauditors.com\/en\/wp-json\/wp\/v2\/media?parent=2358"}],"curies":[{"name":"wp","href":"https:\/\/api.w.org\/{rel}","templated":true}]}}