{"id":2384,"date":"2024-06-25T13:48:22","date_gmt":"2024-06-25T11:48:22","guid":{"rendered":"https:\/\/mauditors.com\/performance\/auditoria-de-contrato\/"},"modified":"2025-01-22T09:31:34","modified_gmt":"2025-01-22T08:31:34","slug":"contract-audit","status":"publish","type":"page","link":"https:\/\/www.mauditors.com\/en\/performance\/contract-audit\/","title":{"rendered":"Contract Audit"},"content":{"rendered":"<div class=\"wpb-content-wrapper\"><p>[vc_row][vc_column]<div class=\"ult-spacer spacer-69f52a4d8b53f\" data-id=\"69f52a4d8b53f\" data-height=\"75\" data-height-mobile=\"55\" data-height-tab=\"\" data-height-tab-portrait=\"\" data-height-mobile-landscape=\"55\" style=\"clear:both;display:block;\"><\/div>[\/vc_column][\/vc_row][vc_row equal_height=&#8221;yes&#8221;][vc_column width=&#8221;7\/12&#8243; el_class=&#8221;center-section-block&#8221;][vc_wp_text el_class=&#8221;text-default text-uppercase&#8221;]Performance service[\/vc_wp_text][vc_wp_text el_class=&#8221;title-text&#8221;]<\/p>\n<h1>Contract Audit<\/h1>\n<p>[\/vc_wp_text]<div class=\"ult-spacer spacer-69f52a4d8b583\" data-id=\"69f52a4d8b583\" data-height=\"35\" data-height-mobile=\"35\" data-height-tab=\"35\" data-height-tab-portrait=\"\" data-height-mobile-landscape=\"\" style=\"clear:both;display:block;\"><\/div>[vc_wp_text el_class=&#8221;boton-section-default&#8221;]<a class=\"boton-default\" href=\"https:\/\/mauditors.com\/en\/contacto\/\">Contact<\/a>[\/vc_wp_text][\/vc_column][vc_column width=&#8221;5\/12&#8243; el_class=&#8221;column-brenchmarking&#8221;][vc_single_image image=&#8221;2291&#8243; img_size=&#8221;full&#8221; alignment=&#8221;right&#8221; css=&#8221;&#8221; el_class=&#8221;benchmarking-multimedios-image&#8221;][vc_row_inner el_class=&#8221;position-absolute-left-casi-buttom box-grey-section&#8221; css=&#8221;.vc_custom_1715095165719{background-color: #ececec !important;}&#8221;][vc_column_inner][vc_wp_text el_class=&#8221;subtitle-little-3&#8243;]<\/p>\n<h3 style=\"text-align: left;\"><strong>&#8220;Transparency in all your agreements&#8221;<\/strong><\/h3>\n<p>[\/vc_wp_text][\/vc_column_inner][\/vc_row_inner][\/vc_column][\/vc_row][vc_row][vc_column]<div class=\"ult-spacer spacer-69f52a4d8b5b2\" data-id=\"69f52a4d8b5b2\" data-height=\"75\" data-height-mobile=\"75\" data-height-tab=\"75\" data-height-tab-portrait=\"\" data-height-mobile-landscape=\"\" style=\"clear:both;display:block;\"><\/div>[\/vc_column][\/vc_row][vc_row equal_height=&#8221;yes&#8221; content_placement=&#8221;middle&#8221; css=&#8221;.vc_custom_1721996370335{margin-top: 100px !important;margin-bottom: 100px !important;}&#8221;][vc_column width=&#8221;1\/2&#8243;][vc_wp_text el_class=&#8221;title-2&#8243;]<\/p>\n<h3 style=\"max-width: 530px; margin-left: auto; margin-right: auto; text-align: left;\">Auditing is essential for a healthy and transparent relationship with agencies.<\/h3>\n<p>[\/vc_wp_text][\/vc_column][vc_column width=&#8221;1\/2&#8243;][vc_wp_text el_class=&#8221;text-default&#8221;]<\/p>\n<p style=\"text-align: left; padding-left: 80px;\">Contract auditing for agencies is a crucial service we offer at Media Auditors, and its importance should not be underestimated. This meticulous process allows companies to review and evaluate the terms and conditions of their agreements with agencies, ensuring that all contractual obligations are met and the agreed-upon benefits are maximized.<\/p>\n<p>&nbsp;<\/p>\n<p style=\"padding-left: 80px;\">Conducting a contract audit is essential to identify any discrepancies or non-compliance that may affect the relationship between the company and its partners. By thoroughly reviewing contracts, we can detect areas where transparency and efficiency can be improved, thus strengthening trust and collaboration between both parties. This process also allows us to evaluate critical aspects such as AVBs\/Rebates, billing, remuneration, and FTEs (Full-Time Equivalents), ensuring that all resources are used optimally.<\/p>\n<p>[\/vc_wp_text][\/vc_column][\/vc_row][vc_row][vc_column]<div class=\"ult-spacer spacer-69f52a4d8b5da\" data-id=\"69f52a4d8b5da\" data-height=\"75\" data-height-mobile=\"55\" data-height-tab=\"\" data-height-tab-portrait=\"\" data-height-mobile-landscape=\"55\" style=\"clear:both;display:block;\"><\/div>[\/vc_column][\/vc_row][vc_row full_width=&#8221;stretch_row&#8221; full_height=&#8221;yes&#8221; equal_height=&#8221;yes&#8221; content_placement=&#8221;middle&#8221; css=&#8221;.vc_custom_1721996354361{padding-top: 100px !important;padding-bottom: 100px !important;background-color: rgba(233,233,233,0.5) !important;*background-color: rgb(233,233,233) !important;}&#8221; el_class=&#8221;benchmarking-section-2&#8243;][vc_column][vc_row_inner equal_height=&#8221;yes&#8221; content_placement=&#8221;middle&#8221;][vc_column_inner width=&#8221;1\/2&#8243;][vc_single_image image=&#8221;2777&#8243; img_size=&#8221;full&#8221; css=&#8221;&#8221; el_class=&#8221;width-image-bechmaking-2&#8243;][\/vc_column_inner][vc_column_inner width=&#8221;1\/2&#8243;][vc_wp_text el_class=&#8221;title-text-little&#8221;]<\/p>\n<p style=\"text-align: left;\">Identifying Savings<\/p>\n<p>[\/vc_wp_text]<div class=\"ult-spacer spacer-69f52a4d8b5fe\" data-id=\"69f52a4d8b5fe\" data-height=\"50\" data-height-mobile=\"15\" data-height-tab=\"\" data-height-tab-portrait=\"\" data-height-mobile-landscape=\"15\" style=\"clear:both;display:block;\"><\/div>[vc_wp_text el_class=&#8221;text-default&#8221;]<\/p>\n<p style=\"padding-left: 0px; text-align: left;\"><span style=\"font-weight: 400;\">Additionally, this service has the potential to generate significant savings for our clients. By ensuring that agencies are meeting the agreed terms and optimizing resource use, companies can reduce unnecessary costs and improve the profitability of their marketing and advertising investments. <\/span><span style=\"font-weight: 400;\">Evaluating <\/span><b>team rotation<\/b><span style=\"font-weight: 400;\"> and effectiveness <\/span><b>equipos<\/b><span style=\"font-weight: 400;\"> is crucial to maintaining consistency and service quality.<\/span><\/p>\n<p style=\"padding-left: 0px; text-align: left;\"><span style=\"font-weight: 400;\">At Media Auditors, our specialized team works closely with clients to offer a thorough and detailed audit of their agency contracts. This approach not only improves relationships with partners, but also ensures that each investment aligns with the company&#8217;s strategic objectives, providing added value reflected in tangible results and long-term benefits.<\/span><\/p>\n<p>[\/vc_wp_text][\/vc_column_inner][\/vc_row_inner][\/vc_column][\/vc_row][vc_row full_width=&#8221;stretch_row&#8221; equal_height=&#8221;yes&#8221; content_placement=&#8221;middle&#8221; css=&#8221;.vc_custom_1721988980734{padding-top: 100px !important;padding-bottom: 100px !important;background-image: url(https:\/\/mauditors.com\/wp-content\/uploads\/2024\/07\/botton1-scaled.jpg?id=1506) !important;background-position: center !important;background-repeat: no-repeat !important;background-size: cover !important;}&#8221;][vc_column el_class=&#8221;image-phone-contact&#8221;][vc_wp_text el_class=&#8221;color-white&#8221;]<\/p>\n<h2 style=\"text-align: center;\"><strong><em>\u00abThe contract audit conducted by Media Auditors optimizes your agency agreements, improving relationships and generating significant savings<\/em><\/strong><strong><em>\u00bb<\/em><\/strong><\/h2>\n<p>[\/vc_wp_text]<div class=\"ult-spacer spacer-69f52a4d8b61e\" data-id=\"69f52a4d8b61e\" data-height=\"45\" data-height-mobile=\"45\" data-height-tab=\"45\" data-height-tab-portrait=\"\" data-height-mobile-landscape=\"\" style=\"clear:both;display:block;\"><\/div>[vc_wp_text]<\/p>\n<p style=\"text-align: center;\"><a class=\"boton-default\" href=\"https:\/\/mauditors.com\/contacto\/\">Let&#8217;s work together<\/a><\/p>\n<p>[\/vc_wp_text][\/vc_column][\/vc_row][vc_row][vc_column]<div class=\"templatera_shortcode\"><style type=\"text\/css\" data-type=\"vc_shortcodes-custom-css\">.vc_custom_1715087878154{background-color: rgba(233,233,233,0.5) !important;*background-color: rgb(233,233,233) !important;}<\/style><div data-vc-full-width=\"true\" data-vc-full-width-init=\"false\" class=\"vc_row wpb_row vc_row-fluid vc_custom_1715087878154 vc_row-has-fill\"><div class=\"wpb_column vc_column_container vc_col-sm-12\"><div class=\"vc_column-inner\"><div class=\"wpb_wrapper\"><div class=\"ult-spacer spacer-69f52a4d8c13b\" data-id=\"69f52a4d8c13b\" data-height=\"55\" data-height-mobile=\"55\" data-height-tab=\"55\" data-height-tab-portrait=\"\" data-height-mobile-landscape=\"\" style=\"clear:both;display:block;\"><\/div><div class=\"ult-spacer spacer-69f52a4d8c16b\" data-id=\"69f52a4d8c16b\" data-height=\"15\" data-height-mobile=\"5\" data-height-tab=\"\" data-height-tab-portrait=\"\" data-height-mobile-landscape=\"5\" style=\"clear:both;display:block;\"><\/div><div  class=\"vc_wp_text wpb_content_element title-1-big\"><div class=\"widget widget_text\">\t\t\t<div class=\"textwidget\"><p style=\"text-align: center;\">Other services<\/p>\n<\/div>\n\t\t<\/div><\/div><div class=\"ult-spacer spacer-69f52a4d8c2c8\" data-id=\"69f52a4d8c2c8\" data-height=\"15\" data-height-mobile=\"10\" data-height-tab=\"\" data-height-tab-portrait=\"\" data-height-mobile-landscape=\"10\" style=\"clear:both;display:block;\"><\/div><div  class=\"vc_wp_text wpb_content_element text-default\"><div class=\"widget widget_text\">\t\t\t<div class=\"textwidget\"><p style=\"text-align: center; max-width: 530px; margin-left: auto; margin-right: auto;\">Our services are always tailored to meet the specific needs of our clients. We focus on three main areas: comprehensively improving results, maximizing budget efficiency, and strengthening relationships.<\/p>\n<\/div>\n\t\t<\/div><\/div><div class=\"ult-spacer spacer-69f52a4d8c401\" data-id=\"69f52a4d8c401\" data-height=\"75\" data-height-mobile=\"45\" data-height-tab=\"\" data-height-tab-portrait=\"\" data-height-mobile-landscape=\"45\" style=\"clear:both;display:block;\"><\/div><div class=\"vc_row wpb_row vc_inner vc_row-fluid\"><div class=\"wpb_column vc_column_container vc_col-sm-6\"><div class=\"vc_column-inner\"><div class=\"wpb_wrapper\"><div class='custom-show-section-big'><a class='column-show-section-hover' href='https:\/\/mauditors.com\/en\/management\/'><div class='custom-show-section cara-1' style='background-image: url(https:\/\/www.mauditors.com\/wp-content\/uploads\/2024\/07\/management_full-scaled.jpg);'><div class='container color-white'><p class='subtitle-text'>BUILD PARTNERSHIPS<\/p><p class='title-otros-servicios'>Management<\/p><\/div><\/div><div class='custom-show-section cara-2'><div class='container'><p class='subtitle-text'>BUILD PARTNERSHIPS<\/p><p class='title-otros-servicios'>Management<\/p><p class='text-otros-servicios'>As the leading experts in the market, enriched by the insights from our clients, we solve problems and address questions related to the media market. We support in negotiating strategies with media vendors, establishing a remuneration model for their agency, setting contractual commitments, defining KPIs, managing agency pitches, developing contracts, and determining the final fixed fee, variable fee, and\/or bonuses for their agency. Additionally, we offer other ad hoc services tailored specifically to each client's needs.<\/p><p class='servicios-arrow'><span class='fa-solid fa-arrow-right-long'><\/span><\/p><\/div><\/div><\/a><\/div><div class=\"ult-spacer spacer-69f52a4d8c9a2\" data-id=\"69f52a4d8c9a2\" data-height=\"0\" data-height-mobile=\"25\" data-height-tab=\"\" data-height-tab-portrait=\"\" data-height-mobile-landscape=\"25\" style=\"clear:both;display:block;\"><\/div><\/div><\/div><\/div><div class=\"wpb_column vc_column_container vc_col-sm-6\"><div class=\"vc_column-inner\"><div class=\"wpb_wrapper\"><div class='custom-show-section-big'><a class='column-show-section-hover' href='https:\/\/mauditors.com\/en\/measurement\/'><div class='custom-show-section cara-1' style='background-image: url(https:\/\/www.mauditors.com\/wp-content\/uploads\/2024\/07\/measurement_full-scaled.jpg);'><div class='container color-white'><p class='subtitle-text'>BUDGET OPTIMIZATION<\/p><p class='title-otros-servicios'>Measurement<\/p><\/div><\/div><div class='custom-show-section cara-2'><div class='container'><p class='subtitle-text'>BUDGET OPTIMIZATION<\/p><p class='title-otros-servicios'>Measurement<\/p><p class='text-otros-servicios'>The objectives of our services are to assess media planning and agency purchasing performance in comparison to the market. Based on an extensive and representative pool of clients, Media Auditors conducts a detailed analysis that identifies savings achieved and opportunities for improvement in both online and offline purchases for the advertiser.<\/p><p class='servicios-arrow'><span class='fa-solid fa-arrow-right-long'><\/span><\/p><\/div><\/div><\/a><\/div><\/div><\/div><\/div><\/div><div class=\"ult-spacer spacer-69f52a4d8ce79\" data-id=\"69f52a4d8ce79\" data-height=\"75\" data-height-mobile=\"75\" data-height-tab=\"75\" data-height-tab-portrait=\"\" data-height-mobile-landscape=\"\" style=\"clear:both;display:block;\"><\/div><div  class=\"vc_wp_text wpb_content_element\"><div class=\"widget widget_text\">\t\t\t<div class=\"textwidget\"><p style=\"text-align: center;\"><a class=\"boton-default\" href=\"https:\/\/mauditors.com\/en\/contacto\/\">Contact us<\/a><\/p>\n<\/div>\n\t\t<\/div><\/div><div class=\"ult-spacer spacer-69f52a4d8cf74\" data-id=\"69f52a4d8cf74\" data-height=\"95\" data-height-mobile=\"75\" data-height-tab=\"\" data-height-tab-portrait=\"\" data-height-mobile-landscape=\"75\" style=\"clear:both;display:block;\"><\/div><\/div><\/div><\/div><\/div><div class=\"vc_row-full-width vc_clearfix\"><\/div><\/div>[\/vc_column][\/vc_row]<\/p>\n<\/div>","protected":false},"excerpt":{"rendered":"Performance service Contract Audit Contact \"Transparency in all your agreements\" Auditing is essential for a healthy and transparent relationship with agencies. Contract auditing for agencies is a crucial service we offer at Media Auditors, and its importance should not be underestimated. This meticulous process allows companies to review and evaluate the terms and conditions of [...]","protected":false},"author":1,"featured_media":0,"parent":2375,"menu_order":0,"comment_status":"closed","ping_status":"closed","template":"","meta":{"_acf_changed":false,"footnotes":""},"class_list":["post-2384","page","type-page","status-publish","hentry"],"acf":[],"yoast_head":"<!-- This site is optimized with the Yoast SEO plugin v26.2 - https:\/\/yoast.com\/wordpress\/plugins\/seo\/ -->\n<title>Contract Audit | Media Auditors<\/title>\n<meta name=\"description\" content=\"Contract audit allows you to review, evaluate, and monitor the terms and conditions of your agreements with agencies.\" \/>\n<meta name=\"robots\" content=\"index, follow, max-snippet:-1, max-image-preview:large, max-video-preview:-1\" \/>\n<link rel=\"canonical\" href=\"https:\/\/www.mauditors.com\/en\/performance\/contract-audit\/\" \/>\n<meta property=\"og:locale\" content=\"en_US\" \/>\n<meta property=\"og:type\" content=\"article\" \/>\n<meta property=\"og:title\" content=\"Contract Audit | Media Auditors\" \/>\n<meta property=\"og:description\" content=\"Contract audit allows you to review, evaluate, and monitor the terms and conditions of your agreements with agencies.\" \/>\n<meta property=\"og:url\" content=\"https:\/\/www.mauditors.com\/en\/performance\/contract-audit\/\" \/>\n<meta property=\"og:site_name\" content=\"Media Auditors\" \/>\n<meta property=\"article:modified_time\" content=\"2025-01-22T08:31:34+00:00\" \/>\n<meta name=\"twitter:card\" content=\"summary_large_image\" \/>\n<meta name=\"twitter:label1\" content=\"Est. reading time\" \/>\n\t<meta name=\"twitter:data1\" content=\"2 minutes\" \/>\n<script type=\"application\/ld+json\" class=\"yoast-schema-graph\">{\"@context\":\"https:\/\/schema.org\",\"@graph\":[{\"@type\":\"WebPage\",\"@id\":\"https:\/\/www.mauditors.com\/en\/performance\/contract-audit\/\",\"url\":\"https:\/\/www.mauditors.com\/en\/performance\/contract-audit\/\",\"name\":\"Contract Audit | Media Auditors\",\"isPartOf\":{\"@id\":\"https:\/\/www.mauditors.com\/#website\"},\"datePublished\":\"2024-06-25T11:48:22+00:00\",\"dateModified\":\"2025-01-22T08:31:34+00:00\",\"description\":\"Contract audit allows you to review, evaluate, and monitor the terms and conditions of your agreements with agencies.\",\"breadcrumb\":{\"@id\":\"https:\/\/www.mauditors.com\/en\/performance\/contract-audit\/#breadcrumb\"},\"inLanguage\":\"en-US\",\"potentialAction\":[{\"@type\":\"ReadAction\",\"target\":[\"https:\/\/www.mauditors.com\/en\/performance\/contract-audit\/\"]}]},{\"@type\":\"BreadcrumbList\",\"@id\":\"https:\/\/www.mauditors.com\/en\/performance\/contract-audit\/#breadcrumb\",\"itemListElement\":[{\"@type\":\"ListItem\",\"position\":1,\"name\":\"Portada\",\"item\":\"https:\/\/www.mauditors.com\/en\/\"},{\"@type\":\"ListItem\",\"position\":2,\"name\":\"Performance\",\"item\":\"https:\/\/www.mauditors.com\/en\/performance\/\"},{\"@type\":\"ListItem\",\"position\":3,\"name\":\"Contract Audit\"}]},{\"@type\":\"WebSite\",\"@id\":\"https:\/\/www.mauditors.com\/#website\",\"url\":\"https:\/\/www.mauditors.com\/\",\"name\":\"Media Auditors\",\"description\":\"Empresa independiente l\u00edder en auditor\u00eda y consultor\u00eda de medios en Am\u00e9rica Latina\",\"potentialAction\":[{\"@type\":\"SearchAction\",\"target\":{\"@type\":\"EntryPoint\",\"urlTemplate\":\"https:\/\/www.mauditors.com\/?s={search_term_string}\"},\"query-input\":{\"@type\":\"PropertyValueSpecification\",\"valueRequired\":true,\"valueName\":\"search_term_string\"}}],\"inLanguage\":\"en-US\"}]}<\/script>\n<!-- \/ Yoast SEO plugin. -->","yoast_head_json":{"title":"Contract Audit | Media Auditors","description":"Contract audit allows you to review, evaluate, and monitor the terms and conditions of your agreements with agencies.","robots":{"index":"index","follow":"follow","max-snippet":"max-snippet:-1","max-image-preview":"max-image-preview:large","max-video-preview":"max-video-preview:-1"},"canonical":"https:\/\/www.mauditors.com\/en\/performance\/contract-audit\/","og_locale":"en_US","og_type":"article","og_title":"Contract Audit | Media Auditors","og_description":"Contract audit allows you to review, evaluate, and monitor the terms and conditions of your agreements with agencies.","og_url":"https:\/\/www.mauditors.com\/en\/performance\/contract-audit\/","og_site_name":"Media Auditors","article_modified_time":"2025-01-22T08:31:34+00:00","twitter_card":"summary_large_image","twitter_misc":{"Est. reading time":"2 minutes"},"schema":{"@context":"https:\/\/schema.org","@graph":[{"@type":"WebPage","@id":"https:\/\/www.mauditors.com\/en\/performance\/contract-audit\/","url":"https:\/\/www.mauditors.com\/en\/performance\/contract-audit\/","name":"Contract Audit | Media Auditors","isPartOf":{"@id":"https:\/\/www.mauditors.com\/#website"},"datePublished":"2024-06-25T11:48:22+00:00","dateModified":"2025-01-22T08:31:34+00:00","description":"Contract audit allows you to review, evaluate, and monitor the terms and conditions of your agreements with agencies.","breadcrumb":{"@id":"https:\/\/www.mauditors.com\/en\/performance\/contract-audit\/#breadcrumb"},"inLanguage":"en-US","potentialAction":[{"@type":"ReadAction","target":["https:\/\/www.mauditors.com\/en\/performance\/contract-audit\/"]}]},{"@type":"BreadcrumbList","@id":"https:\/\/www.mauditors.com\/en\/performance\/contract-audit\/#breadcrumb","itemListElement":[{"@type":"ListItem","position":1,"name":"Portada","item":"https:\/\/www.mauditors.com\/en\/"},{"@type":"ListItem","position":2,"name":"Performance","item":"https:\/\/www.mauditors.com\/en\/performance\/"},{"@type":"ListItem","position":3,"name":"Contract Audit"}]},{"@type":"WebSite","@id":"https:\/\/www.mauditors.com\/#website","url":"https:\/\/www.mauditors.com\/","name":"Media Auditors","description":"Empresa independiente l\u00edder en auditor\u00eda y consultor\u00eda de medios en Am\u00e9rica Latina","potentialAction":[{"@type":"SearchAction","target":{"@type":"EntryPoint","urlTemplate":"https:\/\/www.mauditors.com\/?s={search_term_string}"},"query-input":{"@type":"PropertyValueSpecification","valueRequired":true,"valueName":"search_term_string"}}],"inLanguage":"en-US"}]}},"_links":{"self":[{"href":"https:\/\/www.mauditors.com\/en\/wp-json\/wp\/v2\/pages\/2384","targetHints":{"allow":["GET"]}}],"collection":[{"href":"https:\/\/www.mauditors.com\/en\/wp-json\/wp\/v2\/pages"}],"about":[{"href":"https:\/\/www.mauditors.com\/en\/wp-json\/wp\/v2\/types\/page"}],"author":[{"embeddable":true,"href":"https:\/\/www.mauditors.com\/en\/wp-json\/wp\/v2\/users\/1"}],"replies":[{"embeddable":true,"href":"https:\/\/www.mauditors.com\/en\/wp-json\/wp\/v2\/comments?post=2384"}],"version-history":[{"count":10,"href":"https:\/\/www.mauditors.com\/en\/wp-json\/wp\/v2\/pages\/2384\/revisions"}],"predecessor-version":[{"id":4369,"href":"https:\/\/www.mauditors.com\/en\/wp-json\/wp\/v2\/pages\/2384\/revisions\/4369"}],"up":[{"embeddable":true,"href":"https:\/\/www.mauditors.com\/en\/wp-json\/wp\/v2\/pages\/2375"}],"wp:attachment":[{"href":"https:\/\/www.mauditors.com\/en\/wp-json\/wp\/v2\/media?parent=2384"}],"curies":[{"name":"wp","href":"https:\/\/api.w.org\/{rel}","templated":true}]}}