{"id":2454,"date":"2024-04-15T13:24:24","date_gmt":"2024-04-15T11:24:24","guid":{"rendered":"https:\/\/mauditors.com\/contacto\/"},"modified":"2024-09-09T12:34:12","modified_gmt":"2024-09-09T10:34:12","slug":"contact","status":"publish","type":"page","link":"https:\/\/www.mauditors.com\/en\/contact\/","title":{"rendered":"Contact"},"content":{"rendered":"<div class=\"wpb-content-wrapper\"><p>[vc_row full_width=&#8221;stretch_row&#8221; el_class=&#8221;section-cabecera&#8221; css=&#8221;.vc_custom_1720020062675{background-image: url(https:\/\/mauditors.com\/wp-content\/uploads\/2024\/07\/iStock-1131829727-1-scaled.jpg?id=1561) !important;}&#8221;][vc_column width=&#8221;1\/2&#8243;][vc_wp_text el_class=&#8221;subtitle-text color-white&#8221;]contact us[\/vc_wp_text][vc_wp_text el_class=&#8221;title-text color-white&#8221;]WRITE TO US[\/vc_wp_text][\/vc_column][vc_column width=&#8221;1\/2&#8243;][\/vc_column][\/vc_row][vc_row][vc_column]<div class=\"ult-spacer spacer-69f25e20c141c\" data-id=\"69f25e20c141c\" data-height=\"75\" data-height-mobile=\"75\" data-height-tab=\"75\" data-height-tab-portrait=\"\" data-height-mobile-landscape=\"\" style=\"clear:both;display:block;\"><\/div>[\/vc_column][\/vc_row][vc_row el_class=&#8221;contact-form-section&#8221;][vc_column width=&#8221;1\/2&#8243; el_class=&#8221;contact-icons-section&#8221;][vc_wp_text el_class=&#8221;contacto-section-icon contacto-icon-location&#8221;]<\/p>\n<p class=\"title-contacto\">Address:<\/p>\n<p class=\"subtitle-contacto\">C\/ Goya N\u00ba 97 1\u00ba Izq. CP. 28006 Madrid, Spain<\/p>\n<p>[\/vc_wp_text]<div class=\"ult-spacer spacer-69f25e20c145f\" data-id=\"69f25e20c145f\" data-height=\"50\" data-height-mobile=\"50\" data-height-tab=\"50\" data-height-tab-portrait=\"\" data-height-mobile-landscape=\"\" style=\"clear:both;display:block;\"><\/div>[vc_wp_text el_class=&#8221;contacto-section-icon contacto-icon-email&#8221;]<\/p>\n<p class=\"title-contacto\">E-mail:<\/p>\n<p class=\"subtitle-contacto\"><a href=\"mailto:contacto@mediauditors.com\" target=\"!blank\" rel=\"noopener\">contacto@mediauditors.com<\/a><\/p>\n<p>[\/vc_wp_text][\/vc_column][vc_column width=&#8221;1\/2&#8243; el_class=&#8221;formulario-contacto formulario-contacto-section&#8221;]\n<div class=\"wpcf7 no-js\" id=\"wpcf7-f2544-o1\" lang=\"es-ES\" dir=\"ltr\" data-wpcf7-id=\"2544\">\n<div class=\"screen-reader-response\"><p role=\"status\" aria-live=\"polite\" aria-atomic=\"true\"><\/p> <ul><\/ul><\/div>\n<form action=\"\/en\/wp-json\/wp\/v2\/pages\/2454#wpcf7-f2544-o1\" method=\"post\" class=\"wpcf7-form init\" aria-label=\"Formulario de contacto\" novalidate=\"novalidate\" data-status=\"init\">\n<fieldset class=\"hidden-fields-container\"><input type=\"hidden\" name=\"_wpcf7\" value=\"2544\" \/><input type=\"hidden\" name=\"_wpcf7_version\" value=\"6.1.5\" \/><input type=\"hidden\" name=\"_wpcf7_locale\" value=\"es_ES\" \/><input type=\"hidden\" name=\"_wpcf7_unit_tag\" value=\"wpcf7-f2544-o1\" \/><input type=\"hidden\" name=\"_wpcf7_container_post\" value=\"0\" \/><input type=\"hidden\" name=\"_wpcf7_posted_data_hash\" value=\"\" \/><input type=\"hidden\" name=\"_wpcf7_recaptcha_response\" value=\"\" \/>\n<\/fieldset>\n<div class=\"form-row\">\n\t<div class=\"form-1-2\">\n\t\t<p><label for=\"name\">Name*<\/label><br \/>\n<span class=\"wpcf7-form-control-wrap\" data-name=\"your-name\"><input size=\"40\" maxlength=\"400\" class=\"wpcf7-form-control wpcf7-text wpcf7-validates-as-required\" id=\"nombre\" aria-required=\"true\" aria-invalid=\"false\" placeholder=\"Name\" value=\"\" type=\"text\" name=\"your-name\" \/><\/span>\n\t\t<\/p>\n\t<\/div>\n\t<div class=\"form-1-2\">\n\t\t<p><label for=\"surname\">Surname<\/label><br \/>\n<span class=\"wpcf7-form-control-wrap\" data-name=\"your-surname\"><input size=\"40\" maxlength=\"400\" class=\"wpcf7-form-control wpcf7-text\" id=\"apellido\" aria-invalid=\"false\" placeholder=\"Surname\" value=\"\" type=\"text\" name=\"your-surname\" \/><\/span>\n\t\t<\/p>\n\t<\/div>\n<\/div>\n<div class=\"form-row\">\n\t<div class=\"form-1-2\">\n\t\t<p><label for=\"email\">E-mail*<\/label><br \/>\n<span class=\"wpcf7-form-control-wrap\" data-name=\"your-email\"><input size=\"40\" maxlength=\"400\" class=\"wpcf7-form-control wpcf7-email wpcf7-validates-as-required wpcf7-text wpcf7-validates-as-email\" id=\"email\" aria-required=\"true\" aria-invalid=\"false\" placeholder=\"E-mail\" value=\"\" type=\"email\" name=\"your-email\" \/><\/span>\n\t\t<\/p>\n\t<\/div>\n\t<div class=\"form-1-2\">\n\t\t<p><label for=\"country\">Country<\/label><br \/>\n<span class=\"wpcf7-form-control-wrap\" data-name=\"your-country\"><input size=\"40\" maxlength=\"400\" class=\"wpcf7-form-control wpcf7-text\" id=\"apis\" aria-invalid=\"false\" placeholder=\"Country\" value=\"\" type=\"text\" name=\"your-country\" \/><\/span>\n\t\t<\/p>\n\t<\/div>\n<\/div>\n<div class=\"form-row\">\n\t<div class=\"form-1-1\">\n\t\t<p><label for=\"company-name\">Company name<\/label><br \/>\n<span class=\"wpcf7-form-control-wrap\" data-name=\"your-company\"><input size=\"40\" maxlength=\"400\" class=\"wpcf7-form-control wpcf7-text\" id=\"company-name\" aria-invalid=\"false\" placeholder=\"Company name\" value=\"\" type=\"text\" name=\"your-company\" \/><\/span>\n\t\t<\/p>\n\t<\/div>\n<\/div>\n<div class=\"form-row\">\n\t<div class=\"form-1-1\">\n\t\t<p><label for=\"selector-1\">Reason for contact<\/label><br \/>\n<span class=\"wpcf7-form-control-wrap\" data-name=\"my-select\"><select class=\"wpcf7-form-control wpcf7-select\" id=\"selector-1\" aria-invalid=\"false\" name=\"my-select\"><option value=\"\">&#8212;Por favor, elige una opci\u00f3n&#8212;<\/option><option value=\"I&#039;m looking for audit services\">I&#039;m looking for audit services<\/option><option value=\"I&#039;m looking for consulting services\">I&#039;m looking for consulting services<\/option><option value=\"I\u2019m an advertiser seeking more information\">I\u2019m an advertiser seeking more information<\/option><option value=\"I\u2019m a media agency\">I\u2019m a media agency<\/option><option value=\"I want to speak with the team\">I want to speak with the team<\/option><option value=\"Other\">Other<\/option><\/select><\/span>\n\t\t<\/p>\n\t<\/div>\n<\/div>\n<div class=\"form-row\">\n\t<div class=\"form-1-1\">\n\t\t<p><label for=\"message\">Message*<\/label><br \/>\n<span class=\"wpcf7-form-control-wrap\" data-name=\"your-message\"><textarea cols=\"40\" rows=\"10\" maxlength=\"2000\" class=\"wpcf7-form-control wpcf7-textarea wpcf7-validates-as-required\" id=\"mensaje\" aria-required=\"true\" aria-invalid=\"false\" placeholder=\"Message\" name=\"your-message\"><\/textarea><\/span>\n\t\t<\/p>\n\t<\/div>\n<\/div>\n<div class=\"form-row\">\n\t<div class=\"form-1-2\">\n\t\t<div class=\"condiciones-privacidad\">\n\t\t\t<p><span class=\"wpcf7-form-control-wrap\" data-name=\"condiciones-privacidad\"><span class=\"wpcf7-form-control wpcf7-acceptance\"><span class=\"wpcf7-list-item\"><label><input type=\"checkbox\" name=\"condiciones-privacidad\" value=\"1\" aria-invalid=\"false\" \/><span class=\"wpcf7-list-item-label\">I have read and accept the <a href=\"#\">Privacy Policy<\/a>.<\/span><\/label><\/span><\/span><\/span>\n\t\t\t<\/p>\n\t\t<\/div>\n\t<span class=\"wpcf7-form-control-wrap recaptcha\" data-name=\"recaptcha\"><span data-sitekey=\"6LeBgbspAAAAAOfRYg8YBi3MR-Y-51bXEK4fKAn1\" class=\"wpcf7-form-control wpcf7-recaptcha g-recaptcha\"><\/span>\r\n<noscript>\r\n\t<div class=\"grecaptcha-noscript\">\r\n\t\t<iframe loading=\"lazy\" src=\"https:\/\/www.recaptcha.net\/recaptcha\/api\/fallback?k=6LeBgbspAAAAAOfRYg8YBi3MR-Y-51bXEK4fKAn1\" frameborder=\"0\" scrolling=\"no\" width=\"310\" height=\"430\">\r\n\t\t<\/iframe>\r\n\t\t<textarea name=\"g-recaptcha-response\" rows=\"3\" cols=\"40\" placeholder=\"Aqu\u00ed la respuesta de reCAPTCHA\">\r\n\t\t<\/textarea>\r\n\t<\/div>\r\n<\/noscript>\r\n<\/span>\n\t\t<p><span id=\"wpcf7-69f25e20c4069-wrapper\" class=\"wpcf7-form-control-wrap honeypot-wrap\" style=\"display:none !important; visibility:hidden !important;\"><label for=\"wpcf7-69f25e20c4069-field\" class=\"hp-message\">Por favor, deja este campo vac\u00edo.<\/label><input id=\"wpcf7-69f25e20c4069-field\"  class=\"wpcf7-form-control wpcf7-text\" type=\"text\" name=\"honeypot\" value=\"\" size=\"40\" tabindex=\"-1\" autocomplete=\"new-password\" \/><\/span>\n\t\t<\/p>\n\t<\/div>\n\t<div class=\"form-1-2 section-enviar\">\n\t\t<p><input class=\"wpcf7-form-control wpcf7-submit has-spinner escribenos-en\" id=\"escribenos-en\" type=\"submit\" value=\"Submit\" \/>\n\t\t<\/p>\n\t<\/div>\n<\/div><div class=\"wpcf7-response-output\" aria-hidden=\"true\"><\/div>\n<\/form>\n<\/div>\n[\/vc_column][\/vc_row][vc_row][vc_column]<div class=\"ult-spacer spacer-69f25e20c4db6\" data-id=\"69f25e20c4db6\" data-height=\"155\" data-height-mobile=\"75\" data-height-tab=\"\" data-height-tab-portrait=\"\" data-height-mobile-landscape=\"75\" style=\"clear:both;display:block;\"><\/div>[\/vc_column][\/vc_row][vc_row full_width=&#8221;stretch_row&#8221; equal_height=&#8221;yes&#8221; css=&#8221;.vc_custom_1720019859222{background-image: url(https:\/\/mauditors.com\/wp-content\/uploads\/2024\/07\/botton2-scaled.jpg?id=1509) !important;}&#8221; el_class=&#8221;section-background-image section-background-image-height-auto-responsive section-background-image-contact&#8221;][vc_column width=&#8221;2\/5&#8243; el_class=&#8221;image-phone-contact&#8221;][vc_single_image image=&#8221;32&#8243; img_size=&#8221;full&#8221; alignment=&#8221;center&#8221;][\/vc_column][vc_column width=&#8221;3\/5&#8243; el_class=&#8221;banner-center-text-height&#8221;]<div class=\"ult-spacer spacer-69f25e20c4de4\" data-id=\"69f25e20c4de4\" data-height=\"0\" data-height-mobile=\"75\" data-height-tab=\"\" data-height-tab-portrait=\"\" data-height-mobile-landscape=\"75\" style=\"clear:both;display:block;\"><\/div>[vc_wp_text el_class=&#8221;title-banner-little color-white&#8221;]<\/p>\n<p style=\"text-align: center;\">If you have any questions or need more information about our services, please don&#8217;t hesitate to contact us.<\/p>\n<p>[\/vc_wp_text]<div class=\"ult-spacer spacer-69f25e20c4e0a\" data-id=\"69f25e20c4e0a\" data-height=\"0\" data-height-mobile=\"50\" data-height-tab=\"\" data-height-tab-portrait=\"\" data-height-mobile-landscape=\"50\" style=\"clear:both;display:block;\"><\/div>[\/vc_column][\/vc_row]<\/p>\n<\/div>","protected":false},"excerpt":{"rendered":"<p>[vc_row full_width=&#8221;stretch_row&#8221; el_class=&#8221;section-cabecera&#8221; css=&#8221;.vc_custom_1720020062675{background-image: url(https:\/\/mauditors.com\/wp-content\/uploads\/2024\/07\/iStock-1131829727-1-scaled.jpg?id=1561) !important;}&#8221;][vc_column width=&#8221;1\/2&#8243;][vc_wp_text el_class=&#8221;subtitle-text color-white&#8221;]contact us[\/vc_wp_text][vc_wp_text el_class=&#8221;title-text color-white&#8221;]WRITE TO US[\/vc_wp_text][\/vc_column][vc_column width=&#8221;1\/2&#8243;][\/vc_column][\/vc_row][vc_row][vc_column][\/vc_column][\/vc_row][vc_row el_class=&#8221;contact-form-section&#8221;][vc_column width=&#8221;1\/2&#8243; el_class=&#8221;contact-icons-section&#8221;][vc_wp_text el_class=&#8221;contacto-section-icon contacto-icon-location&#8221;] Address: C\/ Goya N\u00ba 97 1\u00ba Izq. CP. 28006 Madrid, Spain [\/vc_wp_text][vc_wp_text el_class=&#8221;contacto-section-icon contacto-icon-email&#8221;] E-mail: contacto@mediauditors.com [\/vc_wp_text][\/vc_column][vc_column width=&#8221;1\/2&#8243; el_class=&#8221;formulario-contacto formulario-contacto-section&#8221;][\/vc_column][\/vc_row][vc_row][vc_column][\/vc_column][\/vc_row][vc_row full_width=&#8221;stretch_row&#8221; equal_height=&#8221;yes&#8221; css=&#8221;.vc_custom_1720019859222{background-image: url(https:\/\/mauditors.com\/wp-content\/uploads\/2024\/07\/botton2-scaled.jpg?id=1509) !important;}&#8221; el_class=&#8221;section-background-image section-background-image-height-auto-responsive section-background-image-contact&#8221;][vc_column width=&#8221;2\/5&#8243; el_class=&#8221;image-phone-contact&#8221;][vc_single_image image=&#8221;32&#8243; img_size=&#8221;full&#8221; alignment=&#8221;center&#8221;][\/vc_column][vc_column width=&#8221;3\/5&#8243; el_class=&#8221;banner-center-text-height&#8221;][vc_wp_text [&hellip;]<\/p>\n","protected":false},"author":2,"featured_media":0,"parent":0,"menu_order":0,"comment_status":"closed","ping_status":"closed","template":"","meta":{"_acf_changed":false,"footnotes":""},"class_list":["post-2454","page","type-page","status-publish","hentry"],"acf":[],"yoast_head":"<!-- This site is optimized with the Yoast SEO plugin v26.2 - https:\/\/yoast.com\/wordpress\/plugins\/seo\/ -->\n<title>Contact - Media Auditors<\/title>\n<meta name=\"robots\" content=\"index, follow, max-snippet:-1, max-image-preview:large, max-video-preview:-1\" \/>\n<link rel=\"canonical\" href=\"https:\/\/www.mauditors.com\/en\/contact\/\" \/>\n<meta property=\"og:locale\" content=\"en_US\" \/>\n<meta property=\"og:type\" content=\"article\" \/>\n<meta property=\"og:title\" content=\"Contact - Media Auditors\" \/>\n<meta property=\"og:description\" content=\"[vc_row full_width=&#8221;stretch_row&#8221; el_class=&#8221;section-cabecera&#8221; css=&#8221;.vc_custom_1720020062675{background-image: url(https:\/\/mauditors.com\/wp-content\/uploads\/2024\/07\/iStock-1131829727-1-scaled.jpg?id=1561) !important;}&#8221;][vc_column width=&#8221;1\/2&#8243;][vc_wp_text el_class=&#8221;subtitle-text color-white&#8221;]contact us[\/vc_wp_text][vc_wp_text el_class=&#8221;title-text color-white&#8221;]WRITE TO US[\/vc_wp_text][\/vc_column][vc_column width=&#8221;1\/2&#8243;][\/vc_column][\/vc_row][vc_row][vc_column][\/vc_column][\/vc_row][vc_row el_class=&#8221;contact-form-section&#8221;][vc_column width=&#8221;1\/2&#8243; el_class=&#8221;contact-icons-section&#8221;][vc_wp_text el_class=&#8221;contacto-section-icon contacto-icon-location&#8221;] Address: C\/ Goya N\u00ba 97 1\u00ba Izq. CP. 28006 Madrid, Spain [\/vc_wp_text][vc_wp_text el_class=&#8221;contacto-section-icon contacto-icon-email&#8221;] E-mail: contacto@mediauditors.com [\/vc_wp_text][\/vc_column][vc_column width=&#8221;1\/2&#8243; el_class=&#8221;formulario-contacto formulario-contacto-section&#8221;][\/vc_column][\/vc_row][vc_row][vc_column][\/vc_column][\/vc_row][vc_row full_width=&#8221;stretch_row&#8221; equal_height=&#8221;yes&#8221; css=&#8221;.vc_custom_1720019859222{background-image: url(https:\/\/mauditors.com\/wp-content\/uploads\/2024\/07\/botton2-scaled.jpg?id=1509) !important;}&#8221; el_class=&#8221;section-background-image section-background-image-height-auto-responsive section-background-image-contact&#8221;][vc_column width=&#8221;2\/5&#8243; el_class=&#8221;image-phone-contact&#8221;][vc_single_image image=&#8221;32&#8243; img_size=&#8221;full&#8221; alignment=&#8221;center&#8221;][\/vc_column][vc_column width=&#8221;3\/5&#8243; el_class=&#8221;banner-center-text-height&#8221;][vc_wp_text [&hellip;]\" \/>\n<meta property=\"og:url\" content=\"https:\/\/www.mauditors.com\/en\/contact\/\" \/>\n<meta property=\"og:site_name\" content=\"Media Auditors\" \/>\n<meta property=\"article:modified_time\" content=\"2024-09-09T10:34:12+00:00\" \/>\n<meta name=\"twitter:card\" content=\"summary_large_image\" \/>\n<meta name=\"twitter:label1\" content=\"Est. reading time\" \/>\n\t<meta name=\"twitter:data1\" content=\"1 minute\" \/>\n<script type=\"application\/ld+json\" class=\"yoast-schema-graph\">{\"@context\":\"https:\/\/schema.org\",\"@graph\":[{\"@type\":\"WebPage\",\"@id\":\"https:\/\/www.mauditors.com\/en\/contact\/\",\"url\":\"https:\/\/www.mauditors.com\/en\/contact\/\",\"name\":\"Contact - Media Auditors\",\"isPartOf\":{\"@id\":\"https:\/\/www.mauditors.com\/#website\"},\"datePublished\":\"2024-04-15T11:24:24+00:00\",\"dateModified\":\"2024-09-09T10:34:12+00:00\",\"breadcrumb\":{\"@id\":\"https:\/\/www.mauditors.com\/en\/contact\/#breadcrumb\"},\"inLanguage\":\"en-US\",\"potentialAction\":[{\"@type\":\"ReadAction\",\"target\":[\"https:\/\/www.mauditors.com\/en\/contact\/\"]}]},{\"@type\":\"BreadcrumbList\",\"@id\":\"https:\/\/www.mauditors.com\/en\/contact\/#breadcrumb\",\"itemListElement\":[{\"@type\":\"ListItem\",\"position\":1,\"name\":\"Portada\",\"item\":\"https:\/\/www.mauditors.com\/en\/\"},{\"@type\":\"ListItem\",\"position\":2,\"name\":\"Contact\"}]},{\"@type\":\"WebSite\",\"@id\":\"https:\/\/www.mauditors.com\/#website\",\"url\":\"https:\/\/www.mauditors.com\/\",\"name\":\"Media Auditors\",\"description\":\"Empresa independiente l\u00edder en auditor\u00eda y consultor\u00eda de medios en Am\u00e9rica Latina\",\"potentialAction\":[{\"@type\":\"SearchAction\",\"target\":{\"@type\":\"EntryPoint\",\"urlTemplate\":\"https:\/\/www.mauditors.com\/?s={search_term_string}\"},\"query-input\":{\"@type\":\"PropertyValueSpecification\",\"valueRequired\":true,\"valueName\":\"search_term_string\"}}],\"inLanguage\":\"en-US\"}]}<\/script>\n<!-- \/ Yoast SEO plugin. -->","yoast_head_json":{"title":"Contact - Media Auditors","robots":{"index":"index","follow":"follow","max-snippet":"max-snippet:-1","max-image-preview":"max-image-preview:large","max-video-preview":"max-video-preview:-1"},"canonical":"https:\/\/www.mauditors.com\/en\/contact\/","og_locale":"en_US","og_type":"article","og_title":"Contact - Media Auditors","og_description":"[vc_row full_width=&#8221;stretch_row&#8221; el_class=&#8221;section-cabecera&#8221; css=&#8221;.vc_custom_1720020062675{background-image: url(https:\/\/mauditors.com\/wp-content\/uploads\/2024\/07\/iStock-1131829727-1-scaled.jpg?id=1561) !important;}&#8221;][vc_column width=&#8221;1\/2&#8243;][vc_wp_text el_class=&#8221;subtitle-text color-white&#8221;]contact us[\/vc_wp_text][vc_wp_text el_class=&#8221;title-text color-white&#8221;]WRITE TO US[\/vc_wp_text][\/vc_column][vc_column width=&#8221;1\/2&#8243;][\/vc_column][\/vc_row][vc_row][vc_column][\/vc_column][\/vc_row][vc_row el_class=&#8221;contact-form-section&#8221;][vc_column width=&#8221;1\/2&#8243; el_class=&#8221;contact-icons-section&#8221;][vc_wp_text el_class=&#8221;contacto-section-icon contacto-icon-location&#8221;] Address: C\/ Goya N\u00ba 97 1\u00ba Izq. CP. 28006 Madrid, Spain [\/vc_wp_text][vc_wp_text el_class=&#8221;contacto-section-icon contacto-icon-email&#8221;] E-mail: contacto@mediauditors.com [\/vc_wp_text][\/vc_column][vc_column width=&#8221;1\/2&#8243; el_class=&#8221;formulario-contacto formulario-contacto-section&#8221;][\/vc_column][\/vc_row][vc_row][vc_column][\/vc_column][\/vc_row][vc_row full_width=&#8221;stretch_row&#8221; equal_height=&#8221;yes&#8221; css=&#8221;.vc_custom_1720019859222{background-image: url(https:\/\/mauditors.com\/wp-content\/uploads\/2024\/07\/botton2-scaled.jpg?id=1509) !important;}&#8221; el_class=&#8221;section-background-image section-background-image-height-auto-responsive section-background-image-contact&#8221;][vc_column width=&#8221;2\/5&#8243; el_class=&#8221;image-phone-contact&#8221;][vc_single_image image=&#8221;32&#8243; img_size=&#8221;full&#8221; alignment=&#8221;center&#8221;][\/vc_column][vc_column width=&#8221;3\/5&#8243; el_class=&#8221;banner-center-text-height&#8221;][vc_wp_text [&hellip;]","og_url":"https:\/\/www.mauditors.com\/en\/contact\/","og_site_name":"Media Auditors","article_modified_time":"2024-09-09T10:34:12+00:00","twitter_card":"summary_large_image","twitter_misc":{"Est. reading time":"1 minute"},"schema":{"@context":"https:\/\/schema.org","@graph":[{"@type":"WebPage","@id":"https:\/\/www.mauditors.com\/en\/contact\/","url":"https:\/\/www.mauditors.com\/en\/contact\/","name":"Contact - Media Auditors","isPartOf":{"@id":"https:\/\/www.mauditors.com\/#website"},"datePublished":"2024-04-15T11:24:24+00:00","dateModified":"2024-09-09T10:34:12+00:00","breadcrumb":{"@id":"https:\/\/www.mauditors.com\/en\/contact\/#breadcrumb"},"inLanguage":"en-US","potentialAction":[{"@type":"ReadAction","target":["https:\/\/www.mauditors.com\/en\/contact\/"]}]},{"@type":"BreadcrumbList","@id":"https:\/\/www.mauditors.com\/en\/contact\/#breadcrumb","itemListElement":[{"@type":"ListItem","position":1,"name":"Portada","item":"https:\/\/www.mauditors.com\/en\/"},{"@type":"ListItem","position":2,"name":"Contact"}]},{"@type":"WebSite","@id":"https:\/\/www.mauditors.com\/#website","url":"https:\/\/www.mauditors.com\/","name":"Media Auditors","description":"Empresa independiente l\u00edder en auditor\u00eda y consultor\u00eda de medios en Am\u00e9rica Latina","potentialAction":[{"@type":"SearchAction","target":{"@type":"EntryPoint","urlTemplate":"https:\/\/www.mauditors.com\/?s={search_term_string}"},"query-input":{"@type":"PropertyValueSpecification","valueRequired":true,"valueName":"search_term_string"}}],"inLanguage":"en-US"}]}},"_links":{"self":[{"href":"https:\/\/www.mauditors.com\/en\/wp-json\/wp\/v2\/pages\/2454","targetHints":{"allow":["GET"]}}],"collection":[{"href":"https:\/\/www.mauditors.com\/en\/wp-json\/wp\/v2\/pages"}],"about":[{"href":"https:\/\/www.mauditors.com\/en\/wp-json\/wp\/v2\/types\/page"}],"author":[{"embeddable":true,"href":"https:\/\/www.mauditors.com\/en\/wp-json\/wp\/v2\/users\/2"}],"replies":[{"embeddable":true,"href":"https:\/\/www.mauditors.com\/en\/wp-json\/wp\/v2\/comments?post=2454"}],"version-history":[{"count":4,"href":"https:\/\/www.mauditors.com\/en\/wp-json\/wp\/v2\/pages\/2454\/revisions"}],"predecessor-version":[{"id":3300,"href":"https:\/\/www.mauditors.com\/en\/wp-json\/wp\/v2\/pages\/2454\/revisions\/3300"}],"wp:attachment":[{"href":"https:\/\/www.mauditors.com\/en\/wp-json\/wp\/v2\/media?parent=2454"}],"curies":[{"name":"wp","href":"https:\/\/api.w.org\/{rel}","templated":true}]}}