{"id":2332,"date":"2024-06-25T13:44:45","date_gmt":"2024-06-25T11:44:45","guid":{"rendered":"https:\/\/mauditors.com\/consultoria-de-contrato-con-influencers\/"},"modified":"2024-09-10T16:12:07","modified_gmt":"2024-09-10T14:12:07","slug":"consultoria-de-contrato-de-influenciadores","status":"publish","type":"page","link":"https:\/\/www.mauditors.com\/pt-pt\/management\/consultoria-de-contrato-de-influenciadores\/","title":{"rendered":"Consultoria de Contrato de Influenciadores"},"content":{"rendered":"<div class=\"wpb-content-wrapper\"><p>[vc_row][vc_column]<div class=\"ult-spacer spacer-69f2ba5297585\" data-id=\"69f2ba5297585\" data-height=\"75\" data-height-mobile=\"55\" data-height-tab=\"\" data-height-tab-portrait=\"\" data-height-mobile-landscape=\"55\" style=\"clear:both;display:block;\"><\/div>[\/vc_column][\/vc_row][vc_row equal_height=&#8221;yes&#8221;][vc_column width=&#8221;7\/12&#8243; el_class=&#8221;center-section-block&#8221;][vc_wp_text el_class=&#8221;text-default text-uppercase&#8221;]<span style=\"font-weight: 400;\">MANAGEMENT<\/span>[\/vc_wp_text][vc_wp_text el_class=&#8221;title-text&#8221;]<\/p>\n<h1>Consultoria de Contrato de Influenciadores<\/h1>\n<p>[\/vc_wp_text]<div class=\"ult-spacer spacer-69f2ba52975d1\" data-id=\"69f2ba52975d1\" data-height=\"35\" data-height-mobile=\"35\" data-height-tab=\"35\" data-height-tab-portrait=\"\" data-height-mobile-landscape=\"\" style=\"clear:both;display:block;\"><\/div>[vc_wp_text el_class=&#8221;boton-section-default&#8221;]<a class=\"boton-default\" href=\"https:\/\/mauditors.com\/pt-pt\/contacto\/\">Entre em contacto<\/a>[\/vc_wp_text]<div class=\"ult-spacer spacer-69f2ba5297617\" data-id=\"69f2ba5297617\" data-height=\"15\" data-height-mobile=\"45\" data-height-tab=\"\" data-height-tab-portrait=\"\" data-height-mobile-landscape=\"45\" style=\"clear:both;display:block;\"><\/div>[\/vc_column][vc_column width=&#8221;5\/12&#8243; el_class=&#8221;column-brenchmarking&#8221;][vc_single_image image=&#8221;2235&#8243; img_size=&#8221;full&#8221; alignment=&#8221;right&#8221; css=&#8221;&#8221; el_class=&#8221;benchmarking-multimedios-image&#8221;][vc_row_inner el_class=&#8221;position-absolute-left-casi-buttom box-grey-section&#8221; css=&#8221;.vc_custom_1715095165719{background-color: #ececec !important;}&#8221;][vc_column_inner][vc_wp_text el_class=&#8221;subtitle-little-3&#8243;]<strong>&#8220;Proteja os interesses da sua marca&#8221;\u00a0<\/strong>[\/vc_wp_text][\/vc_column_inner][\/vc_row_inner][\/vc_column][\/vc_row][vc_row][vc_column]<div class=\"ult-spacer spacer-69f2ba5297648\" data-id=\"69f2ba5297648\" data-height=\"150\" data-height-mobile=\"55\" data-height-tab=\"\" data-height-tab-portrait=\"\" data-height-mobile-landscape=\"55\" style=\"clear:both;display:block;\"><\/div>[\/vc_column][\/vc_row][vc_row equal_height=&#8221;yes&#8221; content_placement=&#8221;middle&#8221;][vc_column width=&#8221;1\/3&#8243;][vc_wp_text el_class=&#8221;title-2&#8243;]<\/p>\n<h3 style=\"text-align: left;\"><strong>Buscamos transpar\u00eancia nos acordos<\/strong><\/h3>\n<p>[\/vc_wp_text][\/vc_column][vc_column width=&#8221;2\/3&#8243;][vc_wp_text el_class=&#8221;text-default&#8221;]<\/p>\n<p style=\"padding-left: 40px;\"><span style=\"font-weight: 400;\">Na Media Auditors, nosso servi\u00e7o de consultoria de contratos \u00e9 projetado para garantir rela\u00e7\u00f5es claras e justas com ag\u00eancias de influenciadores. Come\u00e7amos com uma avalia\u00e7\u00e3o e diagn\u00f3stico iniciais para entender as necessidades do cliente. Subsequentemente, elaboramos contratos personalizados que protejam os interesses do anunciante, cobrindo todos os termos e condi\u00e7\u00f5es necess\u00e1rios para mitigar riscos legais e garantir a conformidade com as regulamenta\u00e7\u00f5es vigentes. Tamb\u00e9m oferecemos assist\u00eancia em negocia\u00e7\u00f5es contratuais e fornecemos treinamento sobre gest\u00e3o de contratos, garantindo que cada acordo seja transparente e ben\u00e9fico para todas as partes envolvidas. <\/span><\/p>\n<p>[\/vc_wp_text][\/vc_column][\/vc_row][vc_row][vc_column]<div class=\"ult-spacer spacer-69f2ba5297674\" data-id=\"69f2ba5297674\" data-height=\"150\" data-height-mobile=\"55\" data-height-tab=\"\" data-height-tab-portrait=\"\" data-height-mobile-landscape=\"55\" style=\"clear:both;display:block;\"><\/div>[\/vc_column][\/vc_row][vc_row full_width=&#8221;stretch_row&#8221; equal_height=&#8221;yes&#8221; content_placement=&#8221;middle&#8221; css=&#8221;.vc_custom_1721993193360{padding-top: 50px !important;padding-bottom: 50px !important;background-color: rgba(233,233,233,0.5) !important;*background-color: rgb(233,233,233) !important;}&#8221; el_class=&#8221;benchmarking-section-2&#8243;][vc_column][vc_row_inner equal_height=&#8221;yes&#8221; content_placement=&#8221;middle&#8221;][vc_column_inner width=&#8221;1\/2&#8243;][vc_single_image image=&#8221;2942&#8243; img_size=&#8221;full&#8221; css_animation=&#8221;fadeIn&#8221; css=&#8221;&#8221; el_class=&#8221;width-image-bechmaking-2&#8243;][\/vc_column_inner][vc_column_inner width=&#8221;1\/2&#8243;][vc_wp_text el_class=&#8221;title-text-little&#8221;]<strong>As vantagens do nosso servi\u00e7o s\u00e3o numerosas<\/strong>[\/vc_wp_text]<div class=\"ult-spacer spacer-69f2ba529769c\" data-id=\"69f2ba529769c\" data-height=\"25\" data-height-mobile=\"15\" data-height-tab=\"\" data-height-tab-portrait=\"\" data-height-mobile-landscape=\"15\" style=\"clear:both;display:block;\"><\/div>[vc_wp_text el_class=&#8221;text-default&#8221;]<span style=\"font-weight: 400;\">Primeiramente, otimizamos os acordos dos anunciantes identificando e avaliando pontos de melhoria em riscos, obriga\u00e7\u00f5es e direitos, garantindo que todos os aspectos cr\u00edticos sejam cobertos.\u00a0<\/span><\/p>\n<p><span style=\"font-weight: 400;\">Recomendamos os melhores modelos de remunera\u00e7\u00e3o e ajudamos a estabelecer KPIs que permitam uma avalia\u00e7\u00e3o precisa do desempenho dos influenciadores em cada plataforma. Al\u00e9m disso, definimos par\u00e2metros claros para a sele\u00e7\u00e3o de influenciadores que estejam alinhados com os objetivos de m\u00e9dio e longo prazo do cliente, garantindo que cada campanha seja direcionada ao sucesso. Com a Media Auditors, os anunciantes podem ter certeza de que suas rela\u00e7\u00f5es com ag\u00eancias de influenciadores s\u00e3o gerenciadas de forma profissional, transparente e orientada para resultados.\u00a0<\/span>[\/vc_wp_text][\/vc_column_inner][\/vc_row_inner][\/vc_column][\/vc_row][vc_row full_width=&#8221;stretch_row&#8221; equal_height=&#8221;yes&#8221; css=&#8221;.vc_custom_1720023659728{background-image: url(https:\/\/mauditors.com\/wp-content\/uploads\/2024\/07\/botton1-scaled.jpg?id=1506) !important;background-position: center !important;background-repeat: no-repeat !important;background-size: cover !important;}&#8221;][vc_column el_class=&#8221;image-phone-contact&#8221;]<div class=\"ult-spacer spacer-69f2ba52976c8\" data-id=\"69f2ba52976c8\" data-height=\"75\" data-height-mobile=\"65\" data-height-tab=\"\" data-height-tab-portrait=\"\" data-height-mobile-landscape=\"65\" style=\"clear:both;display:block;\"><\/div>[vc_wp_text el_class=&#8221;color-white&#8221;]<\/p>\n<h2 style=\"text-align: center;\"><em><strong>\u00abOtimize e proteja seus acordos com suas ag\u00eancias com a consultoria de contratos especializada da Media Auditors\u00bb<\/strong><\/em><\/h2>\n<p>[\/vc_wp_text]<div class=\"ult-spacer spacer-69f2ba52976eb\" data-id=\"69f2ba52976eb\" data-height=\"45\" data-height-mobile=\"45\" data-height-tab=\"45\" data-height-tab-portrait=\"\" data-height-mobile-landscape=\"\" style=\"clear:both;display:block;\"><\/div>[vc_wp_text]<\/p>\n<p style=\"text-align: center;\"><a class=\"boton-default\" href=\"https:\/\/mauditors.com\/pt-pt\/contacto\/\">Vamos trabalhar juntos<\/a><\/p>\n<p>[\/vc_wp_text]<div class=\"ult-spacer spacer-69f2ba529770d\" data-id=\"69f2ba529770d\" data-height=\"95\" data-height-mobile=\"75\" data-height-tab=\"\" data-height-tab-portrait=\"\" data-height-mobile-landscape=\"75\" style=\"clear:both;display:block;\"><\/div>[\/vc_column][\/vc_row][vc_row][vc_column]<div class=\"templatera_shortcode\"><style type=\"text\/css\" data-type=\"vc_shortcodes-custom-css\">.vc_custom_1715087878154{background-color: rgba(233,233,233,0.5) !important;*background-color: rgb(233,233,233) !important;}<\/style><div data-vc-full-width=\"true\" data-vc-full-width-init=\"false\" class=\"vc_row wpb_row vc_row-fluid vc_custom_1715087878154 vc_row-has-fill\"><div class=\"wpb_column vc_column_container vc_col-sm-12\"><div class=\"vc_column-inner\"><div class=\"wpb_wrapper\"><div class=\"ult-spacer spacer-69f2ba529826b\" data-id=\"69f2ba529826b\" data-height=\"55\" data-height-mobile=\"55\" data-height-tab=\"55\" data-height-tab-portrait=\"\" data-height-mobile-landscape=\"\" style=\"clear:both;display:block;\"><\/div><div class=\"ult-spacer spacer-69f2ba529829c\" data-id=\"69f2ba529829c\" data-height=\"15\" data-height-mobile=\"5\" data-height-tab=\"\" data-height-tab-portrait=\"\" data-height-mobile-landscape=\"5\" style=\"clear:both;display:block;\"><\/div><div  class=\"vc_wp_text wpb_content_element title-1-big\"><div class=\"widget widget_text\">\t\t\t<div class=\"textwidget\"><p style=\"text-align: center;\">Outros servi\u00e7os<\/p>\n<\/div>\n\t\t<\/div><\/div><div class=\"ult-spacer spacer-69f2ba52983e6\" data-id=\"69f2ba52983e6\" data-height=\"15\" data-height-mobile=\"10\" data-height-tab=\"\" data-height-tab-portrait=\"\" data-height-mobile-landscape=\"10\" style=\"clear:both;display:block;\"><\/div><div  class=\"vc_wp_text wpb_content_element text-default\"><div class=\"widget widget_text\">\t\t\t<div class=\"textwidget\"><p style=\"text-align: center; max-width: 530px; margin-left: auto; margin-right: auto;\">Nossos servi\u00e7os s\u00e3o sempre pensados \u200b\u200bpara atender \u00e0s necessidades espec\u00edficas de nossos clientes. Atuamos em tr\u00eas linhas principais: melhorar resultados de forma abrangente, maximizar a efici\u00eancia or\u00e7ament\u00e1ria e fortalecer relacionamentos<\/p>\n<\/div>\n\t\t<\/div><\/div><div class=\"ult-spacer spacer-69f2ba52984d1\" data-id=\"69f2ba52984d1\" data-height=\"75\" data-height-mobile=\"45\" data-height-tab=\"\" data-height-tab-portrait=\"\" data-height-mobile-landscape=\"45\" style=\"clear:both;display:block;\"><\/div><div class=\"vc_row wpb_row vc_inner vc_row-fluid\"><div class=\"wpb_column vc_column_container vc_col-sm-6\"><div class=\"vc_column-inner\"><div class=\"wpb_wrapper\"><div class='custom-show-section-big'><a class='column-show-section-hover' href='https:\/\/mauditors.com\/pt-pt\/measurement\/'><div class='custom-show-section cara-1' style='background-image: url(https:\/\/www.mauditors.com\/wp-content\/uploads\/2024\/07\/management_full-scaled.jpg);'><div class='container color-white'><p class='subtitle-text'>TRACK YOUR RESULTS<\/p><p class='title-otros-servicios'>Measurement<\/p><\/div><\/div><div class='custom-show-section cara-2'><div class='container'><p class='subtitle-text'>TRACK YOUR RESULTS<\/p><p class='title-otros-servicios'>Measurement<\/p><p class='text-otros-servicios'>Os objetivos dos nossos servi\u00e7os s\u00e3o avaliar o desempenho do planejamento e compra de m\u00eddia da ag\u00eancia em compara\u00e7\u00e3o ao mercado. Com base num conjunto extenso e representativo de clientes, a Media Auditors elabora uma an\u00e1lise detalhada que identifica poupan\u00e7as obtidas e oportunidades de melhoria tanto nas compras online como offline do anunciante.<\/p><p class='servicios-arrow'><span class='fa-solid fa-arrow-right-long'><\/span><\/p><\/div><\/div><\/a><\/div><div class=\"ult-spacer spacer-69f2ba52989cf\" data-id=\"69f2ba52989cf\" data-height=\"0\" data-height-mobile=\"25\" data-height-tab=\"\" data-height-tab-portrait=\"\" data-height-mobile-landscape=\"25\" style=\"clear:both;display:block;\"><\/div><\/div><\/div><\/div><div class=\"wpb_column vc_column_container vc_col-sm-6\"><div class=\"vc_column-inner\"><div class=\"wpb_wrapper\"><div class='custom-show-section-big'><a class='column-show-section-hover' href='https:\/\/mauditors.com\/pt-pt\/performance\/'><div class='custom-show-section cara-1' style='background-image: url(https:\/\/www.mauditors.com\/wp-content\/uploads\/2024\/07\/performance_full-scaled.jpg);'><div class='container color-white'><p class='subtitle-text'>BUDGET OPTIMIZATION<\/p><p class='title-otros-servicios'>Perfomance<\/p><\/div><\/div><div class='custom-show-section cara-2'><div class='container'><p class='subtitle-text'>BUDGET OPTIMIZATION<\/p><p class='title-otros-servicios'>Perfomance<\/p><p class='text-otros-servicios'>Como os maiores especialistas do mercado, com a riqueza que os nossos clientes nos proporcionam; Resolvemos problemas e quest\u00f5es relacionadas com o mercado de media, apoiando a estrat\u00e9gia de negocia\u00e7\u00e3o com fornecedores de media, estabelecendo um modelo de remunera\u00e7\u00e3o para a sua ag\u00eancia, compromissos contratuais, defini\u00e7\u00e3o de KPI, gest\u00e3o de concursos de ag\u00eancia, desenvolvimento de contratos, quantifica\u00e7\u00e3o final do fixo, vari\u00e1vel e\/ou taxa de b\u00f4nus para sua ag\u00eancia e outros servi\u00e7os projetados ad hoc para clientes.<\/p><p class='servicios-arrow'><span class='fa-solid fa-arrow-right-long'><\/span><\/p><\/div><\/div><\/a><\/div><\/div><\/div><\/div><\/div><div class=\"ult-spacer spacer-69f2ba5298e02\" data-id=\"69f2ba5298e02\" data-height=\"75\" data-height-mobile=\"75\" data-height-tab=\"75\" data-height-tab-portrait=\"\" data-height-mobile-landscape=\"\" style=\"clear:both;display:block;\"><\/div><div  class=\"vc_wp_text wpb_content_element\"><div class=\"widget widget_text\">\t\t\t<div class=\"textwidget\"><p style=\"text-align: center;\"><a class=\"boton-default\" href=\"https:\/\/mauditors.com\/pt-pt\/contacto\/\">Contate-nos<\/a><\/p>\n<\/div>\n\t\t<\/div><\/div><div class=\"ult-spacer spacer-69f2ba5298efc\" data-id=\"69f2ba5298efc\" data-height=\"95\" data-height-mobile=\"75\" data-height-tab=\"\" data-height-tab-portrait=\"\" data-height-mobile-landscape=\"75\" style=\"clear:both;display:block;\"><\/div><\/div><\/div><\/div><\/div><div class=\"vc_row-full-width vc_clearfix\"><\/div><\/div>[\/vc_column][\/vc_row]<\/p>\n<\/div>","protected":false},"excerpt":{"rendered":"MANAGEMENT Consultoria de Contrato de Influenciadores Entre em contacto \"Proteja os interesses da sua marca\"\u00a0 Buscamos transpar\u00eancia nos acordos Na Media Auditors, nosso servi\u00e7o de consultoria de contratos \u00e9 projetado para garantir rela\u00e7\u00f5es claras e justas com ag\u00eancias de influenciadores. Come\u00e7amos com uma avalia\u00e7\u00e3o e diagn\u00f3stico iniciais para entender as necessidades do cliente. Subsequentemente, elaboramos [...]","protected":false},"author":1,"featured_media":0,"parent":2423,"menu_order":0,"comment_status":"closed","ping_status":"closed","template":"","meta":{"_acf_changed":false,"footnotes":""},"class_list":["post-2332","page","type-page","status-publish","hentry"],"acf":[],"yoast_head":"<!-- This site is optimized with the Yoast SEO plugin v26.2 - https:\/\/yoast.com\/wordpress\/plugins\/seo\/ -->\n<title>Consultoria de Contrato de Influenciadores - Media Auditors<\/title>\n<meta name=\"description\" content=\"El servicio de consultor\u00eda de contrato con Influencers garantiza relaciones claras y equitativas con las agencias de talentos.\" \/>\n<meta name=\"robots\" content=\"index, follow, max-snippet:-1, max-image-preview:large, max-video-preview:-1\" \/>\n<link rel=\"canonical\" href=\"https:\/\/www.mauditors.com\/pt-pt\/management\/consultoria-de-contrato-de-influenciadores\/\" \/>\n<meta property=\"og:locale\" content=\"pt_PT\" \/>\n<meta property=\"og:type\" content=\"article\" \/>\n<meta property=\"og:title\" content=\"Consultoria de Contrato de Influenciadores - Media Auditors\" \/>\n<meta property=\"og:description\" content=\"El servicio de consultor\u00eda de contrato con Influencers garantiza relaciones claras y equitativas con las agencias de talentos.\" \/>\n<meta property=\"og:url\" content=\"https:\/\/www.mauditors.com\/pt-pt\/management\/consultoria-de-contrato-de-influenciadores\/\" \/>\n<meta property=\"og:site_name\" content=\"Media Auditors\" \/>\n<meta property=\"article:modified_time\" content=\"2024-09-10T14:12:07+00:00\" \/>\n<meta name=\"twitter:card\" content=\"summary_large_image\" \/>\n<meta name=\"twitter:label1\" content=\"Tempo estimado de leitura\" \/>\n\t<meta name=\"twitter:data1\" content=\"2 minutos\" \/>\n<script type=\"application\/ld+json\" class=\"yoast-schema-graph\">{\"@context\":\"https:\/\/schema.org\",\"@graph\":[{\"@type\":\"WebPage\",\"@id\":\"https:\/\/www.mauditors.com\/pt-pt\/management\/consultoria-de-contrato-de-influenciadores\/\",\"url\":\"https:\/\/www.mauditors.com\/pt-pt\/management\/consultoria-de-contrato-de-influenciadores\/\",\"name\":\"Consultoria de Contrato de Influenciadores - Media Auditors\",\"isPartOf\":{\"@id\":\"https:\/\/www.mauditors.com\/#website\"},\"datePublished\":\"2024-06-25T11:44:45+00:00\",\"dateModified\":\"2024-09-10T14:12:07+00:00\",\"description\":\"El servicio de consultor\u00eda de contrato con Influencers garantiza relaciones claras y equitativas con las agencias de talentos.\",\"breadcrumb\":{\"@id\":\"https:\/\/www.mauditors.com\/pt-pt\/management\/consultoria-de-contrato-de-influenciadores\/#breadcrumb\"},\"inLanguage\":\"pt-PT\",\"potentialAction\":[{\"@type\":\"ReadAction\",\"target\":[\"https:\/\/www.mauditors.com\/pt-pt\/management\/consultoria-de-contrato-de-influenciadores\/\"]}]},{\"@type\":\"BreadcrumbList\",\"@id\":\"https:\/\/www.mauditors.com\/pt-pt\/management\/consultoria-de-contrato-de-influenciadores\/#breadcrumb\",\"itemListElement\":[{\"@type\":\"ListItem\",\"position\":1,\"name\":\"Portada\",\"item\":\"https:\/\/www.mauditors.com\/pt-pt\/\"},{\"@type\":\"ListItem\",\"position\":2,\"name\":\"Management\",\"item\":\"https:\/\/www.mauditors.com\/pt-pt\/management\/\"},{\"@type\":\"ListItem\",\"position\":3,\"name\":\"Consultoria de Contrato de Influenciadores\"}]},{\"@type\":\"WebSite\",\"@id\":\"https:\/\/www.mauditors.com\/#website\",\"url\":\"https:\/\/www.mauditors.com\/\",\"name\":\"Media Auditors\",\"description\":\"Empresa independiente l\u00edder en auditor\u00eda y consultor\u00eda de medios en Am\u00e9rica Latina\",\"potentialAction\":[{\"@type\":\"SearchAction\",\"target\":{\"@type\":\"EntryPoint\",\"urlTemplate\":\"https:\/\/www.mauditors.com\/?s={search_term_string}\"},\"query-input\":{\"@type\":\"PropertyValueSpecification\",\"valueRequired\":true,\"valueName\":\"search_term_string\"}}],\"inLanguage\":\"pt-PT\"}]}<\/script>\n<!-- \/ Yoast SEO plugin. -->","yoast_head_json":{"title":"Consultoria de Contrato de Influenciadores - Media Auditors","description":"El servicio de consultor\u00eda de contrato con Influencers garantiza relaciones claras y equitativas con las agencias de talentos.","robots":{"index":"index","follow":"follow","max-snippet":"max-snippet:-1","max-image-preview":"max-image-preview:large","max-video-preview":"max-video-preview:-1"},"canonical":"https:\/\/www.mauditors.com\/pt-pt\/management\/consultoria-de-contrato-de-influenciadores\/","og_locale":"pt_PT","og_type":"article","og_title":"Consultoria de Contrato de Influenciadores - Media Auditors","og_description":"El servicio de consultor\u00eda de contrato con Influencers garantiza relaciones claras y equitativas con las agencias de talentos.","og_url":"https:\/\/www.mauditors.com\/pt-pt\/management\/consultoria-de-contrato-de-influenciadores\/","og_site_name":"Media Auditors","article_modified_time":"2024-09-10T14:12:07+00:00","twitter_card":"summary_large_image","twitter_misc":{"Tempo estimado de leitura":"2 minutos"},"schema":{"@context":"https:\/\/schema.org","@graph":[{"@type":"WebPage","@id":"https:\/\/www.mauditors.com\/pt-pt\/management\/consultoria-de-contrato-de-influenciadores\/","url":"https:\/\/www.mauditors.com\/pt-pt\/management\/consultoria-de-contrato-de-influenciadores\/","name":"Consultoria de Contrato de Influenciadores - Media Auditors","isPartOf":{"@id":"https:\/\/www.mauditors.com\/#website"},"datePublished":"2024-06-25T11:44:45+00:00","dateModified":"2024-09-10T14:12:07+00:00","description":"El servicio de consultor\u00eda de contrato con Influencers garantiza relaciones claras y equitativas con las agencias de talentos.","breadcrumb":{"@id":"https:\/\/www.mauditors.com\/pt-pt\/management\/consultoria-de-contrato-de-influenciadores\/#breadcrumb"},"inLanguage":"pt-PT","potentialAction":[{"@type":"ReadAction","target":["https:\/\/www.mauditors.com\/pt-pt\/management\/consultoria-de-contrato-de-influenciadores\/"]}]},{"@type":"BreadcrumbList","@id":"https:\/\/www.mauditors.com\/pt-pt\/management\/consultoria-de-contrato-de-influenciadores\/#breadcrumb","itemListElement":[{"@type":"ListItem","position":1,"name":"Portada","item":"https:\/\/www.mauditors.com\/pt-pt\/"},{"@type":"ListItem","position":2,"name":"Management","item":"https:\/\/www.mauditors.com\/pt-pt\/management\/"},{"@type":"ListItem","position":3,"name":"Consultoria de Contrato de Influenciadores"}]},{"@type":"WebSite","@id":"https:\/\/www.mauditors.com\/#website","url":"https:\/\/www.mauditors.com\/","name":"Media Auditors","description":"Empresa independiente l\u00edder en auditor\u00eda y consultor\u00eda de medios en Am\u00e9rica Latina","potentialAction":[{"@type":"SearchAction","target":{"@type":"EntryPoint","urlTemplate":"https:\/\/www.mauditors.com\/?s={search_term_string}"},"query-input":{"@type":"PropertyValueSpecification","valueRequired":true,"valueName":"search_term_string"}}],"inLanguage":"pt-PT"}]}},"_links":{"self":[{"href":"https:\/\/www.mauditors.com\/pt-pt\/wp-json\/wp\/v2\/pages\/2332","targetHints":{"allow":["GET"]}}],"collection":[{"href":"https:\/\/www.mauditors.com\/pt-pt\/wp-json\/wp\/v2\/pages"}],"about":[{"href":"https:\/\/www.mauditors.com\/pt-pt\/wp-json\/wp\/v2\/types\/page"}],"author":[{"embeddable":true,"href":"https:\/\/www.mauditors.com\/pt-pt\/wp-json\/wp\/v2\/users\/1"}],"replies":[{"embeddable":true,"href":"https:\/\/www.mauditors.com\/pt-pt\/wp-json\/wp\/v2\/comments?post=2332"}],"version-history":[{"count":9,"href":"https:\/\/www.mauditors.com\/pt-pt\/wp-json\/wp\/v2\/pages\/2332\/revisions"}],"predecessor-version":[{"id":3249,"href":"https:\/\/www.mauditors.com\/pt-pt\/wp-json\/wp\/v2\/pages\/2332\/revisions\/3249"}],"up":[{"embeddable":true,"href":"https:\/\/www.mauditors.com\/pt-pt\/wp-json\/wp\/v2\/pages\/2423"}],"wp:attachment":[{"href":"https:\/\/www.mauditors.com\/pt-pt\/wp-json\/wp\/v2\/media?parent=2332"}],"curies":[{"name":"wp","href":"https:\/\/api.w.org\/{rel}","templated":true}]}}