{"id":2335,"date":"2024-06-25T13:46:11","date_gmt":"2024-06-25T11:46:11","guid":{"rendered":"https:\/\/mauditors.com\/evaluacion-de-agencia\/"},"modified":"2024-09-10T16:13:47","modified_gmt":"2024-09-10T14:13:47","slug":"avaliacao-de-agencia","status":"publish","type":"page","link":"https:\/\/www.mauditors.com\/pt-pt\/management\/avaliacao-de-agencia\/","title":{"rendered":"Avalia\u00e7\u00e3o de Ag\u00eancia"},"content":{"rendered":"<div class=\"wpb-content-wrapper\"><p>[vc_row][vc_column]<div class=\"ult-spacer spacer-69f6731386859\" data-id=\"69f6731386859\" data-height=\"75\" data-height-mobile=\"55\" data-height-tab=\"\" data-height-tab-portrait=\"\" data-height-mobile-landscape=\"55\" style=\"clear:both;display:block;\"><\/div>[\/vc_column][\/vc_row][vc_row equal_height=&#8221;yes&#8221;][vc_column width=&#8221;7\/12&#8243; el_class=&#8221;center-section-block&#8221;][vc_wp_text el_class=&#8221;text-default text-uppercase&#8221;]<\/p>\n<h3><strong>MANAGEMENT<\/strong><\/h3>\n<p>[\/vc_wp_text][vc_wp_text el_class=&#8221;title-text&#8221;]<\/p>\n<h1><strong>Avalia\u00e7\u00e3o de<\/strong><br \/>\n<strong>Ag\u00eancia<\/strong><\/h1>\n<p>[\/vc_wp_text]<div class=\"ult-spacer spacer-69f67313868cd\" data-id=\"69f67313868cd\" data-height=\"35\" data-height-mobile=\"35\" data-height-tab=\"35\" data-height-tab-portrait=\"\" data-height-mobile-landscape=\"\" style=\"clear:both;display:block;\"><\/div>[vc_wp_text el_class=&#8221;boton-section-default&#8221;]<a class=\"boton-default\" href=\"https:\/\/mauditors.com\/pt-pt\/contacto\/\">Entre em contacto<\/a>[\/vc_wp_text][\/vc_column][vc_column width=&#8221;5\/12&#8243; el_class=&#8221;column-brenchmarking&#8221;][vc_single_image image=&#8221;2212&#8243; img_size=&#8221;full&#8221; alignment=&#8221;right&#8221; css=&#8221;&#8221; el_class=&#8221;benchmarking-multimedios-image&#8221;][vc_row_inner el_class=&#8221;position-absolute-left-casi-buttom box-grey-section&#8221; css=&#8221;.vc_custom_1715095165719{background-color: #ececec !important;}&#8221;][vc_column_inner][vc_wp_text el_class=&#8221;subtitle-little-3&#8243;]<\/p>\n<h2>&#8220;Medimos e avaliamos os resultados da gest\u00e3o da sua ag\u00eancia para que possa tomar decis\u00f5es informadas&#8221;<\/h2>\n<p>[\/vc_wp_text][\/vc_column_inner][\/vc_row_inner][\/vc_column][\/vc_row][vc_row][vc_column]<div class=\"ult-spacer spacer-69f6731386904\" data-id=\"69f6731386904\" data-height=\"150\" data-height-mobile=\"55\" data-height-tab=\"\" data-height-tab-portrait=\"\" data-height-mobile-landscape=\"55\" style=\"clear:both;display:block;\"><\/div>[\/vc_column][\/vc_row][vc_row equal_height=&#8221;yes&#8221; content_placement=&#8221;middle&#8221;][vc_column width=&#8221;1\/2&#8243;][vc_wp_text el_class=&#8221;title-2&#8243;]<\/p>\n<p style=\"max-width: 530px; margin-left: auto; margin-right: auto; text-align: left;\"><strong>Controlar<\/strong><br \/>\n<strong>constante<\/strong><br \/>\n<strong>de desempenho<\/strong><\/p>\n<p>[\/vc_wp_text][\/vc_column][vc_column width=&#8221;1\/2&#8243;][vc_wp_text el_class=&#8221;text-default&#8221;]<\/p>\n<p style=\"max-width: 720px; margin-left: auto; margin-right: auto;\">O Servi\u00e7o de Avalia\u00e7\u00e3o de Ag\u00eancias fornece uma avalia\u00e7\u00e3o abrangente e cont\u00ednua da gest\u00e3o de contas na ag\u00eancia do cliente. Este servi\u00e7o \u00e9 essencial para manter um controlo constante do desempenho e da gest\u00e3o, garantindo o cumprimento dos objetivos estrat\u00e9gicos do cliente e facilitando o c\u00e1lculo da vari\u00e1vel final no final do contrato. Atrav\u00e9s de um modelo de avalia\u00e7\u00e3o que integra an\u00e1lises qualitativas e quantitativas, a Media Auditors garante uma supervis\u00e3o detalhada da gest\u00e3o de contas, da efic\u00e1cia dos meios de comunica\u00e7\u00e3o e do controlo or\u00e7amental e financeiro, bem como a forma\u00e7\u00e3o e estabilidade da equipa de trabalho.<\/p>\n<p>[\/vc_wp_text][\/vc_column][\/vc_row][vc_row][vc_column]<div class=\"ult-spacer spacer-69f6731386933\" data-id=\"69f6731386933\" data-height=\"150\" data-height-mobile=\"55\" data-height-tab=\"\" data-height-tab-portrait=\"\" data-height-mobile-landscape=\"55\" style=\"clear:both;display:block;\"><\/div>[\/vc_column][\/vc_row][vc_row full_width=&#8221;stretch_row&#8221; equal_height=&#8221;yes&#8221; content_placement=&#8221;middle&#8221; css=&#8221;.vc_custom_1722249002878{background-color: rgba(233,233,233,0.5) !important;*background-color: rgb(233,233,233) !important;}&#8221; el_class=&#8221;benchmarking-section-2&#8243;][vc_column][vc_row_inner equal_height=&#8221;yes&#8221; content_placement=&#8221;middle&#8221;][vc_column_inner width=&#8221;1\/2&#8243;][vc_single_image image=&#8221;2954&#8243; img_size=&#8221;full&#8221; css_animation=&#8221;fadeIn&#8221; css=&#8221;&#8221; el_class=&#8221;width-image-bechmaking-2&#8243;][\/vc_column_inner][vc_column_inner width=&#8221;1\/2&#8243;][vc_wp_text el_class=&#8221;title-text-little&#8221;]<\/p>\n<h2><strong>Avalia\u00e7\u00e3o abrangente e precisa da ag\u00eancia<\/strong><\/h2>\n<p>[\/vc_wp_text]<div class=\"ult-spacer spacer-69f673138695d\" data-id=\"69f673138695d\" data-height=\"25\" data-height-mobile=\"15\" data-height-tab=\"\" data-height-tab-portrait=\"\" data-height-mobile-landscape=\"15\" style=\"clear:both;display:block;\"><\/div>[vc_wp_text el_class=&#8221;text-default&#8221;]Adaptado \u00e0s necessidades espec\u00edficas de cada cliente. O nosso processo inclui a entrega de relat\u00f3rios trimestrais e anuais que detalham os resultados da avalia\u00e7\u00e3o, proporcionando uma vis\u00e3o clara e transparente da gest\u00e3o da ag\u00eancia. Com este servi\u00e7o, os anunciantes podem tomar decis\u00f5es informadas, otimizar os seus gastos com publicidade e garantir que as suas estrat\u00e9gias de media est\u00e3o alinhadas com os seus objetivos de neg\u00f3cio. Ao confiar na Media Auditors, os clientes ganham uma ferramenta poderosa para maximizar a efici\u00eancia e o desempenho das suas campanhas publicit\u00e1rias.[\/vc_wp_text][\/vc_column_inner][\/vc_row_inner][\/vc_column][\/vc_row][vc_row full_width=&#8221;stretch_row&#8221; equal_height=&#8221;yes&#8221; css=&#8221;.vc_custom_1720023365606{background-image: url(https:\/\/mauditors.com\/wp-content\/uploads\/2024\/07\/botton1-scaled.jpg?id=1506) !important;background-position: center !important;background-repeat: no-repeat !important;background-size: cover !important;}&#8221;][vc_column el_class=&#8221;image-phone-contact&#8221;]<div class=\"ult-spacer spacer-69f673138698e\" data-id=\"69f673138698e\" data-height=\"75\" data-height-mobile=\"65\" data-height-tab=\"\" data-height-tab-portrait=\"\" data-height-mobile-landscape=\"65\" style=\"clear:both;display:block;\"><\/div>[vc_wp_text el_class=&#8221;color-white&#8221;]<\/p>\n<h2 style=\"text-align: center;\"><em><strong>\u00abOtimize e controle a gest\u00e3o do seu investimento publicit\u00e1rio\u00bb<\/strong><\/em><\/h2>\n<p>[\/vc_wp_text]<div class=\"ult-spacer spacer-69f67313869b2\" data-id=\"69f67313869b2\" data-height=\"45\" data-height-mobile=\"45\" data-height-tab=\"45\" data-height-tab-portrait=\"\" data-height-mobile-landscape=\"\" style=\"clear:both;display:block;\"><\/div>[vc_wp_text]<\/p>\n<p style=\"text-align: center;\"><a class=\"boton-default\" href=\"https:\/\/mauditors.com\/pt-pt\/contacto\/\">Vamos trabalhar juntos<\/a><\/p>\n<p>[\/vc_wp_text]<div class=\"ult-spacer spacer-69f67313869d5\" data-id=\"69f67313869d5\" data-height=\"95\" data-height-mobile=\"75\" data-height-tab=\"\" data-height-tab-portrait=\"\" data-height-mobile-landscape=\"75\" style=\"clear:both;display:block;\"><\/div>[\/vc_column][\/vc_row][vc_row][vc_column]<div class=\"templatera_shortcode\"><style type=\"text\/css\" data-type=\"vc_shortcodes-custom-css\">.vc_custom_1715087878154{background-color: rgba(233,233,233,0.5) !important;*background-color: rgb(233,233,233) !important;}<\/style><div data-vc-full-width=\"true\" data-vc-full-width-init=\"false\" class=\"vc_row wpb_row vc_row-fluid vc_custom_1715087878154 vc_row-has-fill\"><div class=\"wpb_column vc_column_container vc_col-sm-12\"><div class=\"vc_column-inner\"><div class=\"wpb_wrapper\"><div class=\"ult-spacer spacer-69f6731387572\" data-id=\"69f6731387572\" data-height=\"55\" data-height-mobile=\"55\" data-height-tab=\"55\" data-height-tab-portrait=\"\" data-height-mobile-landscape=\"\" style=\"clear:both;display:block;\"><\/div><div class=\"ult-spacer spacer-69f67313875a2\" data-id=\"69f67313875a2\" data-height=\"15\" data-height-mobile=\"5\" data-height-tab=\"\" data-height-tab-portrait=\"\" data-height-mobile-landscape=\"5\" style=\"clear:both;display:block;\"><\/div><div  class=\"vc_wp_text wpb_content_element title-1-big\"><div class=\"widget widget_text\">\t\t\t<div class=\"textwidget\"><p style=\"text-align: center;\">Outros servi\u00e7os<\/p>\n<\/div>\n\t\t<\/div><\/div><div class=\"ult-spacer spacer-69f67313876e9\" data-id=\"69f67313876e9\" data-height=\"15\" data-height-mobile=\"10\" data-height-tab=\"\" data-height-tab-portrait=\"\" data-height-mobile-landscape=\"10\" style=\"clear:both;display:block;\"><\/div><div  class=\"vc_wp_text wpb_content_element text-default\"><div class=\"widget widget_text\">\t\t\t<div class=\"textwidget\"><p style=\"text-align: center; max-width: 530px; margin-left: auto; margin-right: auto;\">Nossos servi\u00e7os s\u00e3o sempre pensados \u200b\u200bpara atender \u00e0s necessidades espec\u00edficas de nossos clientes. Atuamos em tr\u00eas linhas principais: melhorar resultados de forma abrangente, maximizar a efici\u00eancia or\u00e7ament\u00e1ria e fortalecer relacionamentos<\/p>\n<\/div>\n\t\t<\/div><\/div><div class=\"ult-spacer spacer-69f67313877d5\" data-id=\"69f67313877d5\" data-height=\"75\" data-height-mobile=\"45\" data-height-tab=\"\" data-height-tab-portrait=\"\" data-height-mobile-landscape=\"45\" style=\"clear:both;display:block;\"><\/div><div class=\"vc_row wpb_row vc_inner vc_row-fluid\"><div class=\"wpb_column vc_column_container vc_col-sm-6\"><div class=\"vc_column-inner\"><div class=\"wpb_wrapper\"><div class='custom-show-section-big'><a class='column-show-section-hover' href='https:\/\/mauditors.com\/pt-pt\/measurement\/'><div class='custom-show-section cara-1' style='background-image: url(https:\/\/www.mauditors.com\/wp-content\/uploads\/2024\/07\/management_full-scaled.jpg);'><div class='container color-white'><p class='subtitle-text'>TRACK YOUR RESULTS<\/p><p class='title-otros-servicios'>Measurement<\/p><\/div><\/div><div class='custom-show-section cara-2'><div class='container'><p class='subtitle-text'>TRACK YOUR RESULTS<\/p><p class='title-otros-servicios'>Measurement<\/p><p class='text-otros-servicios'>Os objetivos dos nossos servi\u00e7os s\u00e3o avaliar o desempenho do planejamento e compra de m\u00eddia da ag\u00eancia em compara\u00e7\u00e3o ao mercado. Com base num conjunto extenso e representativo de clientes, a Media Auditors elabora uma an\u00e1lise detalhada que identifica poupan\u00e7as obtidas e oportunidades de melhoria tanto nas compras online como offline do anunciante.<\/p><p class='servicios-arrow'><span class='fa-solid fa-arrow-right-long'><\/span><\/p><\/div><\/div><\/a><\/div><div class=\"ult-spacer spacer-69f6731387e03\" data-id=\"69f6731387e03\" data-height=\"0\" data-height-mobile=\"25\" data-height-tab=\"\" data-height-tab-portrait=\"\" data-height-mobile-landscape=\"25\" style=\"clear:both;display:block;\"><\/div><\/div><\/div><\/div><div class=\"wpb_column vc_column_container vc_col-sm-6\"><div class=\"vc_column-inner\"><div class=\"wpb_wrapper\"><div class='custom-show-section-big'><a class='column-show-section-hover' href='https:\/\/mauditors.com\/pt-pt\/performance\/'><div class='custom-show-section cara-1' style='background-image: url(https:\/\/www.mauditors.com\/wp-content\/uploads\/2024\/07\/performance_full-scaled.jpg);'><div class='container color-white'><p class='subtitle-text'>BUDGET OPTIMIZATION<\/p><p class='title-otros-servicios'>Perfomance<\/p><\/div><\/div><div class='custom-show-section cara-2'><div class='container'><p class='subtitle-text'>BUDGET OPTIMIZATION<\/p><p class='title-otros-servicios'>Perfomance<\/p><p class='text-otros-servicios'>Como os maiores especialistas do mercado, com a riqueza que os nossos clientes nos proporcionam; Resolvemos problemas e quest\u00f5es relacionadas com o mercado de media, apoiando a estrat\u00e9gia de negocia\u00e7\u00e3o com fornecedores de media, estabelecendo um modelo de remunera\u00e7\u00e3o para a sua ag\u00eancia, compromissos contratuais, defini\u00e7\u00e3o de KPI, gest\u00e3o de concursos de ag\u00eancia, desenvolvimento de contratos, quantifica\u00e7\u00e3o final do fixo, vari\u00e1vel e\/ou taxa de b\u00f4nus para sua ag\u00eancia e outros servi\u00e7os projetados ad hoc para clientes.<\/p><p class='servicios-arrow'><span class='fa-solid fa-arrow-right-long'><\/span><\/p><\/div><\/div><\/a><\/div><\/div><\/div><\/div><\/div><div class=\"ult-spacer spacer-69f67313883ea\" data-id=\"69f67313883ea\" data-height=\"75\" data-height-mobile=\"75\" data-height-tab=\"75\" data-height-tab-portrait=\"\" data-height-mobile-landscape=\"\" style=\"clear:both;display:block;\"><\/div><div  class=\"vc_wp_text wpb_content_element\"><div class=\"widget widget_text\">\t\t\t<div class=\"textwidget\"><p style=\"text-align: center;\"><a class=\"boton-default\" href=\"https:\/\/mauditors.com\/pt-pt\/contacto\/\">Contate-nos<\/a><\/p>\n<\/div>\n\t\t<\/div><\/div><div class=\"ult-spacer spacer-69f673138851b\" data-id=\"69f673138851b\" data-height=\"95\" data-height-mobile=\"75\" data-height-tab=\"\" data-height-tab-portrait=\"\" data-height-mobile-landscape=\"75\" style=\"clear:both;display:block;\"><\/div><\/div><\/div><\/div><\/div><div class=\"vc_row-full-width vc_clearfix\"><\/div><\/div>[\/vc_column][\/vc_row]<\/p>\n<\/div>","protected":false},"excerpt":{"rendered":"MANAGEMENT Avalia\u00e7\u00e3o de Ag\u00eancia Entre em contacto \"Medimos e avaliamos os resultados da gest\u00e3o da sua ag\u00eancia para que possa tomar decis\u00f5es informadas\" Controlar constante de desempenho O Servi\u00e7o de Avalia\u00e7\u00e3o de Ag\u00eancias fornece uma avalia\u00e7\u00e3o abrangente e cont\u00ednua da gest\u00e3o de contas na ag\u00eancia do cliente. Este servi\u00e7o \u00e9 essencial para manter um controlo [...]","protected":false},"author":1,"featured_media":0,"parent":2423,"menu_order":0,"comment_status":"closed","ping_status":"closed","template":"","meta":{"_acf_changed":false,"footnotes":""},"class_list":["post-2335","page","type-page","status-publish","hentry"],"acf":[],"yoast_head":"<!-- This site is optimized with the Yoast SEO plugin v26.2 - https:\/\/yoast.com\/wordpress\/plugins\/seo\/ -->\n<title>Avalia\u00e7\u00e3o de Ag\u00eancia - Media Auditors<\/title>\n<meta name=\"description\" content=\"A trav\u00e9s de la evaluaci\u00f3n de agencia damos una visi\u00f3n clara del rendimiento de la agencia a nuestros clientes.\" \/>\n<meta name=\"robots\" content=\"index, follow, max-snippet:-1, max-image-preview:large, max-video-preview:-1\" \/>\n<link rel=\"canonical\" href=\"https:\/\/www.mauditors.com\/pt-pt\/management\/avaliacao-de-agencia\/\" \/>\n<meta property=\"og:locale\" content=\"pt_PT\" \/>\n<meta property=\"og:type\" content=\"article\" \/>\n<meta property=\"og:title\" content=\"Avalia\u00e7\u00e3o de Ag\u00eancia - Media Auditors\" \/>\n<meta property=\"og:description\" content=\"A trav\u00e9s de la evaluaci\u00f3n de agencia damos una visi\u00f3n clara del rendimiento de la agencia a nuestros clientes.\" \/>\n<meta property=\"og:url\" content=\"https:\/\/www.mauditors.com\/pt-pt\/management\/avaliacao-de-agencia\/\" \/>\n<meta property=\"og:site_name\" content=\"Media Auditors\" \/>\n<meta property=\"article:modified_time\" content=\"2024-09-10T14:13:47+00:00\" \/>\n<meta name=\"twitter:card\" content=\"summary_large_image\" \/>\n<meta name=\"twitter:label1\" content=\"Tempo estimado de leitura\" \/>\n\t<meta name=\"twitter:data1\" content=\"2 minutos\" \/>\n<script type=\"application\/ld+json\" class=\"yoast-schema-graph\">{\"@context\":\"https:\/\/schema.org\",\"@graph\":[{\"@type\":\"WebPage\",\"@id\":\"https:\/\/www.mauditors.com\/pt-pt\/management\/avaliacao-de-agencia\/\",\"url\":\"https:\/\/www.mauditors.com\/pt-pt\/management\/avaliacao-de-agencia\/\",\"name\":\"Avalia\u00e7\u00e3o de Ag\u00eancia - Media Auditors\",\"isPartOf\":{\"@id\":\"https:\/\/www.mauditors.com\/#website\"},\"datePublished\":\"2024-06-25T11:46:11+00:00\",\"dateModified\":\"2024-09-10T14:13:47+00:00\",\"description\":\"A trav\u00e9s de la evaluaci\u00f3n de agencia damos una visi\u00f3n clara del rendimiento de la agencia a nuestros clientes.\",\"breadcrumb\":{\"@id\":\"https:\/\/www.mauditors.com\/pt-pt\/management\/avaliacao-de-agencia\/#breadcrumb\"},\"inLanguage\":\"pt-PT\",\"potentialAction\":[{\"@type\":\"ReadAction\",\"target\":[\"https:\/\/www.mauditors.com\/pt-pt\/management\/avaliacao-de-agencia\/\"]}]},{\"@type\":\"BreadcrumbList\",\"@id\":\"https:\/\/www.mauditors.com\/pt-pt\/management\/avaliacao-de-agencia\/#breadcrumb\",\"itemListElement\":[{\"@type\":\"ListItem\",\"position\":1,\"name\":\"Portada\",\"item\":\"https:\/\/www.mauditors.com\/pt-pt\/\"},{\"@type\":\"ListItem\",\"position\":2,\"name\":\"Management\",\"item\":\"https:\/\/www.mauditors.com\/pt-pt\/management\/\"},{\"@type\":\"ListItem\",\"position\":3,\"name\":\"Avalia\u00e7\u00e3o de Ag\u00eancia\"}]},{\"@type\":\"WebSite\",\"@id\":\"https:\/\/www.mauditors.com\/#website\",\"url\":\"https:\/\/www.mauditors.com\/\",\"name\":\"Media Auditors\",\"description\":\"Empresa independiente l\u00edder en auditor\u00eda y consultor\u00eda de medios en Am\u00e9rica Latina\",\"potentialAction\":[{\"@type\":\"SearchAction\",\"target\":{\"@type\":\"EntryPoint\",\"urlTemplate\":\"https:\/\/www.mauditors.com\/?s={search_term_string}\"},\"query-input\":{\"@type\":\"PropertyValueSpecification\",\"valueRequired\":true,\"valueName\":\"search_term_string\"}}],\"inLanguage\":\"pt-PT\"}]}<\/script>\n<!-- \/ Yoast SEO plugin. -->","yoast_head_json":{"title":"Avalia\u00e7\u00e3o de Ag\u00eancia - Media Auditors","description":"A trav\u00e9s de la evaluaci\u00f3n de agencia damos una visi\u00f3n clara del rendimiento de la agencia a nuestros clientes.","robots":{"index":"index","follow":"follow","max-snippet":"max-snippet:-1","max-image-preview":"max-image-preview:large","max-video-preview":"max-video-preview:-1"},"canonical":"https:\/\/www.mauditors.com\/pt-pt\/management\/avaliacao-de-agencia\/","og_locale":"pt_PT","og_type":"article","og_title":"Avalia\u00e7\u00e3o de Ag\u00eancia - Media Auditors","og_description":"A trav\u00e9s de la evaluaci\u00f3n de agencia damos una visi\u00f3n clara del rendimiento de la agencia a nuestros clientes.","og_url":"https:\/\/www.mauditors.com\/pt-pt\/management\/avaliacao-de-agencia\/","og_site_name":"Media Auditors","article_modified_time":"2024-09-10T14:13:47+00:00","twitter_card":"summary_large_image","twitter_misc":{"Tempo estimado de leitura":"2 minutos"},"schema":{"@context":"https:\/\/schema.org","@graph":[{"@type":"WebPage","@id":"https:\/\/www.mauditors.com\/pt-pt\/management\/avaliacao-de-agencia\/","url":"https:\/\/www.mauditors.com\/pt-pt\/management\/avaliacao-de-agencia\/","name":"Avalia\u00e7\u00e3o de Ag\u00eancia - Media Auditors","isPartOf":{"@id":"https:\/\/www.mauditors.com\/#website"},"datePublished":"2024-06-25T11:46:11+00:00","dateModified":"2024-09-10T14:13:47+00:00","description":"A trav\u00e9s de la evaluaci\u00f3n de agencia damos una visi\u00f3n clara del rendimiento de la agencia a nuestros clientes.","breadcrumb":{"@id":"https:\/\/www.mauditors.com\/pt-pt\/management\/avaliacao-de-agencia\/#breadcrumb"},"inLanguage":"pt-PT","potentialAction":[{"@type":"ReadAction","target":["https:\/\/www.mauditors.com\/pt-pt\/management\/avaliacao-de-agencia\/"]}]},{"@type":"BreadcrumbList","@id":"https:\/\/www.mauditors.com\/pt-pt\/management\/avaliacao-de-agencia\/#breadcrumb","itemListElement":[{"@type":"ListItem","position":1,"name":"Portada","item":"https:\/\/www.mauditors.com\/pt-pt\/"},{"@type":"ListItem","position":2,"name":"Management","item":"https:\/\/www.mauditors.com\/pt-pt\/management\/"},{"@type":"ListItem","position":3,"name":"Avalia\u00e7\u00e3o de Ag\u00eancia"}]},{"@type":"WebSite","@id":"https:\/\/www.mauditors.com\/#website","url":"https:\/\/www.mauditors.com\/","name":"Media Auditors","description":"Empresa independiente l\u00edder en auditor\u00eda y consultor\u00eda de medios en Am\u00e9rica Latina","potentialAction":[{"@type":"SearchAction","target":{"@type":"EntryPoint","urlTemplate":"https:\/\/www.mauditors.com\/?s={search_term_string}"},"query-input":{"@type":"PropertyValueSpecification","valueRequired":true,"valueName":"search_term_string"}}],"inLanguage":"pt-PT"}]}},"_links":{"self":[{"href":"https:\/\/www.mauditors.com\/pt-pt\/wp-json\/wp\/v2\/pages\/2335","targetHints":{"allow":["GET"]}}],"collection":[{"href":"https:\/\/www.mauditors.com\/pt-pt\/wp-json\/wp\/v2\/pages"}],"about":[{"href":"https:\/\/www.mauditors.com\/pt-pt\/wp-json\/wp\/v2\/types\/page"}],"author":[{"embeddable":true,"href":"https:\/\/www.mauditors.com\/pt-pt\/wp-json\/wp\/v2\/users\/1"}],"replies":[{"embeddable":true,"href":"https:\/\/www.mauditors.com\/pt-pt\/wp-json\/wp\/v2\/comments?post=2335"}],"version-history":[{"count":7,"href":"https:\/\/www.mauditors.com\/pt-pt\/wp-json\/wp\/v2\/pages\/2335\/revisions"}],"predecessor-version":[{"id":3256,"href":"https:\/\/www.mauditors.com\/pt-pt\/wp-json\/wp\/v2\/pages\/2335\/revisions\/3256"}],"up":[{"embeddable":true,"href":"https:\/\/www.mauditors.com\/pt-pt\/wp-json\/wp\/v2\/pages\/2423"}],"wp:attachment":[{"href":"https:\/\/www.mauditors.com\/pt-pt\/wp-json\/wp\/v2\/media?parent=2335"}],"curies":[{"name":"wp","href":"https:\/\/api.w.org\/{rel}","templated":true}]}}