{"id":2339,"date":"2024-06-25T13:45:44","date_gmt":"2024-06-25T11:45:44","guid":{"rendered":"https:\/\/mauditors.com\/modelo-de-gestion-de-medios\/"},"modified":"2024-09-10T16:14:36","modified_gmt":"2024-09-10T14:14:36","slug":"modelo-de-gestao-de-midia","status":"publish","type":"page","link":"https:\/\/www.mauditors.com\/pt-pt\/management\/modelo-de-gestao-de-midia\/","title":{"rendered":"Modelo de Gest\u00e3o de M\u00eddia"},"content":{"rendered":"<div class=\"wpb-content-wrapper\"><p>[vc_row][vc_column]<div class=\"ult-spacer spacer-69e1d21eb0955\" data-id=\"69e1d21eb0955\" data-height=\"75\" data-height-mobile=\"55\" data-height-tab=\"\" data-height-tab-portrait=\"\" data-height-mobile-landscape=\"55\" style=\"clear:both;display:block;\"><\/div>[\/vc_column][\/vc_row][vc_row equal_height=&#8221;yes&#8221;][vc_column width=&#8221;7\/12&#8243; el_class=&#8221;center-section-block&#8221;][vc_wp_text el_class=&#8221;text-default text-uppercase&#8221;]<span style=\"font-weight: 400;\">MANAGEMENT<\/span>[\/vc_wp_text][vc_wp_text el_class=&#8221;title-text&#8221;]<\/p>\n<h1>Modelo de<br \/>\nGest\u00e3o de M\u00eddia<\/h1>\n<p>[\/vc_wp_text]<div class=\"ult-spacer spacer-69e1d21eb099c\" data-id=\"69e1d21eb099c\" data-height=\"35\" data-height-mobile=\"35\" data-height-tab=\"35\" data-height-tab-portrait=\"\" data-height-mobile-landscape=\"\" style=\"clear:both;display:block;\"><\/div>[vc_wp_text el_class=&#8221;boton-section-default&#8221;]<a class=\"boton-default\" href=\"https:\/\/mauditors.com\/pt-pt\/contacto\/\">Entre em contacto<\/a>[\/vc_wp_text][\/vc_column][vc_column width=&#8221;5\/12&#8243; el_class=&#8221;column-brenchmarking&#8221;][vc_single_image image=&#8221;2220&#8243; img_size=&#8221;full&#8221; alignment=&#8221;right&#8221; css=&#8221;&#8221; el_class=&#8221;benchmarking-multimedios-image&#8221;][vc_row_inner el_class=&#8221;position-absolute-left-casi-buttom box-grey-section&#8221; css=&#8221;.vc_custom_1715095165719{background-color: #ececec !important;}&#8221;][vc_column_inner][vc_wp_text el_class=&#8221;subtitle-little-3&#8243;]<\/p>\n<h2><strong>&#8220;Garanta a efici\u00eancia e maximize o impacto da sua estrat\u00e9gia de publicidade&#8221; <\/strong><\/h2>\n<p>[\/vc_wp_text][\/vc_column_inner][\/vc_row_inner][\/vc_column][\/vc_row][vc_row][vc_column]<div class=\"ult-spacer spacer-69e1d21eb09d0\" data-id=\"69e1d21eb09d0\" data-height=\"150\" data-height-mobile=\"55\" data-height-tab=\"\" data-height-tab-portrait=\"\" data-height-mobile-landscape=\"55\" style=\"clear:both;display:block;\"><\/div>[\/vc_column][\/vc_row][vc_row equal_height=&#8221;yes&#8221; content_placement=&#8221;middle&#8221;][vc_column width=&#8221;1\/3&#8243;][vc_wp_text el_class=&#8221;title-2&#8243;]<\/p>\n<p style=\"max-width: 530px; margin-left: auto; margin-right: auto; text-align: left;\"><strong>Uma ferramenta poderosa para criar valor<\/strong><\/p>\n<p>[\/vc_wp_text][\/vc_column][vc_column width=&#8221;2\/3&#8243;][vc_wp_text el_class=&#8221;text-default&#8221;]<span style=\"font-weight: 400;\">Na Media Auditors, nosso Modelo de Gest\u00e3o de M\u00eddia (MGM) \u00e9 projetado para estabelecer pap\u00e9is e responsabilidades claros entre todos os atores envolvidos nas atividades de m\u00eddia, garantindo uma colabora\u00e7\u00e3o eficiente alinhada aos objetivos estrat\u00e9gicos de cada anunciante. Essa abordagem permite que as marcas mantenham uma rela\u00e7\u00e3o suave e eficaz com suas ag\u00eancias de m\u00eddia, otimizando a negocia\u00e7\u00e3o e o desempenho do or\u00e7amento.<\/span>[\/vc_wp_text][\/vc_column][\/vc_row][vc_row][vc_column]<div class=\"ult-spacer spacer-69e1d21eb09fe\" data-id=\"69e1d21eb09fe\" data-height=\"150\" data-height-mobile=\"55\" data-height-tab=\"\" data-height-tab-portrait=\"\" data-height-mobile-landscape=\"55\" style=\"clear:both;display:block;\"><\/div>[\/vc_column][\/vc_row][vc_row full_width=&#8221;stretch_row&#8221; equal_height=&#8221;yes&#8221; content_placement=&#8221;middle&#8221; css=&#8221;.vc_custom_1721994053281{padding-top: 100px !important;padding-bottom: 100px !important;background-color: rgba(233,233,233,0.5) !important;*background-color: rgb(233,233,233) !important;}&#8221; el_class=&#8221;benchmarking-section-2&#8243;][vc_column][vc_row_inner equal_height=&#8221;yes&#8221; content_placement=&#8221;middle&#8221;][vc_column_inner width=&#8221;1\/2&#8243;][vc_single_image image=&#8221;2950&#8243; img_size=&#8221;full&#8221; css_animation=&#8221;fadeIn&#8221; css=&#8221;&#8221; el_class=&#8221;width-image-bechmaking-2&#8243;][\/vc_column_inner][vc_column_inner width=&#8221;1\/2&#8243;][vc_wp_text el_class=&#8221;title-text-little&#8221;]<strong>Procuramos uniformidade e coer\u00eancia<\/strong>[\/vc_wp_text]<div class=\"ult-spacer spacer-69e1d21eb0a9f\" data-id=\"69e1d21eb0a9f\" data-height=\"25\" data-height-mobile=\"15\" data-height-tab=\"\" data-height-tab-portrait=\"\" data-height-mobile-landscape=\"15\" style=\"clear:both;display:block;\"><\/div>[vc_wp_text el_class=&#8221;text-default&#8221;]A contrata\u00e7\u00e3o do nosso servi\u00e7o MGM \u00e9 fundamental para os anunciantes que procuram uniformidade e coer\u00eancia nos seus processos de media. Com os Media Auditors, os clientes podem garantir que todas as suas marcas operam sob um modelo de trabalho \u00fanico e consistente, eliminando a disrup\u00e7\u00e3o causada por ter m\u00faltiplos processos com diferentes ag\u00eancias de media. Do planeamento estrat\u00e9gico \u00e0 implementa\u00e7\u00e3o t\u00e1tica, os nossos resultados come\u00e7am a gerar resultados imediatos, incluindo relat\u00f3rios de fluxo de comunica\u00e7\u00e3o, fun\u00e7\u00f5es e responsabilidades e formatos estrat\u00e9gicos e t\u00e1ticos. Esta abordagem abrangente n\u00e3o s\u00f3 garante o cumprimento das orienta\u00e7\u00f5es estrat\u00e9gicas, como tamb\u00e9m proporciona uma avalia\u00e7\u00e3o constante do desempenho e uma gest\u00e3o or\u00e7amental eficaz, conduzindo a uma otimiza\u00e7\u00e3o cont\u00ednua e sustent\u00e1vel do investimento em media.[\/vc_wp_text][\/vc_column_inner][\/vc_row_inner][\/vc_column][\/vc_row][vc_row full_width=&#8221;stretch_row&#8221; equal_height=&#8221;yes&#8221; css=&#8221;.vc_custom_1720023833742{background-image: url(https:\/\/mauditors.com\/wp-content\/uploads\/2024\/07\/botton1-scaled.jpg?id=1506) !important;background-position: center !important;background-repeat: no-repeat !important;background-size: cover !important;}&#8221;][vc_column el_class=&#8221;image-phone-contact&#8221;]<div class=\"ult-spacer spacer-69e1d21eb0b07\" data-id=\"69e1d21eb0b07\" data-height=\"75\" data-height-mobile=\"65\" data-height-tab=\"\" data-height-tab-portrait=\"\" data-height-mobile-landscape=\"65\" style=\"clear:both;display:block;\"><\/div>[vc_wp_text el_class=&#8221;color-white&#8221;]<\/p>\n<h2 style=\"text-align: center;\"><em><strong>\u00abOtimize e unifique a sua gest\u00e3o de meios, garantindo efici\u00eancia, consist\u00eancia e alta performance no seu investimento publicit\u00e1rio\u00bb<\/strong><\/em><\/h2>\n<p>[\/vc_wp_text]<div class=\"ult-spacer spacer-69e1d21eb0b56\" data-id=\"69e1d21eb0b56\" data-height=\"45\" data-height-mobile=\"45\" data-height-tab=\"45\" data-height-tab-portrait=\"\" data-height-mobile-landscape=\"\" style=\"clear:both;display:block;\"><\/div>[vc_wp_text]<\/p>\n<p style=\"text-align: center;\"><a class=\"boton-default\" href=\"https:\/\/mauditors.com\/pt-pt\/contacto\/\">Vamos trabalhar juntos<\/a><\/p>\n<p>[\/vc_wp_text]<div class=\"ult-spacer spacer-69e1d21eb0ba7\" data-id=\"69e1d21eb0ba7\" data-height=\"95\" data-height-mobile=\"75\" data-height-tab=\"\" data-height-tab-portrait=\"\" data-height-mobile-landscape=\"75\" style=\"clear:both;display:block;\"><\/div>[\/vc_column][\/vc_row][vc_row][vc_column]<div class=\"templatera_shortcode\"><style type=\"text\/css\" data-type=\"vc_shortcodes-custom-css\">.vc_custom_1715087878154{background-color: rgba(233,233,233,0.5) !important;*background-color: rgb(233,233,233) !important;}<\/style><div data-vc-full-width=\"true\" data-vc-full-width-init=\"false\" class=\"vc_row wpb_row vc_row-fluid vc_custom_1715087878154 vc_row-has-fill\"><div class=\"wpb_column vc_column_container vc_col-sm-12\"><div class=\"vc_column-inner\"><div class=\"wpb_wrapper\"><div class=\"ult-spacer spacer-69e1d21eb1e33\" data-id=\"69e1d21eb1e33\" data-height=\"55\" data-height-mobile=\"55\" data-height-tab=\"55\" data-height-tab-portrait=\"\" data-height-mobile-landscape=\"\" style=\"clear:both;display:block;\"><\/div><div class=\"ult-spacer spacer-69e1d21eb1e62\" data-id=\"69e1d21eb1e62\" data-height=\"15\" data-height-mobile=\"5\" data-height-tab=\"\" data-height-tab-portrait=\"\" data-height-mobile-landscape=\"5\" style=\"clear:both;display:block;\"><\/div><div  class=\"vc_wp_text wpb_content_element title-1-big\"><div class=\"widget widget_text\">\t\t\t<div class=\"textwidget\"><p style=\"text-align: center;\">Outros servi\u00e7os<\/p>\n<\/div>\n\t\t<\/div><\/div><div class=\"ult-spacer spacer-69e1d21eb2015\" data-id=\"69e1d21eb2015\" data-height=\"15\" data-height-mobile=\"10\" data-height-tab=\"\" data-height-tab-portrait=\"\" data-height-mobile-landscape=\"10\" style=\"clear:both;display:block;\"><\/div><div  class=\"vc_wp_text wpb_content_element text-default\"><div class=\"widget widget_text\">\t\t\t<div class=\"textwidget\"><p style=\"text-align: center; max-width: 530px; margin-left: auto; margin-right: auto;\">Nossos servi\u00e7os s\u00e3o sempre pensados \u200b\u200bpara atender \u00e0s necessidades espec\u00edficas de nossos clientes. Atuamos em tr\u00eas linhas principais: melhorar resultados de forma abrangente, maximizar a efici\u00eancia or\u00e7ament\u00e1ria e fortalecer relacionamentos<\/p>\n<\/div>\n\t\t<\/div><\/div><div class=\"ult-spacer spacer-69e1d21eb2101\" data-id=\"69e1d21eb2101\" data-height=\"75\" data-height-mobile=\"45\" data-height-tab=\"\" data-height-tab-portrait=\"\" data-height-mobile-landscape=\"45\" style=\"clear:both;display:block;\"><\/div><div class=\"vc_row wpb_row vc_inner vc_row-fluid\"><div class=\"wpb_column vc_column_container vc_col-sm-6\"><div class=\"vc_column-inner\"><div class=\"wpb_wrapper\"><div class='custom-show-section-big'><a class='column-show-section-hover' href='https:\/\/mauditors.com\/pt-pt\/measurement\/'><div class='custom-show-section cara-1' style='background-image: url(https:\/\/www.mauditors.com\/wp-content\/uploads\/2024\/07\/management_full-scaled.jpg);'><div class='container color-white'><p class='subtitle-text'>TRACK YOUR RESULTS<\/p><p class='title-otros-servicios'>Measurement<\/p><\/div><\/div><div class='custom-show-section cara-2'><div class='container'><p class='subtitle-text'>TRACK YOUR RESULTS<\/p><p class='title-otros-servicios'>Measurement<\/p><p class='text-otros-servicios'>Os objetivos dos nossos servi\u00e7os s\u00e3o avaliar o desempenho do planejamento e compra de m\u00eddia da ag\u00eancia em compara\u00e7\u00e3o ao mercado. Com base num conjunto extenso e representativo de clientes, a Media Auditors elabora uma an\u00e1lise detalhada que identifica poupan\u00e7as obtidas e oportunidades de melhoria tanto nas compras online como offline do anunciante.<\/p><p class='servicios-arrow'><span class='fa-solid fa-arrow-right-long'><\/span><\/p><\/div><\/div><\/a><\/div><div class=\"ult-spacer spacer-69e1d21eb282a\" data-id=\"69e1d21eb282a\" data-height=\"0\" data-height-mobile=\"25\" data-height-tab=\"\" data-height-tab-portrait=\"\" data-height-mobile-landscape=\"25\" style=\"clear:both;display:block;\"><\/div><\/div><\/div><\/div><div class=\"wpb_column vc_column_container vc_col-sm-6\"><div class=\"vc_column-inner\"><div class=\"wpb_wrapper\"><div class='custom-show-section-big'><a class='column-show-section-hover' href='https:\/\/mauditors.com\/pt-pt\/performance\/'><div class='custom-show-section cara-1' style='background-image: url(https:\/\/www.mauditors.com\/wp-content\/uploads\/2024\/07\/performance_full-scaled.jpg);'><div class='container color-white'><p class='subtitle-text'>BUDGET OPTIMIZATION<\/p><p class='title-otros-servicios'>Perfomance<\/p><\/div><\/div><div class='custom-show-section cara-2'><div class='container'><p class='subtitle-text'>BUDGET OPTIMIZATION<\/p><p class='title-otros-servicios'>Perfomance<\/p><p class='text-otros-servicios'>Como os maiores especialistas do mercado, com a riqueza que os nossos clientes nos proporcionam; Resolvemos problemas e quest\u00f5es relacionadas com o mercado de media, apoiando a estrat\u00e9gia de negocia\u00e7\u00e3o com fornecedores de media, estabelecendo um modelo de remunera\u00e7\u00e3o para a sua ag\u00eancia, compromissos contratuais, defini\u00e7\u00e3o de KPI, gest\u00e3o de concursos de ag\u00eancia, desenvolvimento de contratos, quantifica\u00e7\u00e3o final do fixo, vari\u00e1vel e\/ou taxa de b\u00f4nus para sua ag\u00eancia e outros servi\u00e7os projetados ad hoc para clientes.<\/p><p class='servicios-arrow'><span class='fa-solid fa-arrow-right-long'><\/span><\/p><\/div><\/div><\/a><\/div><\/div><\/div><\/div><\/div><div class=\"ult-spacer spacer-69e1d21eb2d85\" data-id=\"69e1d21eb2d85\" data-height=\"75\" data-height-mobile=\"75\" data-height-tab=\"75\" data-height-tab-portrait=\"\" data-height-mobile-landscape=\"\" style=\"clear:both;display:block;\"><\/div><div  class=\"vc_wp_text wpb_content_element\"><div class=\"widget widget_text\">\t\t\t<div class=\"textwidget\"><p style=\"text-align: center;\"><a class=\"boton-default\" href=\"https:\/\/mauditors.com\/pt-pt\/contacto\/\">Contate-nos<\/a><\/p>\n<\/div>\n\t\t<\/div><\/div><div class=\"ult-spacer spacer-69e1d21eb2f28\" data-id=\"69e1d21eb2f28\" data-height=\"95\" data-height-mobile=\"75\" data-height-tab=\"\" data-height-tab-portrait=\"\" data-height-mobile-landscape=\"75\" style=\"clear:both;display:block;\"><\/div><\/div><\/div><\/div><\/div><div class=\"vc_row-full-width vc_clearfix\"><\/div><\/div>[\/vc_column][\/vc_row]<\/p>\n<\/div>","protected":false},"excerpt":{"rendered":"MANAGEMENT Modelo de Gest\u00e3o de M\u00eddia Entre em contacto \"Garanta a efici\u00eancia e maximize o impacto da sua estrat\u00e9gia de publicidade\" Uma ferramenta poderosa para criar valor Na Media Auditors, nosso Modelo de Gest\u00e3o de M\u00eddia (MGM) \u00e9 projetado para estabelecer pap\u00e9is e responsabilidades claros entre todos os atores envolvidos nas atividades de m\u00eddia, garantindo [...]","protected":false},"author":1,"featured_media":0,"parent":2423,"menu_order":0,"comment_status":"closed","ping_status":"closed","template":"","meta":{"_acf_changed":false,"footnotes":""},"class_list":["post-2339","page","type-page","status-publish","hentry"],"acf":[],"yoast_head":"<!-- This site is optimized with the Yoast SEO plugin v26.2 - https:\/\/yoast.com\/wordpress\/plugins\/seo\/ -->\n<title>Modelo de Gest\u00e3o de M\u00eddia - Media Auditors<\/title>\n<meta name=\"description\" content=\"El modelo de Gesti\u00f3n de Medios est\u00e1 dise\u00f1ado para establecer roles y responsabilidades entre los involucrados en la actividad de medios.\" \/>\n<meta name=\"robots\" content=\"index, follow, max-snippet:-1, max-image-preview:large, max-video-preview:-1\" \/>\n<link rel=\"canonical\" href=\"https:\/\/www.mauditors.com\/pt-pt\/management\/modelo-de-gestao-de-midia\/\" \/>\n<meta property=\"og:locale\" content=\"pt_PT\" \/>\n<meta property=\"og:type\" content=\"article\" \/>\n<meta property=\"og:title\" content=\"Modelo de Gest\u00e3o de M\u00eddia - Media Auditors\" \/>\n<meta property=\"og:description\" content=\"El modelo de Gesti\u00f3n de Medios est\u00e1 dise\u00f1ado para establecer roles y responsabilidades entre los involucrados en la actividad de medios.\" \/>\n<meta property=\"og:url\" content=\"https:\/\/www.mauditors.com\/pt-pt\/management\/modelo-de-gestao-de-midia\/\" \/>\n<meta property=\"og:site_name\" content=\"Media Auditors\" \/>\n<meta property=\"article:modified_time\" content=\"2024-09-10T14:14:36+00:00\" \/>\n<meta name=\"twitter:card\" content=\"summary_large_image\" \/>\n<meta name=\"twitter:label1\" content=\"Tempo estimado de leitura\" \/>\n\t<meta name=\"twitter:data1\" content=\"2 minutos\" \/>\n<script type=\"application\/ld+json\" class=\"yoast-schema-graph\">{\"@context\":\"https:\/\/schema.org\",\"@graph\":[{\"@type\":\"WebPage\",\"@id\":\"https:\/\/www.mauditors.com\/pt-pt\/management\/modelo-de-gestao-de-midia\/\",\"url\":\"https:\/\/www.mauditors.com\/pt-pt\/management\/modelo-de-gestao-de-midia\/\",\"name\":\"Modelo de Gest\u00e3o de M\u00eddia - Media Auditors\",\"isPartOf\":{\"@id\":\"https:\/\/www.mauditors.com\/#website\"},\"datePublished\":\"2024-06-25T11:45:44+00:00\",\"dateModified\":\"2024-09-10T14:14:36+00:00\",\"description\":\"El modelo de Gesti\u00f3n de Medios est\u00e1 dise\u00f1ado para establecer roles y responsabilidades entre los involucrados en la actividad de medios.\",\"breadcrumb\":{\"@id\":\"https:\/\/www.mauditors.com\/pt-pt\/management\/modelo-de-gestao-de-midia\/#breadcrumb\"},\"inLanguage\":\"pt-PT\",\"potentialAction\":[{\"@type\":\"ReadAction\",\"target\":[\"https:\/\/www.mauditors.com\/pt-pt\/management\/modelo-de-gestao-de-midia\/\"]}]},{\"@type\":\"BreadcrumbList\",\"@id\":\"https:\/\/www.mauditors.com\/pt-pt\/management\/modelo-de-gestao-de-midia\/#breadcrumb\",\"itemListElement\":[{\"@type\":\"ListItem\",\"position\":1,\"name\":\"Portada\",\"item\":\"https:\/\/www.mauditors.com\/pt-pt\/\"},{\"@type\":\"ListItem\",\"position\":2,\"name\":\"Management\",\"item\":\"https:\/\/www.mauditors.com\/pt-pt\/management\/\"},{\"@type\":\"ListItem\",\"position\":3,\"name\":\"Modelo de Gest\u00e3o de M\u00eddia\"}]},{\"@type\":\"WebSite\",\"@id\":\"https:\/\/www.mauditors.com\/#website\",\"url\":\"https:\/\/www.mauditors.com\/\",\"name\":\"Media Auditors\",\"description\":\"Empresa independiente l\u00edder en auditor\u00eda y consultor\u00eda de medios en Am\u00e9rica Latina\",\"potentialAction\":[{\"@type\":\"SearchAction\",\"target\":{\"@type\":\"EntryPoint\",\"urlTemplate\":\"https:\/\/www.mauditors.com\/?s={search_term_string}\"},\"query-input\":{\"@type\":\"PropertyValueSpecification\",\"valueRequired\":true,\"valueName\":\"search_term_string\"}}],\"inLanguage\":\"pt-PT\"}]}<\/script>\n<!-- \/ Yoast SEO plugin. -->","yoast_head_json":{"title":"Modelo de Gest\u00e3o de M\u00eddia - Media Auditors","description":"El modelo de Gesti\u00f3n de Medios est\u00e1 dise\u00f1ado para establecer roles y responsabilidades entre los involucrados en la actividad de medios.","robots":{"index":"index","follow":"follow","max-snippet":"max-snippet:-1","max-image-preview":"max-image-preview:large","max-video-preview":"max-video-preview:-1"},"canonical":"https:\/\/www.mauditors.com\/pt-pt\/management\/modelo-de-gestao-de-midia\/","og_locale":"pt_PT","og_type":"article","og_title":"Modelo de Gest\u00e3o de M\u00eddia - Media Auditors","og_description":"El modelo de Gesti\u00f3n de Medios est\u00e1 dise\u00f1ado para establecer roles y responsabilidades entre los involucrados en la actividad de medios.","og_url":"https:\/\/www.mauditors.com\/pt-pt\/management\/modelo-de-gestao-de-midia\/","og_site_name":"Media Auditors","article_modified_time":"2024-09-10T14:14:36+00:00","twitter_card":"summary_large_image","twitter_misc":{"Tempo estimado de leitura":"2 minutos"},"schema":{"@context":"https:\/\/schema.org","@graph":[{"@type":"WebPage","@id":"https:\/\/www.mauditors.com\/pt-pt\/management\/modelo-de-gestao-de-midia\/","url":"https:\/\/www.mauditors.com\/pt-pt\/management\/modelo-de-gestao-de-midia\/","name":"Modelo de Gest\u00e3o de M\u00eddia - Media Auditors","isPartOf":{"@id":"https:\/\/www.mauditors.com\/#website"},"datePublished":"2024-06-25T11:45:44+00:00","dateModified":"2024-09-10T14:14:36+00:00","description":"El modelo de Gesti\u00f3n de Medios est\u00e1 dise\u00f1ado para establecer roles y responsabilidades entre los involucrados en la actividad de medios.","breadcrumb":{"@id":"https:\/\/www.mauditors.com\/pt-pt\/management\/modelo-de-gestao-de-midia\/#breadcrumb"},"inLanguage":"pt-PT","potentialAction":[{"@type":"ReadAction","target":["https:\/\/www.mauditors.com\/pt-pt\/management\/modelo-de-gestao-de-midia\/"]}]},{"@type":"BreadcrumbList","@id":"https:\/\/www.mauditors.com\/pt-pt\/management\/modelo-de-gestao-de-midia\/#breadcrumb","itemListElement":[{"@type":"ListItem","position":1,"name":"Portada","item":"https:\/\/www.mauditors.com\/pt-pt\/"},{"@type":"ListItem","position":2,"name":"Management","item":"https:\/\/www.mauditors.com\/pt-pt\/management\/"},{"@type":"ListItem","position":3,"name":"Modelo de Gest\u00e3o de M\u00eddia"}]},{"@type":"WebSite","@id":"https:\/\/www.mauditors.com\/#website","url":"https:\/\/www.mauditors.com\/","name":"Media Auditors","description":"Empresa independiente l\u00edder en auditor\u00eda y consultor\u00eda de medios en Am\u00e9rica Latina","potentialAction":[{"@type":"SearchAction","target":{"@type":"EntryPoint","urlTemplate":"https:\/\/www.mauditors.com\/?s={search_term_string}"},"query-input":{"@type":"PropertyValueSpecification","valueRequired":true,"valueName":"search_term_string"}}],"inLanguage":"pt-PT"}]}},"_links":{"self":[{"href":"https:\/\/www.mauditors.com\/pt-pt\/wp-json\/wp\/v2\/pages\/2339","targetHints":{"allow":["GET"]}}],"collection":[{"href":"https:\/\/www.mauditors.com\/pt-pt\/wp-json\/wp\/v2\/pages"}],"about":[{"href":"https:\/\/www.mauditors.com\/pt-pt\/wp-json\/wp\/v2\/types\/page"}],"author":[{"embeddable":true,"href":"https:\/\/www.mauditors.com\/pt-pt\/wp-json\/wp\/v2\/users\/1"}],"replies":[{"embeddable":true,"href":"https:\/\/www.mauditors.com\/pt-pt\/wp-json\/wp\/v2\/comments?post=2339"}],"version-history":[{"count":7,"href":"https:\/\/www.mauditors.com\/pt-pt\/wp-json\/wp\/v2\/pages\/2339\/revisions"}],"predecessor-version":[{"id":3264,"href":"https:\/\/www.mauditors.com\/pt-pt\/wp-json\/wp\/v2\/pages\/2339\/revisions\/3264"}],"up":[{"embeddable":true,"href":"https:\/\/www.mauditors.com\/pt-pt\/wp-json\/wp\/v2\/pages\/2423"}],"wp:attachment":[{"href":"https:\/\/www.mauditors.com\/pt-pt\/wp-json\/wp\/v2\/media?parent=2339"}],"curies":[{"name":"wp","href":"https:\/\/api.w.org\/{rel}","templated":true}]}}