{"id":2371,"date":"2024-06-25T12:45:59","date_gmt":"2024-06-25T10:45:59","guid":{"rendered":"https:\/\/mauditors.com\/measurement\/informe-de-negociacion\/"},"modified":"2024-09-10T16:00:21","modified_gmt":"2024-09-10T14:00:21","slug":"relatorio-de-negociacao","status":"publish","type":"page","link":"https:\/\/www.mauditors.com\/pt-pt\/measurement\/relatorio-de-negociacao\/","title":{"rendered":"Relat\u00f3rio de Negocia\u00e7\u00e3o"},"content":{"rendered":"<div class=\"wpb-content-wrapper\"><p>[vc_row][vc_column]<div class=\"ult-spacer spacer-69e1e58bab4fb\" data-id=\"69e1e58bab4fb\" data-height=\"75\" data-height-mobile=\"55\" data-height-tab=\"\" data-height-tab-portrait=\"\" data-height-mobile-landscape=\"55\" style=\"clear:both;display:block;\"><\/div>[\/vc_column][\/vc_row][vc_row equal_height=&#8221;yes&#8221;][vc_column width=&#8221;7\/12&#8243; el_class=&#8221;center-section-block&#8221;][vc_wp_text el_class=&#8221;text-default text-uppercase&#8221;]<\/p>\n<h4>measurement<\/h4>\n<p>[\/vc_wp_text][vc_wp_text el_class=&#8221;title-text&#8221;]<\/p>\n<h1><strong>Relat\u00f3rio de Negocia\u00e7\u00e3o<\/strong><\/h1>\n<p>[\/vc_wp_text]<div class=\"ult-spacer spacer-69e1e58bab598\" data-id=\"69e1e58bab598\" data-height=\"35\" data-height-mobile=\"15\" data-height-tab=\"\" data-height-tab-portrait=\"\" data-height-mobile-landscape=\"15\" style=\"clear:both;display:block;\"><\/div>[vc_wp_text el_class=&#8221;boton-section-default&#8221;]<a class=\"boton-default\" href=\"https:\/\/mauditors.com\/pt-pt\/contacto\/\">Entre em contacto<\/a>[\/vc_wp_text][\/vc_column][vc_column width=&#8221;5\/12&#8243; el_class=&#8221;column-brenchmarking&#8221;][vc_single_image image=&#8221;2212&#8243; img_size=&#8221;full&#8221; alignment=&#8221;right&#8221; css=&#8221;&#8221; el_class=&#8221;benchmarking-multimedios-image&#8221;][vc_row_inner el_class=&#8221;position-absolute-left-casi-buttom box-grey-section&#8221; css=&#8221;.vc_custom_1715095165719{background-color: #ececec !important;}&#8221;][vc_column_inner][vc_wp_text el_class=&#8221;subtitle-little-3&#8243;]<\/p>\n<h3>\u201cAn\u00e1lise, estrat\u00e9gia e negocia\u00e7\u00f5es competitivas\u201d<\/h3>\n<p>[\/vc_wp_text][\/vc_column_inner][\/vc_row_inner][\/vc_column][\/vc_row][vc_row][vc_column]<div class=\"ult-spacer spacer-69e1e58bab60f\" data-id=\"69e1e58bab60f\" data-height=\"75\" data-height-mobile=\"75\" data-height-tab=\"75\" data-height-tab-portrait=\"\" data-height-mobile-landscape=\"\" style=\"clear:both;display:block;\"><\/div>[\/vc_column][\/vc_row][vc_row equal_height=&#8221;yes&#8221; content_placement=&#8221;middle&#8221; css=&#8221;.vc_custom_1721996461026{padding-top: 100px !important;padding-bottom: 100px !important;}&#8221;][vc_column width=&#8221;1\/2&#8243;][vc_wp_text el_class=&#8221;title-2&#8243;]<\/p>\n<h3 style=\"max-width: 530px; margin-left: auto; margin-right: auto; text-align: left;\">Descubra todo o potencial<br \/>\nda sua opera\u00e7\u00e3o com<br \/>\nnosso relat\u00f3rio.<\/h3>\n<p>[\/vc_wp_text][\/vc_column][vc_column width=&#8221;1\/2&#8243;][vc_wp_text el_class=&#8221;text-default&#8221;]<\/p>\n<p style=\"max-width: 720px; margin-left: auto; margin-right: auto;\">O relat\u00f3rio de negocia\u00e7\u00e3o oferece informa\u00e7\u00f5es importantes para preparar as negocia\u00e7\u00f5es com a m\u00eddia. \u00c9 a \u00fanica an\u00e1lise que fornece uma vis\u00e3o geral do mercado atual e sua evolu\u00e7\u00e3o ao longo do tempo, mostrando dados reais da infla\u00e7\u00e3o dos pre\u00e7os de compra nos \u00faltimos anos e ao mesmo tempo mostrando uma compara\u00e7\u00e3o com os dados de compra do cliente.<\/p>\n<p>[\/vc_wp_text][\/vc_column][\/vc_row][vc_row][vc_column]<div class=\"ult-spacer spacer-69e1e58bab679\" data-id=\"69e1e58bab679\" data-height=\"75\" data-height-mobile=\"55\" data-height-tab=\"\" data-height-tab-portrait=\"\" data-height-mobile-landscape=\"55\" style=\"clear:both;display:block;\"><\/div>[\/vc_column][\/vc_row][vc_row full_width=&#8221;stretch_row&#8221; full_height=&#8221;yes&#8221; equal_height=&#8221;yes&#8221; css=&#8221;.vc_custom_1721989582169{background-color: rgba(233,233,233,0.5) !important;*background-color: rgb(233,233,233) !important;}&#8221; el_class=&#8221;benchmarking-section-2&#8243;][vc_column][vc_row_inner equal_height=&#8221;yes&#8221; content_placement=&#8221;middle&#8221;][vc_column_inner width=&#8221;1\/2&#8243;][vc_single_image image=&#8221;2903&#8243; img_size=&#8221;full&#8221; css_animation=&#8221;fadeIn&#8221; css=&#8221;&#8221; el_class=&#8221;width-image-bechmaking-2&#8243;][\/vc_column_inner][vc_column_inner width=&#8221;1\/2&#8243;][vc_wp_text el_class=&#8221;title-text-little&#8221;]<\/p>\n<h3>Nosso relat\u00f3rio de negocia\u00e7\u00e3o levar\u00e1 sua estrat\u00e9gia para o pr\u00f3ximo n\u00edvel<\/h3>\n<p>[\/vc_wp_text]<div class=\"ult-spacer spacer-69e1e58bab6d5\" data-id=\"69e1e58bab6d5\" data-height=\"25\" data-height-mobile=\"15\" data-height-tab=\"\" data-height-tab-portrait=\"\" data-height-mobile-landscape=\"15\" style=\"clear:both;display:block;\"><\/div>[vc_wp_text el_class=&#8221;text-default&#8221;]A m\u00eddia representa uma parcela substancial dos gastos nos or\u00e7amentos de marketing da maioria dos anunciantes. Os mercados latino-americanos t\u00eam suas particularidades nesta \u00e1rea, e as negocia\u00e7\u00f5es com os provedores de m\u00eddia podem se tornar um desafio recorrente a cada ano com a quest\u00e3o dos benef\u00edcios e b\u00f4nus. Na Media Auditors contamos com uma equipa especializada que trabalha em estreita colabora\u00e7\u00e3o com os clientes e as suas ag\u00eancias para garantir os melhores resultados, ano ap\u00f3s ano.[\/vc_wp_text][\/vc_column_inner][\/vc_row_inner][\/vc_column][\/vc_row][vc_row full_width=&#8221;stretch_row&#8221; equal_height=&#8221;yes&#8221; css=&#8221;.vc_custom_1721990420876{padding-top: 100px !important;padding-bottom: 100px !important;background-image: url(https:\/\/mauditors.com\/wp-content\/uploads\/2024\/07\/botton1-scaled.jpg?id=1506) !important;background-position: center !important;background-repeat: no-repeat !important;background-size: cover !important;}&#8221;][vc_column el_class=&#8221;image-phone-contact&#8221;][vc_wp_text el_class=&#8221;color-white&#8221;]<\/p>\n<h2 style=\"text-align: center;\"><strong><em>\u00abEscolher o consultor certo, que possua os dados e informa\u00e7\u00f5es mais relevantes, ser\u00e1 fundamental para alcan\u00e7ar melhores resultados\u00bb<\/em><\/strong><\/h2>\n<p>[\/vc_wp_text]<div class=\"ult-spacer spacer-69e1e58bab737\" data-id=\"69e1e58bab737\" data-height=\"45\" data-height-mobile=\"45\" data-height-tab=\"45\" data-height-tab-portrait=\"\" data-height-mobile-landscape=\"\" style=\"clear:both;display:block;\"><\/div>[vc_wp_text]<\/p>\n<p style=\"text-align: center;\"><a class=\"boton-default\" href=\"https:\/\/mauditors.com\/pt-pt\/contacto\/\">Vamos a trabalhar juntos<\/a><\/p>\n<p>[\/vc_wp_text][\/vc_column][\/vc_row][vc_row][vc_column]<div class=\"templatera_shortcode\"><style type=\"text\/css\" data-type=\"vc_shortcodes-custom-css\">.vc_custom_1715087878154{background-color: rgba(233,233,233,0.5) !important;*background-color: rgb(233,233,233) !important;}<\/style><div data-vc-full-width=\"true\" data-vc-full-width-init=\"false\" class=\"vc_row wpb_row vc_row-fluid vc_custom_1715087878154 vc_row-has-fill\"><div class=\"wpb_column vc_column_container vc_col-sm-12\"><div class=\"vc_column-inner\"><div class=\"wpb_wrapper\"><div class=\"ult-spacer spacer-69e1e58baceac\" data-id=\"69e1e58baceac\" data-height=\"55\" data-height-mobile=\"55\" data-height-tab=\"55\" data-height-tab-portrait=\"\" data-height-mobile-landscape=\"\" style=\"clear:both;display:block;\"><\/div><div class=\"ult-spacer spacer-69e1e58bacedc\" data-id=\"69e1e58bacedc\" data-height=\"15\" data-height-mobile=\"5\" data-height-tab=\"\" data-height-tab-portrait=\"\" data-height-mobile-landscape=\"5\" style=\"clear:both;display:block;\"><\/div><div  class=\"vc_wp_text wpb_content_element title-1-big\"><div class=\"widget widget_text\">\t\t\t<div class=\"textwidget\"><p style=\"text-align: center;\">Outros servi\u00e7os<\/p>\n<\/div>\n\t\t<\/div><\/div><div class=\"ult-spacer spacer-69e1e58bad0f3\" data-id=\"69e1e58bad0f3\" data-height=\"15\" data-height-mobile=\"10\" data-height-tab=\"\" data-height-tab-portrait=\"\" data-height-mobile-landscape=\"10\" style=\"clear:both;display:block;\"><\/div><div  class=\"vc_wp_text wpb_content_element text-default\"><div class=\"widget widget_text\">\t\t\t<div class=\"textwidget\"><p style=\"text-align: center; max-width: 530px; margin-left: auto; margin-right: auto;\">Nossos servi\u00e7os s\u00e3o sempre pensados \u200b\u200bpara atender \u00e0s necessidades espec\u00edficas de nossos clientes. Atuamos em tr\u00eas linhas principais: melhorar resultados de forma abrangente, maximizar a efici\u00eancia or\u00e7ament\u00e1ria e fortalecer relacionamentos<\/p>\n<\/div>\n\t\t<\/div><\/div><div class=\"ult-spacer spacer-69e1e58bad251\" data-id=\"69e1e58bad251\" data-height=\"75\" data-height-mobile=\"45\" data-height-tab=\"\" data-height-tab-portrait=\"\" data-height-mobile-landscape=\"45\" style=\"clear:both;display:block;\"><\/div><div class=\"vc_row wpb_row vc_inner vc_row-fluid\"><div class=\"wpb_column vc_column_container vc_col-sm-6\"><div class=\"vc_column-inner\"><div class=\"wpb_wrapper\"><div class='custom-show-section-big'><a class='column-show-section-hover' href='https:\/\/mauditors.com\/pt-pt\/management\/'><div class='custom-show-section cara-1' style='background-image: url(https:\/\/www.mauditors.com\/wp-content\/uploads\/2024\/07\/management_full-scaled.jpg);'><div class='container color-white'><p class='subtitle-text'>BUILD PARTNERSHIPS<\/p><p class='title-otros-servicios'>Management<\/p><\/div><\/div><div class='custom-show-section cara-2'><div class='container'><p class='subtitle-text'>BUILD PARTNERSHIPS<\/p><p class='title-otros-servicios'>Management<\/p><p class='text-otros-servicios'>Como os maiores especialistas do mercado, com a riqueza que os nossos clientes nos proporcionam; Resolvemos problemas e quest\u00f5es relacionadas com o mercado de media, apoiando a estrat\u00e9gia de negocia\u00e7\u00e3o com fornecedores de media, estabelecendo um modelo de remunera\u00e7\u00e3o para a sua ag\u00eancia, compromissos contratuais, defini\u00e7\u00e3o de KPI, gest\u00e3o de concursos de ag\u00eancia, desenvolvimento de contratos, quantifica\u00e7\u00e3o final do fixo, vari\u00e1vel e\/ou taxa de b\u00f4nus para sua ag\u00eancia e outros servi\u00e7os projetados ad hoc para clientes.<\/p><p class='servicios-arrow'><span class='fa-solid fa-arrow-right-long'><\/span><\/p><\/div><\/div><\/a><\/div><div class=\"ult-spacer spacer-69e1e58badb78\" data-id=\"69e1e58badb78\" data-height=\"0\" data-height-mobile=\"25\" data-height-tab=\"\" data-height-tab-portrait=\"\" data-height-mobile-landscape=\"25\" style=\"clear:both;display:block;\"><\/div><\/div><\/div><\/div><div class=\"wpb_column vc_column_container vc_col-sm-6\"><div class=\"vc_column-inner\"><div class=\"wpb_wrapper\"><div class='custom-show-section-big'><a class='column-show-section-hover' href='https:\/\/mauditors.com\/pt-pt\/performance\/'><div class='custom-show-section cara-1' style='background-image: url(https:\/\/www.mauditors.com\/wp-content\/uploads\/2024\/07\/performance_full-scaled.jpg);'><div class='container color-white'><p class='subtitle-text'>BUDGET OPTIMIZATION<\/p><p class='title-otros-servicios'>Perfomance<\/p><\/div><\/div><div class='custom-show-section cara-2'><div class='container'><p class='subtitle-text'>BUDGET OPTIMIZATION<\/p><p class='title-otros-servicios'>Perfomance<\/p><p class='text-otros-servicios'>Como os maiores especialistas do mercado, com a riqueza que os nossos clientes nos proporcionam; Resolvemos problemas e quest\u00f5es relacionadas com o mercado de media, apoiando a estrat\u00e9gia de negocia\u00e7\u00e3o com fornecedores de media, estabelecendo um modelo de remunera\u00e7\u00e3o para a sua ag\u00eancia, compromissos contratuais, defini\u00e7\u00e3o de KPI, gest\u00e3o de concursos de ag\u00eancia, desenvolvimento de contratos, quantifica\u00e7\u00e3o final do fixo, vari\u00e1vel e\/ou taxa de b\u00f4nus para sua ag\u00eancia e outros servi\u00e7os projetados ad hoc para clientes.<\/p><p class='servicios-arrow'><span class='fa-solid fa-arrow-right-long'><\/span><\/p><\/div><\/div><\/a><\/div><\/div><\/div><\/div><\/div><div class=\"ult-spacer spacer-69e1e58bae1d9\" data-id=\"69e1e58bae1d9\" data-height=\"75\" data-height-mobile=\"75\" data-height-tab=\"75\" data-height-tab-portrait=\"\" data-height-mobile-landscape=\"\" style=\"clear:both;display:block;\"><\/div><div  class=\"vc_wp_text wpb_content_element\"><div class=\"widget widget_text\">\t\t\t<div class=\"textwidget\"><p style=\"text-align: center;\"><a class=\"boton-default\" href=\"https:\/\/mauditors.com\/contacto\/\">Contate-nos<\/a><\/p>\n<\/div>\n\t\t<\/div><\/div><div class=\"ult-spacer spacer-69e1e58bae33f\" data-id=\"69e1e58bae33f\" data-height=\"95\" data-height-mobile=\"75\" data-height-tab=\"\" data-height-tab-portrait=\"\" data-height-mobile-landscape=\"75\" style=\"clear:both;display:block;\"><\/div><\/div><\/div><\/div><\/div><div class=\"vc_row-full-width vc_clearfix\"><\/div><\/div>[\/vc_column][\/vc_row]<\/p>\n<\/div>","protected":false},"excerpt":{"rendered":"measurement Relat\u00f3rio de Negocia\u00e7\u00e3o Entre em contacto \u201cAn\u00e1lise, estrat\u00e9gia e negocia\u00e7\u00f5es competitivas\u201d Descubra todo o potencial da sua opera\u00e7\u00e3o com nosso relat\u00f3rio. O relat\u00f3rio de negocia\u00e7\u00e3o oferece informa\u00e7\u00f5es importantes para preparar as negocia\u00e7\u00f5es com a m\u00eddia. \u00c9 a \u00fanica an\u00e1lise que fornece uma vis\u00e3o geral do mercado atual e sua evolu\u00e7\u00e3o ao longo do tempo, [...]","protected":false},"author":1,"featured_media":0,"parent":2348,"menu_order":0,"comment_status":"closed","ping_status":"closed","template":"","meta":{"_acf_changed":false,"footnotes":""},"class_list":["post-2371","page","type-page","status-publish","hentry"],"acf":[],"yoast_head":"<!-- This site is optimized with the Yoast SEO plugin v26.2 - https:\/\/yoast.com\/wordpress\/plugins\/seo\/ -->\n<title>Relat\u00f3rio de Negocia\u00e7\u00e3o - Media Auditors<\/title>\n<meta name=\"description\" content=\"El informe de negociaci\u00f3n ofrece un panorama del mercado actual y su evoluci\u00f3n en el tiempo. Clave para la negociacion con los medios.\u00a0\" \/>\n<meta name=\"robots\" content=\"index, follow, max-snippet:-1, max-image-preview:large, max-video-preview:-1\" \/>\n<link rel=\"canonical\" href=\"https:\/\/www.mauditors.com\/pt-pt\/measurement\/relatorio-de-negociacao\/\" \/>\n<meta property=\"og:locale\" content=\"pt_PT\" \/>\n<meta property=\"og:type\" content=\"article\" \/>\n<meta property=\"og:title\" content=\"Relat\u00f3rio de Negocia\u00e7\u00e3o - Media Auditors\" \/>\n<meta property=\"og:description\" content=\"El informe de negociaci\u00f3n ofrece un panorama del mercado actual y su evoluci\u00f3n en el tiempo. Clave para la negociacion con los medios.\u00a0\" \/>\n<meta property=\"og:url\" content=\"https:\/\/www.mauditors.com\/pt-pt\/measurement\/relatorio-de-negociacao\/\" \/>\n<meta property=\"og:site_name\" content=\"Media Auditors\" \/>\n<meta property=\"article:modified_time\" content=\"2024-09-10T14:00:21+00:00\" \/>\n<meta name=\"twitter:card\" content=\"summary_large_image\" \/>\n<meta name=\"twitter:label1\" content=\"Tempo estimado de leitura\" \/>\n\t<meta name=\"twitter:data1\" content=\"2 minutos\" \/>\n<script type=\"application\/ld+json\" class=\"yoast-schema-graph\">{\"@context\":\"https:\/\/schema.org\",\"@graph\":[{\"@type\":\"WebPage\",\"@id\":\"https:\/\/www.mauditors.com\/pt-pt\/measurement\/relatorio-de-negociacao\/\",\"url\":\"https:\/\/www.mauditors.com\/pt-pt\/measurement\/relatorio-de-negociacao\/\",\"name\":\"Relat\u00f3rio de Negocia\u00e7\u00e3o - Media Auditors\",\"isPartOf\":{\"@id\":\"https:\/\/www.mauditors.com\/#website\"},\"datePublished\":\"2024-06-25T10:45:59+00:00\",\"dateModified\":\"2024-09-10T14:00:21+00:00\",\"description\":\"El informe de negociaci\u00f3n ofrece un panorama del mercado actual y su evoluci\u00f3n en el tiempo. Clave para la negociacion con los medios.\u00a0\",\"breadcrumb\":{\"@id\":\"https:\/\/www.mauditors.com\/pt-pt\/measurement\/relatorio-de-negociacao\/#breadcrumb\"},\"inLanguage\":\"pt-PT\",\"potentialAction\":[{\"@type\":\"ReadAction\",\"target\":[\"https:\/\/www.mauditors.com\/pt-pt\/measurement\/relatorio-de-negociacao\/\"]}]},{\"@type\":\"BreadcrumbList\",\"@id\":\"https:\/\/www.mauditors.com\/pt-pt\/measurement\/relatorio-de-negociacao\/#breadcrumb\",\"itemListElement\":[{\"@type\":\"ListItem\",\"position\":1,\"name\":\"Portada\",\"item\":\"https:\/\/www.mauditors.com\/pt-pt\/\"},{\"@type\":\"ListItem\",\"position\":2,\"name\":\"Measurement\",\"item\":\"https:\/\/www.mauditors.com\/pt-pt\/measurement\/\"},{\"@type\":\"ListItem\",\"position\":3,\"name\":\"Relat\u00f3rio de Negocia\u00e7\u00e3o\"}]},{\"@type\":\"WebSite\",\"@id\":\"https:\/\/www.mauditors.com\/#website\",\"url\":\"https:\/\/www.mauditors.com\/\",\"name\":\"Media Auditors\",\"description\":\"Empresa independiente l\u00edder en auditor\u00eda y consultor\u00eda de medios en Am\u00e9rica Latina\",\"potentialAction\":[{\"@type\":\"SearchAction\",\"target\":{\"@type\":\"EntryPoint\",\"urlTemplate\":\"https:\/\/www.mauditors.com\/?s={search_term_string}\"},\"query-input\":{\"@type\":\"PropertyValueSpecification\",\"valueRequired\":true,\"valueName\":\"search_term_string\"}}],\"inLanguage\":\"pt-PT\"}]}<\/script>\n<!-- \/ Yoast SEO plugin. -->","yoast_head_json":{"title":"Relat\u00f3rio de Negocia\u00e7\u00e3o - Media Auditors","description":"El informe de negociaci\u00f3n ofrece un panorama del mercado actual y su evoluci\u00f3n en el tiempo. Clave para la negociacion con los medios.\u00a0","robots":{"index":"index","follow":"follow","max-snippet":"max-snippet:-1","max-image-preview":"max-image-preview:large","max-video-preview":"max-video-preview:-1"},"canonical":"https:\/\/www.mauditors.com\/pt-pt\/measurement\/relatorio-de-negociacao\/","og_locale":"pt_PT","og_type":"article","og_title":"Relat\u00f3rio de Negocia\u00e7\u00e3o - Media Auditors","og_description":"El informe de negociaci\u00f3n ofrece un panorama del mercado actual y su evoluci\u00f3n en el tiempo. Clave para la negociacion con los medios.\u00a0","og_url":"https:\/\/www.mauditors.com\/pt-pt\/measurement\/relatorio-de-negociacao\/","og_site_name":"Media Auditors","article_modified_time":"2024-09-10T14:00:21+00:00","twitter_card":"summary_large_image","twitter_misc":{"Tempo estimado de leitura":"2 minutos"},"schema":{"@context":"https:\/\/schema.org","@graph":[{"@type":"WebPage","@id":"https:\/\/www.mauditors.com\/pt-pt\/measurement\/relatorio-de-negociacao\/","url":"https:\/\/www.mauditors.com\/pt-pt\/measurement\/relatorio-de-negociacao\/","name":"Relat\u00f3rio de Negocia\u00e7\u00e3o - Media Auditors","isPartOf":{"@id":"https:\/\/www.mauditors.com\/#website"},"datePublished":"2024-06-25T10:45:59+00:00","dateModified":"2024-09-10T14:00:21+00:00","description":"El informe de negociaci\u00f3n ofrece un panorama del mercado actual y su evoluci\u00f3n en el tiempo. Clave para la negociacion con los medios.\u00a0","breadcrumb":{"@id":"https:\/\/www.mauditors.com\/pt-pt\/measurement\/relatorio-de-negociacao\/#breadcrumb"},"inLanguage":"pt-PT","potentialAction":[{"@type":"ReadAction","target":["https:\/\/www.mauditors.com\/pt-pt\/measurement\/relatorio-de-negociacao\/"]}]},{"@type":"BreadcrumbList","@id":"https:\/\/www.mauditors.com\/pt-pt\/measurement\/relatorio-de-negociacao\/#breadcrumb","itemListElement":[{"@type":"ListItem","position":1,"name":"Portada","item":"https:\/\/www.mauditors.com\/pt-pt\/"},{"@type":"ListItem","position":2,"name":"Measurement","item":"https:\/\/www.mauditors.com\/pt-pt\/measurement\/"},{"@type":"ListItem","position":3,"name":"Relat\u00f3rio de Negocia\u00e7\u00e3o"}]},{"@type":"WebSite","@id":"https:\/\/www.mauditors.com\/#website","url":"https:\/\/www.mauditors.com\/","name":"Media Auditors","description":"Empresa independiente l\u00edder en auditor\u00eda y consultor\u00eda de medios en Am\u00e9rica Latina","potentialAction":[{"@type":"SearchAction","target":{"@type":"EntryPoint","urlTemplate":"https:\/\/www.mauditors.com\/?s={search_term_string}"},"query-input":{"@type":"PropertyValueSpecification","valueRequired":true,"valueName":"search_term_string"}}],"inLanguage":"pt-PT"}]}},"_links":{"self":[{"href":"https:\/\/www.mauditors.com\/pt-pt\/wp-json\/wp\/v2\/pages\/2371","targetHints":{"allow":["GET"]}}],"collection":[{"href":"https:\/\/www.mauditors.com\/pt-pt\/wp-json\/wp\/v2\/pages"}],"about":[{"href":"https:\/\/www.mauditors.com\/pt-pt\/wp-json\/wp\/v2\/types\/page"}],"author":[{"embeddable":true,"href":"https:\/\/www.mauditors.com\/pt-pt\/wp-json\/wp\/v2\/users\/1"}],"replies":[{"embeddable":true,"href":"https:\/\/www.mauditors.com\/pt-pt\/wp-json\/wp\/v2\/comments?post=2371"}],"version-history":[{"count":8,"href":"https:\/\/www.mauditors.com\/pt-pt\/wp-json\/wp\/v2\/pages\/2371\/revisions"}],"predecessor-version":[{"id":3279,"href":"https:\/\/www.mauditors.com\/pt-pt\/wp-json\/wp\/v2\/pages\/2371\/revisions\/3279"}],"up":[{"embeddable":true,"href":"https:\/\/www.mauditors.com\/pt-pt\/wp-json\/wp\/v2\/pages\/2348"}],"wp:attachment":[{"href":"https:\/\/www.mauditors.com\/pt-pt\/wp-json\/wp\/v2\/media?parent=2371"}],"curies":[{"name":"wp","href":"https:\/\/api.w.org\/{rel}","templated":true}]}}