{"id":2389,"date":"2024-06-25T13:49:05","date_gmt":"2024-06-25T11:49:05","guid":{"rendered":"https:\/\/mauditors.com\/performance\/auditoria-paid-social\/"},"modified":"2024-09-10T16:28:23","modified_gmt":"2024-09-10T14:28:23","slug":"auditoria-de-paid-social-media","status":"publish","type":"page","link":"https:\/\/www.mauditors.com\/pt-pt\/performance\/auditoria-de-paid-social-media\/","title":{"rendered":"Auditoria de Paid Social Media"},"content":{"rendered":"<div class=\"wpb-content-wrapper\"><p>[vc_row][vc_column]<div class=\"ult-spacer spacer-69f76e6a838eb\" data-id=\"69f76e6a838eb\" data-height=\"75\" data-height-mobile=\"55\" data-height-tab=\"\" data-height-tab-portrait=\"\" data-height-mobile-landscape=\"55\" style=\"clear:both;display:block;\"><\/div>[\/vc_column][\/vc_row][vc_row equal_height=&#8221;yes&#8221;][vc_column width=&#8221;7\/12&#8243; el_class=&#8221;center-section-block&#8221;][vc_wp_text el_class=&#8221;text-default text-uppercase&#8221;]PERFORMANCE[\/vc_wp_text][vc_wp_text el_class=&#8221;title-text&#8221;]<\/p>\n<h1>Auditoria de<br \/>\nPaid Social Media<\/h1>\n<p>[\/vc_wp_text]<div class=\"ult-spacer spacer-69f76e6a8394d\" data-id=\"69f76e6a8394d\" data-height=\"35\" data-height-mobile=\"35\" data-height-tab=\"35\" data-height-tab-portrait=\"\" data-height-mobile-landscape=\"\" style=\"clear:both;display:block;\"><\/div>[vc_wp_text el_class=&#8221;boton-section-default&#8221;]<a class=\"boton-default\" href=\"https:\/\/mauditors.com\/pt-pt\/contacto\/\">Entre em contacto<\/a>[\/vc_wp_text][\/vc_column][vc_column width=&#8221;5\/12&#8243; el_class=&#8221;column-brenchmarking&#8221;][vc_single_image image=&#8221;2301&#8243; img_size=&#8221;full&#8221; alignment=&#8221;right&#8221; css=&#8221;&#8221; el_class=&#8221;benchmarking-multimedios-image&#8221;][vc_row_inner el_class=&#8221;position-absolute-left-casi-buttom box-grey-section&#8221; css=&#8221;.vc_custom_1715095165719{background-color: #ececec !important;}&#8221;][vc_column_inner][vc_wp_text el_class=&#8221;subtitle-little-3&#8243;]<\/p>\n<h3>&#8220;Impulsione seus resultados nas redes sociais&#8221;<\/h3>\n<p>[\/vc_wp_text][\/vc_column_inner][\/vc_row_inner][\/vc_column][\/vc_row][vc_row][vc_column]<div class=\"ult-spacer spacer-69f76e6a8399a\" data-id=\"69f76e6a8399a\" data-height=\"125\" data-height-mobile=\"125\" data-height-tab=\"125\" data-height-tab-portrait=\"\" data-height-mobile-landscape=\"\" style=\"clear:both;display:block;\"><\/div>[\/vc_column][\/vc_row][vc_row equal_height=&#8221;yes&#8221; content_placement=&#8221;middle&#8221;][vc_column width=&#8221;1\/2&#8243;][vc_wp_text el_class=&#8221;title-2&#8243;]<\/p>\n<h3><b>Nosso objetivo \u00e9 revisar a efici\u00eancia dos processos de planejamento e monitoramento entre o cliente e a ag\u00eancia<\/b><span style=\"font-weight: 400;\">\u00a0<\/span><\/h3>\n<p>[\/vc_wp_text][\/vc_column][vc_column width=&#8221;1\/2&#8243;][vc_wp_text el_class=&#8221;text-default&#8221;]<span style=\"font-weight: 400;\">O servi\u00e7o de Auditoria de M\u00eddia Social Paga da Media Auditors \u00e9 projetado para fornecer uma avalia\u00e7\u00e3o abrangente dos resultados de uma campanha selecionada pelo cliente. O objetivo \u00e9 revisar a efici\u00eancia dos processos de planejamento e monitoramento entre o cliente e a ag\u00eancia, identificando pontos de melhoria para futuras campanhas. Com esta auditoria, o cliente obt\u00e9m uma vis\u00e3o clara dos pontos fortes e das \u00e1reas de melhoria da equipe da ag\u00eancia, garantindo uma gest\u00e3o otimizada do or\u00e7amento e o alcance dos objetivos definidos. Este servi\u00e7o proporciona um maior controle ao acompanhar os resultados das campanhas mais relevantes, verificando os resultados auditados e oferecendo uma avalia\u00e7\u00e3o abrangente que proporciona uma vis\u00e3o 360\u00ba de todos os aspectos das campanhas.<\/span>[\/vc_wp_text][\/vc_column][\/vc_row][vc_row][vc_column]<div class=\"ult-spacer spacer-69f76e6a839e7\" data-id=\"69f76e6a839e7\" data-height=\"125\" data-height-mobile=\"55\" data-height-tab=\"\" data-height-tab-portrait=\"\" data-height-mobile-landscape=\"55\" style=\"clear:both;display:block;\"><\/div>[\/vc_column][\/vc_row][vc_row full_width=&#8221;stretch_row&#8221; full_height=&#8221;yes&#8221; equal_height=&#8221;yes&#8221; css=&#8221;.vc_custom_1721986505851{background-color: rgba(233,233,233,0.5) !important;*background-color: rgb(233,233,233) !important;}&#8221; el_class=&#8221;benchmarking-section-2&#8243;][vc_column css=&#8221;.vc_custom_1721986559713{padding-top: 100px !important;padding-bottom: 100px !important;}&#8221;][vc_row_inner equal_height=&#8221;yes&#8221;][vc_column_inner width=&#8221;1\/2&#8243; css=&#8221;.vc_custom_1721986708858{padding-top: 100px !important;}&#8221;][vc_single_image image=&#8221;2918&#8243; img_size=&#8221;full&#8221; css=&#8221;.vc_custom_1724921590001{margin-bottom: 0px !important;}&#8221; el_class=&#8221;width-image-bechmaking-2&#8243;][\/vc_column_inner][vc_column_inner width=&#8221;1\/2&#8243;][vc_wp_text el_class=&#8221;title-text-little&#8221;]Um Processo Estruturado e Eficiente<span style=\"font-weight: 400;\">\u00a0<\/span>[\/vc_wp_text]<div class=\"ult-spacer spacer-69f76e6a83a29\" data-id=\"69f76e6a83a29\" data-height=\"25\" data-height-mobile=\"15\" data-height-tab=\"\" data-height-tab-portrait=\"\" data-height-mobile-landscape=\"15\" style=\"clear:both;display:block;\"><\/div>[vc_wp_text el_class=&#8221;text-default&#8221;]<span style=\"font-weight: 400;\">O processo de auditoria inclui uma fase de pr\u00e9-trabalho tanto para o cliente quanto para a ag\u00eancia, onde os dados s\u00e3o revisados e os passos seguidos durante a campanha s\u00e3o analisados. Aspectos como as necessidades e objetivos da comunica\u00e7\u00e3o, cria\u00e7\u00e3o e valida\u00e7\u00e3o do plano de m\u00eddia, e o relat\u00f3rio de resultados s\u00e3o avaliados. Al\u00e9m disso, KPIs prim\u00e1rios e secund\u00e1rios definidos no planejamento da campanha s\u00e3o analisados, proporcionando insights e aprendizados valiosos.<\/span><\/p>\n<p>&nbsp;<\/p>\n<p><b>Avaliamos o Funil de Marketing<\/b><span style=\"font-weight: 400;\">\u00a0<\/span><\/p>\n<p><span style=\"font-weight: 400;\">Come\u00e7ando pela fase de conscientiza\u00e7\u00e3o para medir as impress\u00f5es e visitas ao site geradas pela campanha. Em seguida, analisamos a fase de considera\u00e7\u00e3o observando a qualidade dos leads obtidos e como eles se convertem em oportunidades de neg\u00f3cios. Finalmente, o desempenho geral da campanha \u00e9 estudado para garantir que todos os objetivos sejam efetivamente alcan\u00e7ados. <\/span>[\/vc_wp_text][\/vc_column_inner][\/vc_row_inner][\/vc_column][\/vc_row][vc_row full_width=&#8221;stretch_row&#8221; equal_height=&#8221;yes&#8221; css=&#8221;.vc_custom_1720022598462{background-image: url(https:\/\/mauditors.com\/wp-content\/uploads\/2024\/07\/botton1-scaled.jpg?id=1506) !important;background-position: center !important;background-repeat: no-repeat !important;background-size: cover !important;}&#8221;][vc_column el_class=&#8221;image-phone-contact&#8221;]<div class=\"ult-spacer spacer-69f76e6a83a6d\" data-id=\"69f76e6a83a6d\" data-height=\"75\" data-height-mobile=\"65\" data-height-tab=\"\" data-height-tab-portrait=\"\" data-height-mobile-landscape=\"65\" style=\"clear:both;display:block;\"><\/div>[vc_wp_text el_class=&#8221;color-white&#8221;]<\/p>\n<h2 style=\"text-align: center;\"><strong><em>\u00abAvaliamos e melhoramos a efici\u00eancia e os resultados do seu investimento em publicidade\u00bb<\/em><\/strong><\/h2>\n<p>[\/vc_wp_text]<div class=\"ult-spacer spacer-69f76e6a83aa5\" data-id=\"69f76e6a83aa5\" data-height=\"45\" data-height-mobile=\"45\" data-height-tab=\"45\" data-height-tab-portrait=\"\" data-height-mobile-landscape=\"\" style=\"clear:both;display:block;\"><\/div>[vc_wp_text]<\/p>\n<p style=\"text-align: center;\"><a class=\"boton-default\" href=\"https:\/\/mauditors.com\/pt-pt\/contacto\/\">Vamos trabalhar juntos<\/a><\/p>\n<p>[\/vc_wp_text]<div class=\"ult-spacer spacer-69f76e6a83ad7\" data-id=\"69f76e6a83ad7\" data-height=\"95\" data-height-mobile=\"75\" data-height-tab=\"\" data-height-tab-portrait=\"\" data-height-mobile-landscape=\"75\" style=\"clear:both;display:block;\"><\/div>[\/vc_column][\/vc_row][vc_row][vc_column]<div class=\"templatera_shortcode\"><style type=\"text\/css\" data-type=\"vc_shortcodes-custom-css\">.vc_custom_1715087878154{background-color: rgba(233,233,233,0.5) !important;*background-color: rgb(233,233,233) !important;}<\/style><div data-vc-full-width=\"true\" data-vc-full-width-init=\"false\" class=\"vc_row wpb_row vc_row-fluid vc_custom_1715087878154 vc_row-has-fill\"><div class=\"wpb_column vc_column_container vc_col-sm-12\"><div class=\"vc_column-inner\"><div class=\"wpb_wrapper\"><div class=\"ult-spacer spacer-69f76e6a84b9c\" data-id=\"69f76e6a84b9c\" data-height=\"55\" data-height-mobile=\"55\" data-height-tab=\"55\" data-height-tab-portrait=\"\" data-height-mobile-landscape=\"\" style=\"clear:both;display:block;\"><\/div><div class=\"ult-spacer spacer-69f76e6a84bdd\" data-id=\"69f76e6a84bdd\" data-height=\"15\" data-height-mobile=\"5\" data-height-tab=\"\" data-height-tab-portrait=\"\" data-height-mobile-landscape=\"5\" style=\"clear:both;display:block;\"><\/div><div  class=\"vc_wp_text wpb_content_element title-1-big\"><div class=\"widget widget_text\">\t\t\t<div class=\"textwidget\"><p style=\"text-align: center;\">Outros servi\u00e7os<\/p>\n<\/div>\n\t\t<\/div><\/div><div class=\"ult-spacer spacer-69f76e6a84d91\" data-id=\"69f76e6a84d91\" data-height=\"15\" data-height-mobile=\"10\" data-height-tab=\"\" data-height-tab-portrait=\"\" data-height-mobile-landscape=\"10\" style=\"clear:both;display:block;\"><\/div><div  class=\"vc_wp_text wpb_content_element text-default\"><div class=\"widget widget_text\">\t\t\t<div class=\"textwidget\"><p style=\"text-align: center; max-width: 530px; margin-left: auto; margin-right: auto;\">Nossos servi\u00e7os s\u00e3o sempre pensados \u200b\u200bpara atender \u00e0s necessidades espec\u00edficas de nossos clientes. Atuamos em tr\u00eas linhas principais: melhorar resultados de forma abrangente, maximizar a efici\u00eancia or\u00e7ament\u00e1ria e fortalecer relacionamentos<\/p>\n<\/div>\n\t\t<\/div><\/div><div class=\"ult-spacer spacer-69f76e6a84ec6\" data-id=\"69f76e6a84ec6\" data-height=\"75\" data-height-mobile=\"45\" data-height-tab=\"\" data-height-tab-portrait=\"\" data-height-mobile-landscape=\"45\" style=\"clear:both;display:block;\"><\/div><div class=\"vc_row wpb_row vc_inner vc_row-fluid\"><div class=\"wpb_column vc_column_container vc_col-sm-6\"><div class=\"vc_column-inner\"><div class=\"wpb_wrapper\"><div class='custom-show-section-big'><a class='column-show-section-hover' href='https:\/\/mauditors.com\/pt-pt\/management\/'><div class='custom-show-section cara-1' style='background-image: url(https:\/\/www.mauditors.com\/wp-content\/uploads\/2024\/07\/management_full-scaled.jpg);'><div class='container color-white'><p class='subtitle-text'>BUILD PARTNERSHIPS<\/p><p class='title-otros-servicios'>Management<\/p><\/div><\/div><div class='custom-show-section cara-2'><div class='container'><p class='subtitle-text'>BUILD PARTNERSHIPS<\/p><p class='title-otros-servicios'>Management<\/p><p class='text-otros-servicios'>Como os maiores especialistas do mercado, com a riqueza que os nossos clientes nos proporcionam; Resolvemos problemas e quest\u00f5es relacionadas com o mercado de media, apoiando a estrat\u00e9gia de negocia\u00e7\u00e3o com fornecedores de media, estabelecendo um modelo de remunera\u00e7\u00e3o para a sua ag\u00eancia, compromissos contratuais, defini\u00e7\u00e3o de KPI, gest\u00e3o de concursos de ag\u00eancia, desenvolvimento de contratos, quantifica\u00e7\u00e3o final do fixo, vari\u00e1vel e\/ou taxa de b\u00f4nus para sua ag\u00eancia e outros servi\u00e7os projetados ad hoc para clientes.<\/p><p class='servicios-arrow'><span class='fa-solid fa-arrow-right-long'><\/span><\/p><\/div><\/div><\/a><\/div><div class=\"ult-spacer spacer-69f76e6a85592\" data-id=\"69f76e6a85592\" data-height=\"0\" data-height-mobile=\"25\" data-height-tab=\"\" data-height-tab-portrait=\"\" data-height-mobile-landscape=\"25\" style=\"clear:both;display:block;\"><\/div><\/div><\/div><\/div><div class=\"wpb_column vc_column_container vc_col-sm-6\"><div class=\"vc_column-inner\"><div class=\"wpb_wrapper\"><div class='custom-show-section-big'><a class='column-show-section-hover' href='https:\/\/mauditors.com\/pt-pt\/measurement\/'><div class='custom-show-section cara-1' style='background-image: url(https:\/\/www.mauditors.com\/wp-content\/uploads\/2024\/07\/measurement_full-scaled.jpg);'><div class='container color-white'><p class='subtitle-text'>BUDGET OPTIMIZATION<\/p><p class='title-otros-servicios'>Measurement<\/p><\/div><\/div><div class='custom-show-section cara-2'><div class='container'><p class='subtitle-text'>BUDGET OPTIMIZATION<\/p><p class='title-otros-servicios'>Measurement<\/p><p class='text-otros-servicios'>Os objetivos dos nossos servi\u00e7os s\u00e3o avaliar o desempenho do planejamento e compra de m\u00eddia da ag\u00eancia em compara\u00e7\u00e3o ao mercado. Com base num conjunto extenso e representativo de clientes, a Media Auditors elabora uma an\u00e1lise detalhada que identifica poupan\u00e7as obtidas e oportunidades de melhoria tanto nas compras online como offline do anunciante.<\/p><p class='servicios-arrow'><span class='fa-solid fa-arrow-right-long'><\/span><\/p><\/div><\/div><\/a><\/div><\/div><\/div><\/div><\/div><div class=\"ult-spacer spacer-69f76e6a85a27\" data-id=\"69f76e6a85a27\" data-height=\"75\" data-height-mobile=\"75\" data-height-tab=\"75\" data-height-tab-portrait=\"\" data-height-mobile-landscape=\"\" style=\"clear:both;display:block;\"><\/div><div  class=\"vc_wp_text wpb_content_element\"><div class=\"widget widget_text\">\t\t\t<div class=\"textwidget\"><p style=\"text-align: center;\"><a class=\"boton-default\" href=\"https:\/\/mauditors.com\/pt-pt\/contacto\/\">Contate-nos<\/a><\/p>\n<p>\u00a0<\/p>\n<\/div>\n\t\t<\/div><\/div><div class=\"ult-spacer spacer-69f76e6a85b91\" data-id=\"69f76e6a85b91\" data-height=\"95\" data-height-mobile=\"75\" data-height-tab=\"\" data-height-tab-portrait=\"\" data-height-mobile-landscape=\"75\" style=\"clear:both;display:block;\"><\/div><\/div><\/div><\/div><\/div><div class=\"vc_row-full-width vc_clearfix\"><\/div><\/div>[\/vc_column][\/vc_row]<\/p>\n<\/div>","protected":false},"excerpt":{"rendered":"PERFORMANCE Auditoria de Paid Social Media Entre em contacto \"Impulsione seus resultados nas redes sociais\" Nosso objetivo \u00e9 revisar a efici\u00eancia dos processos de planejamento e monitoramento entre o cliente e a ag\u00eancia\u00a0 O servi\u00e7o de Auditoria de M\u00eddia Social Paga da Media Auditors \u00e9 projetado para fornecer uma avalia\u00e7\u00e3o abrangente dos resultados de uma [...]","protected":false},"author":1,"featured_media":0,"parent":2376,"menu_order":0,"comment_status":"closed","ping_status":"closed","template":"","meta":{"_acf_changed":false,"footnotes":""},"class_list":["post-2389","page","type-page","status-publish","hentry"],"acf":[],"yoast_head":"<!-- This site is optimized with the Yoast SEO plugin v26.2 - https:\/\/yoast.com\/wordpress\/plugins\/seo\/ -->\n<title>Auditoria de Paid Social Media - Media Auditors<\/title>\n<meta name=\"description\" content=\"La Auditor\u00eda Paid Social est\u00e1 dise\u00f1ada para brindar una evaluaci\u00f3n exhaustiva de los resultados de las campa\u00f1as en redes sociales.\" \/>\n<meta name=\"robots\" content=\"index, follow, max-snippet:-1, max-image-preview:large, max-video-preview:-1\" \/>\n<link rel=\"canonical\" href=\"https:\/\/www.mauditors.com\/pt-pt\/performance\/auditoria-de-paid-social-media\/\" \/>\n<meta property=\"og:locale\" content=\"pt_PT\" \/>\n<meta property=\"og:type\" content=\"article\" \/>\n<meta property=\"og:title\" content=\"Auditoria de Paid Social Media - Media Auditors\" \/>\n<meta property=\"og:description\" content=\"La Auditor\u00eda Paid Social est\u00e1 dise\u00f1ada para brindar una evaluaci\u00f3n exhaustiva de los resultados de las campa\u00f1as en redes sociales.\" \/>\n<meta property=\"og:url\" content=\"https:\/\/www.mauditors.com\/pt-pt\/performance\/auditoria-de-paid-social-media\/\" \/>\n<meta property=\"og:site_name\" content=\"Media Auditors\" \/>\n<meta property=\"article:modified_time\" content=\"2024-09-10T14:28:23+00:00\" \/>\n<meta name=\"twitter:card\" content=\"summary_large_image\" \/>\n<meta name=\"twitter:label1\" content=\"Tempo estimado de leitura\" \/>\n\t<meta name=\"twitter:data1\" content=\"2 minutos\" \/>\n<script type=\"application\/ld+json\" class=\"yoast-schema-graph\">{\"@context\":\"https:\/\/schema.org\",\"@graph\":[{\"@type\":\"WebPage\",\"@id\":\"https:\/\/www.mauditors.com\/pt-pt\/performance\/auditoria-de-paid-social-media\/\",\"url\":\"https:\/\/www.mauditors.com\/pt-pt\/performance\/auditoria-de-paid-social-media\/\",\"name\":\"Auditoria de Paid Social Media - Media Auditors\",\"isPartOf\":{\"@id\":\"https:\/\/www.mauditors.com\/#website\"},\"datePublished\":\"2024-06-25T11:49:05+00:00\",\"dateModified\":\"2024-09-10T14:28:23+00:00\",\"description\":\"La Auditor\u00eda Paid Social est\u00e1 dise\u00f1ada para brindar una evaluaci\u00f3n exhaustiva de los resultados de las campa\u00f1as en redes sociales.\",\"breadcrumb\":{\"@id\":\"https:\/\/www.mauditors.com\/pt-pt\/performance\/auditoria-de-paid-social-media\/#breadcrumb\"},\"inLanguage\":\"pt-PT\",\"potentialAction\":[{\"@type\":\"ReadAction\",\"target\":[\"https:\/\/www.mauditors.com\/pt-pt\/performance\/auditoria-de-paid-social-media\/\"]}]},{\"@type\":\"BreadcrumbList\",\"@id\":\"https:\/\/www.mauditors.com\/pt-pt\/performance\/auditoria-de-paid-social-media\/#breadcrumb\",\"itemListElement\":[{\"@type\":\"ListItem\",\"position\":1,\"name\":\"Portada\",\"item\":\"https:\/\/www.mauditors.com\/pt-pt\/\"},{\"@type\":\"ListItem\",\"position\":2,\"name\":\"Performance\",\"item\":\"https:\/\/www.mauditors.com\/pt-pt\/performance\/\"},{\"@type\":\"ListItem\",\"position\":3,\"name\":\"Auditoria de Paid Social Media\"}]},{\"@type\":\"WebSite\",\"@id\":\"https:\/\/www.mauditors.com\/#website\",\"url\":\"https:\/\/www.mauditors.com\/\",\"name\":\"Media Auditors\",\"description\":\"Empresa independiente l\u00edder en auditor\u00eda y consultor\u00eda de medios en Am\u00e9rica Latina\",\"potentialAction\":[{\"@type\":\"SearchAction\",\"target\":{\"@type\":\"EntryPoint\",\"urlTemplate\":\"https:\/\/www.mauditors.com\/?s={search_term_string}\"},\"query-input\":{\"@type\":\"PropertyValueSpecification\",\"valueRequired\":true,\"valueName\":\"search_term_string\"}}],\"inLanguage\":\"pt-PT\"}]}<\/script>\n<!-- \/ Yoast SEO plugin. -->","yoast_head_json":{"title":"Auditoria de Paid Social Media - Media Auditors","description":"La Auditor\u00eda Paid Social est\u00e1 dise\u00f1ada para brindar una evaluaci\u00f3n exhaustiva de los resultados de las campa\u00f1as en redes sociales.","robots":{"index":"index","follow":"follow","max-snippet":"max-snippet:-1","max-image-preview":"max-image-preview:large","max-video-preview":"max-video-preview:-1"},"canonical":"https:\/\/www.mauditors.com\/pt-pt\/performance\/auditoria-de-paid-social-media\/","og_locale":"pt_PT","og_type":"article","og_title":"Auditoria de Paid Social Media - Media Auditors","og_description":"La Auditor\u00eda Paid Social est\u00e1 dise\u00f1ada para brindar una evaluaci\u00f3n exhaustiva de los resultados de las campa\u00f1as en redes sociales.","og_url":"https:\/\/www.mauditors.com\/pt-pt\/performance\/auditoria-de-paid-social-media\/","og_site_name":"Media Auditors","article_modified_time":"2024-09-10T14:28:23+00:00","twitter_card":"summary_large_image","twitter_misc":{"Tempo estimado de leitura":"2 minutos"},"schema":{"@context":"https:\/\/schema.org","@graph":[{"@type":"WebPage","@id":"https:\/\/www.mauditors.com\/pt-pt\/performance\/auditoria-de-paid-social-media\/","url":"https:\/\/www.mauditors.com\/pt-pt\/performance\/auditoria-de-paid-social-media\/","name":"Auditoria de Paid Social Media - Media Auditors","isPartOf":{"@id":"https:\/\/www.mauditors.com\/#website"},"datePublished":"2024-06-25T11:49:05+00:00","dateModified":"2024-09-10T14:28:23+00:00","description":"La Auditor\u00eda Paid Social est\u00e1 dise\u00f1ada para brindar una evaluaci\u00f3n exhaustiva de los resultados de las campa\u00f1as en redes sociales.","breadcrumb":{"@id":"https:\/\/www.mauditors.com\/pt-pt\/performance\/auditoria-de-paid-social-media\/#breadcrumb"},"inLanguage":"pt-PT","potentialAction":[{"@type":"ReadAction","target":["https:\/\/www.mauditors.com\/pt-pt\/performance\/auditoria-de-paid-social-media\/"]}]},{"@type":"BreadcrumbList","@id":"https:\/\/www.mauditors.com\/pt-pt\/performance\/auditoria-de-paid-social-media\/#breadcrumb","itemListElement":[{"@type":"ListItem","position":1,"name":"Portada","item":"https:\/\/www.mauditors.com\/pt-pt\/"},{"@type":"ListItem","position":2,"name":"Performance","item":"https:\/\/www.mauditors.com\/pt-pt\/performance\/"},{"@type":"ListItem","position":3,"name":"Auditoria de Paid Social Media"}]},{"@type":"WebSite","@id":"https:\/\/www.mauditors.com\/#website","url":"https:\/\/www.mauditors.com\/","name":"Media Auditors","description":"Empresa independiente l\u00edder en auditor\u00eda y consultor\u00eda de medios en Am\u00e9rica Latina","potentialAction":[{"@type":"SearchAction","target":{"@type":"EntryPoint","urlTemplate":"https:\/\/www.mauditors.com\/?s={search_term_string}"},"query-input":{"@type":"PropertyValueSpecification","valueRequired":true,"valueName":"search_term_string"}}],"inLanguage":"pt-PT"}]}},"_links":{"self":[{"href":"https:\/\/www.mauditors.com\/pt-pt\/wp-json\/wp\/v2\/pages\/2389","targetHints":{"allow":["GET"]}}],"collection":[{"href":"https:\/\/www.mauditors.com\/pt-pt\/wp-json\/wp\/v2\/pages"}],"about":[{"href":"https:\/\/www.mauditors.com\/pt-pt\/wp-json\/wp\/v2\/types\/page"}],"author":[{"embeddable":true,"href":"https:\/\/www.mauditors.com\/pt-pt\/wp-json\/wp\/v2\/users\/1"}],"replies":[{"embeddable":true,"href":"https:\/\/www.mauditors.com\/pt-pt\/wp-json\/wp\/v2\/comments?post=2389"}],"version-history":[{"count":8,"href":"https:\/\/www.mauditors.com\/pt-pt\/wp-json\/wp\/v2\/pages\/2389\/revisions"}],"predecessor-version":[{"id":3359,"href":"https:\/\/www.mauditors.com\/pt-pt\/wp-json\/wp\/v2\/pages\/2389\/revisions\/3359"}],"up":[{"embeddable":true,"href":"https:\/\/www.mauditors.com\/pt-pt\/wp-json\/wp\/v2\/pages\/2376"}],"wp:attachment":[{"href":"https:\/\/www.mauditors.com\/pt-pt\/wp-json\/wp\/v2\/media?parent=2389"}],"curies":[{"name":"wp","href":"https:\/\/api.w.org\/{rel}","templated":true}]}}