{"id":2426,"date":"2024-06-25T13:42:38","date_gmt":"2024-06-25T11:42:38","guid":{"rendered":"https:\/\/mauditors.com\/management\/consultoria-de-contrato\/"},"modified":"2024-09-10T16:11:01","modified_gmt":"2024-09-10T14:11:01","slug":"consultoria-de-construcao-de-contrato","status":"publish","type":"page","link":"https:\/\/www.mauditors.com\/pt-pt\/management\/consultoria-de-construcao-de-contrato\/","title":{"rendered":"Consultoria de Constru\u00e7\u00e3o de Contrato"},"content":{"rendered":"<div class=\"wpb-content-wrapper\"><p>[vc_row equal_height=&#8221;yes&#8221;][vc_column width=&#8221;7\/12&#8243; el_class=&#8221;center-section-block&#8221;][vc_wp_text el_class=&#8221;text-default text-uppercase&#8221;]<span style=\"font-weight: 400;\">MANAGEMENT<\/span>[\/vc_wp_text][vc_wp_text el_class=&#8221;title-text&#8221;]<strong>Consultoria de Constru\u00e7\u00e3o de Contrato<\/strong>[\/vc_wp_text]<div class=\"ult-spacer spacer-69e90c8325f52\" data-id=\"69e90c8325f52\" data-height=\"35\" data-height-mobile=\"20\" data-height-tab=\"\" data-height-tab-portrait=\"\" data-height-mobile-landscape=\"20\" style=\"clear:both;display:block;\"><\/div>[vc_wp_text el_class=&#8221;boton-section-default&#8221;]<a class=\"boton-default\" href=\"https:\/\/mauditors.com\/pt-pt\/contacto\/\">Entre em Contacto Conosco<\/a>[\/vc_wp_text][\/vc_column][vc_column width=&#8221;5\/12&#8243; el_class=&#8221;column-brenchmarking&#8221;][vc_single_image image=&#8221;2239&#8243; img_size=&#8221;full&#8221; css=&#8221;&#8221;][vc_row_inner el_class=&#8221;position-absolute-left-casi-buttom box-grey-section&#8221; css=&#8221;.vc_custom_1722430717069{background-color: #ececec !important;}&#8221;][vc_column_inner][vc_wp_text el_class=&#8221;subtitle-little-3&#8243;]<strong>&#8220;Garanta acordos s\u00f3lidos para maximizar seus benef\u00edcios&#8221;\u00a0<\/strong>[\/vc_wp_text][\/vc_column_inner][\/vc_row_inner][\/vc_column][\/vc_row][vc_row][vc_column]<div class=\"ult-spacer spacer-69e90c8325f99\" data-id=\"69e90c8325f99\" data-height=\"150\" data-height-mobile=\"55\" data-height-tab=\"\" data-height-tab-portrait=\"\" data-height-mobile-landscape=\"55\" style=\"clear:both;display:block;\"><\/div>[\/vc_column][\/vc_row][vc_row gap=&#8221;35&#8243; equal_height=&#8221;yes&#8221; content_placement=&#8221;middle&#8221;][vc_column width=&#8221;1\/2&#8243;][vc_wp_text el_class=&#8221;title-2&#8243;]<\/p>\n<p style=\"text-align: center;\"><strong>Um verdadeiro colaborador na constru\u00e7\u00e3o de rela\u00e7\u00f5es s\u00f3lidas\u00a0<\/strong><\/p>\n<p>[\/vc_wp_text][\/vc_column][vc_column width=&#8221;1\/2&#8243;][vc_wp_text el_class=&#8221;text-default&#8221;]<\/p>\n<div class=\"flex-shrink-0 flex flex-col relative items-end\">\n<div class=\"pt-0.5 juice:pt-0\">\n<div class=\"gizmo-bot-avatar flex h-6 w-6 items-center justify-center overflow-hidden rounded-full juice:h-8 juice:w-8\">\n<div class=\"relative p-1 rounded-sm flex items-center justify-center bg-token-main-surface-primary text-token-text-primary h-8 w-8\"><span style=\"font-weight: 400;\">Nosso servi\u00e7o de consultoria de contratos \u00e9 essencial para anunciantes que desejam garantir acordos s\u00f3lidos e ben\u00e9ficos com suas ag\u00eancias. Com ampla experi\u00eancia apoiada por diversas auditorias anuais de contratos na regi\u00e3o, abrangendo uma ampla gama de categorias e grandes ag\u00eancias de m\u00eddia, oferecemos insights especializados e detalhados para cada cliente. Analisamos aspectos cruciais como remunera\u00e7\u00e3o, fornecemos recomenda\u00e7\u00f5es sobre diferentes modelos de remunera\u00e7\u00e3o do mercado e avaliamos a adequa\u00e7\u00e3o da equipe proposta para gerenciar o or\u00e7amento do cliente. Al\u00e9m disso, garantimos que os compromissos de otimiza\u00e7\u00e3o de m\u00eddia estejam claramente definidos e alinhados com os objetivos e tend\u00eancias do mercado do cliente. <\/span><\/div>\n<\/div>\n<\/div>\n<\/div>\n<p>[\/vc_wp_text][\/vc_column][\/vc_row][vc_row][vc_column]<div class=\"ult-spacer spacer-69e90c8325fcb\" data-id=\"69e90c8325fcb\" data-height=\"150\" data-height-mobile=\"55\" data-height-tab=\"\" data-height-tab-portrait=\"\" data-height-mobile-landscape=\"55\" style=\"clear:both;display:block;\"><\/div>[\/vc_column][\/vc_row][vc_row full_width=&#8221;stretch_row&#8221; equal_height=&#8221;yes&#8221; content_placement=&#8221;middle&#8221; css=&#8221;.vc_custom_1721993516782{padding-top: 75px !important;padding-bottom: 75px !important;background-color: rgba(233,233,233,0.5) !important;*background-color: rgb(233,233,233) !important;}&#8221; el_class=&#8221;benchmarking-section-2&#8243;][vc_column][vc_row_inner equal_height=&#8221;yes&#8221; content_placement=&#8221;middle&#8221; gap=&#8221;30&#8243;][vc_column_inner width=&#8221;1\/2&#8243;][vc_single_image image=&#8221;2935&#8243; img_size=&#8221;full&#8221; css_animation=&#8221;fadeIn&#8221; css=&#8221;&#8221; el_class=&#8221;width-image-bechmaking-2&#8243;][\/vc_column_inner][vc_column_inner width=&#8221;1\/2&#8243;][vc_wp_text el_class=&#8221;title-text-little&#8221;]<strong>Sempre considerando as melhores pr\u00e1ticas<\/strong>[\/vc_wp_text]<div class=\"ult-spacer spacer-69e90c8325ff4\" data-id=\"69e90c8325ff4\" data-height=\"25\" data-height-mobile=\"15\" data-height-tab=\"\" data-height-tab-portrait=\"\" data-height-mobile-landscape=\"15\" style=\"clear:both;display:block;\"><\/div>[vc_wp_text el_class=&#8221;text-default&#8221;]<span style=\"font-weight: 400;\">A import\u00e2ncia de contratar a Media Auditors reside em nossa capacidade de adaptar contratos \u00e0s necessidades e objetivos espec\u00edficos de cada anunciante, garantindo a conformidade com as leis vigentes. Revisamos e otimizamos processos de faturamento, uso de invent\u00e1rio e procedimentos de publicidade program\u00e1tica para garantir transpar\u00eancia e efici\u00eancia. Confiando na Media Auditors, os anunciantes podem ter certeza de que seus contratos s\u00e3o gerenciados de forma profissional, adaptando-se continuamente \u00e0s mudan\u00e7as legais e de mercado para manter rela\u00e7\u00f5es justas e bem-sucedidas com suas ag\u00eancias. <\/span>[\/vc_wp_text][\/vc_column_inner][\/vc_row_inner][\/vc_column][\/vc_row][vc_row full_width=&#8221;stretch_row&#8221; equal_height=&#8221;yes&#8221; css=&#8221;.vc_custom_1720023458799{background-image: url(https:\/\/mauditors.com\/wp-content\/uploads\/2024\/07\/botton1-scaled.jpg?id=1506) !important;background-position: center !important;background-repeat: no-repeat !important;background-size: cover !important;}&#8221;][vc_column el_class=&#8221;image-phone-contact&#8221;]<div class=\"ult-spacer spacer-69e90c8326018\" data-id=\"69e90c8326018\" data-height=\"75\" data-height-mobile=\"55\" data-height-tab=\"\" data-height-tab-portrait=\"\" data-height-mobile-landscape=\"55\" style=\"clear:both;display:block;\"><\/div>[vc_wp_text el_class=&#8221;color-white&#8221;]<\/p>\n<h2 style=\"text-align: center;\"><em><strong>\u00abOtimize e proteja seus acordos com suas ag\u00eancias com a consultoria de contratos especializada da Media Auditors\u00bb<\/strong><\/em><\/h2>\n<p>[\/vc_wp_text]<div class=\"ult-spacer spacer-69e90c8326039\" data-id=\"69e90c8326039\" data-height=\"45\" data-height-mobile=\"45\" data-height-tab=\"45\" data-height-tab-portrait=\"\" data-height-mobile-landscape=\"\" style=\"clear:both;display:block;\"><\/div>[vc_wp_text]<\/p>\n<p style=\"text-align: center;\"><a class=\"boton-default\" href=\"https:\/\/mauditors.com\/pt-pt\/contacto\/\">Vamos trabalhar juntos<\/a><\/p>\n<p>[\/vc_wp_text]<div class=\"ult-spacer spacer-69e90c832605b\" data-id=\"69e90c832605b\" data-height=\"95\" data-height-mobile=\"75\" data-height-tab=\"\" data-height-tab-portrait=\"\" data-height-mobile-landscape=\"75\" style=\"clear:both;display:block;\"><\/div>[\/vc_column][\/vc_row][vc_row][vc_column]<div class=\"templatera_shortcode\"><style type=\"text\/css\" data-type=\"vc_shortcodes-custom-css\">.vc_custom_1715087878154{background-color: rgba(233,233,233,0.5) !important;*background-color: rgb(233,233,233) !important;}<\/style><div data-vc-full-width=\"true\" data-vc-full-width-init=\"false\" class=\"vc_row wpb_row vc_row-fluid vc_custom_1715087878154 vc_row-has-fill\"><div class=\"wpb_column vc_column_container vc_col-sm-12\"><div class=\"vc_column-inner\"><div class=\"wpb_wrapper\"><div class=\"ult-spacer spacer-69e90c832706a\" data-id=\"69e90c832706a\" data-height=\"55\" data-height-mobile=\"55\" data-height-tab=\"55\" data-height-tab-portrait=\"\" data-height-mobile-landscape=\"\" style=\"clear:both;display:block;\"><\/div><div class=\"ult-spacer spacer-69e90c8327099\" data-id=\"69e90c8327099\" data-height=\"15\" data-height-mobile=\"5\" data-height-tab=\"\" data-height-tab-portrait=\"\" data-height-mobile-landscape=\"5\" style=\"clear:both;display:block;\"><\/div><div  class=\"vc_wp_text wpb_content_element title-1-big\"><div class=\"widget widget_text\">\t\t\t<div class=\"textwidget\"><p style=\"text-align: center;\">Outros servi\u00e7os<\/p>\n<\/div>\n\t\t<\/div><\/div><div class=\"ult-spacer spacer-69e90c8327221\" data-id=\"69e90c8327221\" data-height=\"15\" data-height-mobile=\"10\" data-height-tab=\"\" data-height-tab-portrait=\"\" data-height-mobile-landscape=\"10\" style=\"clear:both;display:block;\"><\/div><div  class=\"vc_wp_text wpb_content_element text-default\"><div class=\"widget widget_text\">\t\t\t<div class=\"textwidget\"><p style=\"text-align: center; max-width: 530px; margin-left: auto; margin-right: auto;\">Nossos servi\u00e7os s\u00e3o sempre pensados \u200b\u200bpara atender \u00e0s necessidades espec\u00edficas de nossos clientes. Atuamos em tr\u00eas linhas principais: melhorar resultados de forma abrangente, maximizar a efici\u00eancia or\u00e7ament\u00e1ria e fortalecer relacionamentos<\/p>\n<\/div>\n\t\t<\/div><\/div><div class=\"ult-spacer spacer-69e90c832731c\" data-id=\"69e90c832731c\" data-height=\"75\" data-height-mobile=\"45\" data-height-tab=\"\" data-height-tab-portrait=\"\" data-height-mobile-landscape=\"45\" style=\"clear:both;display:block;\"><\/div><div class=\"vc_row wpb_row vc_inner vc_row-fluid\"><div class=\"wpb_column vc_column_container vc_col-sm-6\"><div class=\"vc_column-inner\"><div class=\"wpb_wrapper\"><div class='custom-show-section-big'><a class='column-show-section-hover' href='https:\/\/mauditors.com\/pt-pt\/measurement\/'><div class='custom-show-section cara-1' style='background-image: url(https:\/\/www.mauditors.com\/wp-content\/uploads\/2024\/07\/management_full-scaled.jpg);'><div class='container color-white'><p class='subtitle-text'>TRACK YOUR RESULTS<\/p><p class='title-otros-servicios'>Measurement<\/p><\/div><\/div><div class='custom-show-section cara-2'><div class='container'><p class='subtitle-text'>TRACK YOUR RESULTS<\/p><p class='title-otros-servicios'>Measurement<\/p><p class='text-otros-servicios'>Os objetivos dos nossos servi\u00e7os s\u00e3o avaliar o desempenho do planejamento e compra de m\u00eddia da ag\u00eancia em compara\u00e7\u00e3o ao mercado. Com base num conjunto extenso e representativo de clientes, a Media Auditors elabora uma an\u00e1lise detalhada que identifica poupan\u00e7as obtidas e oportunidades de melhoria tanto nas compras online como offline do anunciante.<\/p><p class='servicios-arrow'><span class='fa-solid fa-arrow-right-long'><\/span><\/p><\/div><\/div><\/a><\/div><div class=\"ult-spacer spacer-69e90c8327c17\" data-id=\"69e90c8327c17\" data-height=\"0\" data-height-mobile=\"25\" data-height-tab=\"\" data-height-tab-portrait=\"\" data-height-mobile-landscape=\"25\" style=\"clear:both;display:block;\"><\/div><\/div><\/div><\/div><div class=\"wpb_column vc_column_container vc_col-sm-6\"><div class=\"vc_column-inner\"><div class=\"wpb_wrapper\"><div class='custom-show-section-big'><a class='column-show-section-hover' href='https:\/\/mauditors.com\/pt-pt\/performance\/'><div class='custom-show-section cara-1' style='background-image: url(https:\/\/www.mauditors.com\/wp-content\/uploads\/2024\/07\/performance_full-scaled.jpg);'><div class='container color-white'><p class='subtitle-text'>BUDGET OPTIMIZATION<\/p><p class='title-otros-servicios'>Perfomance<\/p><\/div><\/div><div class='custom-show-section cara-2'><div class='container'><p class='subtitle-text'>BUDGET OPTIMIZATION<\/p><p class='title-otros-servicios'>Perfomance<\/p><p class='text-otros-servicios'>Como os maiores especialistas do mercado, com a riqueza que os nossos clientes nos proporcionam; Resolvemos problemas e quest\u00f5es relacionadas com o mercado de media, apoiando a estrat\u00e9gia de negocia\u00e7\u00e3o com fornecedores de media, estabelecendo um modelo de remunera\u00e7\u00e3o para a sua ag\u00eancia, compromissos contratuais, defini\u00e7\u00e3o de KPI, gest\u00e3o de concursos de ag\u00eancia, desenvolvimento de contratos, quantifica\u00e7\u00e3o final do fixo, vari\u00e1vel e\/ou taxa de b\u00f4nus para sua ag\u00eancia e outros servi\u00e7os projetados ad hoc para clientes.<\/p><p class='servicios-arrow'><span class='fa-solid fa-arrow-right-long'><\/span><\/p><\/div><\/div><\/a><\/div><\/div><\/div><\/div><\/div><div class=\"ult-spacer spacer-69e90c832822f\" data-id=\"69e90c832822f\" data-height=\"75\" data-height-mobile=\"75\" data-height-tab=\"75\" data-height-tab-portrait=\"\" data-height-mobile-landscape=\"\" style=\"clear:both;display:block;\"><\/div><div  class=\"vc_wp_text wpb_content_element\"><div class=\"widget widget_text\">\t\t\t<div class=\"textwidget\"><p style=\"text-align: center;\"><a class=\"boton-default\" href=\"https:\/\/mauditors.com\/pt-pt\/contacto\/\">Contate-nos<\/a><\/p>\n<\/div>\n\t\t<\/div><\/div><div class=\"ult-spacer spacer-69e90c832833b\" data-id=\"69e90c832833b\" data-height=\"95\" data-height-mobile=\"75\" data-height-tab=\"\" data-height-tab-portrait=\"\" data-height-mobile-landscape=\"75\" style=\"clear:both;display:block;\"><\/div><\/div><\/div><\/div><\/div><div class=\"vc_row-full-width vc_clearfix\"><\/div><\/div>[\/vc_column][\/vc_row]<\/p>\n<\/div>","protected":false},"excerpt":{"rendered":"MANAGEMENT Consultoria de Constru\u00e7\u00e3o de Contrato Entre em Contacto Conosco \"Garanta acordos s\u00f3lidos para maximizar seus benef\u00edcios\"\u00a0 Um verdadeiro colaborador na constru\u00e7\u00e3o de rela\u00e7\u00f5es s\u00f3lidas\u00a0 Nosso servi\u00e7o de consultoria de contratos \u00e9 essencial para anunciantes que desejam garantir acordos s\u00f3lidos e ben\u00e9ficos com suas ag\u00eancias. Com ampla experi\u00eancia apoiada por diversas auditorias anuais de contratos [...]","protected":false},"author":1,"featured_media":0,"parent":2423,"menu_order":0,"comment_status":"closed","ping_status":"closed","template":"","meta":{"_acf_changed":false,"footnotes":""},"class_list":["post-2426","page","type-page","status-publish","hentry"],"acf":[],"yoast_head":"<!-- This site is optimized with the Yoast SEO plugin v26.2 - https:\/\/yoast.com\/wordpress\/plugins\/seo\/ -->\n<title>Consultoria de Constru\u00e7\u00e3o de Contrato - Media Auditors<\/title>\n<meta name=\"description\" content=\"La consultor\u00eda de contrato resulta esencial para clientes que quieran asegurar acuerdos s\u00f3lidos y beneficiosos con sus agencias.\" \/>\n<meta name=\"robots\" content=\"index, follow, max-snippet:-1, max-image-preview:large, max-video-preview:-1\" \/>\n<link rel=\"canonical\" href=\"https:\/\/www.mauditors.com\/pt-pt\/management\/consultoria-de-construcao-de-contrato\/\" \/>\n<meta property=\"og:locale\" content=\"pt_PT\" \/>\n<meta property=\"og:type\" content=\"article\" \/>\n<meta property=\"og:title\" content=\"Consultoria de Constru\u00e7\u00e3o de Contrato - Media Auditors\" \/>\n<meta property=\"og:description\" content=\"La consultor\u00eda de contrato resulta esencial para clientes que quieran asegurar acuerdos s\u00f3lidos y beneficiosos con sus agencias.\" \/>\n<meta property=\"og:url\" content=\"https:\/\/www.mauditors.com\/pt-pt\/management\/consultoria-de-construcao-de-contrato\/\" \/>\n<meta property=\"og:site_name\" content=\"Media Auditors\" \/>\n<meta property=\"article:modified_time\" content=\"2024-09-10T14:11:01+00:00\" \/>\n<meta name=\"twitter:card\" content=\"summary_large_image\" \/>\n<meta name=\"twitter:label1\" content=\"Tempo estimado de leitura\" \/>\n\t<meta name=\"twitter:data1\" content=\"2 minutos\" \/>\n<script type=\"application\/ld+json\" class=\"yoast-schema-graph\">{\"@context\":\"https:\/\/schema.org\",\"@graph\":[{\"@type\":\"WebPage\",\"@id\":\"https:\/\/www.mauditors.com\/pt-pt\/management\/consultoria-de-construcao-de-contrato\/\",\"url\":\"https:\/\/www.mauditors.com\/pt-pt\/management\/consultoria-de-construcao-de-contrato\/\",\"name\":\"Consultoria de Constru\u00e7\u00e3o de Contrato - Media Auditors\",\"isPartOf\":{\"@id\":\"https:\/\/www.mauditors.com\/#website\"},\"datePublished\":\"2024-06-25T11:42:38+00:00\",\"dateModified\":\"2024-09-10T14:11:01+00:00\",\"description\":\"La consultor\u00eda de contrato resulta esencial para clientes que quieran asegurar acuerdos s\u00f3lidos y beneficiosos con sus agencias.\",\"breadcrumb\":{\"@id\":\"https:\/\/www.mauditors.com\/pt-pt\/management\/consultoria-de-construcao-de-contrato\/#breadcrumb\"},\"inLanguage\":\"pt-PT\",\"potentialAction\":[{\"@type\":\"ReadAction\",\"target\":[\"https:\/\/www.mauditors.com\/pt-pt\/management\/consultoria-de-construcao-de-contrato\/\"]}]},{\"@type\":\"BreadcrumbList\",\"@id\":\"https:\/\/www.mauditors.com\/pt-pt\/management\/consultoria-de-construcao-de-contrato\/#breadcrumb\",\"itemListElement\":[{\"@type\":\"ListItem\",\"position\":1,\"name\":\"Portada\",\"item\":\"https:\/\/www.mauditors.com\/pt-pt\/\"},{\"@type\":\"ListItem\",\"position\":2,\"name\":\"Management\",\"item\":\"https:\/\/www.mauditors.com\/pt-pt\/management\/\"},{\"@type\":\"ListItem\",\"position\":3,\"name\":\"Consultoria de Constru\u00e7\u00e3o de Contrato\"}]},{\"@type\":\"WebSite\",\"@id\":\"https:\/\/www.mauditors.com\/#website\",\"url\":\"https:\/\/www.mauditors.com\/\",\"name\":\"Media Auditors\",\"description\":\"Empresa independiente l\u00edder en auditor\u00eda y consultor\u00eda de medios en Am\u00e9rica Latina\",\"potentialAction\":[{\"@type\":\"SearchAction\",\"target\":{\"@type\":\"EntryPoint\",\"urlTemplate\":\"https:\/\/www.mauditors.com\/?s={search_term_string}\"},\"query-input\":{\"@type\":\"PropertyValueSpecification\",\"valueRequired\":true,\"valueName\":\"search_term_string\"}}],\"inLanguage\":\"pt-PT\"}]}<\/script>\n<!-- \/ Yoast SEO plugin. -->","yoast_head_json":{"title":"Consultoria de Constru\u00e7\u00e3o de Contrato - Media Auditors","description":"La consultor\u00eda de contrato resulta esencial para clientes que quieran asegurar acuerdos s\u00f3lidos y beneficiosos con sus agencias.","robots":{"index":"index","follow":"follow","max-snippet":"max-snippet:-1","max-image-preview":"max-image-preview:large","max-video-preview":"max-video-preview:-1"},"canonical":"https:\/\/www.mauditors.com\/pt-pt\/management\/consultoria-de-construcao-de-contrato\/","og_locale":"pt_PT","og_type":"article","og_title":"Consultoria de Constru\u00e7\u00e3o de Contrato - Media Auditors","og_description":"La consultor\u00eda de contrato resulta esencial para clientes que quieran asegurar acuerdos s\u00f3lidos y beneficiosos con sus agencias.","og_url":"https:\/\/www.mauditors.com\/pt-pt\/management\/consultoria-de-construcao-de-contrato\/","og_site_name":"Media Auditors","article_modified_time":"2024-09-10T14:11:01+00:00","twitter_card":"summary_large_image","twitter_misc":{"Tempo estimado de leitura":"2 minutos"},"schema":{"@context":"https:\/\/schema.org","@graph":[{"@type":"WebPage","@id":"https:\/\/www.mauditors.com\/pt-pt\/management\/consultoria-de-construcao-de-contrato\/","url":"https:\/\/www.mauditors.com\/pt-pt\/management\/consultoria-de-construcao-de-contrato\/","name":"Consultoria de Constru\u00e7\u00e3o de Contrato - Media Auditors","isPartOf":{"@id":"https:\/\/www.mauditors.com\/#website"},"datePublished":"2024-06-25T11:42:38+00:00","dateModified":"2024-09-10T14:11:01+00:00","description":"La consultor\u00eda de contrato resulta esencial para clientes que quieran asegurar acuerdos s\u00f3lidos y beneficiosos con sus agencias.","breadcrumb":{"@id":"https:\/\/www.mauditors.com\/pt-pt\/management\/consultoria-de-construcao-de-contrato\/#breadcrumb"},"inLanguage":"pt-PT","potentialAction":[{"@type":"ReadAction","target":["https:\/\/www.mauditors.com\/pt-pt\/management\/consultoria-de-construcao-de-contrato\/"]}]},{"@type":"BreadcrumbList","@id":"https:\/\/www.mauditors.com\/pt-pt\/management\/consultoria-de-construcao-de-contrato\/#breadcrumb","itemListElement":[{"@type":"ListItem","position":1,"name":"Portada","item":"https:\/\/www.mauditors.com\/pt-pt\/"},{"@type":"ListItem","position":2,"name":"Management","item":"https:\/\/www.mauditors.com\/pt-pt\/management\/"},{"@type":"ListItem","position":3,"name":"Consultoria de Constru\u00e7\u00e3o de Contrato"}]},{"@type":"WebSite","@id":"https:\/\/www.mauditors.com\/#website","url":"https:\/\/www.mauditors.com\/","name":"Media Auditors","description":"Empresa independiente l\u00edder en auditor\u00eda y consultor\u00eda de medios en Am\u00e9rica Latina","potentialAction":[{"@type":"SearchAction","target":{"@type":"EntryPoint","urlTemplate":"https:\/\/www.mauditors.com\/?s={search_term_string}"},"query-input":{"@type":"PropertyValueSpecification","valueRequired":true,"valueName":"search_term_string"}}],"inLanguage":"pt-PT"}]}},"_links":{"self":[{"href":"https:\/\/www.mauditors.com\/pt-pt\/wp-json\/wp\/v2\/pages\/2426","targetHints":{"allow":["GET"]}}],"collection":[{"href":"https:\/\/www.mauditors.com\/pt-pt\/wp-json\/wp\/v2\/pages"}],"about":[{"href":"https:\/\/www.mauditors.com\/pt-pt\/wp-json\/wp\/v2\/types\/page"}],"author":[{"embeddable":true,"href":"https:\/\/www.mauditors.com\/pt-pt\/wp-json\/wp\/v2\/users\/1"}],"replies":[{"embeddable":true,"href":"https:\/\/www.mauditors.com\/pt-pt\/wp-json\/wp\/v2\/comments?post=2426"}],"version-history":[{"count":14,"href":"https:\/\/www.mauditors.com\/pt-pt\/wp-json\/wp\/v2\/pages\/2426\/revisions"}],"predecessor-version":[{"id":3248,"href":"https:\/\/www.mauditors.com\/pt-pt\/wp-json\/wp\/v2\/pages\/2426\/revisions\/3248"}],"up":[{"embeddable":true,"href":"https:\/\/www.mauditors.com\/pt-pt\/wp-json\/wp\/v2\/pages\/2423"}],"wp:attachment":[{"href":"https:\/\/www.mauditors.com\/pt-pt\/wp-json\/wp\/v2\/media?parent=2426"}],"curies":[{"name":"wp","href":"https:\/\/api.w.org\/{rel}","templated":true}]}}