{"id":2428,"date":"2024-05-07T11:06:34","date_gmt":"2024-05-07T09:06:34","guid":{"rendered":"https:\/\/mauditors.com\/casos-de-exito-media-auditors\/"},"modified":"2024-09-10T16:01:36","modified_gmt":"2024-09-10T14:01:36","slug":"estudos-de-caso-media-auditors","status":"publish","type":"page","link":"https:\/\/www.mauditors.com\/pt-pt\/estudos-de-caso-media-auditors\/","title":{"rendered":"Estudos de Caso"},"content":{"rendered":"<div class=\"wpb-content-wrapper\"><p>[vc_row full_width=&#8221;stretch_row&#8221; el_class=&#8221;section-cabecera&#8221; css=&#8221;.vc_custom_1720019202470{background-image: url(https:\/\/mauditors.com\/wp-content\/uploads\/2024\/07\/1.3-scaled.jpg?id=1548) !important;}&#8221;][vc_column width=&#8221;3\/4&#8243;][vc_wp_text el_class=&#8221;subtitle-text color-white&#8221;]estudos de caso[\/vc_wp_text][vc_wp_text el_class=&#8221;title-text color-white&#8221;]<\/p>\n<h1><strong>O SUCESSO DOS NOSSOS CLIENTES \u00c9 O NOSSO PR\u00d3PRIO SUCESSO<\/strong><\/h1>\n<p>[\/vc_wp_text][\/vc_column][vc_column width=&#8221;1\/4&#8243;][\/vc_column][\/vc_row][vc_row][vc_column]<div class=\"ult-spacer spacer-69e1d22ea1ec0\" data-id=\"69e1d22ea1ec0\" data-height=\"75\" data-height-mobile=\"75\" data-height-tab=\"75\" data-height-tab-portrait=\"\" data-height-mobile-landscape=\"\" style=\"clear:both;display:block;\"><\/div>[\/vc_column][\/vc_row][vc_row gap=&#8221;35&#8243; equal_height=&#8221;yes&#8221; el_class=&#8221;container-reverse-responsive section-padding-top-buttom-0px&#8221;][vc_column width=&#8221;1\/2&#8243; el_class=&#8221;center-section-block container-section-responsive padding-caso-exito-section&#8221;][vc_single_image image=&#8221;1668&#8243; img_size=&#8221;full&#8221; css=&#8221;.vc_custom_1720100935254{background-image: url(https:\/\/mauditors.com\/wp-content\/uploads\/2024\/07\/13.png?id=1190) !important;}&#8221;]<div class=\"ult-spacer spacer-69e1d22ea1f66\" data-id=\"69e1d22ea1f66\" data-height=\"0\" data-height-mobile=\"50\" data-height-tab=\"\" data-height-tab-portrait=\"\" data-height-mobile-landscape=\"50\" style=\"clear:both;display:block;\"><\/div>[\/vc_column][vc_column width=&#8221;1\/2&#8243; el_class=&#8221;padding-caso-exito-section&#8221;][vc_wp_text el_class=&#8221;subtitle-text&#8221;]<span style=\"font-weight: 400;\">CLIENTE DE VAREJO E E-COMMERCE\u00a0<\/span>[\/vc_wp_text]<div class=\"ult-spacer spacer-69e1d22ea202f\" data-id=\"69e1d22ea202f\" data-height=\"15\" data-height-mobile=\"15\" data-height-tab=\"15\" data-height-tab-portrait=\"\" data-height-mobile-landscape=\"\" style=\"clear:both;display:block;\"><\/div>[vc_wp_text el_class=&#8221;title-1-big&#8221;]<\/p>\n<h2><strong>Gest\u00e3o de Concorr\u00eancia de Ag\u00eancias para uma Empresa L\u00edder de Alimentos na Am\u00e9rica Latina<\/strong><\/h2>\n<p>[\/vc_wp_text]<div class=\"ult-spacer spacer-69e1d22ea2068\" data-id=\"69e1d22ea2068\" data-height=\"15\" data-height-mobile=\"15\" data-height-tab=\"15\" data-height-tab-portrait=\"\" data-height-mobile-landscape=\"\" style=\"clear:both;display:block;\"><\/div>[vc_wp_text el_class=&#8221;text-default&#8221;]Media Auditors is a media consultancy specialized in agency pitch management. With 18 years of experience in the market, our goal is to help advertising businesses select the best media agency, thus maximizing return on investment.[\/vc_wp_text]<div class=\"ult-spacer spacer-69e1d22ea2099\" data-id=\"69e1d22ea2099\" data-height=\"50\" data-height-mobile=\"50\" data-height-tab=\"50\" data-height-tab-portrait=\"\" data-height-mobile-landscape=\"\" style=\"clear:both;display:block;\"><\/div>[vc_wp_text el_class=&#8221;boton-section-default&#8221;]<a class=\"boton-default\" href=\"https:\/\/www.mauditors.com\/pt-pt\/caso-de-exito\/identificacion-de-incumplimientos-y-reestructuracion-de-objetivos-2\/\">Descubra o caso<\/a>[\/vc_wp_text][vc_empty_space height=&#8221;200px&#8221;][\/vc_column][\/vc_row][vc_row][vc_column][\/vc_column][\/vc_row][vc_row gap=&#8221;35&#8243; equal_height=&#8221;yes&#8221; el_class=&#8221;container-reverse-responsive section-padding-top-buttom-0px&#8221;][vc_column width=&#8221;1\/2&#8243; el_class=&#8221;center-section-block container-section-responsive padding-caso-exito-section&#8221;][vc_wp_text el_class=&#8221;subtitle-text&#8221;]<span style=\"font-weight: 400;\">CLIENTE FMCG \u2013 ALIMENTOS<\/span>[\/vc_wp_text]<div class=\"ult-spacer spacer-69e1d22ea20c7\" data-id=\"69e1d22ea20c7\" data-height=\"15\" data-height-mobile=\"15\" data-height-tab=\"15\" data-height-tab-portrait=\"\" data-height-mobile-landscape=\"\" style=\"clear:both;display:block;\"><\/div>[vc_wp_text el_class=&#8221;title-2&#8243;]<\/p>\n<h2><strong>Recuperados 15% Mais do que Relatado pela Ag\u00eancia<\/strong><\/h2>\n<p>[\/vc_wp_text]<div class=\"ult-spacer spacer-69e1d22ea20f4\" data-id=\"69e1d22ea20f4\" data-height=\"15\" data-height-mobile=\"15\" data-height-tab=\"15\" data-height-tab-portrait=\"\" data-height-mobile-landscape=\"\" style=\"clear:both;display:block;\"><\/div>[vc_wp_text el_class=&#8221;text-default&#8221;]<span style=\"font-weight: 400;\">A Media Auditors identificou a n\u00e3o conformidade com os b\u00f4nus inclu\u00eddos nos acordos com as emissoras de TV para um grande anunciante de FMCG. A auditoria levou \u00e0 recupera\u00e7\u00e3o de um aumento adicional de 15% pela ag\u00eancia de m\u00eddia.\u00a0<\/span>[\/vc_wp_text]<div class=\"ult-spacer spacer-69e1d22ea212d\" data-id=\"69e1d22ea212d\" data-height=\"45\" data-height-mobile=\"45\" data-height-tab=\"45\" data-height-tab-portrait=\"\" data-height-mobile-landscape=\"\" style=\"clear:both;display:block;\"><\/div>[vc_wp_text el_class=&#8221;boton-section-default&#8221;]<a class=\"boton-default\" href=\"https:\/\/www.mauditors.com\/pt-pt\/caso-de-exito\/identificacion-de-incumplimientos-y-reestructuracion-de-objetivos\/\">Descubra o caso<\/a>[\/vc_wp_text][\/vc_column][vc_column width=&#8221;1\/2&#8243; el_class=&#8221;padding-caso-exito-section&#8221;][vc_single_image image=&#8221;1664&#8243; img_size=&#8221;full&#8221; alignment=&#8221;right&#8221; css=&#8221;&#8221;]<div class=\"ult-spacer spacer-69e1d22ea215c\" data-id=\"69e1d22ea215c\" data-height=\"0\" data-height-mobile=\"50\" data-height-tab=\"\" data-height-tab-portrait=\"\" data-height-mobile-landscape=\"50\" style=\"clear:both;display:block;\"><\/div>[\/vc_column][\/vc_row][vc_row][vc_column]<div class=\"ult-spacer spacer-69e1d22ea21b3\" data-id=\"69e1d22ea21b3\" data-height=\"40\" data-height-mobile=\"40\" data-height-tab=\"40\" data-height-tab-portrait=\"\" data-height-mobile-landscape=\"\" style=\"clear:both;display:block;\"><\/div>[\/vc_column][\/vc_row][vc_row gap=&#8221;35&#8243; equal_height=&#8221;yes&#8221; el_class=&#8221;container-reverse-responsive section-padding-top-buttom-0px&#8221;][vc_column width=&#8221;1\/2&#8243; el_class=&#8221;center-section-block container-section-responsive padding-caso-exito-section&#8221;][vc_single_image image=&#8221;1668&#8243; img_size=&#8221;full&#8221; css=&#8221;.vc_custom_1720100935254{background-image: url(https:\/\/mauditors.com\/wp-content\/uploads\/2024\/07\/13.png?id=1190) !important;}&#8221;]<div class=\"ult-spacer spacer-69e1d22ea2214\" data-id=\"69e1d22ea2214\" data-height=\"0\" data-height-mobile=\"50\" data-height-tab=\"\" data-height-tab-portrait=\"\" data-height-mobile-landscape=\"50\" style=\"clear:both;display:block;\"><\/div>[\/vc_column][vc_column width=&#8221;1\/2&#8243; el_class=&#8221;padding-caso-exito-section&#8221;][vc_wp_text el_class=&#8221;subtitle-text&#8221;]<span style=\"font-weight: 400;\">CLIENTE DE VAREJO E E-COMMERCE\u00a0<\/span>[\/vc_wp_text]<div class=\"ult-spacer spacer-69e1d22ea227a\" data-id=\"69e1d22ea227a\" data-height=\"15\" data-height-mobile=\"15\" data-height-tab=\"15\" data-height-tab-portrait=\"\" data-height-mobile-landscape=\"\" style=\"clear:both;display:block;\"><\/div>[vc_wp_text el_class=&#8221;title-1-big&#8221;]<\/p>\n<h2>Identifica\u00e7\u00e3o de N\u00e3o Conformidade e Reestrutura\u00e7\u00e3o de Metas<\/h2>\n<p>[\/vc_wp_text]<div class=\"ult-spacer spacer-69e1d22ea230c\" data-id=\"69e1d22ea230c\" data-height=\"15\" data-height-mobile=\"15\" data-height-tab=\"15\" data-height-tab-portrait=\"\" data-height-mobile-landscape=\"\" style=\"clear:both;display:block;\"><\/div>[vc_wp_text el_class=&#8221;text-default&#8221;]<span style=\"font-weight: 400;\">A Media Auditors identificou at\u00e9 11 milh\u00f5es de pesos a serem reembolsados pela ag\u00eancia de m\u00eddia de uma prestigiada empresa de varejo no M\u00e9xico. Com nossa auditoria, conseguimos identificar a n\u00e3o conformidade da ag\u00eancia com os compromissos, levando a uma melhor gest\u00e3o futura, e tamb\u00e9m apoiamos o cliente na reestrutura\u00e7\u00e3o de suas metas no novo contrato.\u00a0<\/span>[\/vc_wp_text]<div class=\"ult-spacer spacer-69e1d22ea2357\" data-id=\"69e1d22ea2357\" data-height=\"50\" data-height-mobile=\"50\" data-height-tab=\"50\" data-height-tab-portrait=\"\" data-height-mobile-landscape=\"\" style=\"clear:both;display:block;\"><\/div>[vc_wp_text el_class=&#8221;boton-section-default&#8221;]<a class=\"boton-default\" href=\"https:\/\/www.mauditors.com\/pt-pt\/caso-de-exito\/los-exitos-de-nuestros-clientes-son-los-nuestros\/\">Descubra o caso<\/a>[\/vc_wp_text][\/vc_column][\/vc_row][vc_row][vc_column]<div class=\"ult-spacer spacer-69e1d22ea23aa\" data-id=\"69e1d22ea23aa\" data-height=\"75\" data-height-mobile=\"75\" data-height-tab=\"75\" data-height-tab-portrait=\"\" data-height-mobile-landscape=\"\" style=\"clear:both;display:block;\"><\/div>[\/vc_column][\/vc_row][vc_row gap=&#8221;35&#8243; equal_height=&#8221;yes&#8221; disable_element=&#8221;yes&#8221; el_class=&#8221;section-padding-top-buttom-0px&#8221;][vc_column width=&#8221;1\/2&#8243; el_class=&#8221;padding-caso-exito-section&#8221;][vc_single_image image=&#8221;364&#8243; img_size=&#8221;full&#8221;]<div class=\"ult-spacer spacer-69e1d22ea23fb\" data-id=\"69e1d22ea23fb\" data-height=\"0\" data-height-mobile=\"50\" data-height-tab=\"\" data-height-tab-portrait=\"\" data-height-mobile-landscape=\"50\" style=\"clear:both;display:block;\"><\/div>[\/vc_column][vc_column width=&#8221;1\/2&#8243; el_class=&#8221;center-section-block container-section-responsive padding-caso-exito-section&#8221;][vc_wp_text el_class=&#8221;subtitle-text&#8221;]CASO DE \u00c9XITO DE NOMBRE CLIENTE[\/vc_wp_text]<div class=\"ult-spacer spacer-69e1d22ea2445\" data-id=\"69e1d22ea2445\" data-height=\"15\" data-height-mobile=\"15\" data-height-tab=\"15\" data-height-tab-portrait=\"\" data-height-mobile-landscape=\"\" style=\"clear:both;display:block;\"><\/div>[vc_wp_text el_class=&#8221;title-2&#8243;]<\/p>\n<h2>Lorem ipsum dolor sit amet, consectetur<\/h2>\n<p>[\/vc_wp_text]<div class=\"ult-spacer spacer-69e1d22ea2484\" data-id=\"69e1d22ea2484\" data-height=\"15\" data-height-mobile=\"15\" data-height-tab=\"15\" data-height-tab-portrait=\"\" data-height-mobile-landscape=\"\" style=\"clear:both;display:block;\"><\/div>[vc_wp_text el_class=&#8221;text-default&#8221;]Lorem ipsum dolor sit amet, consectetur adipiscing elit, sed do eiusmod tempor incididunt ut labore et dolore magna aliqua. Ut enim ad minim veniam, quis nostrud exercitation ullamco laboris nisi ut aliquip ex ea[\/vc_wp_text]<div class=\"ult-spacer spacer-69e1d22ea24c9\" data-id=\"69e1d22ea24c9\" data-height=\"45\" data-height-mobile=\"45\" data-height-tab=\"45\" data-height-tab-portrait=\"\" data-height-mobile-landscape=\"\" style=\"clear:both;display:block;\"><\/div>[vc_wp_text el_class=&#8221;boton-section-default&#8221;]<a class=\"boton-default\" href=\"https:\/\/mauditors.com\/caso-de-exito\/los-exitos-de-nuestros-clientes-son-los-nuestros\/\">Descubre el caso<\/a>[\/vc_wp_text][\/vc_column][\/vc_row][vc_row][vc_column]<div class=\"ult-spacer spacer-69e1d22ea250d\" data-id=\"69e1d22ea250d\" data-height=\"75\" data-height-mobile=\"75\" data-height-tab=\"75\" data-height-tab-portrait=\"\" data-height-mobile-landscape=\"\" style=\"clear:both;display:block;\"><\/div>[\/vc_column][\/vc_row][vc_row full_width=&#8221;stretch_row&#8221; css=&#8221;.vc_custom_1715076872658{background-color: rgba(233,233,233,0.5) !important;*background-color: rgb(233,233,233) !important;}&#8221;][vc_column]<div class=\"templatera_shortcode\"><div class=\"vc_row wpb_row vc_row-fluid\"><div class=\"wpb_column vc_column_container vc_col-sm-12\"><div class=\"vc_column-inner\"><div class=\"wpb_wrapper\"><div class=\"ult-spacer spacer-69e1d22ea3cea\" data-id=\"69e1d22ea3cea\" data-height=\"75\" data-height-mobile=\"75\" data-height-tab=\"75\" data-height-tab-portrait=\"\" data-height-mobile-landscape=\"\" style=\"clear:both;display:block;\"><\/div><\/div><\/div><\/div><\/div><div class=\"vc_row wpb_row vc_row-fluid\"><div class=\"wpb_column vc_column_container vc_col-sm-4\"><div class=\"vc_column-inner\"><div class=\"wpb_wrapper\"><div  class=\"vc_wp_text wpb_content_element subtitle-text\"><div class=\"widget widget_text\">\t\t\t<div class=\"textwidget\"><p>Insights &amp; Reports<\/p>\n<\/div>\n\t\t<\/div><\/div><div class=\"ult-spacer spacer-69e1d22ea496a\" data-id=\"69e1d22ea496a\" data-height=\"15\" data-height-mobile=\"15\" data-height-tab=\"15\" data-height-tab-portrait=\"\" data-height-mobile-landscape=\"\" style=\"clear:both;display:block;\"><\/div><div  class=\"vc_wp_text wpb_content_element title-1-big\"><div class=\"widget widget_text\">\t\t\t<div class=\"textwidget\"><p>Media Auditors Thinks<\/p>\n<\/div>\n\t\t<\/div><\/div><div class=\"ult-spacer spacer-69e1d22ea4ac0\" data-id=\"69e1d22ea4ac0\" data-height=\"15\" data-height-mobile=\"15\" data-height-tab=\"15\" data-height-tab-portrait=\"\" data-height-mobile-landscape=\"\" style=\"clear:both;display:block;\"><\/div><div  class=\"vc_wp_text wpb_content_element text-default\"><div class=\"widget widget_text\">\t\t\t<div class=\"textwidget\"><p>Relat\u00f3rios e informa\u00e7\u00f5es relevantes sobre tend\u00eancias de publicidade e m\u00eddia<\/p>\n<\/div>\n\t\t<\/div><\/div><div class=\"ult-spacer spacer-69e1d22ea4bfd\" data-id=\"69e1d22ea4bfd\" data-height=\"45\" data-height-mobile=\"45\" data-height-tab=\"45\" data-height-tab-portrait=\"\" data-height-mobile-landscape=\"\" style=\"clear:both;display:block;\"><\/div><div  class=\"vc_wp_text wpb_content_element boton-section-default\"><div class=\"widget widget_text\">\t\t\t<div class=\"textwidget\"><p><a href=\"https:\/\/www.mauditors.com\/pt-pt\/insights-reports\/\">Ver mais<\/a><\/p>\n<\/div>\n\t\t<\/div><\/div><div class=\"ult-spacer spacer-69e1d22ea4d47\" data-id=\"69e1d22ea4d47\" data-height=\"0\" data-height-mobile=\"55\" data-height-tab=\"\" data-height-tab-portrait=\"\" data-height-mobile-landscape=\"55\" style=\"clear:both;display:block;\"><\/div><\/div><\/div><\/div><div class=\"wpb_column vc_column_container vc_col-sm-8\"><div class=\"vc_column-inner\"><div class=\"wpb_wrapper\"><div class='noticia-section-home-2'><div class='nuestra-noticia noticia-'><a href='https:\/\/www.mauditors.com\/pt-pt\/nueva-medicion-audiencias-mexico-impacto\/'><div class='image' style='background-image: url(https:\/\/www.mauditors.com\/wp-content\/uploads\/2025\/03\/glenn-carstens-peters-EOQhsfFBhRk-unsplash-1-scaled.jpg);'><\/div><p class='subtitle-text'>4 de Mar\u00e7o de 2025<\/p><p class='post-title'>NUEVA MEDIC\u00cdON DE AUDIENCIAS EN M\u00c9XICO \u00bfQU\u00c9 IMPACTO TENDR\u00c1 EN EL MERCADO?<\/p><p class='read-more'><span class='read-more-text'><\/span> <span class='fa-solid fa-arrow-right-long'><\/span><\/p><\/a><\/div><div class='nuestra-noticia noticia-'><a href='https:\/\/www.mauditors.com\/pt-pt\/erros-comuns-ao-contratar-influenciadores-e-como-supera-los\/'><div class='image' style='background-image: url(https:\/\/www.mauditors.com\/wp-content\/uploads\/2024\/12\/errores-comunes-contratar-influencers-scaled.jpg);'><\/div><p class='subtitle-text'>10 de Dezembro de 2024<\/p><p class='post-title'>ERROS COMUNS AO CONTRATAR INFLUENCIADORES E COMO SUPER\u00c1-LOS<\/p><p class='read-more'><span class='read-more-text'><\/span> <span class='fa-solid fa-arrow-right-long'><\/span><\/p><\/a><\/div><\/div><\/div><\/div><\/div><\/div><div class=\"vc_row wpb_row vc_row-fluid\"><div class=\"wpb_column vc_column_container vc_col-sm-12\"><div class=\"vc_column-inner\"><div class=\"wpb_wrapper\"><div class=\"ult-spacer spacer-69e1d22ea9282\" data-id=\"69e1d22ea9282\" data-height=\"95\" data-height-mobile=\"75\" data-height-tab=\"\" data-height-tab-portrait=\"\" data-height-mobile-landscape=\"75\" style=\"clear:both;display:block;\"><\/div><\/div><\/div><\/div><\/div>\r\n<\/div>[\/vc_column][\/vc_row][vc_row][vc_column][\/vc_column][\/vc_row]<\/p>\n<\/div>","protected":false},"excerpt":{"rendered":"Na crescente ind\u00fastria de marketing de influenciadores no Brasil, trabalhar com ag\u00eancias e influenciadores tornou-se uma estrat\u00e9gia-chave para muitas marcas. &nbsp; No entanto, sem contratos bem estruturados e claros, as empresas podem enfrentar riscos legais, financeiros e de reputa\u00e7\u00e3o.\u00a0 Neste artigo, exploramos os erros mais comuns ao contratar influenciadores e como uma consultoria especializada pode [...]","protected":false},"author":2,"featured_media":0,"parent":0,"menu_order":0,"comment_status":"closed","ping_status":"closed","template":"","meta":{"_acf_changed":false,"footnotes":""},"class_list":["post-2428","page","type-page","status-publish","hentry"],"acf":[],"yoast_head":"<!-- This site is optimized with the Yoast SEO plugin v26.2 - https:\/\/yoast.com\/wordpress\/plugins\/seo\/ -->\n<title>Estudos de Caso - Media Auditors<\/title>\n<meta name=\"description\" content=\"Descubre los casos de \u00e9xito de Media Auditors y c\u00f3mo te ayudamos obtener m\u00e1s rentabilidad de tu inversi\u00f3n en medios.\" \/>\n<meta name=\"robots\" content=\"index, follow, max-snippet:-1, max-image-preview:large, max-video-preview:-1\" \/>\n<link rel=\"canonical\" href=\"https:\/\/www.mauditors.com\/pt-pt\/estudos-de-caso-media-auditors\/\" \/>\n<meta property=\"og:locale\" content=\"pt_PT\" \/>\n<meta property=\"og:type\" content=\"article\" \/>\n<meta property=\"og:title\" content=\"Estudos de Caso - Media Auditors\" \/>\n<meta property=\"og:description\" content=\"Descubre los casos de \u00e9xito de Media Auditors y c\u00f3mo te ayudamos obtener m\u00e1s rentabilidad de tu inversi\u00f3n en medios.\" \/>\n<meta property=\"og:url\" content=\"https:\/\/www.mauditors.com\/pt-pt\/estudos-de-caso-media-auditors\/\" \/>\n<meta property=\"og:site_name\" content=\"Media Auditors\" \/>\n<meta property=\"article:modified_time\" content=\"2024-09-10T14:01:36+00:00\" \/>\n<meta name=\"twitter:card\" content=\"summary_large_image\" \/>\n<meta name=\"twitter:label1\" content=\"Tempo estimado de leitura\" \/>\n\t<meta name=\"twitter:data1\" content=\"2 minutos\" \/>\n<script type=\"application\/ld+json\" class=\"yoast-schema-graph\">{\"@context\":\"https:\/\/schema.org\",\"@graph\":[{\"@type\":\"WebPage\",\"@id\":\"https:\/\/www.mauditors.com\/pt-pt\/estudos-de-caso-media-auditors\/\",\"url\":\"https:\/\/www.mauditors.com\/pt-pt\/estudos-de-caso-media-auditors\/\",\"name\":\"Estudos de Caso - Media Auditors\",\"isPartOf\":{\"@id\":\"https:\/\/www.mauditors.com\/#website\"},\"datePublished\":\"2024-05-07T09:06:34+00:00\",\"dateModified\":\"2024-09-10T14:01:36+00:00\",\"description\":\"Descubre los casos de \u00e9xito de Media Auditors y c\u00f3mo te ayudamos obtener m\u00e1s rentabilidad de tu inversi\u00f3n en medios.\",\"breadcrumb\":{\"@id\":\"https:\/\/www.mauditors.com\/pt-pt\/estudos-de-caso-media-auditors\/#breadcrumb\"},\"inLanguage\":\"pt-PT\",\"potentialAction\":[{\"@type\":\"ReadAction\",\"target\":[\"https:\/\/www.mauditors.com\/pt-pt\/estudos-de-caso-media-auditors\/\"]}]},{\"@type\":\"BreadcrumbList\",\"@id\":\"https:\/\/www.mauditors.com\/pt-pt\/estudos-de-caso-media-auditors\/#breadcrumb\",\"itemListElement\":[{\"@type\":\"ListItem\",\"position\":1,\"name\":\"Portada\",\"item\":\"https:\/\/www.mauditors.com\/pt-pt\/\"},{\"@type\":\"ListItem\",\"position\":2,\"name\":\"Estudos de Caso\"}]},{\"@type\":\"WebSite\",\"@id\":\"https:\/\/www.mauditors.com\/#website\",\"url\":\"https:\/\/www.mauditors.com\/\",\"name\":\"Media Auditors\",\"description\":\"Empresa independiente l\u00edder en auditor\u00eda y consultor\u00eda de medios en Am\u00e9rica Latina\",\"potentialAction\":[{\"@type\":\"SearchAction\",\"target\":{\"@type\":\"EntryPoint\",\"urlTemplate\":\"https:\/\/www.mauditors.com\/?s={search_term_string}\"},\"query-input\":{\"@type\":\"PropertyValueSpecification\",\"valueRequired\":true,\"valueName\":\"search_term_string\"}}],\"inLanguage\":\"pt-PT\"}]}<\/script>\n<!-- \/ Yoast SEO plugin. -->","yoast_head_json":{"title":"Estudos de Caso - Media Auditors","description":"Descubre los casos de \u00e9xito de Media Auditors y c\u00f3mo te ayudamos obtener m\u00e1s rentabilidad de tu inversi\u00f3n en medios.","robots":{"index":"index","follow":"follow","max-snippet":"max-snippet:-1","max-image-preview":"max-image-preview:large","max-video-preview":"max-video-preview:-1"},"canonical":"https:\/\/www.mauditors.com\/pt-pt\/estudos-de-caso-media-auditors\/","og_locale":"pt_PT","og_type":"article","og_title":"Estudos de Caso - Media Auditors","og_description":"Descubre los casos de \u00e9xito de Media Auditors y c\u00f3mo te ayudamos obtener m\u00e1s rentabilidad de tu inversi\u00f3n en medios.","og_url":"https:\/\/www.mauditors.com\/pt-pt\/estudos-de-caso-media-auditors\/","og_site_name":"Media Auditors","article_modified_time":"2024-09-10T14:01:36+00:00","twitter_card":"summary_large_image","twitter_misc":{"Tempo estimado de leitura":"2 minutos"},"schema":{"@context":"https:\/\/schema.org","@graph":[{"@type":"WebPage","@id":"https:\/\/www.mauditors.com\/pt-pt\/estudos-de-caso-media-auditors\/","url":"https:\/\/www.mauditors.com\/pt-pt\/estudos-de-caso-media-auditors\/","name":"Estudos de Caso - Media Auditors","isPartOf":{"@id":"https:\/\/www.mauditors.com\/#website"},"datePublished":"2024-05-07T09:06:34+00:00","dateModified":"2024-09-10T14:01:36+00:00","description":"Descubre los casos de \u00e9xito de Media Auditors y c\u00f3mo te ayudamos obtener m\u00e1s rentabilidad de tu inversi\u00f3n en medios.","breadcrumb":{"@id":"https:\/\/www.mauditors.com\/pt-pt\/estudos-de-caso-media-auditors\/#breadcrumb"},"inLanguage":"pt-PT","potentialAction":[{"@type":"ReadAction","target":["https:\/\/www.mauditors.com\/pt-pt\/estudos-de-caso-media-auditors\/"]}]},{"@type":"BreadcrumbList","@id":"https:\/\/www.mauditors.com\/pt-pt\/estudos-de-caso-media-auditors\/#breadcrumb","itemListElement":[{"@type":"ListItem","position":1,"name":"Portada","item":"https:\/\/www.mauditors.com\/pt-pt\/"},{"@type":"ListItem","position":2,"name":"Estudos de Caso"}]},{"@type":"WebSite","@id":"https:\/\/www.mauditors.com\/#website","url":"https:\/\/www.mauditors.com\/","name":"Media Auditors","description":"Empresa independiente l\u00edder en auditor\u00eda y consultor\u00eda de medios en Am\u00e9rica Latina","potentialAction":[{"@type":"SearchAction","target":{"@type":"EntryPoint","urlTemplate":"https:\/\/www.mauditors.com\/?s={search_term_string}"},"query-input":{"@type":"PropertyValueSpecification","valueRequired":true,"valueName":"search_term_string"}}],"inLanguage":"pt-PT"}]}},"_links":{"self":[{"href":"https:\/\/www.mauditors.com\/pt-pt\/wp-json\/wp\/v2\/pages\/2428","targetHints":{"allow":["GET"]}}],"collection":[{"href":"https:\/\/www.mauditors.com\/pt-pt\/wp-json\/wp\/v2\/pages"}],"about":[{"href":"https:\/\/www.mauditors.com\/pt-pt\/wp-json\/wp\/v2\/types\/page"}],"author":[{"embeddable":true,"href":"https:\/\/www.mauditors.com\/pt-pt\/wp-json\/wp\/v2\/users\/2"}],"replies":[{"embeddable":true,"href":"https:\/\/www.mauditors.com\/pt-pt\/wp-json\/wp\/v2\/comments?post=2428"}],"version-history":[{"count":13,"href":"https:\/\/www.mauditors.com\/pt-pt\/wp-json\/wp\/v2\/pages\/2428\/revisions"}],"predecessor-version":[{"id":3065,"href":"https:\/\/www.mauditors.com\/pt-pt\/wp-json\/wp\/v2\/pages\/2428\/revisions\/3065"}],"wp:attachment":[{"href":"https:\/\/www.mauditors.com\/pt-pt\/wp-json\/wp\/v2\/media?parent=2428"}],"curies":[{"name":"wp","href":"https:\/\/api.w.org\/{rel}","templated":true}]}}