{"id":2455,"date":"2024-04-15T13:24:24","date_gmt":"2024-04-15T11:24:24","guid":{"rendered":"https:\/\/mauditors.com\/contacto\/"},"modified":"2024-09-10T16:05:11","modified_gmt":"2024-09-10T14:05:11","slug":"contato","status":"publish","type":"page","link":"https:\/\/www.mauditors.com\/pt-pt\/contato\/","title":{"rendered":"Contato"},"content":{"rendered":"<div class=\"wpb-content-wrapper\"><p>[vc_row full_width=&#8221;stretch_row&#8221; el_class=&#8221;section-cabecera&#8221; css=&#8221;.vc_custom_1720020062675{background-image: url(https:\/\/mauditors.com\/wp-content\/uploads\/2024\/07\/iStock-1131829727-1-scaled.jpg?id=1561) !important;}&#8221;][vc_column width=&#8221;1\/2&#8243;][vc_wp_text el_class=&#8221;subtitle-text color-white&#8221;]entre em contato[\/vc_wp_text][vc_wp_text el_class=&#8221;title-text color-white&#8221;]ESCREVA-NOS[\/vc_wp_text][\/vc_column][vc_column width=&#8221;1\/2&#8243;][\/vc_column][\/vc_row][vc_row][vc_column]<div class=\"ult-spacer spacer-69e1e5e1a081b\" data-id=\"69e1e5e1a081b\" data-height=\"75\" data-height-mobile=\"75\" data-height-tab=\"75\" data-height-tab-portrait=\"\" data-height-mobile-landscape=\"\" style=\"clear:both;display:block;\"><\/div>[\/vc_column][\/vc_row][vc_row el_class=&#8221;contact-form-section&#8221;][vc_column width=&#8221;1\/2&#8243; el_class=&#8221;contact-icons-section&#8221;][vc_wp_text el_class=&#8221;contacto-section-icon contacto-icon-location&#8221;]<\/p>\n<p class=\"title-contacto\">Endere\u00e7o:<\/p>\n<p class=\"subtitle-contacto\">Calle Goya N\u00ba 97 1\u00ba Izq. CP. 28006 Madrid, Espa\u00f1a<\/p>\n<p>[\/vc_wp_text]<div class=\"ult-spacer spacer-69e1e5e1a087b\" data-id=\"69e1e5e1a087b\" data-height=\"50\" data-height-mobile=\"50\" data-height-tab=\"50\" data-height-tab-portrait=\"\" data-height-mobile-landscape=\"\" style=\"clear:both;display:block;\"><\/div>[vc_wp_text el_class=&#8221;contacto-section-icon contacto-icon-email&#8221;]<\/p>\n<p class=\"title-contacto\">E-mail:<\/p>\n<p class=\"subtitle-contacto\"><a href=\"mailto:contacto@mediauditors.com\" target=\"!blank\" rel=\"noopener\">contacto@mediauditors.com<\/a><\/p>\n<p>[\/vc_wp_text][\/vc_column][vc_column width=&#8221;1\/2&#8243; el_class=&#8221;formulario-contacto formulario-contacto-section&#8221;]\n<div class=\"wpcf7 no-js\" id=\"wpcf7-f2972-o1\" lang=\"es-ES\" dir=\"ltr\" data-wpcf7-id=\"2972\">\n<div class=\"screen-reader-response\"><p role=\"status\" aria-live=\"polite\" aria-atomic=\"true\"><\/p> <ul><\/ul><\/div>\n<form action=\"\/pt-pt\/wp-json\/wp\/v2\/pages\/2455#wpcf7-f2972-o1\" method=\"post\" class=\"wpcf7-form init\" aria-label=\"Formulario de contacto\" novalidate=\"novalidate\" data-status=\"init\">\n<fieldset class=\"hidden-fields-container\"><input type=\"hidden\" name=\"_wpcf7\" value=\"2972\" \/><input type=\"hidden\" name=\"_wpcf7_version\" value=\"6.1.5\" \/><input type=\"hidden\" name=\"_wpcf7_locale\" value=\"es_ES\" \/><input type=\"hidden\" name=\"_wpcf7_unit_tag\" value=\"wpcf7-f2972-o1\" \/><input type=\"hidden\" name=\"_wpcf7_container_post\" value=\"0\" \/><input type=\"hidden\" name=\"_wpcf7_posted_data_hash\" value=\"\" \/><input type=\"hidden\" name=\"_wpcf7_recaptcha_response\" value=\"\" \/>\n<\/fieldset>\n<div class=\"form-row\">\n\t<div class=\"form-1-2\">\n\t\t<p><label for=\"nombre\">Nome*<\/label><br \/>\n<span class=\"wpcf7-form-control-wrap\" data-name=\"your-name\"><input size=\"40\" maxlength=\"400\" class=\"wpcf7-form-control wpcf7-text wpcf7-validates-as-required\" id=\"nome\" aria-required=\"true\" aria-invalid=\"false\" placeholder=\"Nome\" value=\"\" type=\"text\" name=\"your-name\" \/><\/span>\n\t\t<\/p>\n\t<\/div>\n\t<div class=\"form-1-2\">\n\t\t<p><label for=\"apellido\">Sobrenome<\/label><br \/>\n<span class=\"wpcf7-form-control-wrap\" data-name=\"your-surname\"><input size=\"40\" maxlength=\"400\" class=\"wpcf7-form-control wpcf7-text\" id=\"sobrenome\" aria-invalid=\"false\" placeholder=\"Sobrenome\" value=\"\" type=\"text\" name=\"your-surname\" \/><\/span>\n\t\t<\/p>\n\t<\/div>\n<\/div>\n<div class=\"form-row\">\n\t<div class=\"form-1-2\">\n\t\t<p><label for=\"email\">E-mail*<\/label><br \/>\n<span class=\"wpcf7-form-control-wrap\" data-name=\"your-email\"><input size=\"40\" maxlength=\"400\" class=\"wpcf7-form-control wpcf7-email wpcf7-validates-as-required wpcf7-text wpcf7-validates-as-email\" id=\"email\" aria-required=\"true\" aria-invalid=\"false\" placeholder=\"E-mail\" value=\"\" type=\"email\" name=\"your-email\" \/><\/span>\n\t\t<\/p>\n\t<\/div>\n\t<div class=\"form-1-2\">\n\t\t<p><label for=\"pais\">Pa\u00eds<\/label><br \/>\n<span class=\"wpcf7-form-control-wrap\" data-name=\"your-country\"><input size=\"40\" maxlength=\"400\" class=\"wpcf7-form-control wpcf7-text\" id=\"apis\" aria-invalid=\"false\" placeholder=\"Pa\u00eds\" value=\"\" type=\"text\" name=\"your-country\" \/><\/span>\n\t\t<\/p>\n\t<\/div>\n<\/div>\n<div class=\"form-row\">\n\t<div class=\"form-1-1\">\n\t\t<p><label for=\"company-name\">Nome da empresa<\/label><br \/>\n<span class=\"wpcf7-form-control-wrap\" data-name=\"your-company\"><input size=\"40\" maxlength=\"400\" class=\"wpcf7-form-control wpcf7-text\" id=\"company-name\" aria-invalid=\"false\" placeholder=\"Nome da empresa\" value=\"\" type=\"text\" name=\"your-company\" \/><\/span>\n\t\t<\/p>\n\t<\/div>\n<\/div>\n<div class=\"form-row\">\n\t<div class=\"form-1-1\">\n\t\t<p><label for=\"selector-1\">Raz\u00e3o de contato<\/label><br \/>\n<span class=\"wpcf7-form-control-wrap\" data-name=\"my-select\"><select class=\"wpcf7-form-control wpcf7-select\" id=\"selector-1\" aria-invalid=\"false\" name=\"my-select\"><option value=\"\">&#8212;Por favor, elige una opci\u00f3n&#8212;<\/option><option value=\"Por favor, escolha uma op\u00e7\u00e3o\">Por favor, escolha uma op\u00e7\u00e3o<\/option><option value=\"Estou procurando servi\u00e7os de auditoria\">Estou procurando servi\u00e7os de auditoria<\/option><option value=\"Estou procurando servi\u00e7os de consultoria\">Estou procurando servi\u00e7os de consultoria<\/option><option value=\"Sou anunciante e busco mais informa\u00e7\u00f5es\">Sou anunciante e busco mais informa\u00e7\u00f5es<\/option><option value=\"Sou ag\u00eancia de m\u00eddia\">Sou ag\u00eancia de m\u00eddia<\/option><option value=\"Quero falar com a equipe\">Quero falar com a equipe<\/option><option value=\"Outro\">Outro<\/option><\/select><\/span>\n\t\t<\/p>\n\t<\/div>\n<\/div>\n<div class=\"form-row\">\n\t<div class=\"form-1-1\">\n\t\t<p><label for=\"mensaje\">Mensagem*<\/label><br \/>\n<span class=\"wpcf7-form-control-wrap\" data-name=\"your-message\"><textarea cols=\"40\" rows=\"10\" maxlength=\"2000\" class=\"wpcf7-form-control wpcf7-textarea wpcf7-validates-as-required\" id=\"mensaje\" aria-required=\"true\" aria-invalid=\"false\" placeholder=\"Mensagem\" name=\"your-message\"><\/textarea><\/span>\n\t\t<\/p>\n\t<\/div>\n<\/div>\n<div class=\"form-row\">\n\t<div class=\"form-1-2\">\n\t\t<div class=\"condiciones-privacidad\">\n\t\t\t<p><span class=\"wpcf7-form-control-wrap\" data-name=\"condiciones-privacidad\"><span class=\"wpcf7-form-control wpcf7-acceptance\"><span class=\"wpcf7-list-item\"><label><input type=\"checkbox\" name=\"condiciones-privacidad\" value=\"1\" aria-invalid=\"false\" \/><span class=\"wpcf7-list-item-label\">Li e aceito a <a href=\"#\">Pol\u00edtica de Privacidade<\/a>.<\/span><\/label><\/span><\/span><\/span>\n\t\t\t<\/p>\n\t\t<\/div>\n\t<span class=\"wpcf7-form-control-wrap recaptcha\" data-name=\"recaptcha\"><span data-sitekey=\"6LeBgbspAAAAAOfRYg8YBi3MR-Y-51bXEK4fKAn1\" class=\"wpcf7-form-control wpcf7-recaptcha g-recaptcha\"><\/span>\r\n<noscript>\r\n\t<div class=\"grecaptcha-noscript\">\r\n\t\t<iframe loading=\"lazy\" src=\"https:\/\/www.recaptcha.net\/recaptcha\/api\/fallback?k=6LeBgbspAAAAAOfRYg8YBi3MR-Y-51bXEK4fKAn1\" frameborder=\"0\" scrolling=\"no\" width=\"310\" height=\"430\">\r\n\t\t<\/iframe>\r\n\t\t<textarea name=\"g-recaptcha-response\" rows=\"3\" cols=\"40\" placeholder=\"Aqu\u00ed la respuesta de reCAPTCHA\">\r\n\t\t<\/textarea>\r\n\t<\/div>\r\n<\/noscript>\r\n<\/span>\n\t\t<p><span id=\"wpcf7-69e1e5e1a47df-wrapper\" class=\"wpcf7-form-control-wrap honeypot-wrap\" style=\"display:none !important; visibility:hidden !important;\"><label for=\"wpcf7-69e1e5e1a47df-field\" class=\"hp-message\">Por favor, deja este campo vac\u00edo.<\/label><input id=\"wpcf7-69e1e5e1a47df-field\"  class=\"wpcf7-form-control wpcf7-text\" type=\"text\" name=\"honeypot\" value=\"\" size=\"40\" tabindex=\"-1\" autocomplete=\"new-password\" \/><\/span>\n\t\t<\/p>\n\t<\/div>\n\t<div class=\"form-1-2 section-enviar\">\n\t\t<p><input class=\"wpcf7-form-control wpcf7-submit has-spinner escribenos-pt\" id=\"escribenos-pt\" type=\"submit\" value=\"Enviar\" \/>\n\t\t<\/p>\n\t<\/div>\n<\/div><div class=\"wpcf7-response-output\" aria-hidden=\"true\"><\/div>\n<\/form>\n<\/div>\n[\/vc_column][\/vc_row][vc_row][vc_column]<div class=\"ult-spacer spacer-69e1e5e1a5f02\" data-id=\"69e1e5e1a5f02\" data-height=\"155\" data-height-mobile=\"75\" data-height-tab=\"\" data-height-tab-portrait=\"\" data-height-mobile-landscape=\"75\" style=\"clear:both;display:block;\"><\/div>[\/vc_column][\/vc_row][vc_row full_width=&#8221;stretch_row&#8221; equal_height=&#8221;yes&#8221; css=&#8221;.vc_custom_1720019859222{background-image: url(https:\/\/mauditors.com\/wp-content\/uploads\/2024\/07\/botton2-scaled.jpg?id=1509) !important;}&#8221; el_class=&#8221;section-background-image section-background-image-height-auto-responsive section-background-image-contact&#8221;][vc_column width=&#8221;2\/5&#8243; el_class=&#8221;image-phone-contact&#8221;][vc_single_image image=&#8221;32&#8243; img_size=&#8221;full&#8221; alignment=&#8221;center&#8221;][\/vc_column][vc_column width=&#8221;3\/5&#8243; el_class=&#8221;banner-center-text-height&#8221;]<div class=\"ult-spacer spacer-69e1e5e1a5f46\" data-id=\"69e1e5e1a5f46\" data-height=\"0\" data-height-mobile=\"75\" data-height-tab=\"\" data-height-tab-portrait=\"\" data-height-mobile-landscape=\"75\" style=\"clear:both;display:block;\"><\/div>[vc_wp_text el_class=&#8221;title-banner-little color-white&#8221;]<\/p>\n<p style=\"text-align: center;\">Se tiver alguma d\u00favida ou necessitar de mais informa\u00e7\u00f5es sobre os nossos servi\u00e7os, n\u00e3o hesite em contactar-nos.<\/p>\n<p>[\/vc_wp_text]<div class=\"ult-spacer spacer-69e1e5e1a5f83\" data-id=\"69e1e5e1a5f83\" data-height=\"0\" data-height-mobile=\"50\" data-height-tab=\"\" data-height-tab-portrait=\"\" data-height-mobile-landscape=\"50\" style=\"clear:both;display:block;\"><\/div>[\/vc_column][\/vc_row]<\/p>\n<\/div>","protected":false},"excerpt":{"rendered":"<p>[vc_row full_width=&#8221;stretch_row&#8221; el_class=&#8221;section-cabecera&#8221; css=&#8221;.vc_custom_1720020062675{background-image: url(https:\/\/mauditors.com\/wp-content\/uploads\/2024\/07\/iStock-1131829727-1-scaled.jpg?id=1561) !important;}&#8221;][vc_column width=&#8221;1\/2&#8243;][vc_wp_text el_class=&#8221;subtitle-text color-white&#8221;]entre em contato[\/vc_wp_text][vc_wp_text el_class=&#8221;title-text color-white&#8221;]ESCREVA-NOS[\/vc_wp_text][\/vc_column][vc_column width=&#8221;1\/2&#8243;][\/vc_column][\/vc_row][vc_row][vc_column][\/vc_column][\/vc_row][vc_row el_class=&#8221;contact-form-section&#8221;][vc_column width=&#8221;1\/2&#8243; el_class=&#8221;contact-icons-section&#8221;][vc_wp_text el_class=&#8221;contacto-section-icon contacto-icon-location&#8221;] Endere\u00e7o: Calle Goya N\u00ba 97 1\u00ba Izq. CP. 28006 Madrid, Espa\u00f1a [\/vc_wp_text][vc_wp_text el_class=&#8221;contacto-section-icon contacto-icon-email&#8221;] E-mail: contacto@mediauditors.com [\/vc_wp_text][\/vc_column][vc_column width=&#8221;1\/2&#8243; el_class=&#8221;formulario-contacto formulario-contacto-section&#8221;][\/vc_column][\/vc_row][vc_row][vc_column][\/vc_column][\/vc_row][vc_row full_width=&#8221;stretch_row&#8221; equal_height=&#8221;yes&#8221; css=&#8221;.vc_custom_1720019859222{background-image: url(https:\/\/mauditors.com\/wp-content\/uploads\/2024\/07\/botton2-scaled.jpg?id=1509) !important;}&#8221; el_class=&#8221;section-background-image section-background-image-height-auto-responsive section-background-image-contact&#8221;][vc_column width=&#8221;2\/5&#8243; el_class=&#8221;image-phone-contact&#8221;][vc_single_image image=&#8221;32&#8243; img_size=&#8221;full&#8221; alignment=&#8221;center&#8221;][\/vc_column][vc_column width=&#8221;3\/5&#8243; el_class=&#8221;banner-center-text-height&#8221;][vc_wp_text el_class=&#8221;title-banner-little [&hellip;]<\/p>\n","protected":false},"author":2,"featured_media":0,"parent":0,"menu_order":0,"comment_status":"closed","ping_status":"closed","template":"","meta":{"_acf_changed":false,"footnotes":""},"class_list":["post-2455","page","type-page","status-publish","hentry"],"acf":[],"yoast_head":"<!-- This site is optimized with the Yoast SEO plugin v26.2 - https:\/\/yoast.com\/wordpress\/plugins\/seo\/ -->\n<title>Contato - Media Auditors<\/title>\n<meta name=\"robots\" content=\"index, follow, max-snippet:-1, max-image-preview:large, max-video-preview:-1\" \/>\n<link rel=\"canonical\" href=\"https:\/\/www.mauditors.com\/pt-pt\/contato\/\" \/>\n<meta property=\"og:locale\" content=\"pt_PT\" \/>\n<meta property=\"og:type\" content=\"article\" \/>\n<meta property=\"og:title\" content=\"Contato - Media Auditors\" \/>\n<meta property=\"og:description\" content=\"[vc_row full_width=&#8221;stretch_row&#8221; el_class=&#8221;section-cabecera&#8221; css=&#8221;.vc_custom_1720020062675{background-image: url(https:\/\/mauditors.com\/wp-content\/uploads\/2024\/07\/iStock-1131829727-1-scaled.jpg?id=1561) !important;}&#8221;][vc_column width=&#8221;1\/2&#8243;][vc_wp_text el_class=&#8221;subtitle-text color-white&#8221;]entre em contato[\/vc_wp_text][vc_wp_text el_class=&#8221;title-text color-white&#8221;]ESCREVA-NOS[\/vc_wp_text][\/vc_column][vc_column width=&#8221;1\/2&#8243;][\/vc_column][\/vc_row][vc_row][vc_column][\/vc_column][\/vc_row][vc_row el_class=&#8221;contact-form-section&#8221;][vc_column width=&#8221;1\/2&#8243; el_class=&#8221;contact-icons-section&#8221;][vc_wp_text el_class=&#8221;contacto-section-icon contacto-icon-location&#8221;] Endere\u00e7o: Calle Goya N\u00ba 97 1\u00ba Izq. CP. 28006 Madrid, Espa\u00f1a [\/vc_wp_text][vc_wp_text el_class=&#8221;contacto-section-icon contacto-icon-email&#8221;] E-mail: contacto@mediauditors.com [\/vc_wp_text][\/vc_column][vc_column width=&#8221;1\/2&#8243; el_class=&#8221;formulario-contacto formulario-contacto-section&#8221;][\/vc_column][\/vc_row][vc_row][vc_column][\/vc_column][\/vc_row][vc_row full_width=&#8221;stretch_row&#8221; equal_height=&#8221;yes&#8221; css=&#8221;.vc_custom_1720019859222{background-image: url(https:\/\/mauditors.com\/wp-content\/uploads\/2024\/07\/botton2-scaled.jpg?id=1509) !important;}&#8221; el_class=&#8221;section-background-image section-background-image-height-auto-responsive section-background-image-contact&#8221;][vc_column width=&#8221;2\/5&#8243; el_class=&#8221;image-phone-contact&#8221;][vc_single_image image=&#8221;32&#8243; img_size=&#8221;full&#8221; alignment=&#8221;center&#8221;][\/vc_column][vc_column width=&#8221;3\/5&#8243; el_class=&#8221;banner-center-text-height&#8221;][vc_wp_text el_class=&#8221;title-banner-little [&hellip;]\" \/>\n<meta property=\"og:url\" content=\"https:\/\/www.mauditors.com\/pt-pt\/contato\/\" \/>\n<meta property=\"og:site_name\" content=\"Media Auditors\" \/>\n<meta property=\"article:modified_time\" content=\"2024-09-10T14:05:11+00:00\" \/>\n<meta name=\"twitter:card\" content=\"summary_large_image\" \/>\n<meta name=\"twitter:label1\" content=\"Tempo estimado de leitura\" \/>\n\t<meta name=\"twitter:data1\" content=\"1 minuto\" \/>\n<script type=\"application\/ld+json\" class=\"yoast-schema-graph\">{\"@context\":\"https:\/\/schema.org\",\"@graph\":[{\"@type\":\"WebPage\",\"@id\":\"https:\/\/www.mauditors.com\/pt-pt\/contato\/\",\"url\":\"https:\/\/www.mauditors.com\/pt-pt\/contato\/\",\"name\":\"Contato - Media Auditors\",\"isPartOf\":{\"@id\":\"https:\/\/www.mauditors.com\/#website\"},\"datePublished\":\"2024-04-15T11:24:24+00:00\",\"dateModified\":\"2024-09-10T14:05:11+00:00\",\"breadcrumb\":{\"@id\":\"https:\/\/www.mauditors.com\/pt-pt\/contato\/#breadcrumb\"},\"inLanguage\":\"pt-PT\",\"potentialAction\":[{\"@type\":\"ReadAction\",\"target\":[\"https:\/\/www.mauditors.com\/pt-pt\/contato\/\"]}]},{\"@type\":\"BreadcrumbList\",\"@id\":\"https:\/\/www.mauditors.com\/pt-pt\/contato\/#breadcrumb\",\"itemListElement\":[{\"@type\":\"ListItem\",\"position\":1,\"name\":\"Portada\",\"item\":\"https:\/\/www.mauditors.com\/pt-pt\/\"},{\"@type\":\"ListItem\",\"position\":2,\"name\":\"Contato\"}]},{\"@type\":\"WebSite\",\"@id\":\"https:\/\/www.mauditors.com\/#website\",\"url\":\"https:\/\/www.mauditors.com\/\",\"name\":\"Media Auditors\",\"description\":\"Empresa independiente l\u00edder en auditor\u00eda y consultor\u00eda de medios en Am\u00e9rica Latina\",\"potentialAction\":[{\"@type\":\"SearchAction\",\"target\":{\"@type\":\"EntryPoint\",\"urlTemplate\":\"https:\/\/www.mauditors.com\/?s={search_term_string}\"},\"query-input\":{\"@type\":\"PropertyValueSpecification\",\"valueRequired\":true,\"valueName\":\"search_term_string\"}}],\"inLanguage\":\"pt-PT\"}]}<\/script>\n<!-- \/ Yoast SEO plugin. -->","yoast_head_json":{"title":"Contato - Media Auditors","robots":{"index":"index","follow":"follow","max-snippet":"max-snippet:-1","max-image-preview":"max-image-preview:large","max-video-preview":"max-video-preview:-1"},"canonical":"https:\/\/www.mauditors.com\/pt-pt\/contato\/","og_locale":"pt_PT","og_type":"article","og_title":"Contato - Media Auditors","og_description":"[vc_row full_width=&#8221;stretch_row&#8221; el_class=&#8221;section-cabecera&#8221; css=&#8221;.vc_custom_1720020062675{background-image: url(https:\/\/mauditors.com\/wp-content\/uploads\/2024\/07\/iStock-1131829727-1-scaled.jpg?id=1561) !important;}&#8221;][vc_column width=&#8221;1\/2&#8243;][vc_wp_text el_class=&#8221;subtitle-text color-white&#8221;]entre em contato[\/vc_wp_text][vc_wp_text el_class=&#8221;title-text color-white&#8221;]ESCREVA-NOS[\/vc_wp_text][\/vc_column][vc_column width=&#8221;1\/2&#8243;][\/vc_column][\/vc_row][vc_row][vc_column][\/vc_column][\/vc_row][vc_row el_class=&#8221;contact-form-section&#8221;][vc_column width=&#8221;1\/2&#8243; el_class=&#8221;contact-icons-section&#8221;][vc_wp_text el_class=&#8221;contacto-section-icon contacto-icon-location&#8221;] Endere\u00e7o: Calle Goya N\u00ba 97 1\u00ba Izq. CP. 28006 Madrid, Espa\u00f1a [\/vc_wp_text][vc_wp_text el_class=&#8221;contacto-section-icon contacto-icon-email&#8221;] E-mail: contacto@mediauditors.com [\/vc_wp_text][\/vc_column][vc_column width=&#8221;1\/2&#8243; el_class=&#8221;formulario-contacto formulario-contacto-section&#8221;][\/vc_column][\/vc_row][vc_row][vc_column][\/vc_column][\/vc_row][vc_row full_width=&#8221;stretch_row&#8221; equal_height=&#8221;yes&#8221; css=&#8221;.vc_custom_1720019859222{background-image: url(https:\/\/mauditors.com\/wp-content\/uploads\/2024\/07\/botton2-scaled.jpg?id=1509) !important;}&#8221; el_class=&#8221;section-background-image section-background-image-height-auto-responsive section-background-image-contact&#8221;][vc_column width=&#8221;2\/5&#8243; el_class=&#8221;image-phone-contact&#8221;][vc_single_image image=&#8221;32&#8243; img_size=&#8221;full&#8221; alignment=&#8221;center&#8221;][\/vc_column][vc_column width=&#8221;3\/5&#8243; el_class=&#8221;banner-center-text-height&#8221;][vc_wp_text el_class=&#8221;title-banner-little [&hellip;]","og_url":"https:\/\/www.mauditors.com\/pt-pt\/contato\/","og_site_name":"Media Auditors","article_modified_time":"2024-09-10T14:05:11+00:00","twitter_card":"summary_large_image","twitter_misc":{"Tempo estimado de leitura":"1 minuto"},"schema":{"@context":"https:\/\/schema.org","@graph":[{"@type":"WebPage","@id":"https:\/\/www.mauditors.com\/pt-pt\/contato\/","url":"https:\/\/www.mauditors.com\/pt-pt\/contato\/","name":"Contato - Media Auditors","isPartOf":{"@id":"https:\/\/www.mauditors.com\/#website"},"datePublished":"2024-04-15T11:24:24+00:00","dateModified":"2024-09-10T14:05:11+00:00","breadcrumb":{"@id":"https:\/\/www.mauditors.com\/pt-pt\/contato\/#breadcrumb"},"inLanguage":"pt-PT","potentialAction":[{"@type":"ReadAction","target":["https:\/\/www.mauditors.com\/pt-pt\/contato\/"]}]},{"@type":"BreadcrumbList","@id":"https:\/\/www.mauditors.com\/pt-pt\/contato\/#breadcrumb","itemListElement":[{"@type":"ListItem","position":1,"name":"Portada","item":"https:\/\/www.mauditors.com\/pt-pt\/"},{"@type":"ListItem","position":2,"name":"Contato"}]},{"@type":"WebSite","@id":"https:\/\/www.mauditors.com\/#website","url":"https:\/\/www.mauditors.com\/","name":"Media Auditors","description":"Empresa independiente l\u00edder en auditor\u00eda y consultor\u00eda de medios en Am\u00e9rica Latina","potentialAction":[{"@type":"SearchAction","target":{"@type":"EntryPoint","urlTemplate":"https:\/\/www.mauditors.com\/?s={search_term_string}"},"query-input":{"@type":"PropertyValueSpecification","valueRequired":true,"valueName":"search_term_string"}}],"inLanguage":"pt-PT"}]}},"_links":{"self":[{"href":"https:\/\/www.mauditors.com\/pt-pt\/wp-json\/wp\/v2\/pages\/2455","targetHints":{"allow":["GET"]}}],"collection":[{"href":"https:\/\/www.mauditors.com\/pt-pt\/wp-json\/wp\/v2\/pages"}],"about":[{"href":"https:\/\/www.mauditors.com\/pt-pt\/wp-json\/wp\/v2\/types\/page"}],"author":[{"embeddable":true,"href":"https:\/\/www.mauditors.com\/pt-pt\/wp-json\/wp\/v2\/users\/2"}],"replies":[{"embeddable":true,"href":"https:\/\/www.mauditors.com\/pt-pt\/wp-json\/wp\/v2\/comments?post=2455"}],"version-history":[{"count":6,"href":"https:\/\/www.mauditors.com\/pt-pt\/wp-json\/wp\/v2\/pages\/2455\/revisions"}],"predecessor-version":[{"id":3066,"href":"https:\/\/www.mauditors.com\/pt-pt\/wp-json\/wp\/v2\/pages\/2455\/revisions\/3066"}],"wp:attachment":[{"href":"https:\/\/www.mauditors.com\/pt-pt\/wp-json\/wp\/v2\/media?parent=2455"}],"curies":[{"name":"wp","href":"https:\/\/api.w.org\/{rel}","templated":true}]}}