{"id":2465,"date":"2024-04-30T15:07:48","date_gmt":"2024-04-30T13:07:48","guid":{"rendered":"https:\/\/mauditors.com\/insights-reports\/"},"modified":"2025-02-11T12:51:13","modified_gmt":"2025-02-11T11:51:13","slug":"insights-reports","status":"publish","type":"page","link":"https:\/\/www.mauditors.com\/pt-pt\/insights-reports\/","title":{"rendered":"Insights &#038; News"},"content":{"rendered":"<div class=\"wpb-content-wrapper\"><p>[vc_row full_width=&#8221;stretch_row&#8221; el_class=&#8221;section-cabecera&#8221; css=&#8221;.vc_custom_1720687356603{background-image: url(https:\/\/mauditors.com\/wp-content\/uploads\/2024\/07\/4-2-scaled.jpg?id=1826) !important;}&#8221;][vc_column width=&#8221;1\/2&#8243;][vc_wp_text el_class=&#8221;subtitle-text color-white&#8221;]INSIGHTS[\/vc_wp_text][vc_wp_text el_class=&#8221;title-text color-white&#8221;]<\/p>\n<h1>Insights<br \/>\n&amp; Reports<\/h1>\n<p>[\/vc_wp_text][\/vc_column][vc_column width=&#8221;1\/2&#8243;][\/vc_column][\/vc_row][vc_section full_width=&#8221;stretch_row_content&#8221; css=&#8221;.vc_custom_1715063972896{background-color: #e9e9e9 !important;}&#8221;][vc_row][vc_column]<div class=\"ult-spacer spacer-69e1d68d875d0\" data-id=\"69e1d68d875d0\" data-height=\"150\" data-height-mobile=\"75\" data-height-tab=\"\" data-height-tab-portrait=\"\" data-height-mobile-landscape=\"75\" style=\"clear:both;display:block;\"><\/div>[\/vc_column][\/vc_row][vc_row equal_height=&#8221;yes&#8221; el_class=&#8221;container margin-left-right-auto padding-left-right-none no-container-responsive&#8221;][vc_column width=&#8221;1\/3&#8243; el_class=&#8221;column-center-flex&#8221;][vc_row_inner el_class=&#8221;container margin-left-right-auto&#8221;][vc_column_inner][vc_wp_text el_class=&#8221;text-default text-uppercase&#8221;]Media Auditors thinks[\/vc_wp_text][vc_wp_text el_class=&#8221;title-text-little title-text-little-media-auditors-informes&#8221;]Reports[\/vc_wp_text]<div class=\"ult-spacer spacer-69e1d68d8763d\" data-id=\"69e1d68d8763d\" data-height=\"25\" data-height-mobile=\"25\" data-height-tab=\"25\" data-height-tab-portrait=\"\" data-height-mobile-landscape=\"\" style=\"clear:both;display:block;\"><\/div>[vc_wp_text el_class=&#8221;text-default&#8221;]<span style=\"font-weight: 400;\">Relat\u00f3rios, informa\u00e7\u00f5es relevantes e an\u00e1lises sobre tend\u00eancias de mercado em publicidade e m\u00eddia, com base em nossos dados propriet\u00e1rios e conhecimento da ind\u00fastria na Am\u00e9rica Latina. Insights<\/span>[\/vc_wp_text][\/vc_column_inner][\/vc_row_inner][\/vc_column][vc_column width=&#8221;2\/3&#8243; el_class=&#8221;insight-media-auditors-informes-section&#8221;]<div id=\"ult-carousel-285282082569e1d68d87832\" class=\"ult-carousel-wrapper  insight-dots insight-hover-active ult_horizontal\" data-gutter=\"15\" data-rtl=\"false\" ><div class=\"ult-carousel-318854286969e1d68d876f5 \" ><div class=\"ult-item-wrap\" data-animation=\"animated no-animation\"><div class='seccion-insight insight-577' style='background-image: url(https:\/\/www.mauditors.com\/wp-content\/uploads\/2024\/04\/benchmarking4-2-scaled.jpg);'><a href='https:\/\/www.mauditors.com\/?post_type=insight&p=577'><div class='container color-white'><div class='section-header-content-news'><p class='post-title'>M\u00e9xico Media Landscape 2023<\/p><p class='read-more'><span class='read-more-text'>Leer m\u00e1s<\/span> <span class='fa-solid fa-arrow-right-long'><\/span><\/p><\/div><\/div><\/a><\/div><\/div><div class=\"ult-item-wrap\" data-animation=\"animated no-animation\"><div class='seccion-insight insight-1270' style='background-image: url(https:\/\/www.mauditors.com\/wp-content\/uploads\/2023\/03\/benchmarking1-scaled.jpg);'><a href='https:\/\/www.mauditors.com\/?post_type=insight&p=1270'><div class='container color-white'><div class='section-header-content-news'><p class='post-title'>M\u00e9xico Media Landscape 2022<\/p><p class='read-more'><span class='read-more-text'>Leer m\u00e1s<\/span> <span class='fa-solid fa-arrow-right-long'><\/span><\/p><\/div><\/div><\/a><\/div><\/div><div class=\"ult-item-wrap\" data-animation=\"animated no-animation\"><div class='seccion-insight insight-1277' style='background-image: url(https:\/\/www.mauditors.com\/wp-content\/uploads\/2024\/07\/benchmarking3-1-scaled.jpg);'><a href='https:\/\/www.mauditors.com\/insight\/mexico-media-landscape-2021\/'><div class='container color-white'><div class='section-header-content-news'><p class='post-title'>M\u00e9xico Media Landscape 2021<\/p><p class='read-more'><span class='read-more-text'>Leer m\u00e1s<\/span> <span class='fa-solid fa-arrow-right-long'><\/span><\/p><\/div><\/div><\/a><\/div><\/div><\/div><\/div>\t\t\t<script type=\"text\/javascript\">\n\t\t\t\tjQuery(document).ready(function ($) {\n\t\t\t\t\tif( typeof jQuery('.ult-carousel-318854286969e1d68d876f5').slick == \"function\"){\n\t\t\t\t\t\t$('.ult-carousel-318854286969e1d68d876f5').slick({dots: true,autoplaySpeed: \"5000\",speed: \"300\",infinite: true,arrows: false,slidesToScroll:2,slidesToShow:2,swipe: true,draggable: true,touchMove: true,pauseOnHover: true,pauseOnFocus: false,responsive: [\n\t\t\t\t\t\t\t{\n\t\t\t\t\t\t\t  breakpoint: 1026,\n\t\t\t\t\t\t\t  settings: {\n\t\t\t\t\t\t\t\tslidesToShow: 2,\n\t\t\t\t\t\t\t\tslidesToScroll: 2,  \n\t\t\t\t\t\t\t  }\n\t\t\t\t\t\t\t},\n\t\t\t\t\t\t\t{\n\t\t\t\t\t\t\t  breakpoint: 1025,\n\t\t\t\t\t\t\t  settings: {\n\t\t\t\t\t\t\t\tslidesToShow: 1,\n\t\t\t\t\t\t\t\tslidesToScroll: 1\n\t\t\t\t\t\t\t  }\n\t\t\t\t\t\t\t},\n\t\t\t\t\t\t\t{\n\t\t\t\t\t\t\t  breakpoint: 760,\n\t\t\t\t\t\t\t  settings: {\n\t\t\t\t\t\t\t\tslidesToShow: 1,\n\t\t\t\t\t\t\t\tslidesToScroll: 1\n\t\t\t\t\t\t\t  }\n\t\t\t\t\t\t\t}\n\t\t\t\t\t\t],pauseOnDotsHover: true,customPaging: function(slider, i) {\n                   return '<i type=\"button\" style= \"color:#333333;\" class=\"ultsl-record\" data-role=\"none\"><\/i>';\n                },});\n\t\t\t\t\t}\n\t\t\t\t});\n\t\t\t<\/script>\n\t\t\t[\/vc_column][\/vc_row][vc_row][vc_column]<div class=\"ult-spacer spacer-69e1d68d8b3db\" data-id=\"69e1d68d8b3db\" data-height=\"150\" data-height-mobile=\"75\" data-height-tab=\"\" data-height-tab-portrait=\"\" data-height-mobile-landscape=\"75\" style=\"clear:both;display:block;\"><\/div>[\/vc_column][\/vc_row][\/vc_section][vc_row css=&#8221;.vc_custom_1723555005275{padding-top: 50px !important;padding-bottom: 50px !important;}&#8221;][vc_column][vc_wp_text el_class=&#8221;title-2 title-with-line text-right-responsive&#8221;]<\/p>\n<h2 class=\"title-line\">Insights<\/h2>\n<p>[\/vc_wp_text][\/vc_column][\/vc_row][vc_row full_width=&#8221;stretch_row_content_no_spaces&#8221;][vc_column][vc_row_inner el_class=&#8221;container margin-left-right-auto&#8221;][vc_column_inner width=&#8221;1\/2&#8243;]<div class='noticias-slider'><div class='ultimas-noticias-wrapper ultimas-noticias-wrapper-big'><a href='https:\/\/www.mauditors.com\/pt-pt\/nueva-medicion-audiencias-mexico-impacto\/'><div class='image' style='background-image: url(https:\/\/www.mauditors.com\/wp-content\/uploads\/2025\/03\/glenn-carstens-peters-EOQhsfFBhRk-unsplash-1-scaled.jpg);'><\/div><p class='subtitle-text'>4 de Mar\u00e7o de 2025<\/p><p class='post-title'>NUEVA MEDIC\u00cdON DE AUDIENCIAS EN M\u00c9XICO \u00bfQU\u00c9 IMPACTO TENDR\u00c1 EN EL MERCADO?<\/p><p class='read-more'><span class='read-more-text'>Leer m\u00e1s<\/span> <span class='fa-solid fa-arrow-right-long'><\/span><\/p><\/a><\/div><div class='ultimas-noticias-wrapper ultimas-noticias-wrapper-big'><a href='https:\/\/www.mauditors.com\/pt-pt\/erros-comuns-ao-contratar-influenciadores-e-como-supera-los\/'><div class='image' style='background-image: url(https:\/\/www.mauditors.com\/wp-content\/uploads\/2024\/12\/errores-comunes-contratar-influencers-scaled.jpg);'><\/div><p class='subtitle-text'>10 de Dezembro de 2024<\/p><p class='post-title'>ERROS COMUNS AO CONTRATAR INFLUENCIADORES E COMO SUPER\u00c1-LOS<\/p><p class='read-more'><span class='read-more-text'>Leer m\u00e1s<\/span> <span class='fa-solid fa-arrow-right-long'><\/span><\/p><\/a><\/div><div class='ultimas-noticias-wrapper ultimas-noticias-wrapper-big'><a href='https:\/\/www.mauditors.com\/pt-pt\/explorando-o-publico-no-mexico-insights-do-ibope-e-jic\/'><div class='image' style='background-image: url(https:\/\/www.mauditors.com\/wp-content\/uploads\/2024\/07\/68f6157a-bdc2-4ca6-b2c5-38a57017b72a.jpg);'><\/div><p class='subtitle-text'>17 de Julho de 2024<\/p><p class='post-title'>EXPLORANDO O P\u00daBLICO NO M\u00c9XICO: INSIGHTS DO IBOPE E JIC<\/p><p class='read-more'><span class='read-more-text'>Leer m\u00e1s<\/span> <span class='fa-solid fa-arrow-right-long'><\/span><\/p><\/a><\/div><div class='ultimas-noticias-wrapper ultimas-noticias-wrapper-big'><a href='https:\/\/www.mauditors.com\/pt-pt\/a-ascensao-dos-podcasts-e-da-publicidade-de-audio-digital\/'><div class='image' style='background-image: url(https:\/\/www.mauditors.com\/wp-content\/uploads\/2024\/07\/micro.jpg);'><\/div><p class='subtitle-text'>2 de Julho de 2024<\/p><p class='post-title'>A ASCENS\u00c3O DOS PODCASTS E DA PUBLICIDADE DE \u00c1UDIO DIGITAL<\/p><p class='read-more'><span class='read-more-text'>Leer m\u00e1s<\/span> <span class='fa-solid fa-arrow-right-long'><\/span><\/p><\/a><\/div><div class='ultimas-noticias-wrapper ultimas-noticias-wrapper-big'><a href='https:\/\/www.mauditors.com\/pt-pt\/negociaciones-entre-anunciantes-y-medios\/'><div class='image' style='background-image: url(https:\/\/www.mauditors.com\/wp-content\/uploads\/2024\/05\/bandera-mexico-foto-estudio-ruffled-belleza-vertical-primer-plano-scaled-750x600-1-e1719567641896.webp);'><\/div><p class='subtitle-text'>2 de Novembro de 2023<\/p><p class='post-title'>NEGOCIA\u00c7\u00d5ES ENTRE ANUNCIANTES E M\u00cdDIA<\/p><p class='read-more'><span class='read-more-text'>Leer m\u00e1s<\/span> <span class='fa-solid fa-arrow-right-long'><\/span><\/p><\/a><\/div><div class='ultimas-noticias-wrapper ultimas-noticias-wrapper-big'><a href='https:\/\/www.mauditors.com\/pt-pt\/tv-conectada-continuando-a-transformar-o-consumo-de-conteudo\/'><div class='image' style='background-image: url(https:\/\/www.mauditors.com\/wp-content\/uploads\/2023\/07\/dedo.jpg);'><\/div><p class='subtitle-text'>1 de Julho de 2023<\/p><p class='post-title'>TV CONECTADA: \u201cCONTINUANDO A TRANSFORMAR O CONSUMO DE CONTE\u00daDO\u201d<\/p><p class='read-more'><span class='read-more-text'>Leer m\u00e1s<\/span> <span class='fa-solid fa-arrow-right-long'><\/span><\/p><\/a><\/div><div class='ultimas-noticias-wrapper ultimas-noticias-wrapper-big'><a href='https:\/\/www.mauditors.com\/pt-pt\/ia-streaming-e-novas-redes-dominam-a-conversacao-digital\/'><div class='image' style='background-image: url(https:\/\/www.mauditors.com\/wp-content\/uploads\/2024\/07\/ia.jpg);'><\/div><p class='subtitle-text'>1 de Julho de 2023<\/p><p class='post-title'>&#8221;  AI, Streaming, and New Networks Dominate the Digital Conversation&#8221;<\/p><p class='read-more'><span class='read-more-text'>Leer m\u00e1s<\/span> <span class='fa-solid fa-arrow-right-long'><\/span><\/p><\/a><\/div><div class='ultimas-noticias-wrapper ultimas-noticias-wrapper-big'><a href='https:\/\/www.mauditors.com\/pt-pt\/segundos-de-atencao-una-nueva-metrica\/'><div class='image' style='background-image: url(https:\/\/www.mauditors.com\/wp-content\/uploads\/2024\/05\/tecnologia-biometrica-retina-remezcla-digital-ojo-hombre-scaled-1.webp);'><\/div><p class='subtitle-text'>23 de Maio de 2023<\/p><p class='post-title'>SEGUNDOS DE ATENCI\u00d3N: \u00bfUNA NUEVA M\u00c9TRICA?<\/p><p class='read-more'><span class='read-more-text'>Leer m\u00e1s<\/span> <span class='fa-solid fa-arrow-right-long'><\/span><\/p><\/a><\/div><div class='ultimas-noticias-wrapper ultimas-noticias-wrapper-big'><a href='https:\/\/www.mauditors.com\/pt-pt\/tv-conectada-um-novo-meio\/'><div class='image' style='background-image: url(https:\/\/www.mauditors.com\/wp-content\/uploads\/2024\/07\/television-conectada-1.jpg);'><\/div><p class='subtitle-text'>1 de Abril de 2023<\/p><p class='post-title'>CONNECTED TV: A NEW MEDIUM<\/p><p class='read-more'><span class='read-more-text'>Leer m\u00e1s<\/span> <span class='fa-solid fa-arrow-right-long'><\/span><\/p><\/a><\/div><div class='ultimas-noticias-wrapper ultimas-noticias-wrapper-big'><a href='https:\/\/www.mauditors.com\/pt-pt\/lorem-ipsum-dolor-sit-amet-consectetur-adipiscing-elit-2\/'><div class='image' style='background-image: url(https:\/\/www.mauditors.com\/wp-content\/uploads\/2023\/02\/por-que-hacer-auditorias-672x372-1.jpg);'><\/div><p class='subtitle-text'>6 de Fevereiro de 2023<\/p><p class='post-title'>IMPORT\u00c2NCIA E EVOLU\u00c7\u00c3O DAS AUDITORIAS NO M\u00c9XICO<\/p><p class='read-more'><span class='read-more-text'>Leer m\u00e1s<\/span> <span class='fa-solid fa-arrow-right-long'><\/span><\/p><\/a><\/div><\/div>[\/vc_column_inner][vc_column_inner width=&#8221;1\/4&#8243;][\/vc_column_inner][vc_column_inner width=&#8221;1\/4&#8243;][\/vc_column_inner][\/vc_row_inner][\/vc_column][\/vc_row][vc_row][vc_column]<div class=\"ult-spacer spacer-69e1d68d94469\" data-id=\"69e1d68d94469\" data-height=\"150\" data-height-mobile=\"75\" data-height-tab=\"\" data-height-tab-portrait=\"\" data-height-mobile-landscape=\"75\" style=\"clear:both;display:block;\"><\/div>[\/vc_column][\/vc_row][vc_row el_class=&#8221;news-posts-last-section news-posts-last-section-not-automatic&#8221;][vc_column width=&#8221;1\/2&#8243;][vc_raw_html]JTNDcCUyMGNsYXNzJTNEJTIyYnV0dG9uLXBvc3RzJTIyJTNFJTNDYSUyMGhyZWYlM0QlMjIlMjNzaWRlci1sZWZ0JTIyJTIwY2xhc3MlM0QlMjJidXR0b24taWNvbiUyMiUzRSUzQ2klMjBjbGFzcyUzRCUyMmZhLXNvbGlkJTIwZmEtYXJyb3ctbGVmdC1sb25nJTIyJTNFJTNDJTJGaSUzRSUzQyUyRmElM0UlMjAlM0NhJTIwaHJlZiUzRCUyMiUyM3NpZGVyLXJpZ2h0JTIyJTIwY2xhc3MlM0QlMjJidXR0b24taWNvbiUyMiUzRSUzQ2klMjBjbGFzcyUzRCUyMmZhLXNvbGlkJTIwZmEtYXJyb3ctcmlnaHQtbG9uZyUyMiUzRSUzQyUyRmklM0UlM0MlMkZhJTNFJTNDJTJGcCUzRQ==[\/vc_raw_html][\/vc_column][vc_column width=&#8221;1\/2&#8243;][vc_raw_html]JTNDZGl2JTIwY2xhc3MlM0QlMjJiYXItZ3JleS1wcm9ncmVzcyUyMiUzRSUzQ2RpdiUyMGNsYXNzJTNEJTIyYmFyLXByb2dyZXNzJTIyJTNFJTNDJTJGZGl2JTNFJTNDJTJGZGl2JTNF[\/vc_raw_html][\/vc_column][\/vc_row][vc_row][vc_column]<div class=\"ult-spacer spacer-69e1d68d944a3\" data-id=\"69e1d68d944a3\" data-height=\"150\" data-height-mobile=\"75\" data-height-tab=\"\" data-height-tab-portrait=\"\" data-height-mobile-landscape=\"75\" style=\"clear:both;display:block;\"><\/div>[\/vc_column][\/vc_row]<\/p>\n<\/div>","protected":false},"excerpt":{"rendered":"<p>[vc_row full_width=&#8221;stretch_row&#8221; el_class=&#8221;section-cabecera&#8221; css=&#8221;.vc_custom_1720687356603{background-image: url(https:\/\/mauditors.com\/wp-content\/uploads\/2024\/07\/4-2-scaled.jpg?id=1826) !important;}&#8221;][vc_column width=&#8221;1\/2&#8243;][vc_wp_text el_class=&#8221;subtitle-text color-white&#8221;]INSIGHTS[\/vc_wp_text][vc_wp_text el_class=&#8221;title-text color-white&#8221;] Insights &amp; Reports [\/vc_wp_text][\/vc_column][vc_column width=&#8221;1\/2&#8243;][\/vc_column][\/vc_row][vc_section full_width=&#8221;stretch_row_content&#8221; css=&#8221;.vc_custom_1715063972896{background-color: #e9e9e9 !important;}&#8221;][vc_row][vc_column][\/vc_column][\/vc_row][vc_row equal_height=&#8221;yes&#8221; el_class=&#8221;container margin-left-right-auto padding-left-right-none no-container-responsive&#8221;][vc_column width=&#8221;1\/3&#8243; el_class=&#8221;column-center-flex&#8221;][vc_row_inner el_class=&#8221;container margin-left-right-auto&#8221;][vc_column_inner][vc_wp_text el_class=&#8221;text-default text-uppercase&#8221;]Media Auditors thinks[\/vc_wp_text][vc_wp_text el_class=&#8221;title-text-little title-text-little-media-auditors-informes&#8221;]Reports[\/vc_wp_text][vc_wp_text el_class=&#8221;text-default&#8221;]Relat\u00f3rios, informa\u00e7\u00f5es relevantes e an\u00e1lises sobre tend\u00eancias de mercado em publicidade e m\u00eddia, com base em nossos dados propriet\u00e1rios e [&hellip;]<\/p>\n","protected":false},"author":2,"featured_media":0,"parent":0,"menu_order":0,"comment_status":"closed","ping_status":"closed","template":"","meta":{"_acf_changed":false,"footnotes":""},"class_list":["post-2465","page","type-page","status-publish","hentry"],"acf":[],"yoast_head":"<!-- This site is optimized with the Yoast SEO plugin v26.2 - https:\/\/yoast.com\/wordpress\/plugins\/seo\/ -->\n<title>Insights &amp; News - Media Auditors<\/title>\n<meta name=\"description\" content=\"Descubre insights y reports sobre novedades en el mercado de publicidad y medios a partir de datos propios y de mercado en Latinoam\u00e9rica.\" \/>\n<meta name=\"robots\" content=\"index, follow, max-snippet:-1, max-image-preview:large, max-video-preview:-1\" \/>\n<link rel=\"canonical\" href=\"https:\/\/www.mauditors.com\/pt-pt\/insights-reports\/\" \/>\n<meta property=\"og:locale\" content=\"pt_PT\" \/>\n<meta property=\"og:type\" content=\"article\" \/>\n<meta property=\"og:title\" content=\"Insights &amp; News - Media Auditors\" \/>\n<meta property=\"og:description\" content=\"Descubre insights y reports sobre novedades en el mercado de publicidad y medios a partir de datos propios y de mercado en Latinoam\u00e9rica.\" \/>\n<meta property=\"og:url\" content=\"https:\/\/www.mauditors.com\/pt-pt\/insights-reports\/\" \/>\n<meta property=\"og:site_name\" content=\"Media Auditors\" \/>\n<meta property=\"article:modified_time\" content=\"2025-02-11T11:51:13+00:00\" \/>\n<meta name=\"twitter:card\" content=\"summary_large_image\" \/>\n<meta name=\"twitter:label1\" content=\"Tempo estimado de leitura\" \/>\n\t<meta name=\"twitter:data1\" content=\"1 minuto\" \/>\n<script type=\"application\/ld+json\" class=\"yoast-schema-graph\">{\"@context\":\"https:\/\/schema.org\",\"@graph\":[{\"@type\":\"WebPage\",\"@id\":\"https:\/\/www.mauditors.com\/pt-pt\/insights-reports\/\",\"url\":\"https:\/\/www.mauditors.com\/pt-pt\/insights-reports\/\",\"name\":\"Insights & News - Media Auditors\",\"isPartOf\":{\"@id\":\"https:\/\/www.mauditors.com\/#website\"},\"datePublished\":\"2024-04-30T13:07:48+00:00\",\"dateModified\":\"2025-02-11T11:51:13+00:00\",\"description\":\"Descubre insights y reports sobre novedades en el mercado de publicidad y medios a partir de datos propios y de mercado en Latinoam\u00e9rica.\",\"breadcrumb\":{\"@id\":\"https:\/\/www.mauditors.com\/pt-pt\/insights-reports\/#breadcrumb\"},\"inLanguage\":\"pt-PT\",\"potentialAction\":[{\"@type\":\"ReadAction\",\"target\":[\"https:\/\/www.mauditors.com\/pt-pt\/insights-reports\/\"]}]},{\"@type\":\"BreadcrumbList\",\"@id\":\"https:\/\/www.mauditors.com\/pt-pt\/insights-reports\/#breadcrumb\",\"itemListElement\":[{\"@type\":\"ListItem\",\"position\":1,\"name\":\"Portada\",\"item\":\"https:\/\/www.mauditors.com\/pt-pt\/\"},{\"@type\":\"ListItem\",\"position\":2,\"name\":\"Insights &#038; News\"}]},{\"@type\":\"WebSite\",\"@id\":\"https:\/\/www.mauditors.com\/#website\",\"url\":\"https:\/\/www.mauditors.com\/\",\"name\":\"Media Auditors\",\"description\":\"Empresa independiente l\u00edder en auditor\u00eda y consultor\u00eda de medios en Am\u00e9rica Latina\",\"potentialAction\":[{\"@type\":\"SearchAction\",\"target\":{\"@type\":\"EntryPoint\",\"urlTemplate\":\"https:\/\/www.mauditors.com\/?s={search_term_string}\"},\"query-input\":{\"@type\":\"PropertyValueSpecification\",\"valueRequired\":true,\"valueName\":\"search_term_string\"}}],\"inLanguage\":\"pt-PT\"}]}<\/script>\n<!-- \/ Yoast SEO plugin. -->","yoast_head_json":{"title":"Insights & News - Media Auditors","description":"Descubre insights y reports sobre novedades en el mercado de publicidad y medios a partir de datos propios y de mercado en Latinoam\u00e9rica.","robots":{"index":"index","follow":"follow","max-snippet":"max-snippet:-1","max-image-preview":"max-image-preview:large","max-video-preview":"max-video-preview:-1"},"canonical":"https:\/\/www.mauditors.com\/pt-pt\/insights-reports\/","og_locale":"pt_PT","og_type":"article","og_title":"Insights & News - Media Auditors","og_description":"Descubre insights y reports sobre novedades en el mercado de publicidad y medios a partir de datos propios y de mercado en Latinoam\u00e9rica.","og_url":"https:\/\/www.mauditors.com\/pt-pt\/insights-reports\/","og_site_name":"Media Auditors","article_modified_time":"2025-02-11T11:51:13+00:00","twitter_card":"summary_large_image","twitter_misc":{"Tempo estimado de leitura":"1 minuto"},"schema":{"@context":"https:\/\/schema.org","@graph":[{"@type":"WebPage","@id":"https:\/\/www.mauditors.com\/pt-pt\/insights-reports\/","url":"https:\/\/www.mauditors.com\/pt-pt\/insights-reports\/","name":"Insights & News - Media Auditors","isPartOf":{"@id":"https:\/\/www.mauditors.com\/#website"},"datePublished":"2024-04-30T13:07:48+00:00","dateModified":"2025-02-11T11:51:13+00:00","description":"Descubre insights y reports sobre novedades en el mercado de publicidad y medios a partir de datos propios y de mercado en Latinoam\u00e9rica.","breadcrumb":{"@id":"https:\/\/www.mauditors.com\/pt-pt\/insights-reports\/#breadcrumb"},"inLanguage":"pt-PT","potentialAction":[{"@type":"ReadAction","target":["https:\/\/www.mauditors.com\/pt-pt\/insights-reports\/"]}]},{"@type":"BreadcrumbList","@id":"https:\/\/www.mauditors.com\/pt-pt\/insights-reports\/#breadcrumb","itemListElement":[{"@type":"ListItem","position":1,"name":"Portada","item":"https:\/\/www.mauditors.com\/pt-pt\/"},{"@type":"ListItem","position":2,"name":"Insights &#038; News"}]},{"@type":"WebSite","@id":"https:\/\/www.mauditors.com\/#website","url":"https:\/\/www.mauditors.com\/","name":"Media Auditors","description":"Empresa independiente l\u00edder en auditor\u00eda y consultor\u00eda de medios en Am\u00e9rica Latina","potentialAction":[{"@type":"SearchAction","target":{"@type":"EntryPoint","urlTemplate":"https:\/\/www.mauditors.com\/?s={search_term_string}"},"query-input":{"@type":"PropertyValueSpecification","valueRequired":true,"valueName":"search_term_string"}}],"inLanguage":"pt-PT"}]}},"_links":{"self":[{"href":"https:\/\/www.mauditors.com\/pt-pt\/wp-json\/wp\/v2\/pages\/2465","targetHints":{"allow":["GET"]}}],"collection":[{"href":"https:\/\/www.mauditors.com\/pt-pt\/wp-json\/wp\/v2\/pages"}],"about":[{"href":"https:\/\/www.mauditors.com\/pt-pt\/wp-json\/wp\/v2\/types\/page"}],"author":[{"embeddable":true,"href":"https:\/\/www.mauditors.com\/pt-pt\/wp-json\/wp\/v2\/users\/2"}],"replies":[{"embeddable":true,"href":"https:\/\/www.mauditors.com\/pt-pt\/wp-json\/wp\/v2\/comments?post=2465"}],"version-history":[{"count":7,"href":"https:\/\/www.mauditors.com\/pt-pt\/wp-json\/wp\/v2\/pages\/2465\/revisions"}],"predecessor-version":[{"id":4679,"href":"https:\/\/www.mauditors.com\/pt-pt\/wp-json\/wp\/v2\/pages\/2465\/revisions\/4679"}],"wp:attachment":[{"href":"https:\/\/www.mauditors.com\/pt-pt\/wp-json\/wp\/v2\/media?parent=2465"}],"curies":[{"name":"wp","href":"https:\/\/api.w.org\/{rel}","templated":true}]}}