{"id":2838,"date":"2024-04-10T17:17:08","date_gmt":"2024-04-10T15:17:08","guid":{"rendered":"https:\/\/www.mauditors.com\/politica-privacidad\/"},"modified":"2024-09-10T16:23:17","modified_gmt":"2024-09-10T14:23:17","slug":"politica-de-privacidade","status":"publish","type":"page","link":"https:\/\/www.mauditors.com\/pt-pt\/politica-de-privacidade\/","title":{"rendered":"POL\u00cdTICA DE PRIVACIDADE"},"content":{"rendered":"<div class=\"wpb-content-wrapper\"><p>[vc_row][vc_column][vc_column_text css=&#8221;&#8221;]<\/p>\r\n<p><b>QUEM \u00c9 RESPONS\u00c1VEL PELO PROCESSAMENTO DOS SEUS DADOS?<\/b><\/p>\r\n<p><span style=\"font-weight: 400;\">O controlador de dados \u00e9 identificado na Se\u00e7\u00e3o 1 deste Aviso Legal.<\/span><\/p>\r\n<p><b>QUE TIPO DE DADOS TEMOS SOBRE VOC\u00ca E COMO OS OBTIVEMOS?<\/b><\/p>\r\n<p><span style=\"font-weight: 400;\">As categorias de dados pessoais que processamos de clientes e fornecedores s\u00e3o:<\/span><\/p>\r\n<ul>\r\n<li style=\"font-weight: 400;\" aria-level=\"1\"><span style=\"font-weight: 400;\">Dados de identifica\u00e7\u00e3o<\/span><\/li>\r\n<li style=\"font-weight: 400;\" aria-level=\"1\"><span style=\"font-weight: 400;\">Endere\u00e7os postais ou eletr\u00f4nicos<\/span><\/li>\r\n<li style=\"font-weight: 400;\" aria-level=\"1\"><span style=\"font-weight: 400;\">Informa\u00e7\u00f5es comerciais<\/span><\/li>\r\n<li style=\"font-weight: 400;\" aria-level=\"1\"><span style=\"font-weight: 400;\">Dados econ\u00f4micos e de transa\u00e7\u00f5es<\/span><\/li>\r\n<\/ul>\r\n<p><b>PROCESSAMOS DADOS ESPECIALMENTE PROTEGIDOS EM ALGUM CASO?<\/b><\/p>\r\n<p><span style=\"font-weight: 400;\">Todos os dados mencionados foram obtidos diretamente de voc\u00ea atrav\u00e9s do envio de uma oferta comercial, proposta contratual, etc., ou da sua empresa, fornecendo-nos dados de identifica\u00e7\u00e3o e outras informa\u00e7\u00f5es necess\u00e1rias para realizar o prop\u00f3sito da rela\u00e7\u00e3o contratual entre as partes. \u00c9 sua obriga\u00e7\u00e3o ou da sua empresa nos fornecer dados atualizados em caso de modifica\u00e7\u00e3o.<\/span><\/p>\r\n<p><b>COM QUE FINALIDADE PROCESSAMOS SEUS DADOS?<\/b><\/p>\r\n<p><span style=\"font-weight: 400;\">Processamos os dados fornecidos pelos interessados para gerenciar v\u00e1rias atividades decorrentes de procedimentos espec\u00edficos relacionados a vendas, servi\u00e7o p\u00f3s-venda, gest\u00e3o de fornecedores, qualidade dos servi\u00e7os, etc. Assim, utilizaremos seus dados para realizar algumas das seguintes a\u00e7\u00f5es:<\/span><\/p>\r\n<ul>\r\n<li style=\"font-weight: 400;\" aria-level=\"1\"><span style=\"font-weight: 400;\">Enviar as informa\u00e7\u00f5es solicitadas atrav\u00e9s do formul\u00e1rio de contato no nosso site ou qualquer outro meio de contato com nossa empresa;<\/span><\/li>\r\n<li style=\"font-weight: 400;\" aria-level=\"1\"><span style=\"font-weight: 400;\">Fornecer tanto a clientes potenciais quanto a nossos clientes ofertas de produtos e servi\u00e7os de seu interesse;<\/span><\/li>\r\n<li style=\"font-weight: 400;\" aria-level=\"1\"><span style=\"font-weight: 400;\">Gerenciar a administra\u00e7\u00e3o, fiscal e cont\u00e1bil de nossos clientes e\/ou fornecedores;<\/span><\/li>\r\n<li style=\"font-weight: 400;\" aria-level=\"1\"><span style=\"font-weight: 400;\">Realizar pesquisas de satisfa\u00e7\u00e3o, estudos de mercado, etc., para oferecer as ofertas mais adequadas e uma qualidade de servi\u00e7o otimizada, etc.<\/span><\/li>\r\n<\/ul>\r\n<p><b>POR QUANTO TEMPO MANTEREMOS SEUS DADOS?<\/b><\/p>\r\n<p><span style=\"font-weight: 400;\">Dados pessoais relacionados a indiv\u00edduos vinculados a clientes potenciais, clientes e fornecedores que coletamos atrav\u00e9s dos v\u00e1rios formul\u00e1rios de contato e\/ou coleta de informa\u00e7\u00f5es ser\u00e3o retidos enquanto a exclus\u00e3o n\u00e3o for solicitada pelo interessado. Os dados fornecidos por nossos clientes e fornecedores ser\u00e3o mantidos enquanto a rela\u00e7\u00e3o comercial entre as partes for mantida, sempre respeitando os prazos legais m\u00ednimos de reten\u00e7\u00e3o de acordo com o assunto. Em qualquer caso, manteremos seus dados pessoais pelo tempo razoavelmente necess\u00e1rio, considerando nossa necessidade de responder a quest\u00f5es que surgirem ou resolver problemas, fazer melhorias, ativar novos servi\u00e7os e cumprir requisitos legais. Isso significa que podemos reter seus dados pessoais por um per\u00edodo razo\u00e1vel mesmo ap\u00f3s voc\u00ea ter deixado de usar nossos produtos ou este site. Ap\u00f3s esse per\u00edodo, seus dados pessoais ser\u00e3o exclu\u00eddos de todos os nossos sistemas.<\/span><\/p>\r\n<p><b>QUAL \u00c9 A BASE LEG\u00cdTIMA PARA O PROCESSAMENTO DOS SEUS DADOS?<\/b><\/p>\r\n<p><span style=\"font-weight: 400;\">Dependendo do tipo de processamento de dados, a base leg\u00edtima \u00e9 a seguinte:<\/span><\/p>\r\n<ul>\r\n<li style=\"font-weight: 400;\" aria-level=\"1\"><b>Gest\u00e3o Cont\u00e1bil<\/b><span style=\"font-weight: 400;\">:<\/span>\r\n<ul>\r\n<li style=\"font-weight: 400;\" aria-level=\"2\"><span style=\"font-weight: 400;\">Gest\u00e3o de faturas com clientes e\/ou fornecedores.<\/span><\/li>\r\n<li style=\"font-weight: 400;\" aria-level=\"2\"><span style=\"font-weight: 400;\">Manuten\u00e7\u00e3o, desenvolvimento e controle da rela\u00e7\u00e3o contratual entre as partes.<\/span><\/li>\r\n<\/ul>\r\n<\/li>\r\n<li style=\"font-weight: 400;\" aria-level=\"1\"><b>Gest\u00e3o Fiscal<\/b><span style=\"font-weight: 400;\">:<\/span>\r\n<ul>\r\n<li style=\"font-weight: 400;\" aria-level=\"2\"><span style=\"font-weight: 400;\">Aplica\u00e7\u00e3o de reten\u00e7\u00f5es, bonifica\u00e7\u00f5es, etc.<\/span><\/li>\r\n<li style=\"font-weight: 400;\" aria-level=\"2\"><span style=\"font-weight: 400;\">Manuten\u00e7\u00e3o, desenvolvimento e controle da rela\u00e7\u00e3o contratual entre as partes.<\/span><\/li>\r\n<li style=\"font-weight: 400;\" aria-level=\"2\"><span style=\"font-weight: 400;\">Cumprimento de obriga\u00e7\u00f5es legais.<\/span><\/li>\r\n<\/ul>\r\n<\/li>\r\n<li style=\"font-weight: 400;\" aria-level=\"1\"><b>Gest\u00e3o Administrativa<\/b><span style=\"font-weight: 400;\">:<\/span>\r\n<ul>\r\n<li style=\"font-weight: 400;\" aria-level=\"2\"><span style=\"font-weight: 400;\">Gest\u00e3o log\u00edstica, entregas ao cliente, etc.<\/span><\/li>\r\n<li style=\"font-weight: 400;\" aria-level=\"2\"><span style=\"font-weight: 400;\">Manuten\u00e7\u00e3o, desenvolvimento e controle da rela\u00e7\u00e3o contratual entre as partes.<\/span><\/li>\r\n<\/ul>\r\n<\/li>\r\n<li style=\"font-weight: 400;\" aria-level=\"1\"><b>Marketing<\/b><span style=\"font-weight: 400;\">:<\/span>\r\n<ul>\r\n<li style=\"font-weight: 400;\" aria-level=\"2\"><span style=\"font-weight: 400;\">A\u00e7\u00f5es comerciais relacionadas aos nossos servi\u00e7os direcionadas a nossos clientes ou aqueles que solicitaram informa\u00e7\u00f5es relacionadas no passado, incluindo pesquisas de satisfa\u00e7\u00e3o para nossos clientes.<\/span><\/li>\r\n<li style=\"font-weight: 400;\" aria-level=\"2\"><span style=\"font-weight: 400;\">Consentimento livre e inequ\u00edvoco do interessado (clientes potenciais), notando que a retirada desse consentimento n\u00e3o condiciona a execu\u00e7\u00e3o do contrato entre as partes; o interesse leg\u00edtimo da empresa em promover e comercializar produtos ou servi\u00e7os semelhantes aos obtidos ou solicitados pelos interessados no passado.<\/span><\/li>\r\n<li style=\"font-weight: 400;\" aria-level=\"2\"><span style=\"font-weight: 400;\">Interesse leg\u00edtimo do Controlador: Seguran\u00e7a de pessoas, bens e instala\u00e7\u00f5es. Artigo 22 LOPD-GDD.<\/span><\/li>\r\n<li style=\"font-weight: 400;\" aria-level=\"2\"><span style=\"font-weight: 400;\">Consentimento livre e inequ\u00edvoco do interessado.<\/span><\/li>\r\n<\/ul>\r\n<\/li>\r\n<\/ul>\r\n<p><span style=\"font-weight: 400;\">Se voc\u00ea n\u00e3o fornecer seus dados pessoais, n\u00e3o ser\u00e1 poss\u00edvel executar seu contrato, cumprir obriga\u00e7\u00f5es legais ou aquelas derivadas de poderes p\u00fablicos.<\/span><\/p>\r\n<p><b>A QUAIS DESTINAT\u00c1RIOS SER\u00c3O COMUNICADOS OS SEUS DADOS?<\/b><\/p>\r\n<p><span style=\"font-weight: 400;\">N\u00e3o transferiremos seus dados pessoais a nenhuma empresa terceirizada com a inten\u00e7\u00e3o de us\u00e1-los para suas a\u00e7\u00f5es de marketing direto, exceto no caso de voc\u00ea ter nos autorizado expressamente a faz\u00ea-lo. Informamos que podemos fornecer seus dados pessoais a \u00f3rg\u00e3os da administra\u00e7\u00e3o p\u00fablica e autoridades competentes nos casos em que formos legalmente obrigados a faz\u00ea-lo ou nos casos em que, agindo de boa f\u00e9, consideremos que tal a\u00e7\u00e3o \u00e9 razoavelmente necess\u00e1ria para cumprir processos judiciais; responder a qualquer reclama\u00e7\u00e3o ou demanda legal; ou proteger os direitos da empresa ou de seus clientes e do p\u00fablico em geral. Informamos que seus dados n\u00e3o ser\u00e3o transferidos ou comunicados a terceiros, sendo a empresa a \u00fanica respons\u00e1vel pelo seu processamento e cust\u00f3dia. Forneceremos seus dados pessoais a terceiros (por exemplo, provedores de servi\u00e7os de Internet que nos ajudam a gerenciar nosso site ou executar servi\u00e7os contratados, empresas de suporte e manuten\u00e7\u00e3o de TI, empresas de log\u00edstica, consultorias de gest\u00e3o e assessoria fiscal e cont\u00e1bil, etc.). Em qualquer caso, esses terceiros devem manter, em todos os momentos, os mesmos n\u00edveis de seguran\u00e7a que n\u00f3s em rela\u00e7\u00e3o aos seus dados pessoais e, quando necess\u00e1rio, ser\u00e3o vinculados por compromissos legais para manter seus dados pessoais privados e seguros e us\u00e1-los apenas de acordo com instru\u00e7\u00f5es espec\u00edficas da empresa.<\/span><\/p>\r\n<p><b>TRANSFER\u00caNCIAS DE DADOS PARA PA\u00cdSES TERCEIROS?<\/b><\/p>\r\n<p><span style=\"font-weight: 400;\">N\u00e3o est\u00e3o previstas transfer\u00eancias de dados para pa\u00edses terceiros.<\/span><\/p>\r\n<p><b>QUAIS S\u00c3O OS SEUS DIREITOS COMO INTERESSADO?<\/b><\/p>\r\n<p><span style=\"font-weight: 400;\">Qualquer pessoa tem o direito de obter confirma\u00e7\u00e3o sobre se estamos processando dados pessoais que lhes digam respeito, ou n\u00e3o. Especificamente, as pessoas interessadas podem solicitar o direito de acesso aos seus dados pessoais, bem como receb\u00ea-los em um formato comum e leg\u00edvel por m\u00e1quina, se o processamento for realizado por meios eletr\u00f4nicos (direito \u00e0 portabilidade). Da mesma forma, as pessoas interessadas podem solicitar o direito de retificar dados incorretos ou, quando aplic\u00e1vel, solicitar sua exclus\u00e3o quando, entre outras raz\u00f5es, os dados n\u00e3o forem mais necess\u00e1rios para os fins para os quais foram coletados. Al\u00e9m disso, em determinadas circunst\u00e2ncias, os interessados podem solicitar a limita\u00e7\u00e3o do processamento de seus dados ou, em determinadas circunst\u00e2ncias e por motivos relacionados \u00e0 sua situa\u00e7\u00e3o particular, os interessados podem exercer seu direito de se opor ao processamento de seus dados. Interromperemos o processamento dos dados, exceto por motivos leg\u00edtimos imperiosos, ou para o exerc\u00edcio ou defesa de poss\u00edveis reivindica\u00e7\u00f5es ou nas exce\u00e7\u00f5es estabelecidas nos regulamentos aplic\u00e1veis. Al\u00e9m disso, informamos que voc\u00ea tem o direito de retirar os consentimentos dados a qualquer momento, sem afetar a legalidade do processamento baseado no consentimento antes de sua retirada. Al\u00e9m disso, o Usu\u00e1rio \u00e9 informado de que pode exercer os direitos mencionados a qualquer momento escrevendo para n\u00f3s utilizando os dados de contato que aparecem na Se\u00e7\u00e3o 1 deste Aviso Legal, anexando uma c\u00f3pia do seu documento de identidade. Voc\u00ea tamb\u00e9m tem o direito de apresentar uma reclama\u00e7\u00e3o \u00e0 Ag\u00eancia Espanhola de Prote\u00e7\u00e3o de Dados, especialmente quando n\u00e3o tiver obtido satisfa\u00e7\u00e3o no exerc\u00edcio dos seus direitos. <\/span><a href=\"http:\/\/www.agpd.es\/portalwebAGPD\/index-ides-idphp.php\"><span style=\"font-weight: 400;\">http:\/\/www.agpd.es\/portalwebAGPD\/index-ides-idphp.php<\/span><\/a><span style=\"font-weight: 400;\"> Por outro lado, de acordo com as disposi\u00e7\u00f5es da Lei 34\/2002, de 11 de julho, sobre Servi\u00e7os da Sociedade da Informa\u00e7\u00e3o e Com\u00e9rcio Eletr\u00f4nico, comprometemo-nos a n\u00e3o enviar publicidade por e-mail sem ter previamente obtido a autoriza\u00e7\u00e3o expressa do destinat\u00e1rio. O Usu\u00e1rio pode se opor ao envio de publicidade marcando a caixa correspondente.<\/span><\/p>\r\n<p>[\/vc_column_text][\/vc_column][\/vc_row]<\/p><\/div>","protected":false},"excerpt":{"rendered":"<p>[vc_row][vc_column][vc_column_text css=&#8221;&#8221;] QUEM \u00c9 RESPONS\u00c1VEL PELO PROCESSAMENTO DOS SEUS DADOS? O controlador de dados \u00e9 identificado na Se\u00e7\u00e3o 1 deste Aviso Legal. QUE TIPO DE DADOS TEMOS SOBRE VOC\u00ca E COMO OS OBTIVEMOS? As categorias de dados pessoais que processamos de clientes e fornecedores s\u00e3o: Dados de identifica\u00e7\u00e3o Endere\u00e7os postais ou eletr\u00f4nicos Informa\u00e7\u00f5es comerciais Dados [&hellip;]<\/p>\n","protected":false},"author":1,"featured_media":0,"parent":0,"menu_order":0,"comment_status":"closed","ping_status":"open","template":"","meta":{"_acf_changed":false,"footnotes":""},"class_list":["post-2838","page","type-page","status-publish","hentry"],"acf":[],"yoast_head":"<!-- This site is optimized with the Yoast SEO plugin v26.2 - https:\/\/yoast.com\/wordpress\/plugins\/seo\/ -->\n<title>POL\u00cdTICA DE PRIVACIDADE - Media Auditors<\/title>\n<meta name=\"robots\" content=\"index, follow, max-snippet:-1, max-image-preview:large, max-video-preview:-1\" \/>\n<link rel=\"canonical\" href=\"https:\/\/www.mauditors.com\/pt-pt\/politica-de-privacidade\/\" \/>\n<meta property=\"og:locale\" content=\"pt_PT\" \/>\n<meta property=\"og:type\" content=\"article\" \/>\n<meta property=\"og:title\" content=\"POL\u00cdTICA DE PRIVACIDADE - Media Auditors\" \/>\n<meta property=\"og:description\" content=\"[vc_row][vc_column][vc_column_text css=&#8221;&#8221;] QUEM \u00c9 RESPONS\u00c1VEL PELO PROCESSAMENTO DOS SEUS DADOS? O controlador de dados \u00e9 identificado na Se\u00e7\u00e3o 1 deste Aviso Legal. QUE TIPO DE DADOS TEMOS SOBRE VOC\u00ca E COMO OS OBTIVEMOS? As categorias de dados pessoais que processamos de clientes e fornecedores s\u00e3o: Dados de identifica\u00e7\u00e3o Endere\u00e7os postais ou eletr\u00f4nicos Informa\u00e7\u00f5es comerciais Dados [&hellip;]\" \/>\n<meta property=\"og:url\" content=\"https:\/\/www.mauditors.com\/pt-pt\/politica-de-privacidade\/\" \/>\n<meta property=\"og:site_name\" content=\"Media Auditors\" \/>\n<meta property=\"article:modified_time\" content=\"2024-09-10T14:23:17+00:00\" \/>\n<meta name=\"twitter:card\" content=\"summary_large_image\" \/>\n<meta name=\"twitter:label1\" content=\"Tempo estimado de leitura\" \/>\n\t<meta name=\"twitter:data1\" content=\"6 minutos\" \/>\n<script type=\"application\/ld+json\" class=\"yoast-schema-graph\">{\"@context\":\"https:\/\/schema.org\",\"@graph\":[{\"@type\":\"WebPage\",\"@id\":\"https:\/\/www.mauditors.com\/pt-pt\/politica-de-privacidade\/\",\"url\":\"https:\/\/www.mauditors.com\/pt-pt\/politica-de-privacidade\/\",\"name\":\"POL\u00cdTICA DE PRIVACIDADE - Media Auditors\",\"isPartOf\":{\"@id\":\"https:\/\/www.mauditors.com\/#website\"},\"datePublished\":\"2024-04-10T15:17:08+00:00\",\"dateModified\":\"2024-09-10T14:23:17+00:00\",\"breadcrumb\":{\"@id\":\"https:\/\/www.mauditors.com\/pt-pt\/politica-de-privacidade\/#breadcrumb\"},\"inLanguage\":\"pt-PT\",\"potentialAction\":[{\"@type\":\"ReadAction\",\"target\":[\"https:\/\/www.mauditors.com\/pt-pt\/politica-de-privacidade\/\"]}]},{\"@type\":\"BreadcrumbList\",\"@id\":\"https:\/\/www.mauditors.com\/pt-pt\/politica-de-privacidade\/#breadcrumb\",\"itemListElement\":[{\"@type\":\"ListItem\",\"position\":1,\"name\":\"Portada\",\"item\":\"https:\/\/www.mauditors.com\/pt-pt\/\"},{\"@type\":\"ListItem\",\"position\":2,\"name\":\"POL\u00cdTICA DE PRIVACIDADE\"}]},{\"@type\":\"WebSite\",\"@id\":\"https:\/\/www.mauditors.com\/#website\",\"url\":\"https:\/\/www.mauditors.com\/\",\"name\":\"Media Auditors\",\"description\":\"Empresa independiente l\u00edder en auditor\u00eda y consultor\u00eda de medios en Am\u00e9rica Latina\",\"potentialAction\":[{\"@type\":\"SearchAction\",\"target\":{\"@type\":\"EntryPoint\",\"urlTemplate\":\"https:\/\/www.mauditors.com\/?s={search_term_string}\"},\"query-input\":{\"@type\":\"PropertyValueSpecification\",\"valueRequired\":true,\"valueName\":\"search_term_string\"}}],\"inLanguage\":\"pt-PT\"}]}<\/script>\n<!-- \/ Yoast SEO plugin. -->","yoast_head_json":{"title":"POL\u00cdTICA DE PRIVACIDADE - Media Auditors","robots":{"index":"index","follow":"follow","max-snippet":"max-snippet:-1","max-image-preview":"max-image-preview:large","max-video-preview":"max-video-preview:-1"},"canonical":"https:\/\/www.mauditors.com\/pt-pt\/politica-de-privacidade\/","og_locale":"pt_PT","og_type":"article","og_title":"POL\u00cdTICA DE PRIVACIDADE - Media Auditors","og_description":"[vc_row][vc_column][vc_column_text css=&#8221;&#8221;] QUEM \u00c9 RESPONS\u00c1VEL PELO PROCESSAMENTO DOS SEUS DADOS? O controlador de dados \u00e9 identificado na Se\u00e7\u00e3o 1 deste Aviso Legal. QUE TIPO DE DADOS TEMOS SOBRE VOC\u00ca E COMO OS OBTIVEMOS? As categorias de dados pessoais que processamos de clientes e fornecedores s\u00e3o: Dados de identifica\u00e7\u00e3o Endere\u00e7os postais ou eletr\u00f4nicos Informa\u00e7\u00f5es comerciais Dados [&hellip;]","og_url":"https:\/\/www.mauditors.com\/pt-pt\/politica-de-privacidade\/","og_site_name":"Media Auditors","article_modified_time":"2024-09-10T14:23:17+00:00","twitter_card":"summary_large_image","twitter_misc":{"Tempo estimado de leitura":"6 minutos"},"schema":{"@context":"https:\/\/schema.org","@graph":[{"@type":"WebPage","@id":"https:\/\/www.mauditors.com\/pt-pt\/politica-de-privacidade\/","url":"https:\/\/www.mauditors.com\/pt-pt\/politica-de-privacidade\/","name":"POL\u00cdTICA DE PRIVACIDADE - Media Auditors","isPartOf":{"@id":"https:\/\/www.mauditors.com\/#website"},"datePublished":"2024-04-10T15:17:08+00:00","dateModified":"2024-09-10T14:23:17+00:00","breadcrumb":{"@id":"https:\/\/www.mauditors.com\/pt-pt\/politica-de-privacidade\/#breadcrumb"},"inLanguage":"pt-PT","potentialAction":[{"@type":"ReadAction","target":["https:\/\/www.mauditors.com\/pt-pt\/politica-de-privacidade\/"]}]},{"@type":"BreadcrumbList","@id":"https:\/\/www.mauditors.com\/pt-pt\/politica-de-privacidade\/#breadcrumb","itemListElement":[{"@type":"ListItem","position":1,"name":"Portada","item":"https:\/\/www.mauditors.com\/pt-pt\/"},{"@type":"ListItem","position":2,"name":"POL\u00cdTICA DE PRIVACIDADE"}]},{"@type":"WebSite","@id":"https:\/\/www.mauditors.com\/#website","url":"https:\/\/www.mauditors.com\/","name":"Media Auditors","description":"Empresa independiente l\u00edder en auditor\u00eda y consultor\u00eda de medios en Am\u00e9rica Latina","potentialAction":[{"@type":"SearchAction","target":{"@type":"EntryPoint","urlTemplate":"https:\/\/www.mauditors.com\/?s={search_term_string}"},"query-input":{"@type":"PropertyValueSpecification","valueRequired":true,"valueName":"search_term_string"}}],"inLanguage":"pt-PT"}]}},"_links":{"self":[{"href":"https:\/\/www.mauditors.com\/pt-pt\/wp-json\/wp\/v2\/pages\/2838","targetHints":{"allow":["GET"]}}],"collection":[{"href":"https:\/\/www.mauditors.com\/pt-pt\/wp-json\/wp\/v2\/pages"}],"about":[{"href":"https:\/\/www.mauditors.com\/pt-pt\/wp-json\/wp\/v2\/types\/page"}],"author":[{"embeddable":true,"href":"https:\/\/www.mauditors.com\/pt-pt\/wp-json\/wp\/v2\/users\/1"}],"replies":[{"embeddable":true,"href":"https:\/\/www.mauditors.com\/pt-pt\/wp-json\/wp\/v2\/comments?post=2838"}],"version-history":[{"count":2,"href":"https:\/\/www.mauditors.com\/pt-pt\/wp-json\/wp\/v2\/pages\/2838\/revisions"}],"predecessor-version":[{"id":2839,"href":"https:\/\/www.mauditors.com\/pt-pt\/wp-json\/wp\/v2\/pages\/2838\/revisions\/2839"}],"wp:attachment":[{"href":"https:\/\/www.mauditors.com\/pt-pt\/wp-json\/wp\/v2\/media?parent=2838"}],"curies":[{"name":"wp","href":"https:\/\/api.w.org\/{rel}","templated":true}]}}